{"id":20352,"date":"2022-04-20T19:10:52","date_gmt":"2022-04-20T19:10:52","guid":{"rendered":"https:\/\/www.steinberglawfirm.com\/?page_id=20352"},"modified":"2024-08-14T20:41:01","modified_gmt":"2024-08-14T20:41:01","slug":"golf-cart-accidents","status":"publish","type":"page","link":"https:\/\/steinberglawfirm-staging.clmcloud.app\/es\/lesiones-personales\/accidentes-con-carros-de-golf\/","title":{"rendered":"South Carolina Accidentes de carros de golf"},"content":{"rendered":"<h1 class=\"wp-block-heading\">South Carolina Abogado de accidente de carro de golf<\/h1>\n\n\n\n<div style=\"height:15px\" aria-hidden=\"true\" class=\"wp-block-spacer\"><\/div>\n\n\n\n<h2 class=\"wp-block-heading\">Abogados de lesiones de carros de golf al servicio de las \u00e1reas Charleston, Summerville y Goose Creek<\/h2>\n\n\n\n<div style=\"height:15px\" aria-hidden=\"true\" class=\"wp-block-spacer\"><\/div>\n\n\n\n<p>Aunque no lo parezca al verlos, los carros de golf pueden ser incre\u00edblemente peligrosos. Estos veh\u00edculos carecen de muchos elementos de seguridad que se encuentran en los coches, como cinturones de seguridad, puertas, espejos y luces. Los carros de golf tambi\u00e9n tienen un centro de gravedad m\u00e1s alto. El resultado es que los accidentes de carros de golf South Carolina son mucho m\u00e1s comunes de lo que la mayor\u00eda cree. Entre 2007 y 2017, hubo m\u00e1s de 156.000 hospitalizaciones debido a accidentes relacionados con carros de golf.<\/p>\n\n\n\n<p>En el&nbsp;<a href=\"https:\/\/www.steinberglawfirm.com\/\" target=\"_blank\" rel=\"noopener\">Steinberg Law Firm<\/a>, nuestro&nbsp;<a href=\"https:\/\/www.steinberglawfirm.com\/practice-areas\/personal-injury\/\" target=\"_blank\" rel=\"noopener\">South Carolina abogados de da\u00f1os personales<\/a>&nbsp;representan a personas que sufrieron lesiones graves en accidentes de carros de golf.&nbsp;<a href=\"https:\/\/www.steinberglawfirm.com\/about-us\/\" target=\"_blank\" rel=\"noopener\">Tenemos casi 100 a\u00f1os de experiencia<\/a>&nbsp;ayudar a las v\u00edctimas de lesiones a obtener una indemnizaci\u00f3n significativa, que les permita seguir adelante con su vida despu\u00e9s de un accidente.<\/p>\n\n\n\n<p><strong>\u00bfSe puede conducir un carro de golf en la v\u00eda p\u00fablica?<\/strong><\/p>\n\n\n\n<p>Los carros de golf no est\u00e1n dise\u00f1ados para compartir la carretera con otros coches y camiones, y llevar estos veh\u00edculos a la v\u00eda p\u00fablica puede ser un peligro importante para todos los implicados. Sin embargo, el uso de carros de golf est\u00e1 permitido en las v\u00edas p\u00fablicas seg\u00fan la ley South Carolina, con las siguientes restricciones:<\/p>\n\n\n\n<ul class=\"wp-block-list\">\n<li>Est\u00e1 a menos de seis kil\u00f3metros de su casa<\/li>\n\n\n\n<li>Conduces s\u00f3lo en carreteras con un l\u00edmite de velocidad de 35 millas por hora o menos<\/li>\n\n\n\n<li>Conduce durante el d\u00eda<\/li>\n\n\n\n<li>Tienes un permiso de conducir v\u00e1lido<\/li>\n\n\n\n<li>Tienes al menos 16 a\u00f1os<\/li>\n<\/ul>\n\n\n\n<p>Adem\u00e1s, los carros de golf est\u00e1n t\u00e9cnicamente obligados a registrarse en el DMV y deben tener un seguro de responsabilidad civil, similar al de los coches.&nbsp;<\/p>\n\n\n\n<p><strong>Causas de los accidentes de carros de golf South Carolina<\/strong><\/p>\n\n\n\n<p>Como su nombre indica, los carros de golf se dise\u00f1aron inicialmente para transportar a los golfistas entre los hoyos. Sin embargo, en los \u00faltimos a\u00f1os, muchas personas han empezado a utilizar estos veh\u00edculos el\u00e9ctricos para otros fines. Ahora es habitual ver carros de golf en comunidades residenciales, comunidades de playa e incluso en las calles del centro de la ciudad Charleston.<\/p>\n\n\n\n<p>Los carros de golf son intr\u00ednsecamente peligrosos porque no cuentan con muchas de las caracter\u00edsticas de seguridad habituales en otros veh\u00edculos. Por ejemplo, los carros de golf son \"abiertos\", lo que significa que no tienen puertas ni ventanas. Tambi\u00e9n carecen de intermitentes y muchos no tienen espejos laterales. Aunque algunos carros de golf est\u00e1n equipados con cinturones de seguridad, es poco frecuente. Debido a su dise\u00f1o, los carros de golf tambi\u00e9n son pesados en la parte superior, lo que los hace propensos a los accidentes de vuelco.<\/p>\n\n\n\n<p>Conducir un carrito de golf es diferente a conducir un coche. Se tiene la sensaci\u00f3n de que los carritos de golf son m\u00e1s como <a href=\"https:\/\/www.steinberglawfirm.com\/personal-injury\/rv-accident-attorneys\/\" target=\"_blank\" rel=\"noopener\">veh\u00edculos recreativos<\/a>. Esto lleva a muchos de los que los conducen a tomarse menos en serio las normas de circulaci\u00f3n. Por otra parte, los conductores de coches y camiones pueden no saber c\u00f3mo interactuar con los carritos de golf, lo que provoca confusi\u00f3n en la carretera.<\/p>\n\n\n\n<p>Algunos de los tipos m\u00e1s comunes de accidentes de carros de golf South Carolina incluyen:<\/p>\n\n\n\n<ul class=\"wp-block-list\">\n<li>Colisiones de peatones<\/li>\n\n\n\n<li>Accidentes por retroceso<\/li>\n\n\n\n<li>Accidentes por conducci\u00f3n en estado de embriaguez<\/li>\n\n\n\n<li>Conducci\u00f3n temeraria<\/li>\n\n\n\n<li>Accidentes por vuelco<\/li>\n\n\n\n<li>Accidentes por no ceder el paso<\/li>\n\n\n\n<li>Caer o ser arrojado del carro de golf<\/li>\n<\/ul>\n\n\n\n<p>Lamentablemente, al menos el 25 por ciento de las lesiones graves en carros de golf afectan a ni\u00f1os. Si usted ha sido lesionado en un accidente de carro de golf South Carolina, ya sea como conductor, pasajero o peat\u00f3n, puede&nbsp;<a href=\"https:\/\/www.steinberglawfirm.com\/practice-areas\/personal-injury\/your-guide-to-south-carolina-personal-injury-claims-infographic\/\" target=\"_blank\" rel=\"noopener\">presentar una reclamaci\u00f3n por da\u00f1os personales<\/a>&nbsp;contra la parte negligente responsable de sus lesiones.<\/p>\n\n\n\n<p><strong>Lesiones por accidente de carro de golf<\/strong><\/p>\n\n\n\n<p>Muchos asumen que como la mayor\u00eda de los carros de golf pueden alcanzar una velocidad m\u00e1xima de s\u00f3lo 25 millas por hora, no representan un peligro significativo. Sin embargo, no es as\u00ed. Las lesiones de los carros de golf suelen ser graves y a veces incluso mortales.<\/p>\n\n\n\n<p>Algunas de las lesiones m\u00e1s comunes en los accidentes de carros de golf son:<\/p>\n\n\n\n<ul class=\"wp-block-list\">\n<li>Lesiones en el cuello<\/li>\n\n\n\n<li><a href=\"https:\/\/www.steinberglawfirm.com\/practice-areas\/serious-injury-cases\/traumatic-brain-injury\/\" target=\"_blank\" rel=\"noopener\">Lesiones cerebrales traum\u00e1ticas<\/a><\/li>\n\n\n\n<li>Latigazo cervical<\/li>\n\n\n\n<li>Huesos rotos<\/li>\n\n\n\n<li>Moretones y abrasiones<\/li>\n<\/ul>\n\n\n\n<p><strong>Cobertura del seguro en caso de accidente de carro de golf<\/strong><\/p>\n\n\n\n<p>Dependiendo del lugar donde se haya producido el accidente del carrito de golf, puede haber varias compa\u00f1\u00edas de seguros implicadas. Los accidentes de carros de golf pueden estar cubiertos por el seguro del propietario, el seguro del veh\u00edculo y\/o el seguro de responsabilidad civil de un campo de golf.&nbsp;<\/p>\n\n\n\n<p>Muchos accidentes de carros de golf ocurren en campos de golf o en clubes de campo. Si puedes demostrar que tus lesiones fueron consecuencia de una negligencia por parte de la empresa o el club, su seguro ser\u00eda la p\u00f3liza de cobertura.&nbsp;<\/p>\n\n\n\n<p>Cualquier persona que opere un carro de golf permitido fuera de su propiedad debe tener 16 a\u00f1os de edad y tener una licencia de conducir. Cualquier conductor de carros de golf debe tener siempre un certificado de registro del DMV y una prueba de seguro. Existe una variedad de opciones de cobertura de seguro para los carros de golf para cubrir lesiones y da\u00f1os a la propiedad. Adem\u00e1s, algunas opciones de seguro s\u00f3lo proporcionan cobertura en la propiedad privada y no se aplican a los accidentes en la v\u00eda p\u00fablica.&nbsp;<\/p>\n\n\n\n<p>Dada la complejidad de la cobertura del seguro y, a menudo, la falta de cobertura del seguro, si usted est\u00e1 en un accidente que involucra a un carrito de golf, aseg\u00farese de hablar con un abogado de lesiones para determinar qui\u00e9n es responsable de sus lesiones y c\u00f3mo perseguir una reclamaci\u00f3n de indemnizaci\u00f3n.&nbsp;<\/p>\n\n\n\n<p><strong>Establecer la responsabilidad en un accidente de carro de golf Summerville<\/strong><\/p>\n\n\n\n<p>Cualquier persona lesionada en un accidente de carro de golf South Carolina puede presentar una demanda por lesiones personales contra la persona que cree que es responsable de sus lesiones. Esto puede ser el operador de otro veh\u00edculo o el operador del carrito de golf, dependiendo de las circunstancias. En cualquiera de las dos situaciones, para presentar un caso con \u00e9xito, debe probar:<\/p>\n\n\n\n<p>1. La otra parte le deb\u00eda un deber de cuidado;<br>2. Con sus acciones u omisiones, violaron ese deber de cuidado;<br>3. Las acciones de la otra parte fueron la causa de sus lesiones; y<br>4. Ha sufrido da\u00f1os legalmente reconocibles como consecuencia del accidente.<\/p>\n\n\n\n<p>Una cuesti\u00f3n que surge con frecuencia en los accidentes de carros de golf es el concepto de negligencia comparativa. En virtud de la ley de lesiones personales, el hecho de que una v\u00edctima de un accidente haya tenido parte de la culpa en el mismo no le impedir\u00e1 presentar una demanda contra otra parte negligente. Sin embargo, en virtud de las normas de negligencia comparativa modificada del estado, sus da\u00f1os se ver\u00e1n reducidos por su porcentaje de culpa.<\/p>\n\n\n\n<p>Por ejemplo, supongamos que Joe est\u00e1 conduciendo un carrito de golf cuando otro conductor le atropella. Joe sufre $200.000 en da\u00f1os como resultado del accidente. Si un juez o un jurado declara que Joe es responsable en un 20% y que el otro conductor es culpable en un 80%, el importe total de la indemnizaci\u00f3n de Joe ser\u00eda de $140.000 ($200.000 menos el 20%). Aqu\u00ed es donde la asistencia de un abogado experto en lesiones personales puede ser \u00fatil para evitar que la otra parte traslade injustamente la culpa a la v\u00edctima del accidente.<\/p>\n\n\n\n<h3 class=\"wp-block-heading\">P\u00f3ngase en contacto con un abogado con experiencia en accidentes de carros de golf South Carolina hoy mismo<\/h3>\n\n\n\n<p>Si usted o un ser querido se ha lesionado recientemente en un accidente de carro de golf,&nbsp;<a href=\"https:\/\/www.steinberglawfirm.com\/contact-us\/\" target=\"_blank\" rel=\"noopener\">contacte con el Steinberg Law Firm para obtener asistencia inmediata<\/a>. En el&nbsp;<a href=\"https:\/\/www.steinberglawfirm.com\/\" target=\"_blank\" rel=\"noopener\">Steinberg Law Firm<\/a>En el \u00e1mbito de la seguridad, nos comprometemos a ayudar a las v\u00edctimas de lesiones y a sus familias a recuperar la compensaci\u00f3n que necesitan para seguir adelante despu\u00e9s de un accidente grave. Desde 1927,&nbsp;<a href=\"https:\/\/www.steinberglawfirm.com\/testimonials\/\" target=\"_blank\" rel=\"noopener\">hemos ayudado a miles de clientes<\/a>&nbsp;y, en los \u00faltimos diez a\u00f1os, hemos&nbsp;<a href=\"https:\/\/www.steinberglawfirm.com\/results\/\" target=\"_blank\" rel=\"noopener\">recuper\u00f3 m\u00e1s de $800 millones<\/a>&nbsp;en nombre de las v\u00edctimas de lesiones en todo South Carolina. Para saber m\u00e1s y&nbsp;<a href=\"https:\/\/www.steinberglawfirm.com\/free-consultation\/\" target=\"_blank\" rel=\"noopener\">programar una consulta gratuita<\/a>&nbsp;con un&nbsp;<a href=\"https:\/\/www.steinberglawfirm.com\/attorney\/\" target=\"_blank\" rel=\"noopener\">abogado en el Steinberg Law Firm<\/a>,&nbsp;<a href=\"tel:1-843-720-2800\">llame al 843-720-2800<\/a>. Tambi\u00e9n puede&nbsp;<a href=\"https:\/\/www.steinberglawfirm.com\/contact-us\/\" target=\"_blank\" rel=\"noopener\">contacte con nosotros a trav\u00e9s de nuestro formulario en l\u00ednea<\/a>. Representamos a clientes en Charleston, Goose Creek, Summerville y sus alrededores.<\/p>","protected":false},"excerpt":{"rendered":"<p>South Carolina Abogado de Accidentes de Carros de Golf Abogados de Lesiones de Carros de Golf Sirviendo las \u00c1reas Charleston, Summerville, y Goose Creek Aunque no lo parezca al verlos, los carros de golf pueden ser incre\u00edblemente peligrosos. Estos veh\u00edculos carecen de muchas caracter\u00edsticas de seguridad que se encuentran en los coches, tales como cinturones de seguridad, puertas, espejos y luces. Los carros de golf tambi\u00e9n...<\/p>","protected":false},"author":11,"featured_media":20353,"parent":565,"menu_order":0,"comment_status":"closed","ping_status":"closed","template":"","meta":{"_acf_changed":false,"footnotes":""},"class_list":["post-20352","page","type-page","status-publish","has-post-thumbnail","hentry"],"acf":[],"_links":{"self":[{"href":"https:\/\/steinberglawfirm-staging.clmcloud.app\/es\/wp-json\/wp\/v2\/pages\/20352"}],"collection":[{"href":"https:\/\/steinberglawfirm-staging.clmcloud.app\/es\/wp-json\/wp\/v2\/pages"}],"about":[{"href":"https:\/\/steinberglawfirm-staging.clmcloud.app\/es\/wp-json\/wp\/v2\/types\/page"}],"author":[{"embeddable":true,"href":"https:\/\/steinberglawfirm-staging.clmcloud.app\/es\/wp-json\/wp\/v2\/users\/11"}],"replies":[{"embeddable":true,"href":"https:\/\/steinberglawfirm-staging.clmcloud.app\/es\/wp-json\/wp\/v2\/comments?post=20352"}],"version-history":[{"count":4,"href":"https:\/\/steinberglawfirm-staging.clmcloud.app\/es\/wp-json\/wp\/v2\/pages\/20352\/revisions"}],"predecessor-version":[{"id":31667,"href":"https:\/\/steinberglawfirm-staging.clmcloud.app\/es\/wp-json\/wp\/v2\/pages\/20352\/revisions\/31667"}],"up":[{"embeddable":true,"href":"https:\/\/steinberglawfirm-staging.clmcloud.app\/es\/wp-json\/wp\/v2\/pages\/565"}],"wp:featuredmedia":[{"embeddable":true,"href":"https:\/\/steinberglawfirm-staging.clmcloud.app\/es\/wp-json\/wp\/v2\/media\/20353"}],"wp:attachment":[{"href":"https:\/\/steinberglawfirm-staging.clmcloud.app\/es\/wp-json\/wp\/v2\/media?parent=20352"}],"curies":[{"name":"wp","href":"https:\/\/api.w.org\/{rel}","templated":true}]}}