{"id":20092,"date":"2022-04-20T03:12:59","date_gmt":"2022-04-20T03:12:59","guid":{"rendered":"https:\/\/www.steinberglawfirm.com\/?page_id=20092"},"modified":"2023-05-08T19:04:12","modified_gmt":"2023-05-08T19:04:12","slug":"spine-injury","status":"publish","type":"page","link":"https:\/\/steinberglawfirm-staging.clmcloud.app\/es\/lesiones-personales\/accidentes-de-barco\/lesion-en-la-columna-vertebral\/","title":{"rendered":"Lesiones en la columna vertebral causadas por accidentes de barco South Carolina"},"content":{"rendered":"<h1 class=\"wp-block-heading\">South Carolina Lesi\u00f3n en la columna vertebral por accidente de barco Abogado<\/h1>\n\n\n\n<div style=\"height:15px\" aria-hidden=\"true\" class=\"wp-block-spacer\"><\/div>\n\n\n\n<h2 class=\"wp-block-heading\">South Carolina Abogados de accidentes de navegaci\u00f3n por lesi\u00f3n medular<\/h2>\n\n\n\n<div style=\"height:15px\" aria-hidden=\"true\" class=\"wp-block-spacer\"><\/div>\n\n\n\n<p>Columna vertebral y <a href=\"https:\/\/www.steinberglawfirm.com\/practice-areas\/boat-accidents\/back-injury\/\" target=\"_blank\" rel=\"noopener\">lesiones en la espalda por accidente de barco South Carolina<\/a> puede alterar el curso de su vida. El proceso de recuperaci\u00f3n tras <a href=\"https:\/\/www.steinberglawfirm.com\/practice-areas\/head-brain-and-spine-injuries\/spinal-column-injuries\/\" target=\"_blank\" rel=\"noopener\">sufrir una lesi\u00f3n grave en la columna vertebral<\/a> suele ser largo. Sin embargo, no es necesario emprender el viaje solo.<\/p>\n\n\n\n<p>En el Steinberg Law Firm, nuestro <a href=\"https:\/\/www.steinberglawfirm.com\/practice-areas\/boat-accidents\/\" target=\"_blank\" rel=\"noopener\">dedicados South Carolina abogados de accidentes de barco<\/a> han estado representando a v\u00edctimas de lesiones, incluyendo a aquellos que sufren lesiones en la columna vertebral en accidentes de barco, durante m\u00e1s de 95 a\u00f1os. Abordamos cada caso con compasi\u00f3n, aprendiendo primero sobre usted y sus lesiones antes de recomendar cualquier curso de acci\u00f3n. Entendemos y respetamos que usted puede no haber tomado la decisi\u00f3n de presentar una demanda despu\u00e9s del accidente. Sin embargo, si usted tiene preguntas sobre el accidente, sus lesiones, o c\u00f3mo puede recuperar la compensaci\u00f3n para ayudarle a compensar los costos que ha incurrido como resultado del accidente, estamos aqu\u00ed para usted.&nbsp;<\/p>\n\n\n\n<p><strong>Estad\u00edsticas de accidentes de navegaci\u00f3n<\/strong><\/p>\n\n\n\n<p>Durante gran parte del a\u00f1o, la navegaci\u00f3n es una actividad recreativa com\u00fan en South Carolina. La mayor\u00eda de las veces, las embarcaciones son seguras. Sin embargo, cuando conductores inexpertos, ebrios o imprudentes manejan la embarcaci\u00f3n, <a href=\"https:\/\/www.steinberglawfirm.com\/personal-injury\/boat-accidents\/river-water-sports-injury-lawyers\/\" target=\"_blank\" rel=\"noopener\">todos en el agua corren peligro<\/a>.<\/p>\n\n\n\n<p>Seg\u00fan la Guardia Costera de los Estados Unidos, hubo 4.168 accidentes de barco en 2019. Estos accidentes de embarcaciones lesionaron a m\u00e1s de 2500 navegantes y mataron a otras 613 personas. La Guardia Costera explica que las cinco principales causas de los accidentes de embarcaciones registrados en 2019 fueron:<\/p>\n\n\n\n<ul class=\"wp-block-list\">\n<li>Falta de atenci\u00f3n del operador<\/li>\n\n\n\n<li>Vigilancia inadecuada<\/li>\n\n\n\n<li>Inexperiencia del operador<\/li>\n\n\n\n<li>Velocidad excesiva<\/li>\n\n\n\n<li>Consumo de alcohol<\/li>\n<\/ul>\n\n\n\n<p>Muchos accidentes de barco South Carolina implican varias de estas causas. Este es especialmente el caso de los accidentes en los que est\u00e1 implicado un conductor que estaba bajo los efectos del alcohol. Los guardacostas estiman que el alcohol est\u00e1 implicado en el 23% de todos los accidentes. <a href=\"https:\/\/www.steinberglawfirm.com\/practice-areas\/boat-accidents\/fatal-boat-accident\/\" target=\"_blank\" rel=\"noopener\">accidentes de barco mortales<\/a>.&nbsp;<\/p>\n\n\n\n<p><strong>Lesiones comunes de la columna vertebral despu\u00e9s de un accidente de barco South Carolina<\/strong><\/p>\n\n\n\n<p>La m\u00e9dula espinal es la estructura encargada de transmitir los impulsos nerviosos por todo el cuerpo. La m\u00e9dula espinal viaja a trav\u00e9s de una serie de peque\u00f1os huesos, llamados v\u00e9rtebras, que protegen la columna vertebral y facilitan el movimiento del cuerpo. Los da\u00f1os en la columna vertebral debidos a un traumatismo f\u00edsico pueden ser uno de los tipos de lesiones m\u00e1s debilitantes.<\/p>\n\n\n\n<p>Cuando el cuerpo sufre un traumatismo f\u00edsico, puede causar varios tipos diferentes de lesiones en la columna vertebral. Las lesiones m\u00e1s comunes de la columna vertebral despu\u00e9s de un accidente de barco incluyen:<\/p>\n\n\n\n<p><strong>Fracturas por compresi\u00f3n:<\/strong>&nbsp;Una fractura por compresi\u00f3n se produce cuando la fuerza ejercida sobre la columna vertebral provoca una peque\u00f1a fisura en una o m\u00e1s v\u00e9rtebras. Las personas que sufren una fractura por compresi\u00f3n suelen experimentar un dolor insoportable, problemas para mantener la postura y dificultad para respirar.<\/p>\n\n\n\n<p><strong>Fracturas de v\u00e9rtebras:<\/strong>&nbsp;Si se ejerce suficiente presi\u00f3n sobre la columna vertebral, las v\u00e9rtebras pueden romperse o fracturarse. Las fracturas vertebrales suelen provocar un dolor intenso que empeora al caminar y una amplitud de movimiento limitada. Una v\u00e9rtebra fracturada puede ejercer una presi\u00f3n adicional sobre la m\u00e9dula espinal, provocando un pinzamiento del nervio o un da\u00f1o permanente de la m\u00e9dula espinal.&nbsp;<\/p>\n\n\n\n<p><strong>Hernias de disco:<\/strong>&nbsp;Un disco se refiere a la estructura blanda, parecida a un coj\u00edn, que se encuentra entre cada v\u00e9rtebra. Cuando se aplica una fuerza excesiva a la columna vertebral, los discos vertebrales pueden romperse, romperse o abultarse. Las lesiones discales pueden ser insoportables e ir acompa\u00f1adas de entumecimiento, hormigueo o debilidad. Las lesiones discales, si no se tratan, pueden empeorar con el tiempo.<\/p>\n\n\n\n<p><strong>Da\u00f1os en la m\u00e9dula espinal:<\/strong>&nbsp;Los accidentes de barco pueden causar da\u00f1os permanentes en la m\u00e9dula espinal. Esto puede deberse a la fractura de una v\u00e9rtebra que hace que trozos afilados de hueso entren en contacto con la m\u00e9dula espinal. En casos graves, la m\u00e9dula espinal puede quedar seccionada. Los da\u00f1os en la m\u00e9dula espinal pueden causar p\u00e9rdida de movimiento, p\u00e9rdida de la funci\u00f3n de la vejiga, dificultad para respirar e incluso par\u00e1lisis permanente.<\/p>\n\n\n\n<p>Tras un <a href=\"https:\/\/www.steinberglawfirm.com\/practice-areas\/boat-accidents\/\" target=\"_blank\" rel=\"noopener\">South Carolina accidente de barco<\/a>Los que sufren una lesi\u00f3n en la columna vertebral pueden tener derecho a una compensaci\u00f3n monetaria de las partes responsables de sus lesiones. Si tiene \u00e9xito, una reclamaci\u00f3n por accidente de barco puede dar lugar a que la v\u00edctima del accidente se recupere por sus gastos m\u00e9dicos, salarios perdidos, as\u00ed como por cualquier dolor y sufrimiento que haya soportado como resultado del accidente.&nbsp;<\/p>\n\n\n\n<h3 class=\"wp-block-heading\">P\u00f3ngase en contacto con los abogados de accidentes de barco en el Steinberg Law Firm hoy<\/h3>\n\n\n\n<p>Si usted o un ser querido ha sufrido recientemente una lesi\u00f3n en la columna vertebral tras un accidente de barco South Carolina, la <a href=\"https:\/\/www.steinberglawfirm.com\/\" target=\"_blank\" rel=\"noopener\">abogados experimentados en lesiones personales en el Steinberg Law Firm<\/a> est\u00e1n aqu\u00ed para ayudar. <a href=\"https:\/\/www.steinberglawfirm.com\/about-us\/\" target=\"_blank\" rel=\"noopener\">Desde hace m\u00e1s de 95 a\u00f1os<\/a>, nuestro <a href=\"https:\/\/www.steinberglawfirm.com\/attorney\/\" target=\"_blank\" rel=\"noopener\">equipo de abogados<\/a> ha representado con \u00e9xito a v\u00edctimas de lesiones y a sus familias en reclamaciones por accidentes de barco. Reconocemos que este es un momento dif\u00edcil para usted y su familia y queremos hacer el proceso tan f\u00e1cil para usted como podamos. <a href=\"https:\/\/www.steinberglawfirm.com\/free-consultation\/\" target=\"_blank\" rel=\"noopener\">Ofrecemos consultas gratuitas a todas las v\u00edctimas de accidentes<\/a>Durante el cual podemos responder a todas sus preguntas para que pueda tomar la decisi\u00f3n que mejor se adapte a sus necesidades. Cuando est\u00e9 listo para hablar con un abogado, puede <a href=\"tel:1-843-720-2800\">contacta con el Steinberg Law Firm en el 843-720-2800<\/a>. Tambi\u00e9n puede <a href=\"https:\/\/www.steinberglawfirm.com\/contact-us\/\" target=\"_blank\" rel=\"noopener\">contacte con nosotros a trav\u00e9s de nuestro formulario online<\/a>y uno de nuestros abogados se pondr\u00e1 en contacto con usted en breve.<\/p>","protected":false},"excerpt":{"rendered":"<p>South Carolina Lesi\u00f3n de la columna vertebral por accidente de barco Abogados de accidentes de barco South Carolina Lesi\u00f3n de la columna vertebral Las lesiones de la columna vertebral y la espalda resultantes de un accidente de barco South Carolina pueden alterar el curso de su vida. El proceso de recuperaci\u00f3n despu\u00e9s de sufrir una lesi\u00f3n grave en la columna vertebral suele ser largo. Sin embargo, no es necesario...<\/p>","protected":false},"author":1,"featured_media":19966,"parent":18276,"menu_order":0,"comment_status":"closed","ping_status":"closed","template":"","meta":{"_acf_changed":false,"footnotes":""},"class_list":["post-20092","page","type-page","status-publish","has-post-thumbnail","hentry"],"acf":[],"_links":{"self":[{"href":"https:\/\/steinberglawfirm-staging.clmcloud.app\/es\/wp-json\/wp\/v2\/pages\/20092"}],"collection":[{"href":"https:\/\/steinberglawfirm-staging.clmcloud.app\/es\/wp-json\/wp\/v2\/pages"}],"about":[{"href":"https:\/\/steinberglawfirm-staging.clmcloud.app\/es\/wp-json\/wp\/v2\/types\/page"}],"author":[{"embeddable":true,"href":"https:\/\/steinberglawfirm-staging.clmcloud.app\/es\/wp-json\/wp\/v2\/users\/1"}],"replies":[{"embeddable":true,"href":"https:\/\/steinberglawfirm-staging.clmcloud.app\/es\/wp-json\/wp\/v2\/comments?post=20092"}],"version-history":[{"count":5,"href":"https:\/\/steinberglawfirm-staging.clmcloud.app\/es\/wp-json\/wp\/v2\/pages\/20092\/revisions"}],"predecessor-version":[{"id":24645,"href":"https:\/\/steinberglawfirm-staging.clmcloud.app\/es\/wp-json\/wp\/v2\/pages\/20092\/revisions\/24645"}],"up":[{"embeddable":true,"href":"https:\/\/steinberglawfirm-staging.clmcloud.app\/es\/wp-json\/wp\/v2\/pages\/18276"}],"wp:featuredmedia":[{"embeddable":true,"href":"https:\/\/steinberglawfirm-staging.clmcloud.app\/es\/wp-json\/wp\/v2\/media\/19966"}],"wp:attachment":[{"href":"https:\/\/steinberglawfirm-staging.clmcloud.app\/es\/wp-json\/wp\/v2\/media?parent=20092"}],"curies":[{"name":"wp","href":"https:\/\/api.w.org\/{rel}","templated":true}]}}