{"id":20088,"date":"2022-04-20T03:07:20","date_gmt":"2022-04-20T03:07:20","guid":{"rendered":"https:\/\/www.steinberglawfirm.com\/?page_id=20088"},"modified":"2023-05-08T19:08:02","modified_gmt":"2023-05-08T19:08:02","slug":"fatal-boat-accident","status":"publish","type":"page","link":"https:\/\/steinberglawfirm-staging.clmcloud.app\/es\/lesiones-personales\/accidentes-de-barco\/accidente-barco-fatal\/","title":{"rendered":"South Carolina Reclamaciones por homicidio involuntario tras un accidente de barco mortal"},"content":{"rendered":"<h1 class=\"wp-block-heading\">South Carolina Abogado de accidente de barco mortal<\/h1>\n\n\n\n<div style=\"height:15px\" aria-hidden=\"true\" class=\"wp-block-spacer\"><\/div>\n\n\n\n<h2 class=\"wp-block-heading\">Abogados de lesiones por accidentes de barco con resultado de muerte<\/h2>\n\n\n\n<div style=\"height:15px\" aria-hidden=\"true\" class=\"wp-block-spacer\"><\/div>\n\n\n\n<p>La p\u00e9rdida de un ser querido en un accidente de barco South Carolina es una tragedia a la que ninguna familia deber\u00eda enfrentarse. Sin embargo, cada a\u00f1o, m\u00e1s de 400 personas mueren en accidentes de barco fatales, dejando a miles de miembros de la familia llorando sus p\u00e9rdidas. A la tragedia y la frustraci\u00f3n que sufren las familias se suma el hecho de que la mayor\u00eda de los accidentes de barco son totalmente evitables.&nbsp;<\/p>\n\n\n\n<p>En el Steinberg Law Firm, nuestro <a href=\"https:\/\/www.steinberglawfirm.com\/practice-areas\/wrongful-death\/\" target=\"_blank\" rel=\"noopener\">equipo dedicado de abogados de muerte por negligencia South Carolina<\/a> tiene una amplia experiencia <a href=\"https:\/\/www.steinberglawfirm.com\/practice-areas\/\" target=\"_blank\" rel=\"noopener\">tramitaci\u00f3n de todo tipo de siniestros<\/a>incluyendo aquellos que involucran accidentes de barco fatales. Entendemos que este es un momento dif\u00edcil para usted y su familia y que la idea de <a href=\"https:\/\/www.steinberglawfirm.com\/practice-areas\/personal-injury\/\" target=\"_blank\" rel=\"noopener\">presentar una demanda por da\u00f1os y perjuicios<\/a> tras su p\u00e9rdida puede parecer abrumador. Estamos aqu\u00ed para ayudarle. Desde el momento en que se re\u00fana con nosotros, le trataremos con respeto, respondiendo a todas sus preguntas para que pueda tomar la mejor decisi\u00f3n para usted y su familia.&nbsp;<\/p>\n\n\n\n<p><strong>Estad\u00edsticas de accidentes de barco mortales<\/strong><\/p>\n\n\n\n<p>Los accidentes de barco son frecuentes en los estados costeros. No s\u00f3lo <a href=\"https:\/\/www.steinberglawfirm.com\/personal-injury\/boat-accidents\/river-water-sports-injury-lawyers\/\" target=\"_blank\" rel=\"noopener\">los accidentes de navegaci\u00f3n son frecuentes<\/a>pero tambi\u00e9n es probable que provoquen lesiones graves o la muerte. Seg\u00fan la Guardia Costera de Estados Unidos, en un a\u00f1o reciente se produjeron m\u00e1s de 4.168 accidentes de embarcaci\u00f3n, que se cobraron m\u00e1s de 600 vidas.<\/p>\n\n\n\n<p>El informe m\u00e1s reciente de los guardacostas destaca las siguientes como las causas m\u00e1s comunes de los accidentes de navegaci\u00f3n mortales:<\/p>\n\n\n\n<ul class=\"wp-block-list\">\n<li>Falta de atenci\u00f3n del operador<\/li>\n\n\n\n<li>Vigilancia inadecuada<\/li>\n\n\n\n<li>Inexperiencia del operador<\/li>\n\n\n\n<li>Velocidad excesiva<\/li>\n\n\n\n<li>Consumo de alcohol<\/li>\n<\/ul>\n\n\n\n<p>El consumo de alcohol es quiz\u00e1s el factor que m\u00e1s contribuye a los accidentes de barco, ya que es totalmente evitable. Sin embargo, a pesar de los riesgos conocidos de la navegaci\u00f3n bajo la influencia del alcohol, la Guardia Costera estima que el 23% de todos los accidentes de navegaci\u00f3n mortales implican a un operador bajo la influencia del alcohol.&nbsp;<\/p>\n\n\n\n<p>De las 439 muertes por ahogamiento relacionadas con accidentes de barco en 2019, 57 personas llevaban chaleco salvavidas. Adem\u00e1s del ahogamiento, las otras causas principales de muerte en accidentes de navegaci\u00f3n son los traumatismos f\u00edsicos, la parada card\u00edaca, la intoxicaci\u00f3n por mon\u00f3xido de carbono y la hipotermia.<\/p>\n\n\n\n<p><strong>\u00bfQu\u00e9 es una reclamaci\u00f3n por muerte por negligencia y c\u00f3mo puede ayudar a las familias en duelo?<\/strong><\/p>\n\n\n\n<p>El t\u00e9rmino muerte por negligencia se refiere a un tipo espec\u00edfico de reclamaci\u00f3n por da\u00f1os personales presentada por los seres queridos supervivientes de una v\u00edctima de accidente fallecida. Para probar una demanda por homicidio culposo, un miembro de la familia debe ser capaz de establecer que el \"acto il\u00edcito, negligencia o incumplimiento\" de otra persona caus\u00f3 la muerte de su ser querido. Una familia puede presentar una reclamaci\u00f3n por muerte por negligencia basada en cualquier accidente, incluidos los accidentes de barco.<\/p>\n\n\n\n<p>Seg\u00fan la ley estatal, un <a href=\"https:\/\/www.steinberglawfirm.com\/practice-areas\/wrongful-death\/\" target=\"_blank\" rel=\"noopener\">reclamaci\u00f3n de muerte por negligencia<\/a> debe ser presentada por el albacea o administrador de la herencia de la v\u00edctima del accidente fallecida en los tres a\u00f1os siguientes a su muerte. Los da\u00f1os y perjuicios concedidos en una demanda por homicidio culposo se pagan al c\u00f3nyuge y a los hijos supervivientes de la v\u00edctima fallecida. Si el fallecido no deja c\u00f3nyuge ni hijos, los padres de la v\u00edctima u otros herederos recibir\u00e1n los beneficios.<\/p>\n\n\n\n<p>Si una familia presenta con \u00e9xito una demanda por homicidio culposo, puede recuperar la indemnizaci\u00f3n relacionada con su p\u00e9rdida. Aunque cada <a href=\"https:\/\/www.steinberglawfirm.com\/practice-areas\/boat-accidents\/\" target=\"_blank\" rel=\"noopener\">caso de accidente de barco<\/a> es \u00fanico, las familias pueden ser capaces de recuperar por lo siguiente a trav\u00e9s de una demanda de muerte por negligencia:<\/p>\n\n\n\n<ul class=\"wp-block-list\">\n<li>Gastos m\u00e9dicos<\/li>\n\n\n\n<li>Gastos de funeral y entierro<\/li>\n\n\n\n<li>P\u00e9rdida de salarios y beneficios, incluidos los ingresos futuros<\/li>\n\n\n\n<li>P\u00e9rdida de apoyo o compa\u00f1\u00eda<\/li>\n\n\n\n<li>Angustia mental<\/li>\n<\/ul>\n\n\n\n<p>En algunos casos raros, los familiares tambi\u00e9n pueden obtener da\u00f1os punitivos. A diferencia de los otros tipos de da\u00f1os personales que se conceden en una demanda de muerte por negligencia, los da\u00f1os punitivos se utilizan para castigar a un acusado por su conducta atroz. Los da\u00f1os punitivos son dif\u00edciles de probar y s\u00f3lo se conceden cuando las acciones del acusado fueron imprudentes, deliberadas o intencionadas.&nbsp;<\/p>\n\n\n\n<h3 class=\"wp-block-heading\">P\u00f3ngase en contacto con los abogados de accidentes de barco por muerte injusta en el Steinberg Law Firm<\/h3>\n\n\n\n<p>Si recientemente ha perdido a un ser querido en un accidente de navegaci\u00f3n mortal, este es sin duda un momento dif\u00edcil para usted y su familia. <a href=\"https:\/\/www.steinberglawfirm.com\/\" target=\"_blank\" rel=\"noopener\">El Steinberg Law Firm puede ayudar<\/a>. Reconocemos que puede que no est\u00e9 preparado para presentar una reclamaci\u00f3n hoy, y nunca le presionaremos para que proceda hasta que est\u00e9 preparado. Consideramos que nuestro papel es ayudarle a conocer sus opciones para que pueda tomar la mejor decisi\u00f3n para usted y su familia. Siempre le trataremos con respeto y nunca intentaremos venderle nuestros servicios. <a href=\"https:\/\/www.steinberglawfirm.com\/about-us\/\" target=\"_blank\" rel=\"noopener\">En los \u00faltimos 95 a\u00f1os<\/a>Hemos representado a innumerables familias que pasan por una situaci\u00f3n similar a la que usted se encuentra. Cuando est\u00e9 listo para hablar con un abogado sobre el accidente de barco que se cobr\u00f3 la vida de su ser querido, puede <a href=\"tel:1-843-720-2800\">contacte con un abogado de Steinberg Law Firm en el 843-720-2800<\/a>. Tambi\u00e9n puede <a href=\"https:\/\/www.steinberglawfirm.com\/contact-us\/\" target=\"_blank\" rel=\"noopener\">contacte con nosotros a trav\u00e9s de nuestro formulario online<\/a>y <a href=\"https:\/\/www.steinberglawfirm.com\/attorney\/\" target=\"_blank\" rel=\"noopener\">uno de nuestros abogados<\/a> se pondr\u00e1 en contacto con usted en breve.<\/p>","protected":false},"excerpt":{"rendered":"<p>South Carolina Abogado de accidentes de barco mortales Abogados de lesiones por accidentes de barco con resultado de muerte Perder a un ser querido en un accidente de barco South Carolina es una tragedia que ninguna familia deber\u00eda tener que afrontar. Sin embargo, cada a\u00f1o, m\u00e1s de 400 personas mueren en accidentes de barco fatales, dejando a miles de miembros de la familia en duelo por sus p\u00e9rdidas....<\/p>","protected":false},"author":1,"featured_media":20077,"parent":18276,"menu_order":0,"comment_status":"closed","ping_status":"closed","template":"","meta":{"_acf_changed":false,"footnotes":""},"class_list":["post-20088","page","type-page","status-publish","has-post-thumbnail","hentry"],"acf":[],"_links":{"self":[{"href":"https:\/\/steinberglawfirm-staging.clmcloud.app\/es\/wp-json\/wp\/v2\/pages\/20088"}],"collection":[{"href":"https:\/\/steinberglawfirm-staging.clmcloud.app\/es\/wp-json\/wp\/v2\/pages"}],"about":[{"href":"https:\/\/steinberglawfirm-staging.clmcloud.app\/es\/wp-json\/wp\/v2\/types\/page"}],"author":[{"embeddable":true,"href":"https:\/\/steinberglawfirm-staging.clmcloud.app\/es\/wp-json\/wp\/v2\/users\/1"}],"replies":[{"embeddable":true,"href":"https:\/\/steinberglawfirm-staging.clmcloud.app\/es\/wp-json\/wp\/v2\/comments?post=20088"}],"version-history":[{"count":4,"href":"https:\/\/steinberglawfirm-staging.clmcloud.app\/es\/wp-json\/wp\/v2\/pages\/20088\/revisions"}],"predecessor-version":[{"id":24655,"href":"https:\/\/steinberglawfirm-staging.clmcloud.app\/es\/wp-json\/wp\/v2\/pages\/20088\/revisions\/24655"}],"up":[{"embeddable":true,"href":"https:\/\/steinberglawfirm-staging.clmcloud.app\/es\/wp-json\/wp\/v2\/pages\/18276"}],"wp:featuredmedia":[{"embeddable":true,"href":"https:\/\/steinberglawfirm-staging.clmcloud.app\/es\/wp-json\/wp\/v2\/media\/20077"}],"wp:attachment":[{"href":"https:\/\/steinberglawfirm-staging.clmcloud.app\/es\/wp-json\/wp\/v2\/media?parent=20088"}],"curies":[{"name":"wp","href":"https:\/\/api.w.org\/{rel}","templated":true}]}}