{"id":20084,"date":"2022-04-20T03:02:19","date_gmt":"2022-04-20T03:02:19","guid":{"rendered":"https:\/\/www.steinberglawfirm.com\/?page_id=20084"},"modified":"2023-05-08T19:04:42","modified_gmt":"2023-05-08T19:04:42","slug":"brain-injury","status":"publish","type":"page","link":"https:\/\/steinberglawfirm-staging.clmcloud.app\/es\/lesiones-personales\/accidentes-de-barco\/lesion-cerebral-2\/","title":{"rendered":"South Carolina Accidentes de barco con lesiones cerebrales"},"content":{"rendered":"<h1 class=\"wp-block-heading\">South Carolina Abogado de lesiones cerebrales en accidentes de barco<\/h1>\n\n\n\n<div style=\"height:15px\" aria-hidden=\"true\" class=\"wp-block-spacer\"><\/div>\n\n\n\n<h2 class=\"wp-block-heading\">South Carolina Abogados de lesiones por TBI y conmociones cerebrales causadas por un accidente de barco<\/h2>\n\n\n\n<div style=\"height:15px\" aria-hidden=\"true\" class=\"wp-block-spacer\"><\/div>\n\n\n\n<p>Cuando se piensa en las lesiones en embarcaciones, es posible que los da\u00f1os cerebrales no vengan inicialmente a la mente. Sin embargo, las lesiones cerebrales derivadas del contacto f\u00edsico que supone un accidente de navegaci\u00f3n y la privaci\u00f3n de ox\u00edgeno relacionada con el ahogamiento son frecuentes.&nbsp;<\/p>\n\n\n\n<p>En el Steinberg Law Firm, nuestro <a href=\"https:\/\/www.steinberglawfirm.com\/practice-areas\/boat-accidents\/\" target=\"_blank\" rel=\"noopener\">Charleston abogados de accidentes de barco<\/a> trabajan estrechamente con las v\u00edctimas de accidentes, sus familias, los m\u00e9dicos y los expertos m\u00e9dicos para buscar una compensaci\u00f3n en nombre de los navegantes lesionados. Despu\u00e9s de sufrir una lesi\u00f3n cerebral en un accidente de barco, reconocemos que <a href=\"https:\/\/www.steinberglawfirm.com\/practice-areas\/personal-injury\/\" target=\"_blank\" rel=\"noopener\">presentaci\u00f3n de un caso de da\u00f1os personales<\/a> puede que no est\u00e9 en lo m\u00e1s alto de su lista de cosas que necesita abordar. Sin embargo, al presentar una reclamaci\u00f3n contra la parte culpable, puede ayudar a compensar algunos de los da\u00f1os financieros que ha sufrido debido al accidente. Desde hace m\u00e1s de 95 a\u00f1os, el <a href=\"https:\/\/www.steinberglawfirm.com\/\" target=\"_blank\" rel=\"noopener\">Steinberg Law Firm<\/a> ha proporcionado a las v\u00edctimas de accidentes y a sus familias en todo South Carolina una representaci\u00f3n compasiva, dedicada y agresiva.&nbsp;<\/p>\n\n\n\n<p><strong>Estad\u00edsticas de accidentes de barco<\/strong><\/p>\n\n\n\n<p>Seg\u00fan los guardacostas de Estados Unidos, en un a\u00f1o reciente se produjeron m\u00e1s de 4.168 accidentes de barco. Estos accidentes causaron heridas a m\u00e1s de 2.500 navegantes y se cobraron 613 vidas.&nbsp;<\/p>\n\n\n\n<p>La navegaci\u00f3n no siempre es peligrosa. Sin embargo, cuando los operadores inexpertos, imprudentes est\u00e1n conduciendo un barco, <a href=\"https:\/\/www.steinberglawfirm.com\/personal-injury\/boat-accidents\/river-water-sports-injury-lawyers\/\" target=\"_blank\" rel=\"noopener\">cualquier persona cercana corre peligro<\/a>. El informe m\u00e1s reciente de la Guardia Costera explica que las cinco causas principales de los accidentes de embarcaci\u00f3n son:<\/p>\n\n\n\n<ul class=\"wp-block-list\">\n<li>Falta de atenci\u00f3n del operador<\/li>\n\n\n\n<li>Vigilancia inadecuada<\/li>\n\n\n\n<li>Inexperiencia del operador<\/li>\n\n\n\n<li>Velocidad excesiva<\/li>\n\n\n\n<li>Consumo de alcohol<\/li>\n<\/ul>\n\n\n\n<p>De estas causas, el consumo de alcohol es quiz\u00e1s la m\u00e1s preocupante. Si bien es necesario un cierto nivel de negligencia para causar cualquier accidente de barco, los que conducen un barco bajo la influencia del alcohol act\u00faan de forma imprudente. La Guardia Costera estima que el 23% de todos los <a href=\"https:\/\/www.steinberglawfirm.com\/practice-areas\/boat-accidents\/fatal-boat-accident\/\" target=\"_blank\" rel=\"noopener\">accidentes mar\u00edtimos mortales<\/a> implican el alcohol.&nbsp;<\/p>\n\n\n\n<p><strong>Lesiones cerebrales derivadas de un accidente de barco South Carolina<\/strong><\/p>\n\n\n\n<p>Un accidente de barco puede provocar varios tipos de lesiones cerebrales. Las lesiones cerebrales que surgen tras un accidente de barco implican un impacto f\u00edsico o la falta de ox\u00edgeno.&nbsp;<\/p>\n\n\n\n<p>A diferencia de los coches, la mayor\u00eda de las embarcaciones no disponen de cinturones de seguridad. En un accidente de barco, los pasajeros suelen acabar lanzados por la embarcaci\u00f3n o en el agua.&nbsp;<\/p>\n\n\n\n<p>Las lesiones craneales y cerebrales t\u00edpicas tras un accidente de navegaci\u00f3n incluyen:<\/p>\n\n\n\n<p><strong>Lesiones cerebrales traum\u00e1ticas:<\/strong>&nbsp;Un traumatismo craneoencef\u00e1lico, o TBI, es cualquier lesi\u00f3n en la cabeza que altere el funcionamiento normal del cerebro. Una LCT puede ser causada por un golpe contundente en la cabeza o por una lesi\u00f3n penetrante.&nbsp;<\/p>\n\n\n\n<p><strong>Conmociones cerebrales:<\/strong>&nbsp;Una conmoci\u00f3n cerebral se produce cuando hay un movimiento r\u00e1pido y repentino de la cabeza en el que el cerebro choca con el interior del cr\u00e1neo. Algunas conmociones cerebrales son leves y pueden no causar da\u00f1os a largo plazo. Un estudio reciente indica que m\u00e1s de la mitad de las personas que sufren una conmoci\u00f3n cerebral experimentan el s\u00edndrome post-conmoci\u00f3n, que se traduce en somnolencia, mareos, p\u00e9rdida de memoria, dificultad de concentraci\u00f3n y ansiedad.&nbsp;<\/p>\n\n\n\n<p><strong>Contusiones:<\/strong>&nbsp;Un impacto directo y repentino puede causar una contusi\u00f3n, que es un hematoma en la superficie del cerebro. Una contusi\u00f3n provoca una p\u00e9rdida de conciencia durante al menos 15 minutos, acompa\u00f1ada de da\u00f1os en el cerebro.<\/p>\n\n\n\n<p><strong>Lesiones penetrantes:<\/strong>&nbsp;Tambi\u00e9n se denominan heridas abiertas en la cabeza. Las lesiones penetrantes se producen cuando un objeto atraviesa la capa externa de las meninges, que es la fina membrana que separa el cerebro del cr\u00e1neo.&nbsp;<\/p>\n\n\n\n<p><strong>Lesiones cerebrales hip\u00f3xico-an\u00f3xicas:<\/strong>&nbsp;Una lesi\u00f3n cerebral hip\u00f3xica-an\u00f3xica se produce cuando el cerebro no recibe el ox\u00edgeno que necesita para funcionar correctamente. Las lesiones cerebrales hip\u00f3xicas se refieren a una falta parcial de ox\u00edgeno, y las an\u00f3xicas a una falta total de ox\u00edgeno. Estas lesiones cerebrales pueden ser extremadamente graves, dependiendo del grado de privaci\u00f3n de ox\u00edgeno.&nbsp;<\/p>\n\n\n\n<p><strong>Indemnizaci\u00f3n por lesiones cerebrales en accidentes de barco&nbsp;<\/strong><\/p>\n\n\n\n<p>Esos <a href=\"https:\/\/www.steinberglawfirm.com\/practice-areas\/personal-injury\/\" target=\"_blank\" rel=\"noopener\">heridos en un accidente de barco South Carolina pueden presentar un caso de da\u00f1os personales<\/a> contra las partes responsables de sus lesiones. Por lo general, hay dos tipos de compensaci\u00f3n disponibles para las v\u00edctimas de lesiones, los da\u00f1os econ\u00f3micos y los no econ\u00f3micos.&nbsp;<\/p>\n\n\n\n<p>Los da\u00f1os econ\u00f3micos est\u00e1n destinados a compensar a las v\u00edctimas por las p\u00e9rdidas financieras. A menudo se pueden determinar presentando recibos, facturas m\u00e9dicas o mediante el testimonio de un perito. Algunos ejemplos de da\u00f1os econ\u00f3micos son los siguientes:&nbsp;&nbsp;&nbsp;<\/p>\n\n\n\n<ul class=\"wp-block-list\">\n<li>Futuros gastos m\u00e9dicos&nbsp;<\/li>\n\n\n\n<li>Gastos m\u00e9dicos anteriores<\/li>\n\n\n\n<li>P\u00e9rdida de la capacidad de ganancia en el pasado y en el futuro&nbsp;<\/li>\n\n\n\n<li>P\u00e9rdida de salarios e ingresos<\/li>\n\n\n\n<li>Gastos a\u00f1adidos para contratar proveedores que hagan las cosas que usted ya no puede hacer<\/li>\n<\/ul>\n\n\n\n<p>Los da\u00f1os no econ\u00f3micos son m\u00e1s subjetivos. Algunos ejemplos de da\u00f1os no econ\u00f3micos son los siguientes:&nbsp;&nbsp;<\/p>\n\n\n\n<ul class=\"wp-block-list\">\n<li>Dolor f\u00edsico en el pasado y en el futuro&nbsp;<\/li>\n\n\n\n<li>Angustia mental en el pasado y en el futuro<\/li>\n\n\n\n<li>Deterioro f\u00edsico en el pasado y en el futuro&nbsp;<\/li>\n\n\n\n<li>Desfiguraci\u00f3n&nbsp;<\/li>\n<\/ul>\n\n\n\n<h3 class=\"wp-block-heading\">P\u00f3ngase en contacto con los abogados de accidentes de barco Charleston en el Steinberg Law Firm para la asistencia inmediata<\/h3>\n\n\n\n<p>Una lesi\u00f3n cerebral tras un accidente de barco puede cambiar dr\u00e1sticamente el curso de su vida. Es posible que tenga que hacer frente a crecientes gastos m\u00e9dicos, facturas impagadas y muchas otras preocupaciones. En el <a href=\"https:\/\/www.steinberglawfirm.com\/\" target=\"_blank\" rel=\"noopener\">Steinberg Law Firm<\/a>Podemos ayudarle a presentar una reclamaci\u00f3n contra los responsables de sus lesiones. <a href=\"https:\/\/www.steinberglawfirm.com\/about-us\/\" target=\"_blank\" rel=\"noopener\">En los \u00faltimos 95 a\u00f1os<\/a>El Steinberg Law Firm ha fomentado una larga reputaci\u00f3n de excelencia, compasi\u00f3n y dedicaci\u00f3n a nuestros clientes y su bienestar. Cuando usted est\u00e1 listo para hablar con un abogado sobre el accidente de barco que caus\u00f3 sus lesiones cerebrales, puede <a href=\"tel:1-843-720-2800\">contacte con un abogado de Steinberg Law Firm en el 843-720-2800<\/a>. Tambi\u00e9n puede <a href=\"https:\/\/www.steinberglawfirm.com\/contact-us\/\" target=\"_blank\" rel=\"noopener\">contacte con nosotros a trav\u00e9s de nuestro formulario online<\/a>. <a href=\"https:\/\/www.steinberglawfirm.com\/free-consultation\/\" target=\"_blank\" rel=\"noopener\">Ofrecemos consultas gratuitas<\/a> y <a href=\"https:\/\/www.steinberglawfirm.com\/no-fee-unless-you-win\/\" target=\"_blank\" rel=\"noopener\">sin honorarios a menos que consigamos una indemnizaci\u00f3n para usted<\/a>.<\/p>","protected":false},"excerpt":{"rendered":"<p>South Carolina Accidentes de barco Abogado de lesiones cerebrales South Carolina Abogados de lesiones por TBI y conmociones cerebrales causadas por accidente de navegaci\u00f3n Cuando se piensa en las lesiones de barco, el da\u00f1o al cerebro puede no venir inicialmente a la mente. Sin embargo, las lesiones cerebrales resultantes del contacto f\u00edsico involucrado en un accidente de navegaci\u00f3n y la privaci\u00f3n de ox\u00edgeno relacionada con el ahogamiento son frecuentes. ...<\/p>","protected":false},"author":1,"featured_media":19966,"parent":18276,"menu_order":0,"comment_status":"closed","ping_status":"closed","template":"","meta":{"_acf_changed":false,"footnotes":""},"class_list":["post-20084","page","type-page","status-publish","has-post-thumbnail","hentry"],"acf":[],"_links":{"self":[{"href":"https:\/\/steinberglawfirm-staging.clmcloud.app\/es\/wp-json\/wp\/v2\/pages\/20084"}],"collection":[{"href":"https:\/\/steinberglawfirm-staging.clmcloud.app\/es\/wp-json\/wp\/v2\/pages"}],"about":[{"href":"https:\/\/steinberglawfirm-staging.clmcloud.app\/es\/wp-json\/wp\/v2\/types\/page"}],"author":[{"embeddable":true,"href":"https:\/\/steinberglawfirm-staging.clmcloud.app\/es\/wp-json\/wp\/v2\/users\/1"}],"replies":[{"embeddable":true,"href":"https:\/\/steinberglawfirm-staging.clmcloud.app\/es\/wp-json\/wp\/v2\/comments?post=20084"}],"version-history":[{"count":4,"href":"https:\/\/steinberglawfirm-staging.clmcloud.app\/es\/wp-json\/wp\/v2\/pages\/20084\/revisions"}],"predecessor-version":[{"id":24647,"href":"https:\/\/steinberglawfirm-staging.clmcloud.app\/es\/wp-json\/wp\/v2\/pages\/20084\/revisions\/24647"}],"up":[{"embeddable":true,"href":"https:\/\/steinberglawfirm-staging.clmcloud.app\/es\/wp-json\/wp\/v2\/pages\/18276"}],"wp:featuredmedia":[{"embeddable":true,"href":"https:\/\/steinberglawfirm-staging.clmcloud.app\/es\/wp-json\/wp\/v2\/media\/19966"}],"wp:attachment":[{"href":"https:\/\/steinberglawfirm-staging.clmcloud.app\/es\/wp-json\/wp\/v2\/media?parent=20084"}],"curies":[{"name":"wp","href":"https:\/\/api.w.org\/{rel}","templated":true}]}}