{"id":20079,"date":"2022-04-20T02:55:17","date_gmt":"2022-04-20T02:55:17","guid":{"rendered":"https:\/\/www.steinberglawfirm.com\/?page_id=20079"},"modified":"2023-05-08T19:07:12","modified_gmt":"2023-05-08T19:07:12","slug":"neck-injuries","status":"publish","type":"page","link":"https:\/\/steinberglawfirm-staging.clmcloud.app\/es\/lesiones-personales\/accidentes-de-barco\/lesiones-en-el-cuello\/","title":{"rendered":"Lesiones cervicales derivadas de accidentes de barco South Carolina"},"content":{"rendered":"<h1 class=\"wp-block-heading\">South Carolina Lesi\u00f3n en el cuello por accidente de barco Abogado<\/h1>\n\n\n\n<div style=\"height:15px\" aria-hidden=\"true\" class=\"wp-block-spacer\"><\/div>\n\n\n\n<h2 class=\"wp-block-heading\">Abogados de lesiones por accidentes de barco y moto acu\u00e1tica<\/h2>\n\n\n\n<div style=\"height:15px\" aria-hidden=\"true\" class=\"wp-block-spacer\"><\/div>\n\n\n\n<p>Los accidentes de barco se encuentran entre los m\u00e1s graves porque, adem\u00e1s del riesgo de lesiones f\u00edsicas causadas por la colisi\u00f3n, tambi\u00e9n existe un alto riesgo de ahogamiento. Los afortunados que sobreviven a un accidente de barco pueden sufrir lesiones duraderas.<\/p>\n\n\n\n<p>Una lesi\u00f3n cervical grave tras un accidente de barco puede cambiar el curso de tu vida. Puede acabar pasando d\u00edas, semanas o m\u00e1s tiempo en el hospital. Puede perder el trabajo, el tiempo con su familia y puede que nunca vuelva a estar en la misma condici\u00f3n f\u00edsica que ten\u00eda antes del accidente.<\/p>\n\n\n\n<p>En el Steinberg Law Firm, nuestro <a href=\"https:\/\/www.steinberglawfirm.com\/practice-areas\/boat-accidents\/\" target=\"_blank\" rel=\"noopener\">South Carolina abogados de accidentes de barco<\/a> representan a clientes que sufrieron lesiones en el cuello causadas por la negligencia de otra persona. Desde <a href=\"https:\/\/www.steinberglawfirm.com\/about-us\/\" target=\"_blank\" rel=\"noopener\">nuestra empresa se fund\u00f3 hace m\u00e1s de 95 a\u00f1os<\/a>Hemos proporcionado a las v\u00edctimas de accidentes y a sus familias en todo South Carolina una representaci\u00f3n compasiva, dedicada y agresiva. Entendemos los desaf\u00edos que enfrenta en el camino a la recuperaci\u00f3n, y estamos aqu\u00ed para hacer ese proceso lo m\u00e1s f\u00e1cil posible.<\/p>\n\n\n\n<p><strong>Estad\u00edsticas de accidentes de barco<\/strong><\/p>\n\n\n\n<p>Seg\u00fan la Guardia Costera de los Estados Unidos, en 2019 se produjeron 4.168 accidentes de barco, en los que resultaron heridas m\u00e1s de 2.500 personas. Un total de 613 personas murieron en accidentes de barco ese mismo a\u00f1o. Cuando son manejadas de forma segura por una persona cualificada, las embarcaciones son relativamente seguras. Sin embargo, los problemas surgen cuando los conductores utilizan de forma negligente su barco, moto de agua u otra embarcaci\u00f3n.<\/p>\n\n\n\n<p>Las cinco principales causas de los accidentes de barco en un estudio reciente fueron:<\/p>\n\n\n\n<p>- Falta de atenci\u00f3n del operador<br>- Vigilancia inadecuada<br>- Inexperiencia del operador<br>- Velocidad excesiva<br>- Consumo de alcohol<\/p>\n\n\n\n<p>En algunos accidentes de barco South Carolina intervienen varias de estas causas. Por ejemplo, los guardacostas estiman que el alcohol est\u00e1 implicado en el 23 por ciento de todos los <a href=\"https:\/\/www.steinberglawfirm.com\/practice-areas\/boat-accidents\/fatal-boat-accident\/\" target=\"_blank\" rel=\"noopener\">accidentes de barco mortales<\/a>.<\/p>\n\n\n\n<p><strong>Lesiones comunes en el cuello tras un accidente de barco South Carolina<\/strong><\/p>\n\n\n\n<p>Las lesiones en el cuello resultantes de un accidente de barco pueden ir de leves a graves. Independientemente de la gravedad, las lesiones de cuello pueden causar da\u00f1os graves y de por vida. Las lesiones de cuello m\u00e1s comunes incluyen:<\/p>\n\n\n\n<ul class=\"wp-block-list\">\n<li><strong>Torceduras y esguinces:<\/strong>&nbsp;Los esguinces pueden producirse cuando se rompen los ligamentos del cuello. Los esguinces y las distensiones pueden producirse como resultado de una lesi\u00f3n repentina o incluso de un accidente menor.<\/li>\n\n\n\n<li><strong>Nervios pinzados:<\/strong>&nbsp;Los m\u00fasculos y los tendones pueden presionar los nervios y causar dolor.<\/li>\n\n\n\n<li><strong>Latigazo:<\/strong>&nbsp;El latigazo cervical se produce cuando el cuello se mueve r\u00e1pidamente hacia delante y hacia atr\u00e1s, causando da\u00f1os en los tejidos blandos que rodean el cuello. A menudo, el latigazo cervical no se manifiesta inmediatamente despu\u00e9s de un accidente. Sin embargo, a los pocos d\u00edas, la v\u00edctima del accidente puede notar dolor de cuello, mareos, entumecimiento, dolores de cabeza frecuentes, reducci\u00f3n de la amplitud de movimiento o zumbidos en los o\u00eddos. Esto podr\u00eda ser el inicio de un latigazo cervical, o podr\u00eda ser algo m\u00e1s serio. La \u00fanica forma de determinar el alcance de una lesi\u00f3n cervical es que la examine un m\u00e9dico.<\/li>\n\n\n\n<li><strong>Cuello roto:<\/strong>&nbsp;Una lesi\u00f3n grave que requerir\u00e1 ayuda m\u00e9dica inmediata.<\/li>\n<\/ul>\n\n\n\n<p><strong>C\u00f3mo obtener una indemnizaci\u00f3n por un accidente de barco South Carolina<\/strong><\/p>\n\n\n\n<p>Esos <a href=\"https:\/\/www.steinberglawfirm.com\/personal-injury\/boat-accidents\/river-water-sports-injury-lawyers\/\" target=\"_blank\" rel=\"noopener\">herido en un accidente de barco South Carolina<\/a> se ven obligados a asumir muchos gastos en los que de otro modo no incurrir\u00edan. Es casi seguro que un accidente provoque bajas laborales, p\u00e9rdida de ingresos y, en algunos casos, una vida de dolor persistente y\/o discapacidad. A trav\u00e9s de una demanda por lesiones personales South Carolina, las v\u00edctimas de accidentes de barco pueden obtener una indemnizaci\u00f3n por estos da\u00f1os.<\/p>\n\n\n\n<p>En el Steinberg Law Firm, no creemos que estos gastos deban ser su responsabilidad, y queremos ayudarle a presentar una reclamaci\u00f3n contra las partes responsables de sus lesiones. Seg\u00fan la ley South Carolina, generalmente hay dos tipos de da\u00f1os en una demanda por lesiones personales: da\u00f1os econ\u00f3micos y no econ\u00f3micos. Los da\u00f1os econ\u00f3micos son los gastos de bolsillo f\u00e1cilmente identificables en los que alguien incurre debido al accidente. Los da\u00f1os econ\u00f3micos incluyen:<\/p>\n\n\n\n<ul class=\"wp-block-list\">\n<li>Facturas m\u00e9dicas<\/li>\n\n\n\n<li>Futuros gastos m\u00e9dicos<\/li>\n\n\n\n<li>Salarios perdidos<\/li>\n\n\n\n<li>Disminuci\u00f3n de la capacidad de ganancia<\/li>\n<\/ul>\n\n\n\n<p>Los da\u00f1os no econ\u00f3micos compensan a la v\u00edctima de un accidente por sus lesiones, aparte de la carga financiera en la que ha incurrido. Los da\u00f1os no econ\u00f3micos incluyen lo siguiente:<\/p>\n\n\n\n<ul class=\"wp-block-list\">\n<li>Dolor y sufrimiento<\/li>\n\n\n\n<li>Angustia mental<\/li>\n\n\n\n<li>Angustia emocional<\/li>\n\n\n\n<li>Deficiencia o discapacidad f\u00edsica<\/li>\n\n\n\n<li>P\u00e9rdida de la sociedad o del compa\u00f1erismo<\/li>\n\n\n\n<li>P\u00e9rdida de consorcio (en una relaci\u00f3n conyugal)<\/li>\n<\/ul>\n\n\n\n<p>Contar con la ayuda de un abogado con experiencia en accidentes de barco South Carolina puede facilitar el proceso de identificaci\u00f3n de todos sus posibles da\u00f1os y perjuicios, para que pueda estar seguro de recibir una indemnizaci\u00f3n justa.<\/p>\n\n\n\n<h3 class=\"wp-block-heading\">P\u00f3ngase en contacto con los abogados especializados en accidentes de barco South Carolina<\/h3>\n\n\n\n<p>Si usted o un ser querido ha sido recientemente <a href=\"https:\/\/www.steinberglawfirm.com\/practice-areas\/boat-accidents\/\" target=\"_blank\" rel=\"noopener\">herido en un accidente de barco South Carolina<\/a>, dar el <a href=\"https:\/\/www.steinberglawfirm.com\/attorney\/\" target=\"_blank\" rel=\"noopener\">abogados expertos en lesiones personales en el Steinberg Law Firm<\/a> una llamada a <a href=\"https:\/\/www.steinberglawfirm.com\/free-consultation\/\" target=\"_blank\" rel=\"noopener\">programar una consulta gratuita<\/a>. <a href=\"https:\/\/www.steinberglawfirm.com\/\" target=\"_blank\" rel=\"noopener\">El Steinberg Law Firm<\/a> ha estado ayudando a las v\u00edctimas de accidentes durante m\u00e1s de 95 a\u00f1os y ha desarrollado una larga reputaci\u00f3n de excelencia, compasi\u00f3n y dedicaci\u00f3n a nuestros clientes y su bienestar. Cuando usted est\u00e1 listo para hablar con un abogado sobre el accidente de barco que caus\u00f3 su lesi\u00f3n en el cuello, usted puede <a href=\"tel:1-843-720-2800\">contacte con un abogado de Steinberg Law Firm en el 843-720-2800<\/a>. Tambi\u00e9n puede <a href=\"https:\/\/www.steinberglawfirm.com\/contact-us\/\" target=\"_blank\" rel=\"noopener\">p\u00f3ngase en contacto con nosotros a trav\u00e9s de nuestro formulario en l\u00ednea<\/a>y uno de nuestros abogados se pondr\u00e1 en contacto con usted en breve. No cobramos honorarios a menos que logremos una indemnizaci\u00f3n para usted.<\/p>","protected":false},"excerpt":{"rendered":"<p>South Carolina Lesi\u00f3n en el cuello por accidente de barco Abogado de lesiones por accidentes de barco y moto acu\u00e1tica Los accidentes de barco se encuentran entre los m\u00e1s graves porque, adem\u00e1s del riesgo de lesiones f\u00edsicas causadas por la colisi\u00f3n, tambi\u00e9n existe un alto riesgo de ahogamiento. Los afortunados que sobreviven a un accidente de barco...<\/p>","protected":false},"author":1,"featured_media":20077,"parent":18276,"menu_order":0,"comment_status":"closed","ping_status":"closed","template":"","meta":{"_acf_changed":false,"footnotes":""},"class_list":["post-20079","page","type-page","status-publish","has-post-thumbnail","hentry"],"acf":[],"_links":{"self":[{"href":"https:\/\/steinberglawfirm-staging.clmcloud.app\/es\/wp-json\/wp\/v2\/pages\/20079"}],"collection":[{"href":"https:\/\/steinberglawfirm-staging.clmcloud.app\/es\/wp-json\/wp\/v2\/pages"}],"about":[{"href":"https:\/\/steinberglawfirm-staging.clmcloud.app\/es\/wp-json\/wp\/v2\/types\/page"}],"author":[{"embeddable":true,"href":"https:\/\/steinberglawfirm-staging.clmcloud.app\/es\/wp-json\/wp\/v2\/users\/1"}],"replies":[{"embeddable":true,"href":"https:\/\/steinberglawfirm-staging.clmcloud.app\/es\/wp-json\/wp\/v2\/comments?post=20079"}],"version-history":[{"count":5,"href":"https:\/\/steinberglawfirm-staging.clmcloud.app\/es\/wp-json\/wp\/v2\/pages\/20079\/revisions"}],"predecessor-version":[{"id":24653,"href":"https:\/\/steinberglawfirm-staging.clmcloud.app\/es\/wp-json\/wp\/v2\/pages\/20079\/revisions\/24653"}],"up":[{"embeddable":true,"href":"https:\/\/steinberglawfirm-staging.clmcloud.app\/es\/wp-json\/wp\/v2\/pages\/18276"}],"wp:featuredmedia":[{"embeddable":true,"href":"https:\/\/steinberglawfirm-staging.clmcloud.app\/es\/wp-json\/wp\/v2\/media\/20077"}],"wp:attachment":[{"href":"https:\/\/steinberglawfirm-staging.clmcloud.app\/es\/wp-json\/wp\/v2\/media?parent=20079"}],"curies":[{"name":"wp","href":"https:\/\/api.w.org\/{rel}","templated":true}]}}