{"id":19910,"date":"2022-04-19T01:17:19","date_gmt":"2022-04-19T01:17:19","guid":{"rendered":"https:\/\/www.steinberglawfirm.com\/?page_id=19910"},"modified":"2022-04-27T19:26:17","modified_gmt":"2022-04-27T19:26:17","slug":"top-reasons-why-charleston-is-a-dangerous-city-for-pedestrians","status":"publish","type":"page","link":"https:\/\/steinberglawfirm-staging.clmcloud.app\/es\/lesiones-personales\/accidentes-de-trafico-2\/accidente-de-peaton\/top-reasons-why-charleston-is-a-dangerous-city-for-pedestrians\/","title":{"rendered":"Principales razones por las que la Charleston es una ciudad peligrosa para los peatones"},"content":{"rendered":"<h1 class=\"wp-block-heading\">Principales razones por las que la Charleston es una ciudad peligrosa para los peatones<\/h1>\n\n\n\n<div style=\"height:15px\" aria-hidden=\"true\" class=\"wp-block-spacer\"><\/div>\n\n\n\n<h2 class=\"wp-block-heading\">Abogados de accidentes de peatones sirviendo a clientes en Charleston, Goose Creek y Summerville<\/h2>\n\n\n\n<div style=\"height:15px\" aria-hidden=\"true\" class=\"wp-block-spacer\"><\/div>\n\n\n\n<p>Caminar es una excelente manera de explorar la ciudad de Charleston para muchas personas. Tanto los turistas como los lugare\u00f1os pueden encontrarse durante todo el a\u00f1o recorriendo las numerosas y encantadoras calles de Charleston, incluyendo King Street, Market Street y Meeting Street. Desgraciadamente, ser peat\u00f3n en la zona de Charleston y sus alrededores conlleva riesgos.<\/p>\n\n\n\n<p>Seg\u00fan datos recientes del Departamento de Seguridad P\u00fablica de South Carolina, casi 200 peatones fueron atropellados en 2019. South Carolina ocupa el cuarto lugar en los Estados Unidos en cuanto a muertes de peatones, seg\u00fan un informe reciente de Car Insurance Comparisons que se bas\u00f3 en informaci\u00f3n del censo y de la NHTSB.<\/p>\n\n\n\n<p>En el Steinberg Law Firm, nuestro&nbsp;<a href=\"https:\/\/www.steinberglawfirm.com\/practice-areas\/auto-accidents\/pedestrian-accident\/\" target=\"_blank\" rel=\"noopener\">equipo de abogados especializados en accidentes de peatones Charleston<\/a>&nbsp;ayudar a nuestros clientes lesionados a buscar la justicia que merecen. Durante 95 a\u00f1os, hemos recuperado indemnizaciones para innumerables clientes, ayud\u00e1ndoles a seguir adelante con sus vidas tras sufrir graves lesiones. Si usted fue un peat\u00f3n atropellado por un coche en Charleston, perm\u00edtanos ayudarle a navegar por sus pr\u00f3ximos pasos.&nbsp;<a href=\"tel:1-843-720-2800\">Llame hoy a nuestro equipo al (843) 720-2800<\/a>.<\/p>\n\n\n\n<p><strong>\u00bfQu\u00e9 hace que la Charleston sea peligrosa para los peatones?<\/strong><\/p>\n\n\n\n<p>Una de las atracciones m\u00e1s populares del Lowcountry es conducir por la Ashley River Road. Aunque la carretera es atractiva tanto para los residentes como para los turistas, algunas partes de esta transitada carretera han sido, por desgracia, escenario de accidentes mortales de peatones.<\/p>\n\n\n\n<p>Mientras que los peatones deben practicar el cruce seguro de las calles y ser conscientes de su entorno, los conductores de South Carolina tambi\u00e9n son responsables de ser precavidos y conducir con seguridad. Conducir en Charleston puede ser una gran distracci\u00f3n: las tiendas, los restaurantes, los bares y las atracciones hist\u00f3ricas, as\u00ed como los bicitaxis, los autobuses tur\u00edsticos y los carros de caballos, crean un sinf\u00edn de cosas que hay que mirar y evitar. Las calles peligrosas de Charleston incluyen Calhoun, King, Meeting y St. Philip.<\/p>\n\n\n\n<p>Adem\u00e1s, Charleston ha entrado recientemente en la lista de ciudades m\u00e1s transitables de Estados Unidos. Con un alto volumen de tr\u00e1fico peatonal en las viejas carreteras de la ciudad, las posibilidades de verse involucrado en un accidente de peatones son altas. El centro de Charleston est\u00e1 formado por calles empedradas, sem\u00e1foros anticuados y carreteras poco intuitivas, que confunden a conductores y peatones. Aunque el condado sigue mejorando la experiencia de los peatones y ciclistas mediante la ejecuci\u00f3n de planes de puentes y pasarelas, se producen accidentes graves.<\/p>\n\n\n\n<p>En&nbsp;<a href=\"https:\/\/www.steinberglawfirm.com\/\" target=\"_blank\" rel=\"noopener\">Steinberg Law Firm<\/a>Hemos tenido muchos casos en los que coches y camiones han atropellado a peatones, incluyendo a una joven que estaba en el paso de peatones del centro de la ciudad Charleston y&nbsp;<a href=\"https:\/\/www.steinberglawfirm.com\/practice-areas\/auto-accidents\/drunk-driving-accident\/\" target=\"_blank\" rel=\"noopener\">atropellado por detr\u00e1s por un conductor ebrio<\/a>&nbsp;y otro caso en el que una mujer que estaba parada en el carril central de giro esperando a cruzar una calle muy transitada fue atropellada por un todoterreno.<\/p>\n\n\n\n<p><strong>\u00bfQui\u00e9n tiene la culpa en un accidente de peatones?<\/strong><\/p>\n\n\n\n<p>Los peatones lesionados en un accidente pueden presentar una demanda contra la parte o partes responsables del accidente. Un peat\u00f3n gravemente herido puede recibir una compensaci\u00f3n econ\u00f3mica para cubrir los gastos relacionados con el accidente. Para demostrar una responsabilidad en una demanda por accidente de peat\u00f3n, la v\u00edctima lesionada debe establecer primero c\u00f3mo una persona fue legalmente negligente.<\/p>\n\n\n\n<p>En la mayor\u00eda de los casos&nbsp;<a href=\"https:\/\/www.steinberglawfirm.com\/practice-areas\/auto-accidents\/pedestrian-accident\/\" target=\"_blank\" rel=\"noopener\">demandas por accidentes de peatones<\/a>un peat\u00f3n puede presentar una demanda contra el conductor que le atropell\u00f3. Aunque no todos los accidentes de peatones son culpa del conductor, los automovilistas suelen tener al menos cierta responsabilidad en muchos de estos casos. Adem\u00e1s, el gobierno local puede ser responsable de los accidentes de peatones en algunas situaciones. Aunque los gobiernos tienen derecho a la inmunidad de&nbsp;<a href=\"https:\/\/www.steinberglawfirm.com\/practice-areas\/personal-injury\/\" target=\"_blank\" rel=\"noopener\">demandas por da\u00f1os personales<\/a>Pero no es ese el caso cuando un accidente es consecuencia de la negligencia de las autoridades en el mantenimiento de una carretera o un paso de peatones en condiciones de seguridad.<\/p>\n\n\n\n<p>En cualquier caso, los peatones deben estar preparados para enfrentarse a las reclamaciones de que fueron parcialmente responsables del accidente. Seg\u00fan un informe, los peatones contribuyeron al accidente en casi el 65% de los casos. Si un peat\u00f3n es parcialmente culpable de un accidente, normalmente no se le impide presentar una demanda u obtener una indemnizaci\u00f3n de otra parte culpable. Sin embargo, el hecho de ser culpable puede reducir el importe de la indemnizaci\u00f3n. Por eso es tan importante contar con un abogado experto en lesiones de su lado. Contrarrestar estas acusaciones es la clave para ganar su caso y asegurar la m\u00e1xima compensaci\u00f3n disponible.<\/p>\n\n\n\n<h3 class=\"wp-block-heading\">\u00bfHa resultado herido en un accidente de peatones Charleston?<\/h3>\n\n\n\n<p>Si usted o un ser querido ha sido recientemente atropellado por un coche mientras caminaba, p\u00f3ngase en contacto con el&nbsp;<a href=\"https:\/\/www.steinberglawfirm.com\/practice-areas\/auto-accidents\/pedestrian-accident\/\" target=\"_blank\" rel=\"noopener\">Charleston abogados de accidentes de peatones en la Steinberg Law Firm<\/a>. Desde 1927,&nbsp;<a href=\"https:\/\/www.steinberglawfirm.com\/attorney\/\" target=\"_blank\" rel=\"noopener\">nuestros abogados han defendido agresivamente<\/a>&nbsp;para las v\u00edctimas de accidentes en Charleston, Summerville, Goose Creek y en todo el Lowcountry.<\/p>\n\n\n\n<p>Comprendemos la tragedia por la que est\u00e1 pasando su familia. Nuestro&nbsp;<a href=\"https:\/\/www.steinberglawfirm.com\/practice-areas\/auto-accidents\/\" target=\"_blank\" rel=\"noopener\">abogados con experiencia en accidentes de tr\u00e1fico<\/a>&nbsp;se reunir\u00e1 con usted para discutir sus lesiones y elaborar un plan de recuperaci\u00f3n. Con a\u00f1os de experiencia y dedicaci\u00f3n, nos esforzamos por obtener una compensaci\u00f3n de las partes negligentes responsables de sus lesiones graves.<\/p>\n\n\n\n<p>Para saber m\u00e1s y&nbsp;<a href=\"https:\/\/www.steinberglawfirm.com\/free-consultation\/\" target=\"_blank\" rel=\"noopener\">programar una consulta gratuita<\/a>,&nbsp;<a href=\"tel:1-843-720-2800\">contacta con el Steinberg Law Firm en el (843) 720-2800<\/a>&nbsp;hoy. Tambi\u00e9n puede&nbsp;<a href=\"https:\/\/www.steinberglawfirm.com\/contact-us\/\" target=\"_blank\" rel=\"noopener\">contacte con nosotros a trav\u00e9s de nuestro formulario de contacto en l\u00ednea<\/a>.<\/p>\n\n\n\n<p><\/p>","protected":false},"excerpt":{"rendered":"<p>Razones principales por las que Charleston es una ciudad peligrosa para los peatones Abogados de accidentes de peatones que atienden a clientes en Charleston, Goose Creek y Summerville Caminar es una forma excelente para muchas personas de explorar la ciudad de Charleston. Tanto los turistas como los lugare\u00f1os pueden encontrarse durante todo el a\u00f1o atravesando las numerosas y encantadoras calles de Charleston, incluyendo King Street, Market...<\/p>","protected":false},"author":1,"featured_media":19679,"parent":2289,"menu_order":0,"comment_status":"closed","ping_status":"closed","template":"","meta":{"_acf_changed":false,"footnotes":""},"class_list":["post-19910","page","type-page","status-publish","has-post-thumbnail","hentry"],"acf":[],"_links":{"self":[{"href":"https:\/\/steinberglawfirm-staging.clmcloud.app\/es\/wp-json\/wp\/v2\/pages\/19910"}],"collection":[{"href":"https:\/\/steinberglawfirm-staging.clmcloud.app\/es\/wp-json\/wp\/v2\/pages"}],"about":[{"href":"https:\/\/steinberglawfirm-staging.clmcloud.app\/es\/wp-json\/wp\/v2\/types\/page"}],"author":[{"embeddable":true,"href":"https:\/\/steinberglawfirm-staging.clmcloud.app\/es\/wp-json\/wp\/v2\/users\/1"}],"replies":[{"embeddable":true,"href":"https:\/\/steinberglawfirm-staging.clmcloud.app\/es\/wp-json\/wp\/v2\/comments?post=19910"}],"version-history":[{"count":5,"href":"https:\/\/steinberglawfirm-staging.clmcloud.app\/es\/wp-json\/wp\/v2\/pages\/19910\/revisions"}],"predecessor-version":[{"id":21359,"href":"https:\/\/steinberglawfirm-staging.clmcloud.app\/es\/wp-json\/wp\/v2\/pages\/19910\/revisions\/21359"}],"up":[{"embeddable":true,"href":"https:\/\/steinberglawfirm-staging.clmcloud.app\/es\/wp-json\/wp\/v2\/pages\/2289"}],"wp:featuredmedia":[{"embeddable":true,"href":"https:\/\/steinberglawfirm-staging.clmcloud.app\/es\/wp-json\/wp\/v2\/media\/19679"}],"wp:attachment":[{"href":"https:\/\/steinberglawfirm-staging.clmcloud.app\/es\/wp-json\/wp\/v2\/media?parent=19910"}],"curies":[{"name":"wp","href":"https:\/\/api.w.org\/{rel}","templated":true}]}}