{"id":19811,"date":"2022-04-15T22:42:45","date_gmt":"2022-04-15T22:42:45","guid":{"rendered":"https:\/\/www.steinberglawfirm.com\/?page_id=19811"},"modified":"2024-04-12T21:34:17","modified_gmt":"2024-04-12T21:34:17","slug":"nursing-home-staffing-issue","status":"publish","type":"page","link":"https:\/\/steinberglawfirm-staging.clmcloud.app\/es\/lesiones-personales\/negligencia-en-residencias-de-ancianos\/la-escasez-de-personal-en-las-residencias-de-ancianos-provoca-el-abandono-de-personas-mayores-en-carolina-del-sur\/","title":{"rendered":"Cuesti\u00f3n de personal en residencias de ancianos"},"content":{"rendered":"<h1 class=\"wp-block-heading\">Los problemas de personal en las residencias de ancianos South Carolina provocan negligencia y abusos<\/h1>\n\n\n\n<div style=\"height:15px\" aria-hidden=\"true\" class=\"wp-block-spacer\"><\/div>\n\n\n\n<h2 class=\"wp-block-heading\"><em>Charleston, South Carolina Explicaci\u00f3n de los problemas de personal en las residencias de ancianos<\/em><\/h2>\n\n\n\n<div style=\"height:15px\" aria-hidden=\"true\" class=\"wp-block-spacer\"><\/div>\n\n\n\n<p>Algunos de los adultos m\u00e1s vulnerables del pa\u00eds est\u00e1n experimentando <a href=\"https:\/\/www.steinberglawfirm.com\/personal-injury\/nursing-home-neglect\/\" target=\"_blank\" rel=\"noopener\">atenci\u00f3n deficiente en las residencias de ancianos South Carolina<\/a> o instalaciones de vida asistida. Las condiciones peligrosas surgen de la falta de formaci\u00f3n del personal o de la escasez de personal en las instalaciones, lo que puede hacer que los residentes mayores sufran lesiones graves o enfermedades adicionales. Las instalaciones de residencias de ancianos pueden pasar por alto su funcionamiento interno, no estar dispuestas a redistribuir los ingresos para promover mejores programas de formaci\u00f3n o contratar a suficiente personal, y ser incapaces de encontrar personal cualificado para proporcionar una atenci\u00f3n excelente.<\/p>\n\n\n\n<p>En el <a href=\"https:\/\/www.steinberglawfirm.com\/\" target=\"_blank\" rel=\"noopener\">Steinberg Law Firm<\/a>luchamos por los derechos de los residentes de la tercera edad. No deje que las instalaciones de las residencias de ancianos dicten el tipo de atenci\u00f3n que recibe su ser querido. Por ley, las instalaciones deben adherirse a los protocolos y proporcionar a sus residentes la atenci\u00f3n que necesitan, que cumple con la <a href=\"https:\/\/www.steinberglawfirm.com\/personal-injury\/nursing-home-abuse\/residents-bill-of-rights\/\" target=\"_blank\" rel=\"noopener\">South Carolina Declaraci\u00f3n de derechos de los residentes de residencias de ancianos<\/a>.<\/p>\n\n\n\n<h3 class=\"wp-block-heading\">Personal poco formado<\/h3>\n\n\n\n<p>Seg\u00fan la ley South Carolina, las residencias de ancianos deben cumplir con normas y reglamentos espec\u00edficos a la hora de contratar, formar y dotar de personal a sus empleados. Las medidas incluyen la revisi\u00f3n de los antecedentes penales de los empleados, la revisi\u00f3n de la experiencia laboral de los empleados, el establecimiento de horarios adecuados y la retenci\u00f3n de los empleados. A pesar de estas amplias normas, las residencias de ancianos contin\u00faan con pr\u00e1cticas que pueden perjudicar la salud y la seguridad de sus residentes.<\/p>\n\n\n\n<p>Los efectos adversos de una formaci\u00f3n inadecuada aumentan cuando un miembro del personal de la residencia de ancianos olvida c\u00f3mo realizar procedimientos espec\u00edficos, lo que puede afectar al bienestar f\u00edsico o psicol\u00f3gico de una persona. Una formaci\u00f3n adecuada a todos los niveles, desde la alta direcci\u00f3n hasta el personal, es crucial para mantener la coherencia de una atenci\u00f3n aceptable.<\/p>\n\n\n\n<p>Por ejemplo, una residencia de ancianos puede ser responsable de la falta de formaci\u00f3n si no ha comprobado las referencias de un candidato, ni ha formado completamente a los nuevos empleados, ni ha vuelto a formar a los empleados en los nuevos protocolos y otras medidas de seguridad. Adem\u00e1s, las residencias de ancianos pueden colocar a personal poco capacitado en situaciones precarias sin confirmar que el conjunto de habilidades del empleado es suficiente para completar las tareas del trabajo. Las investigaciones indican que los miembros del personal con mayor formaci\u00f3n, como las enfermeras registradas (RN) y los auxiliares de enfermer\u00eda certificados (CNA), son excelentes indicadores de la calidad de la atenci\u00f3n. Si la calidad de los cuidados disminuye, los gestores deben reevaluar sus equipos y trabajar para realizar los cambios internos necesarios.<\/p>\n\n\n\n<h3 class=\"wp-block-heading\">Hogares de ancianos sin personal suficiente<\/h3>\n\n\n\n<p>La falta de personal en las residencias de ancianos pone en peligro la calidad de los cuidados f\u00edsicos que deben recibir los residentes. Con el actual sistema de pagos del gobierno, la mayor\u00eda de las residencias de ancianos conservan la autonom\u00eda sobre c\u00f3mo asignar sus recursos. La mayor\u00eda de las residencias de ancianos son instalaciones con \u00e1nimo de lucro que se centran en maximizar los beneficios. El incentivo de los beneficios a menudo se correlaciona con una baja dotaci\u00f3n de personal. Las investigaciones indican que las instalaciones con mayores m\u00e1rgenes de beneficio tienen una dotaci\u00f3n de personal m\u00e1s inadecuada y m\u00e1s violaciones. En la actualidad, se calcula que en todo Estados Unidos el 99% de las residencias de ancianos y el 96% de los centros de asistencia se enfrentan a una escasez de personal.<\/p>\n\n\n\n<p>Las residencias de ancianos certificadas para residentes de Medicare y Medicaid tambi\u00e9n deben cumplir los requisitos de personal y formaci\u00f3n establecidos en <a href=\"https:\/\/www.ecfr.gov\/current\/title-42\/chapter-IV\/subchapter-G\/part-483\/subpart-B\/section-483.35\" target=\"_blank\" rel=\"noreferrer noopener\">42 CFR \u00a7 483.35<\/a>. Por desgracia, algunas residencias de ancianos eluden este requisito. Esta negligencia puede dar lugar a entornos inseguros para los adultos mayores que residen en estas instalaciones.<\/p>\n\n\n\n<p>La administraci\u00f3n Biden-Harris tambi\u00e9n ha puesto en marcha nuevos esfuerzos de supervisi\u00f3n. El objetivo es que haya m\u00e1s transparencia por parte de las residencias de ancianos de todo Estados Unidos. En <a href=\"https:\/\/www.medicare.gov\/care-compare\/\" target=\"_blank\" rel=\"noreferrer noopener\">Medicare.gov<\/a>Ahora, los usuarios pueden buscar residencias de ancianos en su estado y recibir informaci\u00f3n actualizada sobre la rotaci\u00f3n de personal, los niveles de personal de fin de semana y las calificaciones espec\u00edficas de las residencias de ancianos.<\/p>\n\n\n\n<p>En Heartland of West Ashley hay una media de 78 residentes al d\u00eda. La calificaci\u00f3n de una estrella del centro indica una posible alta tasa de rotaci\u00f3n y problemas de falta de personal. En Riverside Health and Rehab hay una media de 152 residentes al d\u00eda. El centro tiene una calificaci\u00f3n de dos estrellas, lo que indica la baja calidad de la atenci\u00f3n. Al conocer la calificaci\u00f3n de un centro, los familiares y amigos deber\u00edan ser m\u00e1s diligentes a la hora de comprobar si sus seres queridos est\u00e1n en condiciones de recibir atenci\u00f3n m\u00e9dica. <a href=\"https:\/\/www.steinberglawfirm.com\/blog\/nursing-home-abuse-neglect-signs-south-carolina-attorney\/\" target=\"_blank\" rel=\"noopener\">signos de abandono<\/a>, incluyendo <a href=\"https:\/\/www.steinberglawfirm.com\/personal-injury\/nursing-home-abuse\/bedsores-and-pressure-ulcers-in-nursing-home-patients\/\" target=\"_blank\" rel=\"noopener\">\u00falceras por presi\u00f3n<\/a>, <a href=\"https:\/\/www.steinberglawfirm.com\/personal-injury\/nursing-home-neglect\/malnutrition-dehydration\/\" target=\"_blank\" rel=\"noopener\">deshidrataci\u00f3n<\/a>...falta de higiene, p\u00e9rdida de peso, <a href=\"https:\/\/www.steinberglawfirm.com\/personal-injury\/nursing-home-abuse\/falls-and-fractures-in-south-carolina-nursing-homes\/\" target=\"_blank\" rel=\"noopener\">huesos rotos<\/a>y la depresi\u00f3n. Si <a href=\"https:\/\/www.steinberglawfirm.com\/personal-injury\/nursing-home-neglect\/\" target=\"_blank\" rel=\"noopener\">se sospecha de negligencia en una residencia de ancianos South Carolina<\/a>El siguiente paso es <a href=\"https:\/\/www.steinberglawfirm.com\/contact-us\/\" target=\"_blank\" rel=\"noopener\">contacte con un abogado con experiencia en el Steinberg Law Firm<\/a>.<\/p>\n\n\n\n<h3 class=\"wp-block-heading\">Consecuencias de la falta de formaci\u00f3n y de personal<\/h3>\n\n\n\n<p>Los residentes de las residencias de ancianos dependen del personal para su cuidado f\u00edsico. Si la formaci\u00f3n y la dotaci\u00f3n de personal son insuficientes, pueden producirse consecuencias desastrosas, como:<\/p>\n\n\n\n<ul class=\"wp-block-list\">\n<li><strong><a href=\"https:\/\/www.steinberglawfirm.com\/personal-injury\/nursing-home-neglect\/medication-error\/\" target=\"_blank\" rel=\"noopener\">Errores de medicaci\u00f3n<\/a>: <\/strong>El personal poco formado o con exceso de trabajo puede cometer m\u00e1s errores al repartir las dosis o administrar los medicamentos.<\/li>\n<\/ul>\n\n\n\n<ul class=\"wp-block-list\">\n<li><strong><a href=\"https:\/\/www.steinberglawfirm.com\/personal-injury\/nursing-home-neglect\/\" target=\"_blank\" rel=\"noopener\">Negligencia<\/a>:<\/strong> Puede resultar f\u00edsicamente imposible para los miembros del personal asegurarse de que los residentes se ba\u00f1an, comen y beben lo suficiente, van al ba\u00f1o a intervalos adecuados y se giran para evitar <a href=\"https:\/\/www.steinberglawfirm.com\/bedsores-and-nursing-home-negligence\/\" target=\"_blank\" rel=\"noopener\">escaras<\/a>.<\/li>\n\n\n\n<li><strong><a href=\"https:\/\/www.steinberglawfirm.com\/personal-injury\/nursing-home-abuse\/falls-and-fractures-in-south-carolina-nursing-homes\/\" target=\"_blank\" rel=\"noopener\">Cataratas<\/a>:<\/strong> Los residentes de las residencias de ancianos dependen de los miembros del personal para moverse por el centro. Por lo tanto, si las llamadas de asistencia de un residente quedan sin respuesta, puede intentar levantarse de forma independiente, lo que aumenta el riesgo de ca\u00eddas.<\/li>\n\n\n\n<li><strong><a href=\"https:\/\/www.steinberglawfirm.com\/personal-injury\/nursing-home-abuse\/\" target=\"_blank\" rel=\"noopener\">Abuso<\/a><\/strong>: Los miembros del personal con exceso de trabajo son m\u00e1s propensos a abusar de los residentes por frustraci\u00f3n. Adem\u00e1s, si los miembros del personal no est\u00e1n presentes, pueden ser incapaces de detectar los abusos entre residentes.<\/li>\n<\/ul>\n\n\n\n<p>Hist\u00f3ricamente, la aplicaci\u00f3n de la normativa federal y estatal en materia de residencias de ancianos ha sido escasa a la hora de proteger a los residentes. Muchos residentes y sus familias que se encuentran con este tipo de entorno vital y de atenci\u00f3n sanitaria pueden <a href=\"https:\/\/www.steinberglawfirm.com\/personal-injury\/nursing-home-neglect\/\" target=\"_blank\" rel=\"noopener\">reclamar una negligencia en una residencia de ancianos<\/a> o un <a href=\"https:\/\/www.steinberglawfirm.com\/personal-injury\/nursing-home-neglect\/nursing-home-fatality-lawyers\/\" target=\"_blank\" rel=\"noopener\">reclamaci\u00f3n de muerte por negligencia<\/a> para recuperar la indemnizaci\u00f3n por sus lesiones.<\/p>\n\n\n\n<h3 class=\"wp-block-heading\">\u00bfUn fallo de personal en una residencia de ancianos est\u00e1 afectando al bienestar de su ser querido?<\/h3>\n\n\n\n<p>Si tiene un ser querido que vive en una residencia de ancianos South Carolina y cree que <a href=\"https:\/\/www.steinberglawfirm.com\/personal-injury\/nursing-home-neglect\/\" target=\"_blank\" rel=\"noopener\">los problemas de personal est\u00e1n llevando a la negligencia en las residencias de ancianos<\/a>, llegar a la <a href=\"https:\/\/www.steinberglawfirm.com\/personal-injury\/personal-injury-lawyers\/\" target=\"_blank\" rel=\"noopener\">da\u00f1os personales dedicados<\/a> y <a href=\"https:\/\/www.steinberglawfirm.com\/personal-injury\/wrongful-death\/\" target=\"_blank\" rel=\"noopener\">abogados de muerte por negligencia<\/a> en el Steinberg Law Firm. En el <a href=\"https:\/\/www.steinberglawfirm.com\/\" target=\"_blank\" rel=\"noopener\">Steinberg Law Firm<\/a>Tenemos 95 a\u00f1os de experiencia defendiendo agresivamente a los lesionados. Nos sentimos honrados de haber servido a nuestra comunidad durante tanto tiempo como lo hemos hecho y esperamos discutir c\u00f3mo podemos ayudarle a buscar la justicia en nombre de su familia. Para saber m\u00e1s y <a href=\"https:\/\/www.steinberglawfirm.com\/free-consultation\/\" target=\"_blank\" rel=\"noopener\">programar una consulta gratuita<\/a> con un abogado de negligencia en residencias de ancianos Charleston hoy mismo, <a href=\"tel:1-843-720-2800\">llame al (843) 720-2800<\/a>. Tambi\u00e9n puede <a href=\"https:\/\/www.steinberglawfirm.com\/contact-us\/\" target=\"_blank\" rel=\"noopener\">con\u00e9ctese con nosotros a trav\u00e9s de nuestro formulario de contacto en l\u00ednea<\/a>.<\/p>","protected":false},"excerpt":{"rendered":"<p>Los problemas de personal en los hogares de ancianos South Carolina conducen a la negligencia y el abuso Charleston, South Carolina Problemas de personal en hogares de ancianos explicados Algunos de los adultos m\u00e1s vulnerables del pa\u00eds est\u00e1n experimentando una atenci\u00f3n deficiente en los hogares de ancianos South Carolina o instalaciones de vida asistida. Las condiciones peligrosas surgen por la falta de formaci\u00f3n del personal o por la escasez de personal en las instalaciones, lo que puede hacer que los residentes mayores...<\/p>","protected":false},"author":1,"featured_media":19836,"parent":22753,"menu_order":0,"comment_status":"closed","ping_status":"closed","template":"","meta":{"_acf_changed":false,"footnotes":""},"class_list":["post-19811","page","type-page","status-publish","has-post-thumbnail","hentry"],"acf":[],"_links":{"self":[{"href":"https:\/\/steinberglawfirm-staging.clmcloud.app\/es\/wp-json\/wp\/v2\/pages\/19811"}],"collection":[{"href":"https:\/\/steinberglawfirm-staging.clmcloud.app\/es\/wp-json\/wp\/v2\/pages"}],"about":[{"href":"https:\/\/steinberglawfirm-staging.clmcloud.app\/es\/wp-json\/wp\/v2\/types\/page"}],"author":[{"embeddable":true,"href":"https:\/\/steinberglawfirm-staging.clmcloud.app\/es\/wp-json\/wp\/v2\/users\/1"}],"replies":[{"embeddable":true,"href":"https:\/\/steinberglawfirm-staging.clmcloud.app\/es\/wp-json\/wp\/v2\/comments?post=19811"}],"version-history":[{"count":8,"href":"https:\/\/steinberglawfirm-staging.clmcloud.app\/es\/wp-json\/wp\/v2\/pages\/19811\/revisions"}],"predecessor-version":[{"id":30801,"href":"https:\/\/steinberglawfirm-staging.clmcloud.app\/es\/wp-json\/wp\/v2\/pages\/19811\/revisions\/30801"}],"up":[{"embeddable":true,"href":"https:\/\/steinberglawfirm-staging.clmcloud.app\/es\/wp-json\/wp\/v2\/pages\/22753"}],"wp:featuredmedia":[{"embeddable":true,"href":"https:\/\/steinberglawfirm-staging.clmcloud.app\/es\/wp-json\/wp\/v2\/media\/19836"}],"wp:attachment":[{"href":"https:\/\/steinberglawfirm-staging.clmcloud.app\/es\/wp-json\/wp\/v2\/media?parent=19811"}],"curies":[{"name":"wp","href":"https:\/\/api.w.org\/{rel}","templated":true}]}}