{"id":19808,"date":"2022-04-15T22:38:48","date_gmt":"2022-04-15T22:38:48","guid":{"rendered":"https:\/\/www.steinberglawfirm.com\/?page_id=19808"},"modified":"2022-04-18T17:43:10","modified_gmt":"2022-04-18T17:43:10","slug":"falls-and-fractures-in-south-carolina-nursing-homes","status":"publish","type":"page","link":"https:\/\/steinberglawfirm-staging.clmcloud.app\/es\/lesiones-personales\/abuso-en-hogares-de-ancianos\/caidas-y-fracturas-en-las-residencias-de-ancianos-de-carolina-del-sur\/","title":{"rendered":"Ca\u00eddas y fracturas en las residencias de ancianos South Carolina"},"content":{"rendered":"<h1 class=\"wp-block-heading\">South Carolina Abogados de lesiones en residencias de ancianos<\/h1>\n\n\n\n<div style=\"height:15px\" aria-hidden=\"true\" class=\"wp-block-spacer\"><\/div>\n\n\n\n<h2 class=\"wp-block-heading\">Abogados para ancianos lesionados en Charleston, Summerville y Goose Creek<\/h2>\n\n\n\n<div style=\"height:15px\" aria-hidden=\"true\" class=\"wp-block-spacer\"><\/div>\n\n\n\n<p>Seg\u00fan el Departamento de Salud y Control Ambiental de Carolina del Sur, uno de cada tres adultos mayores de 65 a\u00f1os sufrir\u00e1 una ca\u00edda cada a\u00f1o. Anualmente, los accidentes por ca\u00eddas provocan cerca de 25.000 visitas a urgencias y 7.000 ingresos hospitalarios.<\/p>\n\n\n\n<p>Los America's Health Rankings de 2021 revelan que una de cada cinco ca\u00eddas entre las personas mayores provocar\u00e1 lesiones graves. En South Carolina, las mujeres de 65 a\u00f1os o m\u00e1s sufrieron el mayor n\u00famero de ca\u00eddas, con 29,2%, y los hombres de 65 a\u00f1os o m\u00e1s tuvieron una tasa de ca\u00eddas de 23,8%. A medida que la calidad de las residencias de ancianos sigue disminuyendo en South Carolina, es esencial entender qu\u00e9 pasos puede dar para presentar una demanda por abuso o negligencia en residencias de ancianos.<\/p>\n\n\n\n<p>En el Steinberg Law Firm, nuestro <a href=\"https:\/\/www.steinberglawfirm.com\/practice-areas\/nursing-home-abuse\/\" target=\"_blank\" rel=\"noopener\">South Carolina abogados especializados en abusos y negligencia en el cuidado de ancianos<\/a> tienen una amplia experiencia en la investigaci\u00f3n de las causas de estos accidentes, en la negociaci\u00f3n con las compa\u00f1\u00edas de seguros para obtener ofertas de liquidaci\u00f3n justas y en el litigio de casos de lesiones personales frente a jueces y jurados. En los \u00faltimos diez a\u00f1os, el <a href=\"https:\/\/www.steinberglawfirm.com\/results\/\" target=\"_blank\" rel=\"noopener\">Steinberg Law Firm ha recuperado m\u00e1s de $800 millones de<\/a> para las v\u00edctimas de accidentes y sus familias.<\/p>\n\n\n\n<h4 class=\"wp-block-heading\">Fracturas: La lesi\u00f3n m\u00e1s com\u00fan relacionada con las ca\u00eddas<\/h4>\n\n\n\n<p>El Centro Nacional de Prevenci\u00f3n y Control de Lesiones (CDC) descubri\u00f3 que en 2019 se produjeron 3.143.535 ca\u00eddas involuntarias en todo el pa\u00eds. Los factores m\u00e1s comunes son la falta de equilibrio, el deterioro de la visi\u00f3n, la actividad f\u00edsica, los medicamentos y la osteoporosis.<\/p>\n\n\n\n<p>Tras una ca\u00edda grave, el tipo de lesi\u00f3n m\u00e1s frecuente es la fractura \u00f3sea. Las fracturas \u00f3seas pueden producirse en las extremidades, las caderas, las costillas, la columna vertebral, la cara o la cabeza. Tras una serie de radiograf\u00edas, el m\u00e9dico determinar\u00e1 si la lesi\u00f3n es consecuencia de una fisura o rotura del hueso. Dependiendo de la gravedad de la lesi\u00f3n, el m\u00e9dico puede requerir que el paciente lleve una escayola, una f\u00e9rula o que sea operado.<\/p>\n\n\n\n<p>Seg\u00fan los Centros para el Control y la Prevenci\u00f3n de Enfermedades, m\u00e1s del 95% de las fracturas de cadera se deben a una ca\u00edda, y m\u00e1s de una de cada cinco v\u00edctimas de ca\u00eddas sufre una fractura \u00f3sea o una lesi\u00f3n en la cabeza. Las fracturas da\u00f1an el hueso y los vasos sangu\u00edneos, las articulaciones y los nervios que lo rodean. La recuperaci\u00f3n de una fractura lleva tiempo, dependiendo de la edad y las condiciones m\u00e9dicas.<\/p>\n\n\n\n<h4 class=\"wp-block-heading\">\u00bfCu\u00e1nto tiempo tarda en curarse una lesi\u00f3n de hueso roto?<\/h4>\n\n\n\n<p>En primer lugar, es posible que tengas que ir a urgencias tras romperte un hueso. El personal m\u00e9dico puede indicarle que acuda a un traumat\u00f3logo. El traumat\u00f3logo determinar\u00e1 entonces si necesitas una operaci\u00f3n para que el hueso sane adecuadamente o si lo mejor es una escayola u otro tratamiento.<\/p>\n\n\n\n<p>El proceso de curaci\u00f3n puede tardar m\u00e1s de lo esperado, y es crucial establecer un plan de tratamiento adecuado. Una vez que el dolor de la inflamaci\u00f3n disminuye despu\u00e9s de unos d\u00edas o semanas, el nuevo hueso, o callo, se formar\u00e1 lentamente. Dependiendo del estado de la persona, el tiempo de recuperaci\u00f3n puede durar varias semanas o meses.<\/p>\n\n\n\n<p>Los dep\u00f3sitos de calcio comienzan a formarse y a fortalecer el nuevo hueso a medida que \u00e9ste se reconstruye. Un seguimiento final con un m\u00e9dico ayudar\u00e1 a determinar si se necesitan procedimientos adicionales o si la lesi\u00f3n no est\u00e1 completamente curada.<\/p>\n\n\n\n<h4 class=\"wp-block-heading\">C\u00f3mo prevenir ca\u00eddas y fracturas graves<\/h4>\n\n\n\n<p>Aunque pueden producirse ca\u00eddas involuntarias, hay formas de prevenir una lesi\u00f3n. Llevar un calzado adecuado, levantarse lentamente y utilizar dispositivos de ayuda como bastones, andadores y sillas de ruedas puede ayudar a reducir la posibilidad de una ca\u00edda. Para evitar una ca\u00edda grave, las personas deben tener en cuenta lo siguiente: parece que deber\u00eda haber vi\u00f1etas aqu\u00ed o alguna forma de poner en marcha lo que viene a continuaci\u00f3n.<\/p>\n\n\n\n<p><strong>Elaboraci\u00f3n de un plan de ejercicios<\/strong><br>Tener un r\u00e9gimen de ejercicio es importante para la salud general de una persona. Las rutinas de ejercicio, como caminar, el tai chi y el yoga, pueden ayudar a fortalecer los m\u00fasculos de las piernas y los huesos. Al mejorar el equilibrio general, las personas de 65 a\u00f1os o m\u00e1s tambi\u00e9n pueden reducir las posibilidades de sufrir una ca\u00edda grave.<\/p>\n\n\n\n<p><strong>Comprobaci\u00f3n de la medicaci\u00f3n<\/strong><br>Los medicamentos recetados y sin receta pueden provocar efectos secundarios espec\u00edficos, como mareos y v\u00e9rtigo. Es esencial estar atento a cualquier efecto secundario nuevo. Si los medicamentos afectan a las capacidades f\u00edsicas de una persona, lo mejor es consultar con un m\u00e9dico. Los m\u00e9dicos pueden reevaluar al paciente, determinar la ingesta adecuada de vitaminas y medicamentos, y aplicar el mejor plan de ejercicios.<\/p>\n\n\n\n<p><strong>Comprobaci\u00f3n de la visi\u00f3n<\/strong><br>Los CDC descubrieron que las deficiencias visuales y la ceguera se encuentran entre las 10 principales discapacidades en estudios recientes. 9 Las deficiencias oculares m\u00e1s comunes son las cataratas, el glaucoma, la retinopat\u00eda diab\u00e9tica y la ceguera. Se recomienda que las personas visiten rutinariamente a un oftalm\u00f3logo para establecer el mejor plan de tratamiento.<\/p>\n\n\n\n<h4 class=\"wp-block-heading\">\u00bfC\u00f3mo pueden las residencias de ancianos provocar ca\u00eddas y fracturas?<\/h4>\n\n\n\n<p>En muchos casos, <a href=\"https:\/\/www.steinberglawfirm.com\/practice-areas\/premises-liability\/\" target=\"_blank\" rel=\"noopener\">las residencias de ancianos no mantienen su propiedad<\/a> y que funcionen en condiciones inseguras. Si una residencia de ancianos presenta alg\u00fan peligro, los miembros del personal deben informar de ello. Los tipos de condiciones peligrosas incluyen:<\/p>\n\n\n\n<ul class=\"wp-block-list\"><li>Pavimento o bordillos agrietados<\/li><li>Escaleras defectuosas<\/li><li>Faltan pasamanos<\/li><li>Mala iluminaci\u00f3n<\/li><li>Baches<\/li><li>Escombros dispersos<\/li><li>L\u00edquidos derramados<\/li><li>Suelos irregulares<\/li><\/ul>\n\n\n\n<p>En estos casos, un <a href=\"https:\/\/www.steinberglawfirm.com\/practice-areas\/premises-liability\/slip-and-fall\/\" target=\"_blank\" rel=\"noopener\">v\u00edctima de un accidente por ca\u00edda<\/a> puede traer un <a href=\"https:\/\/www.steinberglawfirm.com\/practice-areas\/nursing-home-abuse\/\" target=\"_blank\" rel=\"noopener\">South Carolina demanda por negligencia en residencias de ancianos<\/a> contra la instalaci\u00f3n. En <a href=\"https:\/\/www.govinfo.gov\/app\/details\/CFR-2009-title42-vol5\/CFR-2009-title42-vol5-sec483-5\/summary\" target=\"_blank\" rel=\"noreferrer noopener\">\u00a7483.5<\/a>La negligencia se considera un fallo directo de la residencia de ancianos y de los miembros de su personal. Hay negligencia si un miembro del personal de la residencia de ancianos no asiste adecuadamente al paciente. Los tipos m\u00e1s comunes de negligencia incluyen:<\/p>\n\n\n\n<ul class=\"wp-block-list\"><li>Falta de respuesta a las llamadas de los residentes<\/li><li>Falta de personal<\/li><li>Ausencia de personal<\/li><li>Manipulaci\u00f3n inadecuada de los mayores<\/li><li>Falta de regulaci\u00f3n de los medicamentos<\/li><li>No administrar correctamente los medicamentos<\/li><\/ul>\n\n\n\n<p>Los miembros del personal deben estar atentos a posibles da\u00f1os f\u00edsicos, dolor, angustia mental o angustia emocional. Si un paciente de una residencia de ancianos tiene una queja, el Departamento de Salud y Control Ambiental de Carolina del Sur aconseja <a href=\"tel:1-800-922-6735\">contactando con la l\u00ednea directa de reclamaciones de la Oficina de Certificaci\u00f3n en el 1-800-922-6735<\/a>. Le pedir\u00e1n el nombre del centro, los detalles del problema y luego visitar\u00e1n el centro. Para proteger sus derechos, es importante que se ponga en contacto con uno de nuestros <a href=\"https:\/\/www.steinberglawfirm.com\/practice-areas\/nursing-home-abuse\/\" target=\"_blank\" rel=\"noopener\">abogados expertos en abuso y negligencia en residencias de ancianos Charleston<\/a>.<\/p>\n\n\n\n<h4 class=\"wp-block-heading\">\u00bfQu\u00e9 es una demanda por negligencia en un hogar de ancianos?<\/h4>\n\n\n\n<p>Las instalaciones de los hogares de ancianos deben a sus residentes mayores el m\u00e1s alto deber de cuidado. Las empresas de residencias de ancianos deben vigilar las instalaciones para detectar cualquier peligro conocido en la propiedad y realizar inspecciones peri\u00f3dicas para descubrir peligros latentes. La instalaci\u00f3n tambi\u00e9n debe advertir a los hu\u00e9spedes de todos los peligros conocidos que se conocen actualmente y que se est\u00e1n abordando a trav\u00e9s de las reparaciones en curso.<\/p>\n\n\n\n<p>En <a href=\"https:\/\/www.scstatehouse.gov\/code\/t43c035.php#:~:text=SECTION%2043%2D35%2D85.,not%20more%20than%20one%20year.\" target=\"_blank\" rel=\"noreferrer noopener\">South Carolina ley \u00a743-35-85<\/a>Si un miembro del personal se desentiende de un adulto vulnerable que sufre lesiones corporales, puede ser declarado culpable de un delito grave y enfrentarse a una pena de hasta quince a\u00f1os de prisi\u00f3n.11<\/p>\n\n\n\n<p>En el <a href=\"https:\/\/www.steinberglawfirm.com\/\" target=\"_blank\" rel=\"noreferrer noopener\">Steinberg Law Firm<\/a>, nuestro <a href=\"https:\/\/www.steinberglawfirm.com\/practice-areas\/nursing-home-abuse\/\" target=\"_blank\" rel=\"noreferrer noopener\">South Carolina abogados de negligencia en residencias de ancianos<\/a> llevar\u00e1 a cabo una investigaci\u00f3n exhaustiva para identificar el alcance total de sus lesiones.<\/p>\n\n\n\n<h3 class=\"wp-block-heading\">Llame a nuestros abogados de negligencia en hogares de ancianos South Carolina<\/h3>\n\n\n\n<p>Si usted o un ser querido se ha ca\u00eddo recientemente en una residencia de ancianos y se ha lesionado, la <a href=\"https:\/\/www.steinberglawfirm.com\/practice-areas\/nursing-home-abuse\/\" target=\"_blank\" rel=\"noopener\">abogados dedicados a la negligencia en residencias de ancianos South Carolina en el Steinberg Law Firm<\/a> est\u00e1n aqu\u00ed para ayudar. Hemos representado a v\u00edctimas de lesiones durante casi un siglo. A lo largo de este tiempo, hemos aprendido a perseguir eficazmente la compensaci\u00f3n que nuestros clientes necesitan y merecen, minimizando al mismo tiempo sus cargas.<\/p>\n\n\n\n<p>Una vez que usted trae a nuestros abogados de abuso y negligencia en el cuidado de ancianos en su caso, vamos a manejar todo para que pueda centrarse en lo que es importante-su recuperaci\u00f3n y pasar tiempo con su familia.<\/p>\n\n\n\n<p>Para saber m\u00e1s y <a href=\"https:\/\/www.steinberglawfirm.com\/free-consultation\/\" target=\"_blank\" rel=\"noopener\">programar una consulta gratuita<\/a> con un abogado especializado en abusos en residencias de ancianos, <a href=\"tel:1-843-720-2800\">llame al Steinberg Law Firm al (843) 720-2800<\/a>. Llamar es gratis, y porque <a href=\"https:\/\/www.steinberglawfirm.com\/no-fee-unless-you-win\/\" target=\"_blank\" rel=\"noopener\">aceptamos casos en base a contingencias<\/a>Nunca le pediremos que pague por nuestros servicios legales a menos que podamos recuperar la compensaci\u00f3n en su nombre.<\/p>","protected":false},"excerpt":{"rendered":"<p>South Carolina Abogados de lesiones en hogares de ancianos Abogados de derecho de la tercera edad lesionados en Charleston, Summerville y Goose Creek Seg\u00fan el Departamento de Salud y Control Ambiental de Carolina del Sur, uno de cada tres adultos mayores de 65 a\u00f1os sufrir\u00e1 una ca\u00edda cada a\u00f1o. Anualmente, los accidentes por ca\u00eddas resultan en casi 25.000 visitas a la sala de emergencias y 7.000 admisiones en el hospital....<\/p>","protected":false},"author":1,"featured_media":19842,"parent":782,"menu_order":0,"comment_status":"closed","ping_status":"closed","template":"","meta":{"_acf_changed":false,"footnotes":""},"class_list":["post-19808","page","type-page","status-publish","has-post-thumbnail","hentry"],"acf":[],"_links":{"self":[{"href":"https:\/\/steinberglawfirm-staging.clmcloud.app\/es\/wp-json\/wp\/v2\/pages\/19808"}],"collection":[{"href":"https:\/\/steinberglawfirm-staging.clmcloud.app\/es\/wp-json\/wp\/v2\/pages"}],"about":[{"href":"https:\/\/steinberglawfirm-staging.clmcloud.app\/es\/wp-json\/wp\/v2\/types\/page"}],"author":[{"embeddable":true,"href":"https:\/\/steinberglawfirm-staging.clmcloud.app\/es\/wp-json\/wp\/v2\/users\/1"}],"replies":[{"embeddable":true,"href":"https:\/\/steinberglawfirm-staging.clmcloud.app\/es\/wp-json\/wp\/v2\/comments?post=19808"}],"version-history":[{"count":3,"href":"https:\/\/steinberglawfirm-staging.clmcloud.app\/es\/wp-json\/wp\/v2\/pages\/19808\/revisions"}],"predecessor-version":[{"id":19843,"href":"https:\/\/steinberglawfirm-staging.clmcloud.app\/es\/wp-json\/wp\/v2\/pages\/19808\/revisions\/19843"}],"up":[{"embeddable":true,"href":"https:\/\/steinberglawfirm-staging.clmcloud.app\/es\/wp-json\/wp\/v2\/pages\/782"}],"wp:featuredmedia":[{"embeddable":true,"href":"https:\/\/steinberglawfirm-staging.clmcloud.app\/es\/wp-json\/wp\/v2\/media\/19842"}],"wp:attachment":[{"href":"https:\/\/steinberglawfirm-staging.clmcloud.app\/es\/wp-json\/wp\/v2\/media?parent=19808"}],"curies":[{"name":"wp","href":"https:\/\/api.w.org\/{rel}","templated":true}]}}