{"id":19802,"date":"2022-04-15T22:31:33","date_gmt":"2022-04-15T22:31:33","guid":{"rendered":"https:\/\/www.steinberglawfirm.com\/?page_id=19802"},"modified":"2023-04-20T23:05:56","modified_gmt":"2023-04-20T23:05:56","slug":"tire-pieces-debris-in-road","status":"publish","type":"page","link":"https:\/\/steinberglawfirm-staging.clmcloud.app\/es\/lesiones-personales\/accidentes-de-camiones\/trozos-de-neumaticos-desechos-en-la-carretera\/","title":{"rendered":"South Carolina Accidentes de camiones causados por restos de neum\u00e1ticos en la carretera"},"content":{"rendered":"<h1 class=\"wp-block-heading\">South Carolina Accidentes de camiones causados por restos de neum\u00e1ticos en la carretera<\/h1>\n\n\n\n<div style=\"height:15px\" aria-hidden=\"true\" class=\"wp-block-spacer\"><\/div>\n\n\n\n<h2 class=\"wp-block-heading\">\u00bfFue su accidente de coche el resultado de golpear piezas de neum\u00e1ticos de cami\u00f3n en la carretera?<\/h2>\n\n\n\n<div style=\"height:15px\" aria-hidden=\"true\" class=\"wp-block-spacer\"><\/div>\n\n\n\n<p>Los automovilistas se encuentran con muchos tipos de peligros cuando conducen por carreteras o autopistas con mucho tr\u00e1fico. Aunque obst\u00e1culos como la basura, las ramas de los \u00e1rboles y los animales muertos en la carretera pueden ser molestos, es poco probable que creen problemas importantes. Por otro lado, los restos de neum\u00e1ticos de un cami\u00f3n de 18 ruedas pueden causar accidentes que resultan en lesiones graves y da\u00f1os al veh\u00edculo. Si usted se ha lesionado debido a los restos de neum\u00e1ticos en la carretera, llegar a un <a href=\"https:\/\/www.steinberglawfirm.com\/practice-areas\/truck-accidents\/\" target=\"_blank\" rel=\"noopener\">abogado con experiencia en accidentes de cami\u00f3n South Carolina<\/a>. El Steinberg Law Firm puede ayudarle a obtener la compensaci\u00f3n que necesita.<\/p>\n\n\n\n<p><strong>Peligros de los restos de neum\u00e1ticos<\/strong><\/p>\n\n\n\n<p>Los restos de goma esparcidos por los carriles de la autopista suelen indicar un revent\u00f3n de neum\u00e1ticos. Aunque tanto los coches como los camiones pueden tener reventones de neum\u00e1ticos, los restos de los camiones comerciales son peligrosos dado su enorme tama\u00f1o. Seg\u00fan la Administraci\u00f3n Nacional de Seguridad del Tr\u00e1fico en las Carreteras, 612 personas murieron en accidentes relacionados con los neum\u00e1ticos en 2019.<\/p>\n\n\n\n<p>Los restos de neum\u00e1ticos suponen una aut\u00e9ntica amenaza de accidentes graves, incluso mortales. Cuando un <a href=\"https:\/\/www.steinberglawfirm.com\/personal-injury\/truck-accidents\/semi-truck-accident-injury-attorney\/\" target=\"_blank\" rel=\"noopener\">un semirremolque sufre el revent\u00f3n de un neum\u00e1tico<\/a>Los fragmentos de goma pueden salir despedidos hacia el tr\u00e1fico y golpear a otros coches. Adem\u00e1s de ensuciar la carretera, los restos de neum\u00e1tico suponen un peligro para los dem\u00e1s conductores, que se ven obligados a dar un volantazo para esquivarlos. Los restos de neum\u00e1ticos no s\u00f3lo pueden da\u00f1ar el coche, sino que pueden incluso hacer que el conductor pierda el control del volante.\u00a0<\/p>\n\n\n\n<p><strong>\u00bfQu\u00e9 causa los reventones de neum\u00e1ticos?<\/strong><\/p>\n\n\n\n<p>Los reventones de neum\u00e1ticos se producen cuando un neum\u00e1tico revienta o pierde r\u00e1pidamente la presi\u00f3n del aire y se hace pedazos, lo que provoca peligrosos desechos en las carreteras South Carolina. Unos neum\u00e1ticos desgastados, poco inflados o defectuosos en un cami\u00f3n de 18 ruedas pueden poner a los conductores desprevenidos en la carretera en riesgo de sufrir un accidente. Hay muchas razones diferentes por las que pueden ocurrir reventones de neum\u00e1ticos. Estas son algunas de las causas m\u00e1s comunes:<\/p>\n\n\n\n<ul class=\"wp-block-list\">\n<li>Remolque sobrecargado o con sobrepeso<\/li>\n\n\n\n<li>Da\u00f1os en los neum\u00e1ticos por baches, clavos u otros objetos<\/li>\n\n\n\n<li>Defectos de fabricaci\u00f3n de los neum\u00e1ticos<\/li>\n\n\n\n<li>Baja presi\u00f3n de los neum\u00e1ticos<\/li>\n\n\n\n<li>Neum\u00e1ticos viejos o desgastados<\/li>\n\n\n\n<li>Falta de banda de rodadura debido al alto kilometraje<\/li>\n\n\n\n<li>Sobrecalentamiento<\/li>\n\n\n\n<li>Conducir a altas velocidades<\/li>\n<\/ul>\n\n\n\n<p>Cada tractor-remolque tiene un l\u00edmite de peso. Los tractocamiones completamente cargados pueden pesar hasta 80.000 libras. La sobrecarga de un cami\u00f3n por encima de su peso m\u00e1ximo puede sobrecargar los neum\u00e1ticos hasta el punto de provocar una explosi\u00f3n.<\/p>\n\n\n\n<p>Todos los conductores son responsables de garantizar que sus veh\u00edculos sean seguros y est\u00e9n en condiciones de funcionamiento. Comprobar la presi\u00f3n de los neum\u00e1ticos con regularidad y sustituir los neum\u00e1ticos viejos puede ayudar a evitar reventones. Cuando un conductor de cami\u00f3n y una empresa de transporte no realizan el mantenimiento y las inspecciones de rutina, pueden aumentar las posibilidades de un revent\u00f3n de neum\u00e1ticos.<\/p>\n\n\n\n<p><strong>Lesiones por accidentes con restos de neum\u00e1ticos<\/strong><\/p>\n\n\n\n<p>Cuando un veh\u00edculo se ve involucrado en un accidente por restos de neum\u00e1ticos, sus ocupantes pueden sufrir graves lesiones. Es probable que tengan que hacer frente a costosas facturas m\u00e9dicas y a un largo periodo de recuperaci\u00f3n que requiere una baja laboral. Las lesiones pueden ir desde laceraciones y contusiones hasta huesos rotos y lesiones en la cabeza o afecciones de larga duraci\u00f3n. El coche tambi\u00e9n puede necesitar reparaciones importantes o quedar totalmente destrozado y tener que ser sustituido.<br>&nbsp;<br>Muchos conductores South Carolina que han sufrido lesiones o da\u00f1os a la propiedad debido a los restos de neum\u00e1ticos en la carretera se preguntan qu\u00e9 opciones legales est\u00e1n disponibles despu\u00e9s de un accidente. Un abogado puede ayudar a las v\u00edctimas de un accidente a responsabilizar al conductor de cami\u00f3n negligente o a la empresa de transporte por los da\u00f1os causados. Si usted se lesion\u00f3 en un <a href=\"https:\/\/www.steinberglawfirm.com\/truck-accident-report\/\" target=\"_blank\" rel=\"noopener\">accidente de cami\u00f3n<\/a> causada por el revent\u00f3n de un neum\u00e1tico, puede presentar una reclamaci\u00f3n por da\u00f1os y perjuicios que incluyen, entre otros, los siguientes<\/p>\n\n\n\n<ul class=\"wp-block-list\">\n<li>Gastos m\u00e9dicos<\/li>\n\n\n\n<li>Salarios perdidos<\/li>\n\n\n\n<li>Da\u00f1os a la propiedad<\/li>\n\n\n\n<li>Dolor y sufrimiento<\/li>\n<\/ul>\n\n\n\n<p><strong>\u00bfQui\u00e9n es el responsable?<\/strong><\/p>\n\n\n\n<p>Los neum\u00e1ticos de los camiones, al igual que los de los coches, deben ser sustituidos cuando no funcionan correctamente. En muchos casos, los accidentes por desprendimiento de neum\u00e1ticos ocurren porque el conductor del cami\u00f3n o la empresa de transporte no ha mantenido el cami\u00f3n adecuadamente. Mientras que todos los veh\u00edculos tienen la posibilidad de tener llantas desinfladas, los conductores de camiones tienen un est\u00e1ndar m\u00e1s alto que otros automovilistas ya que son conductores comerciales con experiencia.<br>&nbsp;<br>Los camioneros y las empresas de transporte son responsables de garantizar la seguridad de sus veh\u00edculos de acuerdo con la normativa estatal y federal. Esto incluye el mantenimiento de registros de cualquier reparaci\u00f3n requerida para el cami\u00f3n. Cuando su incumplimiento de las normas b\u00e1sicas de seguridad resulta en un accidente que causa lesiones, pueden ser considerados responsables a trav\u00e9s de una demanda.<br>&nbsp;<br>El <a href=\"https:\/\/www.steinberglawfirm.com\/\" target=\"_blank\" rel=\"noopener\">Steinberg Law Firm<\/a> tiene una amplia experiencia en estos casos. Examinaremos detalladamente los registros de la compa\u00f1\u00eda de camiones, as\u00ed como las pruebas en el lugar del accidente. Nuestro equipo legal determinar\u00e1 si los neum\u00e1ticos del cami\u00f3n ten\u00edan un mantenimiento adecuado y determinar\u00e1 las circunstancias que llevaron a un revent\u00f3n de los neum\u00e1ticos, como la sobrecarga del remolque o el desgaste de las bandas de rodadura.<br>&nbsp;<br>Nuestro <a href=\"https:\/\/www.steinberglawfirm.com\/practice-areas\/truck-accidents\/\" target=\"_blank\" rel=\"noopener\">abogados de accidentes de camiones<\/a> explorar\u00e1 todas las v\u00edas disponibles. Puede tener sentido <a href=\"https:\/\/www.steinberglawfirm.com\/practice-areas\/dangerous-products\/\" target=\"_blank\" rel=\"noopener\">presentar una demanda de responsabilidad por productos defectuosos<\/a> contra un fabricante por neum\u00e1ticos defectuosos en algunos casos. Le ayudaremos a determinar qui\u00e9n fue el responsable de su accidente y nos aseguraremos de que no eluda su responsabilidad.<\/p>\n\n\n\n<h3 class=\"wp-block-heading\">Hable con un abogado de accidentes de camiones en South Carolina en el Steinberg Law Firm<\/h3>\n\n\n\n<p>Para una revisi\u00f3n gratuita de su caso, <a href=\"tel:1-843-720-2800\">ll\u00e1menos al 843-720-2800<\/a>.<br>&nbsp;<br>Si usted se lesion\u00f3 en un accidente despu\u00e9s de que su veh\u00edculo encontrara restos de neum\u00e1ticos, podemos ayudarle. El <a href=\"https:\/\/www.steinberglawfirm.com\/attorney\/\" target=\"_blank\" rel=\"noopener\">abogados especializados en accidentes de cami\u00f3n en el Steinberg Law Firm<\/a> se dedican a utilizar nuestra amplia experiencia para obtener una compensaci\u00f3n para usted y proteger sus derechos legales. <a href=\"tel:1-843-720-2800\">Ll\u00e1menos hoy al 843-720-2800<\/a> para saber m\u00e1s. <a href=\"https:\/\/www.steinberglawfirm.com\/contact-us\/\" target=\"_blank\" rel=\"noopener\">Nuestra consulta inicial es confidencial<\/a> y <a href=\"https:\/\/www.steinberglawfirm.com\/free-consultation\/\" target=\"_blank\" rel=\"noopener\">completamente gratis<\/a>.<\/p>\n\n\n\n<p><br><\/p>","protected":false},"excerpt":{"rendered":"<p>South Carolina Accidentes de Cami\u00f3n Causados por Trozos de Neum\u00e1ticos en la Carretera \u00bfFue su accidente de coche el resultado de golpear trozos de neum\u00e1ticos de cami\u00f3n en la carretera? Los automovilistas se encuentran con muchos tipos de peligros cuando conducen por carreteras o autopistas muy transitadas. Mientras que los obst\u00e1culos como la basura, las ramas de los \u00e1rboles y los animales muertos en la carretera pueden ser molestos, es poco probable que creen...<\/p>","protected":false},"author":1,"featured_media":0,"parent":175,"menu_order":0,"comment_status":"closed","ping_status":"closed","template":"","meta":{"_acf_changed":false,"footnotes":""},"class_list":["post-19802","page","type-page","status-publish","hentry"],"acf":[],"_links":{"self":[{"href":"https:\/\/steinberglawfirm-staging.clmcloud.app\/es\/wp-json\/wp\/v2\/pages\/19802"}],"collection":[{"href":"https:\/\/steinberglawfirm-staging.clmcloud.app\/es\/wp-json\/wp\/v2\/pages"}],"about":[{"href":"https:\/\/steinberglawfirm-staging.clmcloud.app\/es\/wp-json\/wp\/v2\/types\/page"}],"author":[{"embeddable":true,"href":"https:\/\/steinberglawfirm-staging.clmcloud.app\/es\/wp-json\/wp\/v2\/users\/1"}],"replies":[{"embeddable":true,"href":"https:\/\/steinberglawfirm-staging.clmcloud.app\/es\/wp-json\/wp\/v2\/comments?post=19802"}],"version-history":[{"count":4,"href":"https:\/\/steinberglawfirm-staging.clmcloud.app\/es\/wp-json\/wp\/v2\/pages\/19802\/revisions"}],"predecessor-version":[{"id":24550,"href":"https:\/\/steinberglawfirm-staging.clmcloud.app\/es\/wp-json\/wp\/v2\/pages\/19802\/revisions\/24550"}],"up":[{"embeddable":true,"href":"https:\/\/steinberglawfirm-staging.clmcloud.app\/es\/wp-json\/wp\/v2\/pages\/175"}],"wp:attachment":[{"href":"https:\/\/steinberglawfirm-staging.clmcloud.app\/es\/wp-json\/wp\/v2\/media?parent=19802"}],"curies":[{"name":"wp","href":"https:\/\/api.w.org\/{rel}","templated":true}]}}