{"id":19799,"date":"2022-04-15T22:21:06","date_gmt":"2022-04-15T22:21:06","guid":{"rendered":"https:\/\/www.steinberglawfirm.com\/?page_id=19799"},"modified":"2022-04-20T02:37:03","modified_gmt":"2022-04-20T02:37:03","slug":"fatal-pickup-truck-accidents","status":"publish","type":"page","link":"https:\/\/steinberglawfirm-staging.clmcloud.app\/es\/lesiones-personales\/accidentes-de-camiones\/accidentes-con-camionetas\/accidentes-mortales-de-camiones\/","title":{"rendered":"South Carolina Abogado de accidente de camioneta fatal"},"content":{"rendered":"<h1 class=\"wp-block-heading\">South Carolina Abogado de accidente de camioneta fatal<\/h1>\n\n\n\n<div style=\"height:15px\" aria-hidden=\"true\" class=\"wp-block-spacer\"><\/div>\n\n\n\n<h2 class=\"wp-block-heading\">Abogados de muerte por negligencia en accidentes de camionetas South Carolina<\/h2>\n\n\n\n<div style=\"height:15px\" aria-hidden=\"true\" class=\"wp-block-spacer\"><\/div>\n\n\n\n<p>Las camionetas est\u00e1n entre los veh\u00edculos m\u00e1s conducidos del pa\u00eds, tanto para fines personales como laborales. Las empresas de construcci\u00f3n, los servicios de jardiner\u00eda y otros negocios las utilizan para transportar grandes herramientas y materiales a las obras. Aunque son populares, <a href=\"https:\/\/www.steinberglawfirm.com\/practice-areas\/truck-accidents\/pickup-truck-accidents\/\" target=\"_blank\" rel=\"noopener\">las camionetas plantean graves problemas de seguridad<\/a> y puede provocar accidentes mortales.<\/p>\n\n\n\n<p>Si un ser querido muri\u00f3 en un accidente con una camioneta en South Carolina, la <a href=\"https:\/\/www.steinberglawfirm.com\/\" target=\"_blank\" rel=\"noopener\">Steinberg Law Firm<\/a> est\u00e1 aqu\u00ed para usted y su familia. <a href=\"https:\/\/www.steinberglawfirm.com\/practice-areas\/wrongful-death\/\" target=\"_blank\" rel=\"noopener\">Presentaci\u00f3n de una reclamaci\u00f3n por muerte por negligencia<\/a> puede ayudarle a obtener un cierre y una compensaci\u00f3n despu\u00e9s de una p\u00e9rdida devastadora.<\/p>\n\n\n\n<p><strong>\u00bfQu\u00e9 hace que las camionetas sean peligrosas?<\/strong><\/p>\n\n\n\n<p>Los estudios demuestran que las camionetas carecen de seguridad en comparaci\u00f3n con otros veh\u00edculos como los coches y los SUV. Gran parte de esto tiene que ver con la forma en que las camionetas est\u00e1n dise\u00f1adas y fabricadas. Al ser m\u00e1s pesadas que los turismos est\u00e1ndar, las camionetas pueden causar m\u00e1s da\u00f1os cuando se produce un accidente.<\/p>\n\n\n\n<p>Si bien puede parecer que la masa y la estructura de una camioneta proteger\u00edan a los pasajeros en un accidente, ese no es siempre el caso. M\u00e1s del 50 por ciento de los modelos de camionetas de 2019 recibieron s\u00f3lo una calificaci\u00f3n marginal o pobre en una prueba de choque del Instituto de Seguros para la Seguridad en las Carreteras que se centr\u00f3 en la seguridad de los pasajeros. Ninguna de las mejores camionetas recibi\u00f3 las mejores calificaciones de seguridad en general.<\/p>\n\n\n\n<p>La Ford F-Series es la camioneta m\u00e1s vendida en Estados Unidos. Sin embargo, tambi\u00e9n estuvo involucrada en m\u00e1s accidentes mortales que cualquier otro veh\u00edculo, seg\u00fan un an\u00e1lisis de 2020 de los datos de accidentes mortales de la Administraci\u00f3n Nacional de Seguridad Vial. Estuvo involucrada en m\u00e1s de 10.000 accidentes mortales durante un per\u00edodo de cinco a\u00f1os que termin\u00f3 en 2018. La camioneta Chevrolet Silverado fue el segundo veh\u00edculo m\u00e1s mortal en todo el pa\u00eds, con 7.718 choques mortales. En 40 estados, incluyendo South Carolina, la Ford F-Series represent\u00f3 la mayor proporci\u00f3n de muertes.<\/p>\n\n\n\n<p><strong>Causas comunes de los accidentes mortales de camionetas<\/strong><\/p>\n\n\n\n<p>Los accidentes mortales de camionetas en South Carolina pueden ocurrir debido a muchas razones diferentes. Las empresas a menudo compran o alquilan camionetas para que los trabajadores las usen. En la mayor\u00eda de los casos no se requiere una licencia comercial o un entrenamiento especial para conducir estos veh\u00edculos. Como resultado, factores como la falta de experiencia en la conducci\u00f3n profesional, el mal manejo de cargas pesadas y el exceso de velocidad para llegar a los sitios de trabajo a tiempo pueden conducir a accidentes.<\/p>\n\n\n\n<p>Estas son otras causas potenciales de los accidentes mortales de camionetas:<\/p>\n\n\n\n<ul class=\"wp-block-list\"><li>Negligencia<\/li><li>Fatiga del conductor<\/li><li>Conducci\u00f3n bajo los efectos del alcohol<\/li><li>Reventones de neum\u00e1ticos<\/li><li>Conducci\u00f3n temeraria<\/li><li>Mantenimiento deficiente de los veh\u00edculos<\/li><li>Peligros de la carretera<\/li><li>Carga indebidamente cargada o no asegurada<\/li><li><a href=\"https:\/\/www.steinberglawfirm.com\/practice-areas\/truck-accidents\/pickup-truck-accidents\/do-modifications-to-pickup-trucks-make-them-more-dangerous\/\" target=\"_blank\" rel=\"noopener\">Modificaciones inseguras en los veh\u00edculos<\/a><\/li><\/ul>\n\n\n\n<p>Los camiones ligeros ofrecen las ventajas de la potencia y la utilidad. Sin embargo, tambi\u00e9n conllevan un riesgo de accidentes por vuelco. Aunque cualquier veh\u00edculo puede estar involucrado en este tipo de accidente, los veh\u00edculos m\u00e1s altos como las camionetas tienen una mayor tendencia a volcar. Los accidentes por vuelco son peligrosos no s\u00f3lo para los ocupantes del veh\u00edculo, sino tambi\u00e9n para los dem\u00e1s en la carretera.<\/p>\n\n\n\n<p>Seg\u00fan la Administraci\u00f3n Nacional de Seguridad del Tr\u00e1fico en las Carreteras, 8,565 camionetas ligeras estuvieron involucradas en choques fatales en todo el pa\u00eds en 2019. De ellos, 1.785 estuvieron involucrados en accidentes de vuelco.<\/p>\n\n\n\n<p><strong>Da\u00f1os en un accidente mortal de camioneta<\/strong><\/p>\n\n\n\n<p>El <a href=\"https:\/\/www.steinberglawfirm.com\/\" target=\"_blank\" rel=\"noopener\">Steinberg Law Firm<\/a> entiende que ninguna cantidad de compensaci\u00f3n puede compensar la p\u00e9rdida de un ser querido en un accidente fatal de camioneta. <a href=\"https:\/\/www.steinberglawfirm.com\/practice-areas\/wrongful-death\/\" target=\"_blank\" rel=\"noopener\">Presentaci\u00f3n de una demanda por homicidio culposo<\/a> le permite hacer que las partes responsables rindan cuentas. Tambi\u00e9n le permite obtener apoyo financiero para ayudarle a usted y a su familia durante este dif\u00edcil momento. Los da\u00f1os pueden incluir:<\/p>\n\n\n\n<ul class=\"wp-block-list\"><li>Gastos m\u00e9dicos para el tratamiento de la v\u00edctima<\/li><li>Gastos de funeral y entierro<\/li><li>P\u00e9rdida de apoyo financiero<\/li><li>P\u00e9rdida de compa\u00f1\u00eda<\/li><li>P\u00e9rdida de consorcio<\/li><li>Dolor y sufrimiento<\/li><\/ul>\n\n\n\n<p>Los da\u00f1os punitivos pueden concederse en algunos casos en los que el demandado haya incurrido en una conducta temeraria o deliberada. A <a href=\"https:\/\/www.steinberglawfirm.com\/practice-areas\/truck-accidents\/pickup-truck-accidents\/\" target=\"_blank\" rel=\"noopener\">South Carolina abogado de accidentes de camioneta<\/a> puede ayudarle a determinar el importe de la indemnizaci\u00f3n que puede recuperar.<\/p>\n\n\n\n<p><strong>Responsabilidad en accidentes de camionetas comerciales<\/strong><\/p>\n\n\n\n<p>Los accidentes de camionetas pueden ser complejos porque varias partes pueden compartir la responsabilidad de un accidente mortal. El conductor de la camioneta, la empresa de carga, el fabricante de la camioneta u otro conductor pueden ser responsables de los da\u00f1os a trav\u00e9s de una demanda por homicidio culposo.<\/p>\n\n\n\n<p>Aunque la mayor\u00eda de las camionetas se consideran veh\u00edculos de pasajeros, a menudo se utilizan para fines comerciales. Si un conductor de cami\u00f3n caus\u00f3 un accidente mientras conduc\u00eda una camioneta que fue alquilada o comprada por su empleador, la empresa tambi\u00e9n puede asumir parte de la responsabilidad financiera por el accidente.&nbsp;<\/p>\n\n\n\n<p>Debido a que los accidentes de camionetas pueden implicar circunstancias especiales y negociaciones desafiantes con las partes culpables, es vital tener una representaci\u00f3n legal calificada. El Steinberg Law Firm investigar\u00e1 a fondo lo que le ocurri\u00f3 a su ser querido para asegurarse de que se le compensa de forma justa por todas las p\u00e9rdidas relacionadas con el accidente.<\/p>\n\n\n\n<h3 class=\"wp-block-heading\">P\u00f3ngase en contacto con un abogado especializado en accidentes de camioneta South Carolina<\/h3>\n\n\n\n<p>La p\u00e9rdida de un familiar nunca es algo f\u00e1cil de procesar. Si su ser querido muri\u00f3 en un accidente con una camioneta, el Steinberg Law Firm puede ayudar a su familia durante este momento dif\u00edcil. Podemos ayudarle a obtener un apoyo financiero vital a trav\u00e9s de una demanda por muerte injusta.<\/p>\n\n\n\n<p><a href=\"https:\/\/www.steinberglawfirm.com\/contact-us\/\" target=\"_blank\" rel=\"noopener\">Contacte con nosotros hoy mismo<\/a>. Nuestra consulta inicial es confidencial y <a href=\"https:\/\/www.steinberglawfirm.com\/free-consultation\/\" target=\"_blank\" rel=\"noopener\">completamente gratis<\/a>. El Steinberg Law Firm puede ayudarle a comprender los detalles de su caso, sus derechos legales y c\u00f3mo obtener la indemnizaci\u00f3n y la justicia que merece.<\/p>\n\n\n\n<p>Puedes <a href=\"tel:1-843-720-2800\">llame directamente a nuestra oficina al 843-720-2800<\/a> o visite una de nuestras oficinas en <a href=\"https:\/\/www.steinberglawfirm.com\/office-locations\/charleston-office\/\" target=\"_blank\" rel=\"noopener\">centro de la ciudad Charleston<\/a>, <a href=\"https:\/\/www.steinberglawfirm.com\/office-locations\/goose-creek-office\/\" target=\"_blank\" rel=\"noopener\">Goose Creek<\/a> o <a href=\"https:\/\/www.steinberglawfirm.com\/office-locations\/summerville-office\/\" target=\"_blank\" rel=\"noopener\">Summerville<\/a>.<\/p>","protected":false},"excerpt":{"rendered":"<p>South Carolina Abogado de accidentes mortales de camionetas Abogados de muerte injusta por accidentes de camionetas South Carolina Las camionetas est\u00e1n entre los veh\u00edculos m\u00e1s conducidos en el pa\u00eds, tanto para fines personales como de trabajo. Las empresas de construcci\u00f3n, servicios de jardiner\u00eda y otros negocios las utilizan para transportar grandes herramientas y materiales a los sitios de trabajo. Aunque son populares,...<\/p>","protected":false},"author":1,"featured_media":20062,"parent":19792,"menu_order":0,"comment_status":"closed","ping_status":"closed","template":"","meta":{"_acf_changed":false,"footnotes":""},"class_list":["post-19799","page","type-page","status-publish","has-post-thumbnail","hentry"],"acf":[],"_links":{"self":[{"href":"https:\/\/steinberglawfirm-staging.clmcloud.app\/es\/wp-json\/wp\/v2\/pages\/19799"}],"collection":[{"href":"https:\/\/steinberglawfirm-staging.clmcloud.app\/es\/wp-json\/wp\/v2\/pages"}],"about":[{"href":"https:\/\/steinberglawfirm-staging.clmcloud.app\/es\/wp-json\/wp\/v2\/types\/page"}],"author":[{"embeddable":true,"href":"https:\/\/steinberglawfirm-staging.clmcloud.app\/es\/wp-json\/wp\/v2\/users\/1"}],"replies":[{"embeddable":true,"href":"https:\/\/steinberglawfirm-staging.clmcloud.app\/es\/wp-json\/wp\/v2\/comments?post=19799"}],"version-history":[{"count":3,"href":"https:\/\/steinberglawfirm-staging.clmcloud.app\/es\/wp-json\/wp\/v2\/pages\/19799\/revisions"}],"predecessor-version":[{"id":20068,"href":"https:\/\/steinberglawfirm-staging.clmcloud.app\/es\/wp-json\/wp\/v2\/pages\/19799\/revisions\/20068"}],"up":[{"embeddable":true,"href":"https:\/\/steinberglawfirm-staging.clmcloud.app\/es\/wp-json\/wp\/v2\/pages\/19792"}],"wp:featuredmedia":[{"embeddable":true,"href":"https:\/\/steinberglawfirm-staging.clmcloud.app\/es\/wp-json\/wp\/v2\/media\/20062"}],"wp:attachment":[{"href":"https:\/\/steinberglawfirm-staging.clmcloud.app\/es\/wp-json\/wp\/v2\/media?parent=19799"}],"curies":[{"name":"wp","href":"https:\/\/api.w.org\/{rel}","templated":true}]}}