{"id":19797,"date":"2022-04-15T22:17:26","date_gmt":"2022-04-15T22:17:26","guid":{"rendered":"https:\/\/www.steinberglawfirm.com\/?page_id=19797"},"modified":"2024-08-14T20:43:37","modified_gmt":"2024-08-14T20:43:37","slug":"hit-by-a-pick-up-truck","status":"publish","type":"page","link":"https:\/\/steinberglawfirm-staging.clmcloud.app\/es\/lesiones-personales\/accidentes-de-camiones\/accidentes-con-camionetas\/atropellado-por-una-camioneta\/","title":{"rendered":"Atropellado por una camioneta"},"content":{"rendered":"<h1 class=\"wp-block-heading\">South Carolina Abogado de accidentes de camioneta<\/h1>\n\n\n\n<div style=\"height:15px\" aria-hidden=\"true\" class=\"wp-block-spacer\"><\/div>\n\n\n\n<h2 class=\"wp-block-heading\">Abogados de lesiones por accidentes de camionetas<\/h2>\n\n\n\n<div style=\"height:15px\" aria-hidden=\"true\" class=\"wp-block-spacer\"><\/div>\n\n\n\n<p>Las camionetas son populares entre los conductores por su versatilidad y utilidad. Se han utilizado durante mucho tiempo para el trabajo y el ocio y se encuentran en la carretera con frecuencia. Desafortunadamente, con el aumento del tr\u00e1fico, hay una mayor posibilidad de un <a href=\"https:\/\/www.steinberglawfirm.com\/practice-areas\/truck-accidents\/pickup-truck-accidents\/\" target=\"_blank\" rel=\"noopener\">accidente de camioneta<\/a>.&nbsp;<\/p>\n\n\n\n<p>Un accidente con una camioneta se trata de manera similar a uno que involucra a cualquier otro veh\u00edculo de pasajeros est\u00e1ndar. Sin embargo, estos accidentes tienden a ser m\u00e1s graves que los que involucran a autom\u00f3viles m\u00e1s peque\u00f1os debido a su tama\u00f1o y peso. Los accidentes con camionetas tienen dos veces y media m\u00e1s probabilidades de resultar en la muerte del conductor del otro veh\u00edculo cuando se trata de un coche, monovolumen o SUV m\u00e1s peque\u00f1o.<\/p>\n\n\n\n<p>Si usted o un ser querido ha sido atropellado por una camioneta, podr\u00eda tener derecho a una compensaci\u00f3n econ\u00f3mica por los da\u00f1os sufridos como consecuencia de ello. La p\u00e1gina web <a href=\"https:\/\/www.steinberglawfirm.com\/practice-areas\/truck-accidents\/\" target=\"_blank\" rel=\"noopener\">Charleston abogados de accidentes de cami\u00f3n de Steinberg Law Firm<\/a> comprender las diferencias entre los tipos de veh\u00edculos en una colisi\u00f3n y c\u00f3mo pueden afectar al resultado de un accidente y a las vidas de los implicados.&nbsp;<\/p>\n\n\n\n<p><strong>Las camionetas y la seguridad<\/strong><\/p>\n\n\n\n<p>Hist\u00f3ricamente, las camionetas no estaban sujetas a las mismas normas de seguridad que los autom\u00f3viles, <a href=\"https:\/\/www.steinberglawfirm.com\/personal-injury\/auto-accidents\/minivan-safety-dangers-recent-test-results-south-carolina\/\" target=\"_blank\" rel=\"noopener\">monovol\u00famenes<\/a> y todoterrenos. Hasta 1999, la normativa federal de seguridad ni siquiera se aplicaba a las camionetas. Esto ya no es as\u00ed, pero las camionetas siguen sin obtener la misma puntuaci\u00f3n en las pruebas de seguridad de los consumidores que otros veh\u00edculos.&nbsp;<\/p>\n\n\n\n<p>El Instituto de Seguros para la Seguridad en las Carreteras (IIHS) es una de las principales organizaciones que somete a los veh\u00edculos a pruebas de choque y los clasifica en funci\u00f3n de varios medidores de seguridad. S\u00f3lo unas pocas camionetas de tama\u00f1o completo se han clasificado entre las mejores selecciones de seguridad del IIHS.<\/p>\n\n\n\n<p>El peso de las camionetas es el principal responsable de estas discrepancias. Cuando una camioneta choca con un veh\u00edculo m\u00e1s ligero, suele haber muchos m\u00e1s da\u00f1os en el veh\u00edculo m\u00e1s peque\u00f1o. Seg\u00fan las estad\u00edsticas, hay un 23 por ciento m\u00e1s de lesiones graves y de muerte para los ocupantes del veh\u00edculo m\u00e1s peque\u00f1o que en un choque en el que participan dos veh\u00edculos de peso similar.<\/p>\n\n\n\n<p>La National Highway Traffic Safety Administration (NHTSA), la otra organizaci\u00f3n que estudia la seguridad de los veh\u00edculos de consumo, informa de que las camionetas tienen tres veces m\u00e1s probabilidades de verse implicadas en accidentes de vuelco que otros tipos de veh\u00edculos. Las colisiones por vuelco son las que causan el mayor n\u00famero de lesiones graves y mortales.&nbsp;<\/p>\n\n\n\n<p><strong>Causas de los accidentes de camionetas<\/strong><\/p>\n\n\n\n<p>Las camionetas son populares tanto para uso comercial como personal. Son perfectas para transportar herramientas y materiales en la caja de la camioneta, capaces de arrastrar remolques, barcos y otros veh\u00edculos. <a href=\"https:\/\/www.steinberglawfirm.com\/personal-injury\/rv-accident-attorneys\/\" target=\"_blank\" rel=\"noopener\">campistas<\/a>y lo suficientemente resistentes para circular fuera de la carretera. Los conductores no necesitan una licencia CDL u otra licencia especial para conducir una camioneta. Son caracter\u00edsticas convenientes y \u00fatiles, pero aumentan el riesgo y la gravedad de los accidentes.<\/p>\n\n\n\n<p>Cualquier error en la conducci\u00f3n puede provocar un accidente, pero esto es especialmente cierto en el caso de los camiones pesados. Su tama\u00f1o y peso afectan a la maniobrabilidad y hacen m\u00e1s dif\u00edcil que se detengan en una distancia corta. La carga y los remolques pueden desplazarse, salirse o provocar un accidente, especialmente cuando alguien no est\u00e1 acostumbrado a cargarlos o remolcarlos. Las cosas que hacen que las camionetas sean pr\u00e1cticas y atractivas son las mismas que son peligrosas en la carretera.<\/p>\n\n\n\n<p><strong>Da\u00f1os y perjuicios por accidentes de camioneta<\/strong><\/p>\n\n\n\n<p>Recuperarse de un accidente de tr\u00e1fico es devastador f\u00edsica, emocional y econ\u00f3micamente. Las v\u00edctimas de accidentes tienen derecho a una indemnizaci\u00f3n que cubra sus p\u00e9rdidas econ\u00f3micas y no econ\u00f3micas y los da\u00f1os causados por la persona o parte negligente. Los da\u00f1os econ\u00f3micos son los gastos y p\u00e9rdidas monetarias, como las facturas de la sala de urgencias. Los da\u00f1os no econ\u00f3micos son otras formas de da\u00f1o, como el dolor y el sufrimiento. El valor de los da\u00f1os no econ\u00f3micos es m\u00e1s dif\u00edcil de calcular, pero un abogado experto en accidentes puede estimar con precisi\u00f3n esta cifra.&nbsp;<\/p>\n\n\n\n<p>Los da\u00f1os potenciales en un caso de accidente de camioneta pueden incluir:<\/p>\n\n\n\n<ul class=\"wp-block-list\">\n<li>Salarios perdidos<\/li>\n\n\n\n<li>Gastos m\u00e9dicos<\/li>\n\n\n\n<li>Dolor y sufrimiento<\/li>\n\n\n\n<li>Angustia emocional<\/li>\n\n\n\n<li>Reparaci\u00f3n de veh\u00edculos<\/li>\n\n\n\n<li>Desfiguraci\u00f3n e invalidez permanentes<\/li>\n\n\n\n<li>Adaptaci\u00f3n de la vivienda y el estilo de vida a la nueva discapacidad<\/li>\n\n\n\n<li>Atenci\u00f3n m\u00e9dica continuada y terapia de rehabilitaci\u00f3n en el futuro<\/li>\n<\/ul>\n\n\n\n<p><strong>Muerte por negligencia<\/strong><\/p>\n\n\n\n<p>Tanto los da\u00f1os financieros como los no financieros merecen una compensaci\u00f3n justa. Un abogado evaluar\u00e1 el alcance de los da\u00f1os causados por un accidente y determinar\u00e1 la cantidad de dinero que debe anticipar razonablemente.&nbsp;<\/p>\n\n\n\n<p>Una expectativa exacta de cu\u00e1nto vale un caso es importante porque le protege de aceptar menos de la cantidad a la que tiene derecho. Las compa\u00f1\u00edas de seguros son conocidas por ofrecer acuerdos bajos y esperar que la v\u00edctima del accidente acepte sin cuestionar.<\/p>\n\n\n\n<p><strong>\u00bfQui\u00e9n es responsable de los da\u00f1os en un accidente de camioneta?<\/strong><\/p>\n\n\n\n<p>La responsabilidad de un accidente depende de lo que lo haya causado y de si las acciones negligentes de alguien contribuyeron o no al choque. Los conductores tienen la obligaci\u00f3n de no causar da\u00f1os a otros en la carretera mientras conducen. El incumplimiento de ese deber de cuidado puede incluir <a href=\"https:\/\/www.steinberglawfirm.com\/practice-areas\/auto-accidents\/speeding-car-accidents\/\" target=\"_blank\" rel=\"noopener\">conducir demasiado r\u00e1pido para las condiciones de la carretera<\/a>, <a href=\"https:\/\/www.steinberglawfirm.com\/practice-areas\/auto-accidents\/distracted-driving-accidents\/\" target=\"_blank\" rel=\"noopener\">conducci\u00f3n distra\u00edda<\/a>, <a href=\"https:\/\/www.steinberglawfirm.com\/practice-areas\/auto-accidents\/car-defects-or-malfunctions\/\" target=\"_blank\" rel=\"noopener\">no corregir una aver\u00eda conocida del cami\u00f3n<\/a>o <a href=\"https:\/\/www.steinberglawfirm.com\/practice-areas\/auto-accidents\/drunk-driving-accident\/\" target=\"_blank\" rel=\"noopener\">conducir bajo los efectos de las drogas o el alcohol<\/a>.&nbsp;<\/p>\n\n\n\n<p>Los accidentes de camionetas se complican cuando son conducidas por un trabajador en nombre de su empleador. La empresa propietaria de la camioneta puede ser responsable de los da\u00f1os despu\u00e9s de un accidente porque es responsable de la formaci\u00f3n de los empleados y del mantenimiento de veh\u00edculos seguros. A veces la culpa es compartida. Un <a href=\"https:\/\/www.steinberglawfirm.com\/practice-areas\/truck-accidents\/pickup-truck-accidents\/\" target=\"_blank\" rel=\"noopener\">abogado con experiencia en accidentes de camioneta<\/a> sabe c\u00f3mo determinar qui\u00e9n debe pagar por los da\u00f1os y perjuicios e investigar\u00e1 el accidente para asegurarse de que se encuentran todas las posibles negligencias.&nbsp;<\/p>\n\n\n\n<h3 class=\"wp-block-heading\">Llame a nuestros abogados de accidentes de camionetas South Carolina<\/h3>\n\n\n\n<p>Si usted o un ser querido ha sido atropellado por una camioneta, la <a href=\"https:\/\/www.steinberglawfirm.com\/attorney\/\" target=\"_blank\" rel=\"noopener\">equipo experimentado y compasivo de Steinberg Law Firm<\/a> puede ayudarle a recuperar la indemnizaci\u00f3n que merece por los da\u00f1os y perjuicios sufridos. Llame sin demora, ya que existen plazos estrictos para presentar una reclamaci\u00f3n. Puede perder su derecho a la indemnizaci\u00f3n si no se cumplen estos plazos.&nbsp;<\/p>\n\n\n\n<p><a href=\"https:\/\/www.steinberglawfirm.com\/contact-us\/\" target=\"_blank\" rel=\"noopener\">Contacte con<\/a> el <a href=\"https:\/\/www.steinberglawfirm.com\/practice-areas\/auto-accidents\/\" target=\"_blank\" rel=\"noopener\">abogados de accidentes de tr\u00e1fico<\/a> en <a href=\"https:\/\/www.steinberglawfirm.com\/\" target=\"_blank\" rel=\"noopener\">Steinberg Law Firm<\/a> hoy. Nuestro <a href=\"https:\/\/www.steinberglawfirm.com\/office-locations\/charleston-office\/\" target=\"_blank\" rel=\"noopener\">Oficina Charleston<\/a> se puede llegar a trav\u00e9s de <a href=\"tel:1-843-720-2800\">llamando al 843-720-2800<\/a>. Como siempre, su <a href=\"https:\/\/www.steinberglawfirm.com\/free-consultation\/\" target=\"_blank\" rel=\"noopener\">la consulta inicial es gratuita<\/a>y hay <a href=\"https:\/\/www.steinberglawfirm.com\/no-fee-unless-you-win\/\" target=\"_blank\" rel=\"noopener\">no le cobramos nada a menos que cobremos una indemnizaci\u00f3n<\/a> en su nombre.&nbsp;<\/p>","protected":false},"excerpt":{"rendered":"<p>South Carolina Abogado de accidentes de camioneta Abogados de lesiones por accidentes de camioneta Las camionetas son populares entre los conductores por su versatilidad y utilidad. Se han utilizado durante mucho tiempo para el trabajo y el juego y se encuentran en la carretera con frecuencia. Desafortunadamente, con m\u00e1s tr\u00e1fico, hay una mayor posibilidad de un accidente de camioneta.  Un accidente...<\/p>","protected":false},"author":1,"featured_media":20044,"parent":19792,"menu_order":0,"comment_status":"closed","ping_status":"closed","template":"","meta":{"_acf_changed":false,"footnotes":""},"class_list":["post-19797","page","type-page","status-publish","has-post-thumbnail","hentry"],"acf":[],"_links":{"self":[{"href":"https:\/\/steinberglawfirm-staging.clmcloud.app\/es\/wp-json\/wp\/v2\/pages\/19797"}],"collection":[{"href":"https:\/\/steinberglawfirm-staging.clmcloud.app\/es\/wp-json\/wp\/v2\/pages"}],"about":[{"href":"https:\/\/steinberglawfirm-staging.clmcloud.app\/es\/wp-json\/wp\/v2\/types\/page"}],"author":[{"embeddable":true,"href":"https:\/\/steinberglawfirm-staging.clmcloud.app\/es\/wp-json\/wp\/v2\/users\/1"}],"replies":[{"embeddable":true,"href":"https:\/\/steinberglawfirm-staging.clmcloud.app\/es\/wp-json\/wp\/v2\/comments?post=19797"}],"version-history":[{"count":6,"href":"https:\/\/steinberglawfirm-staging.clmcloud.app\/es\/wp-json\/wp\/v2\/pages\/19797\/revisions"}],"predecessor-version":[{"id":31669,"href":"https:\/\/steinberglawfirm-staging.clmcloud.app\/es\/wp-json\/wp\/v2\/pages\/19797\/revisions\/31669"}],"up":[{"embeddable":true,"href":"https:\/\/steinberglawfirm-staging.clmcloud.app\/es\/wp-json\/wp\/v2\/pages\/19792"}],"wp:featuredmedia":[{"embeddable":true,"href":"https:\/\/steinberglawfirm-staging.clmcloud.app\/es\/wp-json\/wp\/v2\/media\/20044"}],"wp:attachment":[{"href":"https:\/\/steinberglawfirm-staging.clmcloud.app\/es\/wp-json\/wp\/v2\/media?parent=19797"}],"curies":[{"name":"wp","href":"https:\/\/api.w.org\/{rel}","templated":true}]}}