{"id":19794,"date":"2022-04-15T22:14:42","date_gmt":"2022-04-15T22:14:42","guid":{"rendered":"https:\/\/www.steinberglawfirm.com\/?page_id=19794"},"modified":"2023-06-27T23:03:01","modified_gmt":"2023-06-27T23:03:01","slug":"do-modifications-to-pickup-trucks-make-them-more-dangerous","status":"publish","type":"page","link":"https:\/\/steinberglawfirm-staging.clmcloud.app\/es\/lesiones-personales\/accidentes-de-camiones\/accidentes-con-camionetas\/do-modifications-to-pickup-trucks-make-them-more-dangerous\/","title":{"rendered":"\u00bfLas modificaciones de las camionetas las hacen m\u00e1s peligrosas?"},"content":{"rendered":"<h1 class=\"wp-block-heading\">\u00bfLas modificaciones de las camionetas las hacen m\u00e1s peligrosas?<\/h1>\n\n\n\n<div style=\"height:20px\" aria-hidden=\"true\" class=\"wp-block-spacer\"><\/div>\n\n\n\n<h2 class=\"wp-block-heading\">South Carolina Los abogados especializados en lesiones opinan sobre los camiones modificados<\/h2>\n\n\n\n<div style=\"height:20px\" aria-hidden=\"true\" class=\"wp-block-spacer\"><\/div>\n\n\n\n<p>En South Carolina, las camionetas son uno de los veh\u00edculos m\u00e1s comunes en las carreteras. Recientemente, el n\u00famero de camionetas compradas ha superado el n\u00famero de coches en los Estados Unidos. <a href=\"https:\/\/www.steinberglawfirm.com\/practice-areas\/truck-accidents\/pickup-truck-accidents\/\" target=\"_blank\" rel=\"noopener\">las camionetas presentan algunos riesgos elevados<\/a> en comparaci\u00f3n con otros veh\u00edculos, la verdadera amenaza proviene de las modificaciones peligrosas de las camionetas. Los propietarios de veh\u00edculos a menudo modifican su veh\u00edculo para personalizar su aspecto o hacerlo m\u00e1s adecuado para su uso previsto. Sin embargo, al hacer esto, los propietarios a menudo hacen que su camioneta sea m\u00e1s peligrosa para ellos mismos y para los dem\u00e1s en la carretera.<\/p>\n\n\n\n<h3 class=\"wp-block-heading\">Tipos de modificaciones peligrosas de las camionetas<\/h3>\n\n\n\n<p>Las camionetas son algunos de los veh\u00edculos m\u00e1s personalizados de la carretera. Seg\u00fan la Specialty Equipment Marketing Association, \"las camionetas constituyen la mayor parte del gasto en equipamiento especializado, representando aproximadamente 30% del mercado.\" S\u00f3lo en 2020, los propietarios de camionetas gastaron unos $14,3 mil millones en modificaciones.<\/p>\n\n\n\n<p>Por desgracia, algunas de estas modificaciones hacen que el cami\u00f3n sea m\u00e1s peligroso de conducir. Por ejemplo, seg\u00fan la Administraci\u00f3n Nacional de Seguridad en el Transporte por Carretera, \"Mientras que las muertes de ocupantes debidas a vuelcos de turismos han ido disminuyendo, la mayor propensi\u00f3n a los vuelcos en algunas clases de camiones ligeros ha mantenido el nivel agregado de muertes de ocupantes de veh\u00edculos de pasajeros en choques de alrededor de 32.000 anualmente\". Aunque las camionetas son intr\u00ednsecamente m\u00e1s peligrosas en algunos aspectos, a\u00f1adir modificaciones puede aumentar estos peligros. El Insurance Institute for Highway Safety se\u00f1ala que, en 2019, <a href=\"https:\/\/www.steinberglawfirm.com\/practice-areas\/truck-accidents\/pickup-truck-accidents\/fatal-pickup-truck-accidents\/\" target=\"_blank\" rel=\"noopener\">las camionetas representaron 62% de los accidentes sin vuelco con muerte de un ocupante<\/a> y 38% de choques por vuelco con muerte de un ocupante.<\/p>\n\n\n\n<p>A continuaci\u00f3n, algunas de las modificaciones m\u00e1s peligrosas de las camionetas.<\/p>\n\n\n\n<h4 class=\"wp-block-heading\">Veh\u00edculos elevados<\/h4>\n\n\n\n<p>Quiz\u00e1s el tipo m\u00e1s obvio de modificaci\u00f3n peligrosa de una camioneta implica la elevaci\u00f3n del veh\u00edculo. Los conductores pueden optar por elevar su veh\u00edculo por muchas razones, como obtener una mayor distancia al suelo o ganar un mejor punto de vista durante la conducci\u00f3n. Sin embargo, las camionetas elevadas suponen una grave amenaza para todos los que circulan por la carretera. En primer lugar, cuando un cami\u00f3n est\u00e1 elevado, altera los puntos ciegos del conductor, lo que dificulta la visi\u00f3n de otros veh\u00edculos en la carretera. Esto hace que sea m\u00e1s dif\u00edcil ver a los peatones, ciclistas y otros conductores. Elevar un veh\u00edculo tambi\u00e9n eleva su centro de gravedad, haci\u00e9ndolo m\u00e1s propenso a volcar, ya sea en caso de accidente o al tomar una curva r\u00e1pida.<\/p>\n\n\n\n<p>Otra tendencia observada en las carreteras en South Carolina es <a href=\"https:\/\/www.steinberglawfirm.com\/blog\/south-carolina-bans-squat-cars-and-trucks\/\" target=\"_blank\" rel=\"noopener\">levantar s\u00f3lo la parte delantera del cami\u00f3n<\/a>Las modificaciones en el cap\u00f3 de la camioneta crean un \u00e1ngulo severo en el que el conductor mira hacia arriba y no puede ver completamente por encima del cap\u00f3 de la camioneta. Las limitaciones visuales creadas por las modificaciones contribuyen a la responsabilidad en caso de accidente.<\/p>\n\n\n\n<h4 class=\"wp-block-heading\">Neum\u00e1ticos mal ajustados<\/h4>\n\n\n\n<p>Los neum\u00e1ticos de gran tama\u00f1o son otro tipo de modificaci\u00f3n peligrosa. Con demasiada frecuencia, los propietarios instalan neum\u00e1ticos que no est\u00e1n dise\u00f1ados para su veh\u00edculo. Esto puede hacer que el conductor pierda el control m\u00e1s f\u00e1cilmente y que el veh\u00edculo sea m\u00e1s propenso a volcar. Por ejemplo, seg\u00fan Car and Driver, \"un neum\u00e1tico de tama\u00f1o diferente puede confundir el veloc\u00edmetro e incluso causar da\u00f1os en los sistemas de frenado antibloqueo y en las calibraciones del sistema de estabilidad del veh\u00edculo\".<\/p>\n\n\n\n<h4 class=\"wp-block-heading\">Sistemas est\u00e9reo ruidosos<\/h4>\n\n\n\n<p>Aunque pueda parecer que los sistemas est\u00e9reo con mucho volumen son m\u00e1s una molestia que un peligro para la seguridad, no es as\u00ed. Cuando un conductor est\u00e1 reproduciendo m\u00fasica a trav\u00e9s de un sistema est\u00e9reo de carga del mercado de accesorios, no puede escuchar lo que est\u00e1 sucediendo a su alrededor, como por ejemplo si otro conductor toca la bocina para llamar la atenci\u00f3n del conductor. En algunos casos, los sistemas de sonido son tan ruidosos que afectan a la capacidad de los dem\u00e1s conductores para o\u00edr lo que sucede.<\/p>\n\n\n\n<h4 class=\"wp-block-heading\">Modificaciones de la iluminaci\u00f3n<\/h4>\n\n\n\n<p>La instalaci\u00f3n de luces de recambio conlleva varios riesgos. En primer lugar, algunos faros del mercado de accesorios no cumplen con la ley South Carolina porque son demasiado brillantes, tenues o de un color diferente. Por ejemplo, <a href=\"https:\/\/www.scstatehouse.gov\/code\/t56c005.php#:~:text=Section%2056-5-4830\" target=\"_blank\" rel=\"noreferrer noopener\">South Carolina C\u00f3digo \u00a7 56-5-4830<\/a> exige que todo faro que proyecte \"un haz de luz de una intensidad superior a trescientas candelas se dirija de manera que ninguna parte de la porci\u00f3n de alta intensidad del haz golpee el nivel de la calzada en la que se encuentra el veh\u00edculo a una distancia de m\u00e1s de setenta y cinco pies del mismo\". En segundo lugar, las luces del mercado de accesorios no son hechas por el fabricante del veh\u00edculo y pueden no estar a la altura de los est\u00e1ndares de calidad de los equipos OEM, lo que significa que pueden ser m\u00e1s propensos a fallar. Adem\u00e1s, algunos propietarios de camionetas pueden seleccionar el tama\u00f1o incorrecto de la bombilla, lo que tambi\u00e9n puede afectar a su rendimiento.<\/p>\n\n\n\n<h4 class=\"wp-block-heading\">Tintado de cristales<\/h4>\n\n\n\n<p>Mientras que algunos tintes del mercado de accesorios est\u00e1n permitidos por la ley estatal, los conductores de camionetas son conocidos por \"oscurecer\" su veh\u00edculo con tintes ilegales. En South Carolina, ning\u00fan veh\u00edculo puede tener ning\u00fan tipo de tinte en el parabrisas, y las ventanas delanteras deben permitir la entrada de un 27 por ciento de luz. Cuando un veh\u00edculo est\u00e1 equipado con un tinte ilegal, el conductor tiene muchas m\u00e1s dificultades para ver fuera del veh\u00edculo, especialmente por la noche. Del mismo modo, es casi imposible que los dem\u00e1s automovilistas vean al conductor de un cami\u00f3n tintado, por ejemplo, cuando intentan determinar hacia d\u00f3nde mira o presta atenci\u00f3n el conductor.<\/p>\n\n\n\n<p>En el <a href=\"https:\/\/www.steinberglawfirm.com\/\" target=\"_blank\" rel=\"noopener\">Steinberg Law Firm<\/a>, nuestro <a href=\"https:\/\/www.steinberglawfirm.com\/practice-areas\/truck-accidents\/pickup-truck-accidents\/\" target=\"_blank\" rel=\"noopener\">equipo dedicado de abogados de accidentes de camionetas South Carolina<\/a> puede reconocer cuando un accidente fue causado por modificaciones peligrosas en el equipo y puede ayudarle a hacer que las partes responsables rindan cuentas.<\/p>\n\n\n\n<h3 class=\"wp-block-heading\">\u00bfQui\u00e9n es responsable de un accidente de cami\u00f3n provocado por una modificaci\u00f3n de un equipo peligroso?<\/h3>\n\n\n\n<p>En la mayor\u00eda de los casos, el propietario del cami\u00f3n que instal\u00f3 la modificaci\u00f3n peligrosa es responsable de los da\u00f1os que se produzcan tras un accidente debido a la modificaci\u00f3n. Sin embargo, tambi\u00e9n puede haber otras partes responsables. Por ejemplo, si el conductor de la camioneta estaba al tanto de las modificaciones y decidi\u00f3 conducir la camioneta, tambi\u00e9n puede ser negligente. En algunos casos, las modificaciones est\u00e1n en contra de la ley; sin embargo, incluso las modificaciones legales pueden ser la base de una demanda por lesiones personales.<\/p>\n\n\n\n<p>Si un equipo espec\u00edfico falla, el fabricante podr\u00eda ser responsable de sus da\u00f1os. Normalmente, los fabricantes son legalmente responsables de cualquier lesi\u00f3n causada por sus productos. Esto incluye las lesiones sufridas por la persona que compr\u00f3 el producto y por cualquier otra persona que pudiera ser previsiblemente <a href=\"https:\/\/www.steinberglawfirm.com\/practice-areas\/dangerous-products\/\" target=\"_blank\" rel=\"noopener\">perjudicados por el producto defectuoso<\/a>como otros conductores, pasajeros, peatones y ciclistas.<\/p>\n\n\n\n<p>La determinaci\u00f3n de la responsabilidad en un accidente de camioneta South Carolina que implica modificaciones peligrosas del veh\u00edculo no siempre es sencilla, y cualquier persona lesionada en este tipo de colisi\u00f3n debe ponerse en contacto con un <a href=\"https:\/\/www.steinberglawfirm.com\/practice-areas\/personal-injury\/\" target=\"_blank\" rel=\"noopener\">abogado especializado en lesiones personales<\/a> para obtener asistencia inmediata.<\/p>\n\n\n\n<h3 class=\"wp-block-heading\">\u00bfHa sufrido un accidente con una camioneta South Carolina?<\/h3>\n\n\n\n<p>Si usted o un ser querido se lesion\u00f3 recientemente en un accidente con una camioneta, puede haber sido causado por modificaciones peligrosas que el propietario hizo al veh\u00edculo. Estos casos, sin embargo, plantean consideraciones adicionales que no est\u00e1n presentes en los casos t\u00edpicos de accidentes de camiones. Nuestro <a href=\"https:\/\/www.steinberglawfirm.com\/practice-areas\/truck-accidents\/pickup-truck-accidents\/\" target=\"_blank\" rel=\"noopener\">South Carolina abogados de accidentes de camionetas<\/a> en el <a href=\"https:\/\/www.steinberglawfirm.com\/\" target=\"_blank\" rel=\"noopener\">Steinberg Law Firm<\/a> est\u00e1n listos para reunirse con usted para discutir su caso. Reconocemos que tendr\u00e1 preguntas sobre el accidente y el proceso de recuperaci\u00f3n, y le dedicaremos todo el tiempo que necesite para responder a sus preguntas. Para saber m\u00e1s y <a href=\"https:\/\/www.steinberglawfirm.com\/free-consultation\/\" target=\"_blank\" rel=\"noopener\">programar una consulta gratuita<\/a> con un <a href=\"https:\/\/www.steinberglawfirm.com\/attorney\/\" target=\"_blank\" rel=\"noopener\">abogado en el Steinberg Law Firm<\/a>, <a href=\"tel:1-843-720-2800\">llame hoy al 843-720-2800<\/a>. Tambi\u00e9n puede <a href=\"https:\/\/www.steinberglawfirm.com\/contact-us\/\" target=\"_blank\" rel=\"noopener\">contacte con nosotros a trav\u00e9s de nuestro formulario en l\u00ednea<\/a>. No hay riesgo de llamar, y nunca le cobraremos por nuestros servicios a menos que podamos resolver su caso o asegurar un veredicto favorable del jurado.<\/p>","protected":false},"excerpt":{"rendered":"<p>\u00bfLas modificaciones de las camionetas las hacen m\u00e1s peligrosas? South Carolina Los abogados de lesiones opinan sobre las camionetas modificadas En South Carolina, las camionetas son uno de los veh\u00edculos m\u00e1s comunes en las carreteras. Recientemente, el n\u00famero de camionetas compradas ha superado el n\u00famero de coches en los EE.UU. Mientras que las camionetas presentan algunos riesgos elevados...<\/p>","protected":false},"author":1,"featured_media":20062,"parent":19792,"menu_order":0,"comment_status":"closed","ping_status":"closed","template":"","meta":{"_acf_changed":false,"footnotes":""},"class_list":["post-19794","page","type-page","status-publish","has-post-thumbnail","hentry"],"acf":[],"_links":{"self":[{"href":"https:\/\/steinberglawfirm-staging.clmcloud.app\/es\/wp-json\/wp\/v2\/pages\/19794"}],"collection":[{"href":"https:\/\/steinberglawfirm-staging.clmcloud.app\/es\/wp-json\/wp\/v2\/pages"}],"about":[{"href":"https:\/\/steinberglawfirm-staging.clmcloud.app\/es\/wp-json\/wp\/v2\/types\/page"}],"author":[{"embeddable":true,"href":"https:\/\/steinberglawfirm-staging.clmcloud.app\/es\/wp-json\/wp\/v2\/users\/1"}],"replies":[{"embeddable":true,"href":"https:\/\/steinberglawfirm-staging.clmcloud.app\/es\/wp-json\/wp\/v2\/comments?post=19794"}],"version-history":[{"count":4,"href":"https:\/\/steinberglawfirm-staging.clmcloud.app\/es\/wp-json\/wp\/v2\/pages\/19794\/revisions"}],"predecessor-version":[{"id":26342,"href":"https:\/\/steinberglawfirm-staging.clmcloud.app\/es\/wp-json\/wp\/v2\/pages\/19794\/revisions\/26342"}],"up":[{"embeddable":true,"href":"https:\/\/steinberglawfirm-staging.clmcloud.app\/es\/wp-json\/wp\/v2\/pages\/19792"}],"wp:featuredmedia":[{"embeddable":true,"href":"https:\/\/steinberglawfirm-staging.clmcloud.app\/es\/wp-json\/wp\/v2\/media\/20062"}],"wp:attachment":[{"href":"https:\/\/steinberglawfirm-staging.clmcloud.app\/es\/wp-json\/wp\/v2\/media?parent=19794"}],"curies":[{"name":"wp","href":"https:\/\/api.w.org\/{rel}","templated":true}]}}