{"id":19792,"date":"2022-04-15T22:11:21","date_gmt":"2022-04-15T22:11:21","guid":{"rendered":"https:\/\/www.steinberglawfirm.com\/?page_id=19792"},"modified":"2024-08-01T20:40:07","modified_gmt":"2024-08-01T20:40:07","slug":"pickup-truck-accidents","status":"publish","type":"page","link":"https:\/\/steinberglawfirm-staging.clmcloud.app\/es\/lesiones-personales\/accidentes-de-camiones\/accidentes-con-camionetas\/","title":{"rendered":"Accidentes con camionetas"},"content":{"rendered":"<h1 class=\"wp-block-heading\">South Carolina Abogado de accidentes de camioneta<\/h1>\n\n\n\n<div style=\"height:20px\" aria-hidden=\"true\" class=\"wp-block-spacer\"><\/div>\n\n\n\n<h2 class=\"wp-block-heading\">Abogado de lesiones por accidentes de pick-up en Charleston, Summerville y Goose Creek<\/h2>\n\n\n\n<div style=\"height:20px\" aria-hidden=\"true\" class=\"wp-block-spacer\"><\/div>\n\n\n\n<p>La gran mayor\u00eda de <a href=\"https:\/\/www.steinberglawfirm.com\/practice-areas\/truck-accidents\/\" target=\"_blank\" rel=\"noopener\">South Carolina accidentes de cami\u00f3n<\/a> involucran camionetas pickup. En 2019, hubo cuatro veces m\u00e1s accidentes en los que se vieron implicadas camionetas que <a href=\"https:\/\/www.steinberglawfirm.com\/personal-injury\/truck-accidents\/semi-truck-accident-injury-attorney\/\" target=\"_blank\" rel=\"noopener\">accidentes de semirremolque<\/a>. Y, seg\u00fan un estudio reciente realizado por el Instituto de Seguros para la Seguridad en las Carreteras, los automovilistas tienen m\u00e1s de 150 por ciento m\u00e1s probabilidades de morir en un accidente de camioneta que en un accidente automovil\u00edstico. Si usted o un ser querido recientemente sufri\u00f3 lesiones graves en un accidente de camioneta South Carolina, la <a href=\"https:\/\/www.steinberglawfirm.com\/practice-areas\/personal-injury\/\" target=\"_blank\" rel=\"noopener\">abogados especializados en lesiones personales en el Steinberg Law Firm<\/a> est\u00e1n aqu\u00ed para ayudar. Tenemos m\u00e1s de 95 a\u00f1os de experiencia representando a v\u00edctimas de accidentes en todo tipo de colisiones de veh\u00edculos de motor, incluyendo accidentes de camionetas. Nuestro <a href=\"https:\/\/www.steinberglawfirm.com\/attorney\/\" target=\"_blank\" rel=\"noopener\">abogados compasivos pero agresivos<\/a> entendemos lo dif\u00edcil que puede ser la vida despu\u00e9s de un accidente y hacemos todo lo posible para que el proceso sea lo m\u00e1s f\u00e1cil posible.<\/p>\n\n\n\n<p><strong>Recuperaci\u00f3n de la indemnizaci\u00f3n tras una recogida de South Carolina <a href=\"https:\/\/www.steinberglawfirm.com\/truck-accident-report\/\" target=\"_blank\" rel=\"noopener\">Accidente de cami\u00f3n<\/a><\/strong><\/p>\n\n\n\n<p>Si usted estuvo involucrado en un accidente con una camioneta y cree que fue causado por la negligencia del conductor, puede presentar una demanda por lesiones personales contra el conductor de la camioneta. Sin embargo, para presentar una demanda con \u00e9xito, debe establecer los cuatro elementos de una demanda por negligencia.<\/p>\n\n\n\n<p>- El conductor de la camioneta le deb\u00eda un deber de cuidado;<br>- El conductor de la camioneta viol\u00f3 ese deber;<br>- El incumplimiento del conductor de la camioneta provoc\u00f3 sus lesiones; y<br>- Ha sufrido da\u00f1os legalmente reconocibles.<\/p>\n\n\n\n<p>T\u00edpicamente, el primer elemento se cumple f\u00e1cilmente porque todos los conductores deben a otros en la carretera un deber de cuidado. Por lo tanto, los casos de accidentes de camioneta South Carolina a menudo se reducen a si el conductor de la camioneta incumpli\u00f3 el deber que ten\u00eda con usted y, si es as\u00ed, si ese incumplimiento fue la causa de sus lesiones.<\/p>\n\n\n\n<p>Adem\u00e1s, aunque establecer el nivel de da\u00f1os no es normalmente un obst\u00e1culo para la recuperaci\u00f3n, las v\u00edctimas de accidentes deben identificar el alcance total de sus da\u00f1os. Esto les permitir\u00e1 negociar m\u00e1s eficazmente con la compa\u00f1\u00eda de seguros con la esperanza de obtener una oferta de acuerdo justa.<\/p>\n\n\n\n<p>En el Steinberg Law Firm, nuestro <a href=\"https:\/\/www.steinberglawfirm.com\/practice-areas\/truck-accidents\/\" target=\"_blank\" rel=\"noopener\">South Carolina abogados de accidentes de cami\u00f3n<\/a> poseer un conocimiento exhaustivo de las leyes de negligencia del estado. <a href=\"https:\/\/www.steinberglawfirm.com\/free-consultation\/\" target=\"_blank\" rel=\"noopener\">Ofrecemos consultas gratuitas<\/a> durante el cual le proporcionaremos una evaluaci\u00f3n honesta de su caso. Si decide seguir adelante con su reclamaci\u00f3n, estaremos presentes en cada paso del camino para asegurar que <a href=\"https:\/\/www.steinberglawfirm.com\/results\/\" target=\"_blank\" rel=\"noopener\">usted recupera una compensaci\u00f3n justa<\/a> por lo que has pasado.<\/p>\n\n\n\n<p><strong>Causas de los accidentes de camionetas<\/strong><\/p>\n\n\n\n<p>A diferencia de los conductores profesionales de semicamiones, los que manejan una camioneta no necesitan obtener ninguna licencia especial. A pesar de los importantes peligros que estos veh\u00edculos representan, cualquiera puede conducir una camioneta. Por desgracia, los conductores rara vez tienen en cuenta los graves riesgos que las camionetas suponen para otros automovilistas.<\/p>\n\n\n\n<p>South Carolina los accidentes de camionetas son a menudo el resultado de la negligencia del conductor. Algunas de las causas m\u00e1s comunes de los accidentes de camionetas incluyen:<\/p>\n\n\n\n<p><strong>Accidentes por vuelco<\/strong><\/p>\n\n\n\n<p>Las camionetas tienen un centro de gravedad m\u00e1s alto que otros tipos de coches y SUV. Aunque antes los SUV eran m\u00e1s peligrosos que las camionetas, ya no es as\u00ed. Seg\u00fan un estudio reciente, los SUV son m\u00e1s seguros que los coches, mientras que las camionetas son mucho m\u00e1s peligrosas. Las camionetas tambi\u00e9n suelen tener una distancia entre ejes m\u00e1s estrecha, lo que las hace susceptibles de sufrir accidentes por vuelco. Esto ocurre especialmente cuando el propietario de un veh\u00edculo \"levanta\" o <a href=\"https:\/\/www.steinberglawfirm.com\/practice-areas\/truck-accidents\/pickup-truck-accidents\/do-modifications-to-pickup-trucks-make-them-more-dangerous\/\" target=\"_blank\" rel=\"noopener\">modifica su veh\u00edculo<\/a>. Aunque no todos los accidentes de vuelco implican a otros coches, con frecuencia pueden hacerlo. Por ejemplo, si una camioneta se vuelca cuando el conductor intenta hacer un giro r\u00e1pido, su camioneta se convierte inmediatamente en un peligro para cualquier automovilista que pase.<\/p>\n\n\n\n<p><strong>Carga inadecuada<\/strong><\/p>\n\n\n\n<p>Con demasiada frecuencia, los conductores de camionetas tiran lo que llevan en la parte trasera de la camioneta sin pensarlo dos veces. Cuando el conductor se pone en marcha y golpea un bache o se detiene repentinamente, la carga puede caerse, representando un peligro para cualquier otra persona en la carretera.<\/p>\n\n\n\n<p><strong>Conducci\u00f3n bajo los efectos del alcohol<\/strong><\/p>\n\n\n\n<p>Al igual que otros automovilistas, los conductores de camionetas siguen poni\u00e9ndose al volante despu\u00e9s de beber demasiado o tomar drogas ilegales. Seg\u00fan los datos m\u00e1s recientes del Departamento de Seguridad P\u00fablica South Carolina, hay m\u00e1s de 1.000 personas muertas en <a href=\"https:\/\/www.steinberglawfirm.com\/personal-injury\/auto-accidents\/drunk-driving-accident\/\" target=\"_blank\" rel=\"noopener\">South Carolina Accidentes por conducir bajo los efectos del alcohol<\/a>. En muchos de ellos estaban implicados conductores de camionetas.<\/p>\n\n\n\n<p><strong>Exceso de velocidad<\/strong><\/p>\n\n\n\n<p>Las camionetas pesan mucho m\u00e1s que otros coches e incluso que algunos SUV. Esto hace que sea m\u00e1s dif\u00edcil para los conductores detenerse por completo. Adem\u00e1s, las camionetas corren un riesgo mucho mayor de volcar al tomar una curva demasiado r\u00e1pido. No es de extra\u00f1ar que el exceso de velocidad sea una de las principales causas de los accidentes de camionetas South Carolina.<\/p>\n\n\n\n<p><strong>Conducci\u00f3n distra\u00edda<\/strong><\/p>\n\n\n\n<p>Como todos los conductores, los que manejan una camioneta son susceptibles a la distracci\u00f3n. Conducir cualquier veh\u00edculo requiere toda la atenci\u00f3n del conductor, e incluso una mirada moment\u00e1nea fuera de la carretera puede tener consecuencias devastadoras. Los conductores de camionetas pueden distraerse mientras hablan o env\u00edan mensajes de texto por tel\u00e9fono, hablan con los pasajeros, miran hacia atr\u00e1s para comprobar su carga o manipulan el GPS o los controles de la radio.<\/p>\n\n\n\n<p><strong>Equipos peligrosos<\/strong><\/p>\n\n\n\n<p>Muchos propietarios de camionetas las modifican para adaptarlas a sus gustos. A menudo, esto implica la elevaci\u00f3n de la camioneta, por lo que tiene una mayor distancia al suelo. Si bien esto puede permitir que la camioneta funcione mejor fuera de la carretera, tambi\u00e9n aumenta significativamente la posibilidad de un accidente de vuelco. Muchas camionetas tambi\u00e9n tienen neum\u00e1ticos enormes que no est\u00e1n necesariamente dise\u00f1ados para funcionar bien en el asfalto. Esto puede significar que los conductores tienen un tiempo a\u00fan m\u00e1s dif\u00edcil de llevar la camioneta a una parada segura.<\/p>\n\n\n\n<p>Si usted ha estado en un accidente de camioneta South Carolina, puede que no est\u00e9 claro qu\u00e9 caus\u00f3 la colisi\u00f3n y si usted tiene una reclamaci\u00f3n contra el otro conductor. En el Steinberg Law Firm, podemos ayudar a explicar c\u00f3mo se aplica la ley a su caso para que pueda tomar la mejor decisi\u00f3n para usted y su familia. Si decide presentar una reclamaci\u00f3n, abogaremos por usted en cada paso del proceso.<\/p>\n\n\n\n<p><strong>Da\u00f1os y perjuicios en una demanda por accidente de camioneta<\/strong><\/p>\n\n\n\n<p>Despu\u00e9s de cualquier accidente de tr\u00e1fico South Carolina, puede encontrarse en una situaci\u00f3n muy dif\u00edcil. Es muy probable que haya perdido al menos unos d\u00edas de trabajo, o tal vez m\u00e1s. Adem\u00e1s, se enfrenta a una avalancha de facturas m\u00e9dicas. La presentaci\u00f3n de una demanda por lesiones personales contra un conductor de camioneta negligente puede ayudarle a obtener la compensaci\u00f3n que necesita para cubrir sus gastos relacionados con el accidente y comenzar el proceso de seguir adelante con su vida.<\/p>\n\n\n\n<p>La ley estatal establece que cualquier v\u00edctima de un accidente de camioneta South Carolina puede recuperar una compensaci\u00f3n por sus da\u00f1os econ\u00f3micos y no econ\u00f3micos de la parte culpable. Aunque cada caso es \u00fanico, los da\u00f1os en estos casos se dividen en dos categor\u00edas.<\/p>\n\n\n\n<p><strong>Da\u00f1os econ\u00f3micos<\/strong><\/p>\n\n\n\n<p>Los da\u00f1os econ\u00f3micos le compensan por los gastos de bolsillo en los que incurri\u00f3 como resultado del accidente. Tambi\u00e9n le indemnizan por el dinero que podr\u00eda haber esperado ganar de no ser por el accidente. Por ejemplo, los da\u00f1os econ\u00f3micos incluyen:<\/p>\n\n\n\n<p>- Gastos m\u00e9dicos pasados y futuros<br>- Salarios perdidos<br>- Disminuci\u00f3n de la capacidad de ingresos<br>- Da\u00f1os a la propiedad<\/p>\n\n\n\n<p>Los da\u00f1os econ\u00f3micos son objetivos, lo que significa que usted puede probar sus da\u00f1os econ\u00f3micos presentando pruebas que reflejen con exactitud los da\u00f1os que sufri\u00f3. Por ejemplo, puede demostrar cu\u00e1les fueron sus gastos m\u00e9dicos presentando las facturas m\u00e9dicas, o puede demostrar cu\u00e1les fueron sus salarios perdidos presentando pruebas de su sueldo.<\/p>\n\n\n\n<p><strong>Da\u00f1os no econ\u00f3micos<\/strong><\/p>\n\n\n\n<p>Los da\u00f1os no econ\u00f3micos le compensan por el impacto emocional que el accidente tuvo en su vida. Los da\u00f1os no econ\u00f3micos son mucho m\u00e1s subjetivos que los econ\u00f3micos porque los accidentes afectan a la vida de cada v\u00edctima de forma diferente. Algunos ejemplos de da\u00f1os no econ\u00f3micos son:<\/p>\n\n\n\n<p>- Dolor y sufrimiento<br>- P\u00e9rdida de disfrute de la vida<br>- Angustia emocional<br>- Discapacidad f\u00edsica o desfiguraci\u00f3n<\/p>\n\n\n\n<p>Si bien puede ser dif\u00edcil determinar la cantidad exacta de los da\u00f1os no econ\u00f3micos que son apropiados, estos da\u00f1os son cruciales para asegurar que usted sea compensado justamente por sus lesiones. Un abogado especializado en accidentes de cami\u00f3n South Carolina puede identificar el alcance total de sus da\u00f1os para que pueda determinar si la oferta de la compa\u00f1\u00eda de seguros es justa. Su abogado tambi\u00e9n abogar\u00e1 en su nombre con la compa\u00f1\u00eda de seguros con la esperanza de asegurar una oferta de liquidaci\u00f3n justa que evite la necesidad de un juicio completo.<\/p>\n\n\n\n<p>En el Steinberg Law Firm, nuestro <a href=\"https:\/\/www.steinberglawfirm.com\/practice-areas\/personal-injury\/\" target=\"_blank\" rel=\"noopener\">abogados de da\u00f1os personales<\/a> tienen d\u00e9cadas de experiencia tratando con algunas de las compa\u00f1\u00edas de seguros m\u00e1s grandes y poderosas del pa\u00eds. Ponemos esta experiencia al servicio de los casos de nuestros clientes, asegur\u00e1ndonos de que recuperen lo que les corresponde y nada menos.<\/p>\n\n\n\n<h3 class=\"wp-block-heading\">P\u00f3ngase en contacto con un abogado de accidentes de camioneta South Carolina hoy mismo<\/h3>\n\n\n\n<p>Si usted o un ser querido se ha visto implicado recientemente en un accidente con una camioneta, p\u00f3ngase en contacto con el <a href=\"https:\/\/www.steinberglawfirm.com\/\" target=\"_blank\" rel=\"noopener\">Steinberg Law Firm<\/a> para obtener asistencia inmediata. <a href=\"https:\/\/www.steinberglawfirm.com\/attorney\/\" target=\"_blank\" rel=\"noopener\">Nuestros abogados est\u00e1n a la espera<\/a>, listo para reunirse con usted y responder a sus preguntas. Valoramos las relaciones a largo plazo con nuestros clientes y nos tomamos el tiempo necesario para conocerle y saber c\u00f3mo el accidente ha afectado a su vida. Esto nos permite abogar m\u00e1s eficazmente en su nombre, ya sea en las negociaciones con la compa\u00f1\u00eda de seguros o frente al jurado. Para saber m\u00e1s y <a href=\"https:\/\/www.steinberglawfirm.com\/free-consultation\/\" target=\"_blank\" rel=\"noopener\">programe la evaluaci\u00f3n gratuita de su caso<\/a>Ll\u00e1menos al <a href=\"tel:1-843-720-2800\">843-720-2800<\/a> hoy. Tambi\u00e9n puede <a href=\"https:\/\/www.steinberglawfirm.com\/contact-us\/\" target=\"_blank\" rel=\"noopener\">contacte con nosotros a trav\u00e9s de nuestro formulario de contacto en l\u00ednea<\/a>.<\/p>","protected":false},"excerpt":{"rendered":"<p>Abogado de accidentes de camionetas South Carolina Abogado de lesiones por accidentes de camionetas en Charleston, Summerville y Goose Creek La gran mayor\u00eda de los accidentes de camiones South Carolina involucran camionetas. En 2019, hubo cuatro veces m\u00e1s accidentes que involucran camionetas que accidentes de semicamiones. Y, seg\u00fan un estudio reciente realizado por el Seguro...<\/p>","protected":false},"author":1,"featured_media":20063,"parent":175,"menu_order":0,"comment_status":"closed","ping_status":"closed","template":"","meta":{"_acf_changed":false,"footnotes":""},"class_list":["post-19792","page","type-page","status-publish","has-post-thumbnail","hentry"],"acf":[],"_links":{"self":[{"href":"https:\/\/steinberglawfirm-staging.clmcloud.app\/es\/wp-json\/wp\/v2\/pages\/19792"}],"collection":[{"href":"https:\/\/steinberglawfirm-staging.clmcloud.app\/es\/wp-json\/wp\/v2\/pages"}],"about":[{"href":"https:\/\/steinberglawfirm-staging.clmcloud.app\/es\/wp-json\/wp\/v2\/types\/page"}],"author":[{"embeddable":true,"href":"https:\/\/steinberglawfirm-staging.clmcloud.app\/es\/wp-json\/wp\/v2\/users\/1"}],"replies":[{"embeddable":true,"href":"https:\/\/steinberglawfirm-staging.clmcloud.app\/es\/wp-json\/wp\/v2\/comments?post=19792"}],"version-history":[{"count":6,"href":"https:\/\/steinberglawfirm-staging.clmcloud.app\/es\/wp-json\/wp\/v2\/pages\/19792\/revisions"}],"predecessor-version":[{"id":31592,"href":"https:\/\/steinberglawfirm-staging.clmcloud.app\/es\/wp-json\/wp\/v2\/pages\/19792\/revisions\/31592"}],"up":[{"embeddable":true,"href":"https:\/\/steinberglawfirm-staging.clmcloud.app\/es\/wp-json\/wp\/v2\/pages\/175"}],"wp:featuredmedia":[{"embeddable":true,"href":"https:\/\/steinberglawfirm-staging.clmcloud.app\/es\/wp-json\/wp\/v2\/media\/20063"}],"wp:attachment":[{"href":"https:\/\/steinberglawfirm-staging.clmcloud.app\/es\/wp-json\/wp\/v2\/media?parent=19792"}],"curies":[{"name":"wp","href":"https:\/\/api.w.org\/{rel}","templated":true}]}}