{"id":19785,"date":"2022-04-15T21:57:14","date_gmt":"2022-04-15T21:57:14","guid":{"rendered":"https:\/\/www.steinberglawfirm.com\/?page_id=19785"},"modified":"2022-04-15T21:57:16","modified_gmt":"2022-04-15T21:57:16","slug":"disability-benefit-categories-for-workers-compensation","status":"publish","type":"page","link":"https:\/\/steinberglawfirm-staging.clmcloud.app\/es\/indemnizacion-de-los-trabajadores\/categorias-de-prestaciones-de-invalidez-para-la-indemnizacion-de-los-trabajadores\/","title":{"rendered":"Categor\u00edas de prestaciones por incapacidad para la compensaci\u00f3n de los trabajadores"},"content":{"rendered":"<h1 class=\"wp-block-heading\">Categor\u00edas de prestaciones por incapacidad para la compensaci\u00f3n de los trabajadores<\/h1>\n\n\n\n<div style=\"height:20px\" aria-hidden=\"true\" class=\"wp-block-spacer\"><\/div>\n\n\n\n<p>Parte del acuerdo impl\u00edcito en cualquier&nbsp;<a href=\"https:\/\/steinberglawfirm.com\/practice-areas\/workers-compensation\/\" target=\"_blank\" rel=\"noopener\">indemnizaci\u00f3n por accidente de trabajo<\/a>&nbsp;es que el perjudicado sea debidamente indemnizado por cualquier incapacidad sufrida por un accidente de trabajo. En South Carolina se utilizan dos criterios principales para determinar la indemnizaci\u00f3n: si su incapacidad es temporal o permanente, y si es parcial o total. Esta determinaci\u00f3n puede suponer una gran diferencia en lo que usted recibe.<\/p>\n\n\n\n<p>Si se ha lesionado en el transcurso de su trabajo y est\u00e1 pensando en presentar una reclamaci\u00f3n de indemnizaci\u00f3n laboral, los abogados de lesiones laborales de Charleston est\u00e1n aqu\u00ed para usted. Desde&nbsp;<a href=\"https:\/\/steinberglawfirm.com\/how-to-file-workers-compensation-claim-south-carolina\/\" target=\"_blank\" rel=\"noopener\">ayudarle a presentar su reclamaci\u00f3n<\/a>&nbsp;hasta representarlo en una audiencia, podemos ayudar con cada paso del proceso. Ll\u00e1menos al 843-720-2800 para una revisi\u00f3n gratuita de su caso.<\/p>\n\n\n\n<h3 class=\"wp-block-heading\"><strong>Salario medio semanal en South Carolina<\/strong><\/h3>\n\n\n\n<p>En el estado de South Carolina, sus prestaciones se calculan en funci\u00f3n de su salario medio semanal. El Estado determina su salario medio semanal calculando cu\u00e1nto ha ganado, de media, cada semana durante los \u00faltimos cuatro trimestres fiscales. Por lo general, se le pagar\u00e1n 2\/3 de su salario medio semanal durante el tiempo que est\u00e9 incapacitado.<\/p>\n\n\n\n<p>South Carolina impone dos restricciones al salario medio semanal. En primer lugar, si se calcula que su salario medio semanal es inferior a $75, se le pagar\u00e1 su salario completo mientras est\u00e9 incapacitado. En segundo lugar, si 2\/3 de su salario medio semanal es superior al salario medio semanal del estado de South Carolina, su incapacidad se reducir\u00e1 para que s\u00f3lo se le pague la media del estado.<\/p>\n\n\n\n<h3 class=\"wp-block-heading\"><strong>Discapacidad total<\/strong><\/h3>\n\n\n\n<p>Cuando sus lesiones le impiden trabajar por completo, puede optar a la incapacidad total. La incapacidad total le proporciona 2\/3 de su salario medio semanal durante un m\u00e1ximo de 500 semanas. El alcance de sus lesiones tambi\u00e9n puede afectar a sus prestaciones. De acuerdo con la ley South Carolina, usted tiene derecho a las prestaciones por incapacidad total temporal si su lesi\u00f3n provoca alguna de las siguientes situaciones:<\/p>\n\n\n\n<ul class=\"wp-block-list\"><li>Perder el uso de ambas manos<\/li><li>Perder el uso de ambos brazos<\/li><li>Perder el uso de ambos pies<\/li><li>Perder el uso de ambas piernas<\/li><li>Perder el uso de ambas caderas<\/li><li>Perder la visi\u00f3n en ambos ojos<\/li><li>Perder dos de los anteriores (por ejemplo, el uso de una mano y un pie)<\/li><li>Perder el uso de ambos hombros<\/li><\/ul>\n\n\n\n<p>Si sus lesiones son permanentes, puede optar a las prestaciones totales permanentes y recibir 2\/3 de su salario medio semanal durante todo el periodo de 500 semanas. Sin embargo, si sus lesiones le han dejado\u00a0<a href=\"https:\/\/steinberglawfirm.com\/traumatic-brain-injury\/\" target=\"_blank\" rel=\"noopener\">da\u00f1os cerebrales<\/a>o le han dejado parapl\u00e9jico o tetrapl\u00e9jico, no hay l\u00edmite de tiempo: debe recibir las prestaciones durante el resto de su vida.<\/p>\n\n\n\n<h3 class=\"wp-block-heading\"><strong>Incapacidad parcial<\/strong><\/h3>\n\n\n\n<p>Al igual que en el caso de la incapacidad total, las prestaciones por incapacidad parcial se pagan en funci\u00f3n de si las lesiones son permanentes o temporales. Dado que las incapacidades parciales permanentes suelen referirse a la p\u00e9rdida de alguna parte del cuerpo, ya sea por da\u00f1o nervioso o&nbsp;<a href=\"https:\/\/steinberglawfirm.com\/traumatic-amputation-injuries\/\" target=\"_blank\" rel=\"noopener\">amputaci\u00f3n<\/a>Las leyes estatales especifican una indemnizaci\u00f3n por la p\u00e9rdida permanente de cada parte del cuerpo. Una vez m\u00e1s, los pagos por incapacidad se calculan como 2\/3 de su salario medio semanal.<\/p>\n\n\n\n<p><strong>Algunos ejemplos de prestaciones por incapacidad permanente parcial son:<\/strong><\/p>\n\n\n\n<ul class=\"wp-block-list\"><li>65 semanas de pago por perder un pulgar<\/li><li>32 semanas para perder un dedo gordo del pie<\/li><li>10 semanas por perder cualquier otro dedo del pie<\/li><li>220 semanas por perder un brazo<\/li><li>195 semanas por perder una pierna<\/li><li>300 semanas para perder 1-49% del uso de la espalda<\/li><li>140 semanas por perder la visi\u00f3n en un ojo (o perder el ojo)<\/li><\/ul>\n\n\n\n<p>Si su incapacidad parcial es temporal, puede optar a las prestaciones por incapacidad parcial temporal. Estas prestaciones le pagan 2\/3 de su salario medio semanal durante un m\u00e1ximo de 340 semanas. Una vez que se recupere de su lesi\u00f3n, es posible que desee volver a trabajar por un salario completo, y sus pagos por incapacidad temporal cesar\u00e1n cuando empiece a trabajar de nuevo.<\/p>\n\n\n\n<h3 class=\"wp-block-heading\">Charleston Abogados para el pago de incapacidades<\/h3>\n\n\n\n<p>En las oficinas de Steinberg Law Firm, nuestros abogados especializados en indemnizaciones laborales tienen una gran experiencia en derecho laboral y en casos de lesiones en el lugar de trabajo. Sabemos cu\u00e1nto le deben los empleadores y las compa\u00f1\u00edas de seguros, y no tenemos miedo de llevarlos a los tribunales si se niegan a pagar. Su caso de compensaci\u00f3n laboral est\u00e1 en excelentes manos con Steinberg Law.<\/p>\n\n\n\n<p>Para obtener una revisi\u00f3n gratuita del caso de Steinberg Law Firm,&nbsp;<a href=\"https:\/\/steinberglawfirm.com\/contact-us\/\" target=\"_blank\" rel=\"noopener\">contacto con nosotros<\/a>&nbsp;al 843-720-2800. Servimos a los clientes en Charleston, Summerville, y las \u00e1reas circundantes.<\/p>","protected":false},"excerpt":{"rendered":"<p>Categor\u00edas de prestaciones por incapacidad para la compensaci\u00f3n de los trabajadores Parte del acuerdo impl\u00edcito en cualquier caso de compensaci\u00f3n de los trabajadores es que la parte lesionada ser\u00e1 compensada adecuadamente por cualquier incapacidad incurrida por una lesi\u00f3n laboral. En el South Carolina, se utilizan dos criterios principales para determinar la indemnizaci\u00f3n: si su incapacidad es temporal o permanente, y si es parcial o...<\/p>","protected":false},"author":1,"featured_media":0,"parent":8874,"menu_order":0,"comment_status":"closed","ping_status":"closed","template":"","meta":{"_acf_changed":false,"footnotes":""},"class_list":["post-19785","page","type-page","status-publish","hentry"],"acf":[],"_links":{"self":[{"href":"https:\/\/steinberglawfirm-staging.clmcloud.app\/es\/wp-json\/wp\/v2\/pages\/19785"}],"collection":[{"href":"https:\/\/steinberglawfirm-staging.clmcloud.app\/es\/wp-json\/wp\/v2\/pages"}],"about":[{"href":"https:\/\/steinberglawfirm-staging.clmcloud.app\/es\/wp-json\/wp\/v2\/types\/page"}],"author":[{"embeddable":true,"href":"https:\/\/steinberglawfirm-staging.clmcloud.app\/es\/wp-json\/wp\/v2\/users\/1"}],"replies":[{"embeddable":true,"href":"https:\/\/steinberglawfirm-staging.clmcloud.app\/es\/wp-json\/wp\/v2\/comments?post=19785"}],"version-history":[{"count":3,"href":"https:\/\/steinberglawfirm-staging.clmcloud.app\/es\/wp-json\/wp\/v2\/pages\/19785\/revisions"}],"predecessor-version":[{"id":19789,"href":"https:\/\/steinberglawfirm-staging.clmcloud.app\/es\/wp-json\/wp\/v2\/pages\/19785\/revisions\/19789"}],"up":[{"embeddable":true,"href":"https:\/\/steinberglawfirm-staging.clmcloud.app\/es\/wp-json\/wp\/v2\/pages\/8874"}],"wp:attachment":[{"href":"https:\/\/steinberglawfirm-staging.clmcloud.app\/es\/wp-json\/wp\/v2\/media?parent=19785"}],"curies":[{"name":"wp","href":"https:\/\/api.w.org\/{rel}","templated":true}]}}