{"id":19779,"date":"2022-04-15T19:39:31","date_gmt":"2022-04-15T19:39:31","guid":{"rendered":"https:\/\/www.steinberglawfirm.com\/?page_id=19779"},"modified":"2023-07-27T19:41:36","modified_gmt":"2023-07-27T19:41:36","slug":"bedsores-and-pressure-ulcers-in-nursing-home-patients","status":"publish","type":"page","link":"https:\/\/steinberglawfirm-staging.clmcloud.app\/es\/lesiones-personales\/abuso-en-hogares-de-ancianos\/ulceras-de-decubito-y-ulceras-por-presion-en-pacientes-de-residencias-de-ancianos\/","title":{"rendered":"Llagas de cama y \u00falceras por presi\u00f3n en pacientes de residencias de ancianos"},"content":{"rendered":"<h1 class=\"wp-block-heading\">South Carolina Abogados especializados en negligencia en residencias de ancianos<\/h1>\n\n\n\n<div style=\"height:20px\" aria-hidden=\"true\" class=\"wp-block-spacer\"><\/div>\n\n\n\n<h2 class=\"wp-block-heading\"><em>Charleston, South Carolina Abogados para el cuidado de ancianos por abuso y negligencia<\/em><\/h2>\n\n\n\n<div style=\"height:20px\" aria-hidden=\"true\" class=\"wp-block-spacer\"><\/div>\n\n\n\n<p>Seg\u00fan U.S. News &amp; World Report, South Carolina es un lugar popular para jubilarse. Para la jubilaci\u00f3n, las cinco principales ciudades de South Carolina son Columbia, Greenville, Spartanburg, Charleston y Myrtle Beach. A medida que la poblaci\u00f3n de jubilados envejece, la necesidad de asistencia y cuidados de enfermer\u00eda especializada se vuelve cr\u00edtica. Seg\u00fan datos recientes, hay casi 1,3 millones de residentes en residencias de ancianos en Estados Unidos, con m\u00e1s de 16.000 en South Carolina.<\/p>\n\n\n\n<p>Aunque la mayor\u00eda de las residencias de ancianos se esfuerzan por emplear a personal atento y experimentado, hay ocasiones en las que se producen negligencias, abusos y malos tratos a los ancianos. La negligencia y el abuso pueden ser el resultado de la escasez de personal, el descuido de la direcci\u00f3n, la falta de formaci\u00f3n y la ausencia de una comprobaci\u00f3n exhaustiva de los antecedentes. Uno de los problemas m\u00e1s comunes <a href=\"https:\/\/www.steinberglawfirm.com\/personal-injury\/nursing-home-abuse\/signs-of-nursing-home-neglect-in-south-carolina\/\" target=\"_blank\" rel=\"noopener\">signos de negligencia en las residencias de ancianos<\/a> son las escaras, tambi\u00e9n conocidas como \u00falceras por presi\u00f3n.<\/p>\n\n\n\n<p>En el Steinberg Law Firm, nuestro <a href=\"https:\/\/www.steinberglawfirm.com\/practice-areas\/nursing-home-abuse\/\" target=\"_blank\" rel=\"noopener\">dedicado South Carolina abogados de abuso y negligencia en residencias de ancianos<\/a> ayudar a las personas mayores y a sus familias a responsabilizar a los centros negligentes y abusivos de las lesiones de los residentes. Tenemos m\u00e1s de 95 a\u00f1os de experiencia en la b\u00fasqueda de compensaci\u00f3n para las v\u00edctimas de lesiones de ancianos en Charleston y \u00e1reas circundantes.<\/p>\n\n\n\n<h4 class=\"wp-block-heading\">\u00bfQu\u00e9 son las escaras y las \u00falceras por presi\u00f3n?<\/h4>\n\n\n\n<p>El personal de las residencias de ancianos tiene la responsabilidad de asegurarse de que los residentes inmovilizados no permanezcan en la misma posici\u00f3n durante mucho tiempo. Las \u00falceras de dec\u00fabito son \u00falceras por presi\u00f3n que se desarrollan cuando una persona est\u00e1 postrada en la cama o no puede moverse y depende de otros para cambiar su posici\u00f3n.<\/p>\n\n\n\n<p>Cuando un residente experimenta una restricci\u00f3n del flujo sangu\u00edneo durante m\u00e1s de dos o tres horas, su piel se enrojece inicialmente y luego se convierte en un color morado intenso. Las \u00falceras de dec\u00fabito se forman en zonas en las que el cuerpo de una persona entra en contacto con una cama o una silla. Los lugares m\u00e1s comunes donde se forman las \u00falceras por presi\u00f3n son<\/p>\n\n\n\n<ul class=\"wp-block-list\">\n<li>La parte trasera y los lados de las rodillas;<\/li>\n\n\n\n<li>La parte posterior de la cabeza;<\/li>\n\n\n\n<li>Nalgas;<\/li>\n\n\n\n<li>Caderas y coxis;<\/li>\n\n\n\n<li>Los talones de los pies; y<\/li>\n\n\n\n<li>Hombros.<\/li>\n<\/ul>\n\n\n\n<p>Aunque las escaras son dolorosas y f\u00e1ciles de reconocer, los asistentes de las residencias de ancianos pueden pasar por alto la comprobaci\u00f3n de las escaras en el cuerpo de un residente. Desgraciadamente, muchos residentes de residencias de ancianos no pueden defenderse por s\u00ed mismos o, si lo hacen, pueden ser desatendidos por el personal de la residencia o malinterpretados.<\/p>\n\n\n\n<h4 class=\"wp-block-heading\">\u00bfC\u00f3mo identificar las escaras y las \u00falceras por presi\u00f3n?<\/h4>\n\n\n\n<p>Los trabajadores de las residencias asistidas y de las residencias de ancianos son responsables del cuidado de sus residentes. Las escaras que pasan desapercibidas o se ignoran pueden llegar a ser muy graves e incluso poner en peligro la vida.<\/p>\n\n\n\n<p>Los expertos m\u00e9dicos clasifican las escaras en cuatro categor\u00edas en funci\u00f3n de su gravedad:<\/p>\n\n\n\n<p><strong>Etapa 1:<\/strong> La zona afectada se enrojece y se calienta al tocarla. A menudo, el residente mayor puede notar ardor, picor o dolor en la zona.<\/p>\n\n\n\n<p><strong>Etapa 2:<\/strong> La zona afectada muestra signos visibles de da\u00f1o, como una ampolla o una llaga. La piel alrededor de la zona afectada puede decolorarse y el residente puede experimentar un dolor importante.<\/p>\n\n\n\n<p><strong>Etapa 3:<\/strong> La zona afectada tiene un aspecto de cr\u00e1ter, ya que los efectos de la escara llegan m\u00e1s all\u00e1 de la capa superficial de la piel.<\/p>\n\n\n\n<p><strong>Etapa 4:<\/strong> La zona afectada se asemeja a una gran herida que puede extenderse a los m\u00fasculos, articulaciones o tendones cercanos. El paciente corre un riesgo importante de infecci\u00f3n.<\/p>\n\n\n\n<p>Dependiendo de la gravedad de la \u00falcera de dec\u00fabito, los m\u00e9dicos suelen limpiar la zona afectada, eliminar la piel muerta y cubrir la herida. En algunos casos, el m\u00e9dico puede recomendar la administraci\u00f3n de antibi\u00f3ticos para evitar la infecci\u00f3n. Tambi\u00e9n es fundamental que quien sufra \u00falceras de dec\u00fabito no presione la zona afectada y mantenga una dieta saludable.<\/p>\n\n\n\n<h4 class=\"wp-block-heading\">Prevenci\u00f3n de las \u00falceras por presi\u00f3n y las escaras<\/h4>\n\n\n\n<p><a href=\"https:\/\/www.steinberglawfirm.com\/bedsores-and-nursing-home-negligence\/\" target=\"_blank\" rel=\"noopener\">Las escaras y las \u00falceras por presi\u00f3n son evitables<\/a>. El personal del centro debe cambiar de posici\u00f3n a los residentes con regularidad, al menos cada dos horas. Al cambiar de posici\u00f3n a un residente, los miembros del personal deben prestar especial atenci\u00f3n a cualquier zona del cuerpo que entre frecuentemente en contacto directo con la cama.<\/p>\n\n\n\n<p>Adem\u00e1s, los residentes de residencias de ancianos o viviendas asistidas deben pasar un tiempo adecuado cada d\u00eda en posici\u00f3n vertical, en una silla de ruedas si es necesario. Sin embargo, el personal debe estar atento para asegurarse de que las zonas propensas a las escaras no soporten el peso del residente cuando est\u00e9 sentado en una silla de ruedas.<\/p>\n\n\n\n<p>El personal tambi\u00e9n debe tomar precauciones al ba\u00f1ar a los residentes. Es esencial asegurarse de que los residentes est\u00e9n completamente secos antes de meterse en la cama, ya que cualquier resto de humedad en el cuerpo puede acelerar la degradaci\u00f3n de la piel.<\/p>\n\n\n\n<h4 class=\"wp-block-heading\">\u00bfPuede una residencia de ancianos ser responsable econ\u00f3micamente de las lesiones relacionadas con las escaras y las \u00falceras por presi\u00f3n?<\/h4>\n\n\n\n<p>Cuando una residencia de ancianos acepta a un residente a su cuidado, asume la responsabilidad legal de proporcionar un determinado nivel de atenci\u00f3n. Muchas residencias de ancianos ten\u00edan dificultades para contratar y mantener suficiente personal antes de la COVID-19. Desde el comienzo de la pandemia, la <a href=\"https:\/\/www.steinberglawfirm.com\/practice-areas\/nursing-home-abuse\/nursing-home-staff-shortages-lead-to-elder-neglect-in-south-carolina\/\" target=\"_blank\" rel=\"noopener\">la escasez de personal no ha hecho m\u00e1s que empeorar<\/a>. En cualquier caso, la direcci\u00f3n de la residencia de ancianos debe garantizar una dotaci\u00f3n de personal adecuada.<\/p>\n\n\n\n<p>Si un residente de una residencia de ancianos desarrolla escaras o \u00falceras por presi\u00f3n, no significa necesariamente que el centro haya sido negligente. Sin embargo, es una posibilidad real. Las residencias de ancianos son responsables de garantizar una cobertura de personal adecuada para satisfacer las necesidades de los residentes. Cuando la direcci\u00f3n de la residencia de ancianos da prioridad a la reducci\u00f3n de costes sobre la seguridad de los residentes, puede ser responsable a trav\u00e9s de una demanda por negligencia en la residencia de ancianos.<\/p>\n\n\n\n<p>A <a href=\"https:\/\/www.steinberglawfirm.com\/practice-areas\/nursing-home-abuse\/\" target=\"_blank\" rel=\"noopener\">la demanda por negligencia en residencias de ancianos es una reclamaci\u00f3n por da\u00f1os personales<\/a>. Un residente de una residencia de ancianos (o su familiar) interpone una demanda civil contra el centro por las lesiones causadas al residente. Para tener \u00e9xito en una demanda por negligencia en un hogar de ancianos, el residente debe demostrar que un miembro del personal o del equipo de gesti\u00f3n viol\u00f3 el deber de cuidado que se le debe al residente, lo que caus\u00f3 sus lesiones.<\/p>\n\n\n\n<h3 class=\"wp-block-heading\">P\u00f3ngase en contacto con un abogado de abuso de hogar de ancianos South Carolina para programar una consulta gratuita<\/h3>\n\n\n\n<p>En el contexto de las escaras y las \u00falceras por presi\u00f3n, no cabe duda de que <a href=\"https:\/\/www.steinberglawfirm.com\/practice-areas\/nursing-home-abuse\/residents-bill-of-rights\/\" target=\"_blank\" rel=\"noopener\">las residencias de ancianos tienen el deber de cuidar a los residentes<\/a>. Las residencias de ancianos suelen alegar que han prestado una atenci\u00f3n adecuada y que las escaras son consecuencia de algo que no tiene que ver con la negligencia del centro.<\/p>\n\n\n\n<p>Si usted o un ser querido han desarrollado recientemente escaras o \u00falceras por presi\u00f3n en una residencia de ancianos, esto puede deberse a una atenci\u00f3n inadecuada. En el <a href=\"https:\/\/www.steinberglawfirm.com\/\" target=\"_blank\" rel=\"noopener\">Steinberg Law Firm<\/a>, nuestro <a href=\"https:\/\/www.steinberglawfirm.com\/practice-areas\/nursing-home-abuse\/\" target=\"_blank\" rel=\"noopener\">abogados de negligencia y abuso en residencias de ancianos<\/a> trabajar estrechamente con los residentes y sus familias para ayudarles a conseguir una compensaci\u00f3n significativa por las lesiones de un residente.<\/p>\n\n\n\n<p>Para saber m\u00e1s y <a href=\"https:\/\/www.steinberglawfirm.com\/free-consultation\/\" target=\"_blank\" rel=\"noopener\">programar una consulta gratuita<\/a> con un <a href=\"https:\/\/www.steinberglawfirm.com\/practice-areas\/nursing-home-abuse\/\" target=\"_blank\" rel=\"noopener\">South Carolina abogado de negligencia en residencias de ancianos<\/a>, <a href=\"tel:1-843-720-2800\">llame al Steinberg Law Firm al (843) 720-2800<\/a>. Tambi\u00e9n puede <a href=\"https:\/\/www.steinberglawfirm.com\/contact-us\/\" target=\"_blank\" rel=\"noopener\">p\u00f3ngase en contacto con nosotros a trav\u00e9s de nuestro formulario de contacto en l\u00ednea<\/a>.<\/p>","protected":false},"excerpt":{"rendered":"<p>South Carolina Abogados de negligencia en hogares de ancianos Charleston, South Carolina Abogados de cuidado de ancianos por abuso y negligencia Seg\u00fan U.S. News &amp; World Report, South Carolina es un lugar popular para retirarse. Para la jubilaci\u00f3n, las cinco principales ciudades en South Carolina son Columbia, Greenville, Spartanburg, Charleston y Myrtle Beach. Como la poblaci\u00f3n de jubilados...<\/p>","protected":false},"author":1,"featured_media":19836,"parent":782,"menu_order":0,"comment_status":"closed","ping_status":"closed","template":"","meta":{"_acf_changed":false,"footnotes":""},"class_list":["post-19779","page","type-page","status-publish","has-post-thumbnail","hentry"],"acf":[],"_links":{"self":[{"href":"https:\/\/steinberglawfirm-staging.clmcloud.app\/es\/wp-json\/wp\/v2\/pages\/19779"}],"collection":[{"href":"https:\/\/steinberglawfirm-staging.clmcloud.app\/es\/wp-json\/wp\/v2\/pages"}],"about":[{"href":"https:\/\/steinberglawfirm-staging.clmcloud.app\/es\/wp-json\/wp\/v2\/types\/page"}],"author":[{"embeddable":true,"href":"https:\/\/steinberglawfirm-staging.clmcloud.app\/es\/wp-json\/wp\/v2\/users\/1"}],"replies":[{"embeddable":true,"href":"https:\/\/steinberglawfirm-staging.clmcloud.app\/es\/wp-json\/wp\/v2\/comments?post=19779"}],"version-history":[{"count":6,"href":"https:\/\/steinberglawfirm-staging.clmcloud.app\/es\/wp-json\/wp\/v2\/pages\/19779\/revisions"}],"predecessor-version":[{"id":26597,"href":"https:\/\/steinberglawfirm-staging.clmcloud.app\/es\/wp-json\/wp\/v2\/pages\/19779\/revisions\/26597"}],"up":[{"embeddable":true,"href":"https:\/\/steinberglawfirm-staging.clmcloud.app\/es\/wp-json\/wp\/v2\/pages\/782"}],"wp:featuredmedia":[{"embeddable":true,"href":"https:\/\/steinberglawfirm-staging.clmcloud.app\/es\/wp-json\/wp\/v2\/media\/19836"}],"wp:attachment":[{"href":"https:\/\/steinberglawfirm-staging.clmcloud.app\/es\/wp-json\/wp\/v2\/media?parent=19779"}],"curies":[{"name":"wp","href":"https:\/\/api.w.org\/{rel}","templated":true}]}}