{"id":19775,"date":"2022-04-15T19:30:03","date_gmt":"2022-04-15T19:30:03","guid":{"rendered":"https:\/\/www.steinberglawfirm.com\/?page_id=19775"},"modified":"2023-05-08T19:06:38","modified_gmt":"2023-05-08T19:06:38","slug":"back-injuries-arising-from-south-carolina-boat-accidents","status":"publish","type":"page","link":"https:\/\/steinberglawfirm-staging.clmcloud.app\/es\/lesiones-personales\/accidentes-de-barco\/lesiones-de-espalda-por-accidentes-de-barco-en-carolina-del-sur\/","title":{"rendered":"Lesiones de espalda derivadas de accidentes de barco South Carolina"},"content":{"rendered":"<h1 class=\"wp-block-heading\">South Carolina Lesi\u00f3n de espalda por accidente de barco Abogado<\/h1>\n\n\n\n<div style=\"height:20px\" aria-hidden=\"true\" class=\"wp-block-spacer\"><\/div>\n\n\n\n<h2 class=\"wp-block-heading\">Abogados especializados en accidentes de motos acu\u00e1ticas al servicio de las v\u00edctimas del South Carolina<\/h2>\n\n\n\n<div style=\"height:20px\" aria-hidden=\"true\" class=\"wp-block-spacer\"><\/div>\n\n\n\n<p><br>En el Steinberg Law Firm, <a href=\"https:\/\/www.steinberglawfirm.com\/practice-areas\/boat-accidents\/\" target=\"_blank\" rel=\"noopener\">nuestros abogados de accidentes de barco representan a las v\u00edctimas de accidentes de barco<\/a> que sufri\u00f3 graves lesiones en la espalda debido a la negligencia de otro. Desde <a href=\"https:\/\/www.steinberglawfirm.com\/about-us\/\" target=\"_blank\" rel=\"noopener\">nuestra empresa se fund\u00f3 hace m\u00e1s de 95 a\u00f1os<\/a>Hemos proporcionado a las v\u00edctimas de accidentes y a sus familias en todo South Carolina una representaci\u00f3n compasiva, dedicada y agresiva. Entendemos los desaf\u00edos que enfrenta en el camino de la recuperaci\u00f3n, y estamos aqu\u00ed para responder a sus preguntas y ayudarle en todo lo que podamos.<br>\u00a0<br><strong>Estad\u00edsticas de accidentes de barco<\/strong><br>\u00a0<br>Seg\u00fan un informe reciente de la Guardia Costera de Estados Unidos, se produjeron 4.168 accidentes de barco. Estos accidentes provocaron m\u00e1s de 2.500 heridos y 613 muertos.\u00a0\u00a0<br>\u00a0<br>El informe m\u00e1s reciente de la Guardia Costera muestra las cinco principales causas de los accidentes de barco. Estas son:<br>- Falta de atenci\u00f3n del operador<br>- Vigilancia inadecuada<br>- Inexperiencia del operador<br>- Velocidad excesiva<br>- Consumo de alcohol<br>\u00a0<br>En muchos accidentes de embarcaciones South Carolina pueden intervenir varias de estas causas. Por ejemplo, la Guardia Costera estima que el alcohol est\u00e1 implicado en el 23 por ciento de todos los <a href=\"https:\/\/www.steinberglawfirm.com\/practice-areas\/boat-accidents\/fatal-boat-accident\/\" target=\"_blank\" rel=\"noopener\">accidentes de barco mortales<\/a>. Los conductores bajo los efectos del alcohol son mucho m\u00e1s propensos a adoptar un comportamiento de riesgo al volante, lo que aumenta las posibilidades de que se produzca un accidente grave con la embarcaci\u00f3n.\u00a0<br>\u00a0<br>Cuando son manejadas con seguridad por una persona cualificada, las embarcaciones son relativamente seguras. Sin embargo, los problemas surgen cuando los conductores inexpertos manejan una embarcaci\u00f3n de forma negligente. Desgraciadamente, los navegantes inexpertos son habituales. Seg\u00fan los datos de la Guardia Costera, en el 70% de los accidentes mortales de embarcaciones estaba implicado un operador que no hab\u00eda recibido instrucci\u00f3n sobre seguridad en la navegaci\u00f3n.\u00a0<br>\u00a0<br><strong>Lesiones comunes en la espalda tras un accidente de barco South Carolina<\/strong><br>\u00a0<br>Las lesiones de espalda son uno de los tipos de lesiones m\u00e1s catastr\u00f3ficos. Las lesiones de la espalda y la columna vertebral var\u00edan en gravedad, pero pueden causar s\u00edntomas de por vida.\u00a0<br>\u00a0<br>Las lesiones de espalda m\u00e1s preocupantes son <a href=\"https:\/\/www.steinberglawfirm.com\/practice-areas\/boat-accidents\/spine-injury\/\" target=\"_blank\" rel=\"noopener\">da\u00f1os en la m\u00e9dula espinal<\/a>, una estructura blanda y gelatinosa que recorre la columna vertebral. Cuando se aplica una fuerza excesiva a la columna vertebral, estos peque\u00f1os huesos, llamados v\u00e9rtebras, pueden fracturarse o romperse. Los trozos de hueso pueden quedar alojados contra la m\u00e9dula espinal, causando un dolor insoportable, limitaci\u00f3n de movimiento e incluso par\u00e1lisis.\u00a0<br>\u00a0<br>Las lesiones de espalda m\u00e1s comunes en los accidentes de barco South Carolina incluyen:<br>\u00a0<br>- Fracturas por compresi\u00f3n<br>- Fracturas de v\u00e9rtebras\u00a0<br>- Tensiones en la espalda<br>- Esguinces de espalda<br>- Hernias, roturas o hernias discales<br>- Espalda rota<br>- <a href=\"https:\/\/www.steinberglawfirm.com\/practice-areas\/boat-accidents\/neck-injury\/\" target=\"_blank\" rel=\"noopener\">Cuello roto<\/a><br>\u00a0<br><strong>C\u00f3mo obtener una indemnizaci\u00f3n por un accidente de barco South Carolina\u00a0<\/strong><br>\u00a0<br>Los que sufren <a href=\"https:\/\/www.steinberglawfirm.com\/personal-injury\/boat-accidents\/river-water-sports-injury-lawyers\/\" target=\"_blank\" rel=\"noopener\">lesiones de espalda tras un accidente de barco South Carolina<\/a> se enfrentan a un dif\u00edcil camino hacia la recuperaci\u00f3n. Las lesiones de espalda tardan mucho en curarse y los s\u00edntomas pueden persistir indefinidamente. Adem\u00e1s de recuperarse de las lesiones f\u00edsicas y mentales, las v\u00edctimas de accidentes de barco tendr\u00e1n que hacer frente a gastos m\u00e9dicos y facturas.<br>\u00a0<br>Las v\u00edctimas de accidentes de barco tienen derecho a una indemnizaci\u00f3n por sus lesiones y da\u00f1os. En el Steinberg Law Firm, queremos ayudarle a presentar una reclamaci\u00f3n contra las partes responsables de sus lesiones. Seg\u00fan la ley South Carolina, generalmente hay dos tipos de da\u00f1os en una reclamaci\u00f3n por da\u00f1os personales: da\u00f1os econ\u00f3micos y no econ\u00f3micos. Los da\u00f1os econ\u00f3micos son relativamente sencillos y suelen incluir:<br>\u00a0<br>- Facturas m\u00e9dicas anteriores<br>- Futuros gastos m\u00e9dicos<br>- Costes relacionados con las modificaciones necesarias en su casa (como rampas)<br>- Salarios perdidos<br>\u00a0\u00a0<br>Los da\u00f1os no econ\u00f3micos no tienen un valor monetario f\u00e1cilmente asignable. Algunos ejemplos de da\u00f1os no econ\u00f3micos son los siguientes:<br>\u00a0<br>- Dolor y sufrimiento<br>- Angustia mental<br>- Angustia emocional<br>- Discapacidad f\u00edsica<br>- P\u00e9rdida de la sociedad o del compa\u00f1erismo<br>- P\u00e9rdida de consorcio (en una relaci\u00f3n conyugal)<br>\u00a0<br>Contar con la asistencia de un <a href=\"https:\/\/www.steinberglawfirm.com\/practice-areas\/boat-accidents\/\" target=\"_blank\" rel=\"noopener\">abogado con experiencia en accidentes de barco South Carolina<\/a> puede facilitar el proceso de identificaci\u00f3n de todos sus posibles da\u00f1os, para que pueda tomarse un tiempo para recuperarse mientras luchamos por la compensaci\u00f3n que merece.<br>\u00a0<\/p>\n\n\n\n<h3 class=\"wp-block-heading\">P\u00f3ngase en contacto con los experimentados abogados de accidentes de barco South Carolina en el Steinberg Law Firm<\/h3>\n\n\n\n<p>&nbsp;<br>Si usted o un ser querido se ha lesionado recientemente en un accidente de barco South Carolina, puede tener derecho a una compensaci\u00f3n econ\u00f3mica por sus lesiones. Las lesiones de espalda pueden tardar a\u00f1os en curarse, y es posible que nunca vuelva a estar en las mismas condiciones que antes del accidente. Podemos ayudarle a identificar estos gastos y a presentar una reclamaci\u00f3n contra los responsables de sus lesiones. En los \u00faltimos 95 a\u00f1os, el <a href=\"https:\/\/www.steinberglawfirm.com\/\" target=\"_blank\" rel=\"noopener\">Steinberg Law Firm ha fomentado una larga reputaci\u00f3n<\/a> por la excelencia, la compasi\u00f3n y la dedicaci\u00f3n a nuestros clientes y su bienestar. Cuando usted est\u00e1 listo para hablar con un abogado sobre el accidente de barco que caus\u00f3 sus lesiones en la espalda, usted puede <a href=\"tel:1-843-720-2800\">contacte con un abogado de Steinberg Law Firm en el 843-720-2800<\/a>. Tambi\u00e9n puede <a href=\"https:\/\/www.steinberglawfirm.com\/contact-us\/\" target=\"_blank\" rel=\"noopener\">p\u00f3ngase en contacto con nosotros a trav\u00e9s de nuestro formulario en l\u00ednea<\/a>y <a href=\"https:\/\/www.steinberglawfirm.com\/attorney\/\" target=\"_blank\" rel=\"noopener\">uno de nuestros abogados<\/a> se pondr\u00e1 en contacto con usted en breve. <a href=\"https:\/\/www.steinberglawfirm.com\/free-consultation\/\" target=\"_blank\" rel=\"noopener\">Ofrecemos consultas gratuitas<\/a> y <a href=\"https:\/\/www.steinberglawfirm.com\/no-fee-unless-you-win\/\" target=\"_blank\" rel=\"noopener\">no cobramos ninguna comisi\u00f3n a menos que cobremos una indemnizaci\u00f3n<\/a> para ti.<\/p>","protected":false},"excerpt":{"rendered":"<p>South Carolina Lesi\u00f3n de espalda por accidente de barco Abogado de lesiones por accidente de moto de agua al servicio de las v\u00edctimas de South Carolina En el Steinberg Law Firm, nuestros abogados de accidentes de barco representan a las v\u00edctimas de accidentes de barco que sufrieron graves lesiones de espalda debido a la negligencia de otro. Desde el inicio de nuestra firma hace m\u00e1s de 95 a\u00f1os, hemos proporcionado a las v\u00edctimas de accidentes y sus...<\/p>","protected":false},"author":1,"featured_media":20077,"parent":18276,"menu_order":0,"comment_status":"closed","ping_status":"closed","template":"","meta":{"_acf_changed":false,"footnotes":""},"class_list":["post-19775","page","type-page","status-publish","has-post-thumbnail","hentry"],"acf":[],"_links":{"self":[{"href":"https:\/\/steinberglawfirm-staging.clmcloud.app\/es\/wp-json\/wp\/v2\/pages\/19775"}],"collection":[{"href":"https:\/\/steinberglawfirm-staging.clmcloud.app\/es\/wp-json\/wp\/v2\/pages"}],"about":[{"href":"https:\/\/steinberglawfirm-staging.clmcloud.app\/es\/wp-json\/wp\/v2\/types\/page"}],"author":[{"embeddable":true,"href":"https:\/\/steinberglawfirm-staging.clmcloud.app\/es\/wp-json\/wp\/v2\/users\/1"}],"replies":[{"embeddable":true,"href":"https:\/\/steinberglawfirm-staging.clmcloud.app\/es\/wp-json\/wp\/v2\/comments?post=19775"}],"version-history":[{"count":6,"href":"https:\/\/steinberglawfirm-staging.clmcloud.app\/es\/wp-json\/wp\/v2\/pages\/19775\/revisions"}],"predecessor-version":[{"id":24651,"href":"https:\/\/steinberglawfirm-staging.clmcloud.app\/es\/wp-json\/wp\/v2\/pages\/19775\/revisions\/24651"}],"up":[{"embeddable":true,"href":"https:\/\/steinberglawfirm-staging.clmcloud.app\/es\/wp-json\/wp\/v2\/pages\/18276"}],"wp:featuredmedia":[{"embeddable":true,"href":"https:\/\/steinberglawfirm-staging.clmcloud.app\/es\/wp-json\/wp\/v2\/media\/20077"}],"wp:attachment":[{"href":"https:\/\/steinberglawfirm-staging.clmcloud.app\/es\/wp-json\/wp\/v2\/media?parent=19775"}],"curies":[{"name":"wp","href":"https:\/\/api.w.org\/{rel}","templated":true}]}}