{"id":177,"date":"2017-06-15T12:16:53","date_gmt":"2017-06-15T12:16:53","guid":{"rendered":"https:\/\/67.43.6.64\/~steinberglawfirm\/?page_id=177"},"modified":"2024-07-30T18:56:28","modified_gmt":"2024-07-30T18:56:28","slug":"wrongful-death","status":"publish","type":"page","link":"https:\/\/steinberglawfirm-staging.clmcloud.app\/es\/lesiones-personales\/muerte-por-negligencia\/","title":{"rendered":"South Carolina Abogados de muerte por negligencia"},"content":{"rendered":"<h6>\n\t\tObtenci\u00f3n de resultados\n\t<\/h6>\n<h4>\n\t\t$1,45 millones\n\t<\/h4>\n<h5>\n\t\tAccidente de tr\u00e1fico mortal\n\t<\/h5>\n<h1>\n\t\tCharleston, South Carolina Abogados de Muerte Injusta\n\t<\/h1>\n\t<p>Cuando un ser querido muere inesperadamente, la vida cambia para siempre para los que quedan atr\u00e1s. Una p\u00e9rdida tan grande es devastadora, pero se hace especialmente dif\u00edcil cuando el <a href=\"https:\/\/www.steinberglawfirm.com\/locations\/goose-creek\/wrongful-death-attorneys\/\" target=\"_blank\" rel=\"noopener\">la muerte fue causada por la negligencia de otra persona<\/a> y podr\u00eda haberse evitado.<\/p>\n<h6>\n\t\tPara una revisi\u00f3n gratuita del caso, ll\u00e1menos al 843-720-2800.\n\t<\/h6>\n<h4>\n\t\tRepresentando a personas lesionadas desde 1927\n\t<\/h4>\n<h2>\n\t\tAbogados de Muerte Injusta que representan a clientes en Charleston y en todo South Carolina\n\t<\/h2>\n<h4>\n\t\tSabemos que su mundo se detiene cuando experimenta la p\u00e9rdida repentina de un ser querido. \n\t<\/h4>\n\t<p>La muerte de un ser querido tambi\u00e9n puede suponer una importante carga econ\u00f3mica; los familiares supervivientes pueden tener que hacer frente a las facturas m\u00e9dicas, los gastos funerarios y la p\u00e9rdida de ingresos. En estos casos, los supervivientes pueden presentar una demanda por homicidio culposo contra la parte responsable. Ninguna cantidad de dinero reemplazar\u00e1 a un ser querido, pero puede ayudar a encontrar una nueva normalidad m\u00e1s f\u00e1cilmente.<\/p>\n<p>Los abogados de muerte por negligencia de Steinberg Law Firm entienden lo dif\u00edcil que es esta situaci\u00f3n y se comprometen a ayudar a las familias en duelo\u00a0<a href=\"https:\/\/www.steinberglawfirm.com\/results\/\" target=\"_blank\" rel=\"noopener\">obtener la compensaci\u00f3n<\/a>\u00a0y el cierre que merecen.<\/p>\n\t\t\t\t<img decoding=\"async\" src=\"https:\/\/www.steinberglawfirm.com\/wp-content\/uploads\/2022\/01\/quote-blue-outline-2022.svg\" alt=\"Comillas\" title=\"quote-blue-outline-2022\" itemprop=\"image\"\/>\n\t\t<h5>Lo que dicen nuestros clientes:<\/h5>\t\t\t\n\t\t\t\t<p>En mi momento m\u00e1s desesperado e incierto de necesidad, el bufete de abogados Steinberg estuvo all\u00ed asegur\u00e1ndome que todo estar\u00eda bien. Nunca me dejaron preguntando en qu\u00e9 situaci\u00f3n estaba nuestro caso. Fueron extremadamente educados y me trataron muy amablemente. El personal y los abogados son incre\u00edbles. - Susan<\/p>\n<h6>\n\t\tResponder a sus preguntas\n\t<\/h6>\n\t<p>Nuestro equipo de abogados especializados en muerte por negligencia se encargar\u00e1 de su caso con la sensibilidad, compasi\u00f3n y habilidad necesarias para ayudarle y apoyarle.<\/p>\n\t\t\t\t<img decoding=\"async\" src=\"https:\/\/www.steinberglawfirm.com\/wp-content\/uploads\/2022\/01\/question-white-outline.svg\" alt=\"Signo de interrogaci\u00f3n\" title=\"question-white-outline\" itemprop=\"image\"\/>\n\t\t<h4>\u00bfC\u00f3mo puedo ser indemnizado en un caso de muerte por negligencia?<\/h4>\t\t\t\n\t\t\t\t<p>Aunque nadie puede reemplazar lo que le han quitado, otros pueden verse obligados a proporcionar una compensaci\u00f3n para ayudarle a empezar a juntar las piezas. Si <a href=\"https:\/\/www.steinberglawfirm.com\/locations\/mount-pleasant\/wrongful-death-attorney\/\" target=\"_blank\" rel=\"noopener\">la negligencia de alguien caus\u00f3 la muerte de un ser querido<\/a>En el caso de la muerte de un familiar, usted podr\u00eda tener derecho a reclamar una indemnizaci\u00f3n por los gastos m\u00e9dicos, los salarios perdidos, la p\u00e9rdida de beneficios futuros y los gastos funerarios de su ser querido, as\u00ed como por su angustia emocional, la p\u00e9rdida de una relaci\u00f3n matrimonial y la p\u00e9rdida de compa\u00f1\u00eda. Tambi\u00e9n es posible que pueda recuperar el dolor y el sufrimiento que su ser querido experiment\u00f3 antes de su muerte.<\/p>\n<h3>\n\t\tC\u00f3mo se producen las muertes por negligencia\n\t<\/h3>\n\t<p>Una muerte por negligencia es la causada por las acciones deliberadas, imprudentes o negligentes de otra persona. La muerte por negligencia se convierte en la base de una demanda, que a veces puede presentarse cuando la acci\u00f3n penal no es posible o no tiene \u00e9xito. Las demandas por homicidio culposo suelen estar relacionadas con:<\/p>\n\t<ul>\n<li><a href=\"https:\/\/www.steinberglawfirm.com\/personal-injury\/auto-accidents\/\" target=\"_blank\" rel=\"noopener\">Accidentes de tr\u00e1fico<\/a><\/li>\n<li><a href=\"https:\/\/www.steinberglawfirm.com\/personal-injury\/truck-accidents\/\" target=\"_blank\" rel=\"noopener\">Accidentes de camiones<\/a><\/li>\n<li><a href=\"https:\/\/www.steinberglawfirm.com\/personal-injury\/motorcycle-accidents\/\" target=\"_blank\" rel=\"noopener\">Accidente de moto<\/a><\/li>\n<li><a href=\"https:\/\/www.steinberglawfirm.com\/personal-injury\/wrongful-death\/fatal-pedestrian-accidents\/\" target=\"_blank\" rel=\"noopener\">Accidente de peat\u00f3n<\/a><\/li>\n<li><a href=\"https:\/\/www.steinberglawfirm.com\/articles\/dui-car-accidents\/\" target=\"_blank\" rel=\"noopener\">DUI<\/a><\/li>\n<li><a href=\"https:\/\/www.steinberglawfirm.com\/personal-injury\/medical-malpractice\/\" target=\"_blank\" rel=\"noopener\">Negligencia m\u00e9dica<\/a><\/li>\n<\/ul>\n\t<ul>\n<li><a href=\"https:\/\/www.steinberglawfirm.com\/personal-injury\/premises-liability\/slip-and-fall\/\" target=\"_blank\" rel=\"noopener\">Resbalones y ca\u00eddas<\/a><\/li>\n<li><a href=\"https:\/\/www.steinberglawfirm.com\/personal-injury\/boat-accidents\/\" target=\"_blank\" rel=\"noopener\">Accidentes de navegaci\u00f3n<\/a><\/li>\n<li><a href=\"https:\/\/www.steinberglawfirm.com\/personal-injury\/dangerous-products\/\" target=\"_blank\" rel=\"noopener\">Productos peligrosos<\/a><\/li>\n<li><a href=\"https:\/\/www.steinberglawfirm.com\/personal-injury\/premises-liability\/\" target=\"_blank\" rel=\"noopener\">Responsabilidad de los locales<\/a><\/li>\n<li><a href=\"https:\/\/www.steinberglawfirm.com\/locations\/summerville\/car-accident-lawyer\/\" target=\"_blank\" rel=\"noopener\">Accidentes de tr\u00e1fico<\/a><\/li>\n<\/ul>\n<h5>\n\t\tEstamos siempre a disposici\u00f3n de los clientes\n\t<\/h5>\n<h4>\n\t\tMuerte por negligencia en accidentes de tr\u00e1fico\n\t<\/h4>\n<h5>\n\t\tResponsabilizar a las partes negligentes\n\t<\/h5>\n<h5>\n\t\tTal vez el tipo m\u00e1s com\u00fan de demanda por homicidio culposo se derive de alg\u00fan tipo de accidente automovil\u00edstico.\n\t<\/h5>\n\t<p>Cada a\u00f1o mueren unas 40.000 personas en <a href=\"https:\/\/www.steinberglawfirm.com\/locations\/north-charleston\/car-accident-lawyer\/fatal-car-accident-lawyer\/\" target=\"_blank\" rel=\"noopener\">accidentes automovil\u00edsticos mortales<\/a> en los Estados Unidos, seg\u00fan la Administraci\u00f3n Nacional de Seguridad del Tr\u00e1fico en las Carreteras, y m\u00e1s del 30% de estos accidentes est\u00e1n relacionados con el alcohol. En el caso de las muertes por accidente de tr\u00e1fico, se puede pedir una indemnizaci\u00f3n a los conductores individuales, a las empresas de transporte comercial, a los servicios de transporte compartido como <a href=\"https:\/\/www.steinberglawfirm.com\/personal-injury\/auto-accidents\/uber-car-accident-attorney\/\" target=\"_blank\" rel=\"noopener\">Uber<\/a> y <a href=\"https:\/\/www.steinberglawfirm.com\/personal-injury\/auto-accidents\/lyft-car-accident-attorney\/\" target=\"_blank\" rel=\"noopener\">Lyft<\/a>En funci\u00f3n de las caracter\u00edsticas del accidente, las empresas de mantenimiento y los fabricantes de veh\u00edculos.<\/p>\n<h4>\n\t\tConsultas gratuitas\n\t<\/h4>\n\t<p>Despu\u00e9s de <a href=\"https:\/\/www.steinberglawfirm.com\/personal-injury\/truck-accidents\/fatal-truck-accidents\/\" target=\"_blank\" rel=\"noopener\">un accidente mortal<\/a>Hay numerosos da\u00f1os y perjuicios por los que puede pedir una indemnizaci\u00f3n.<\/p>\n\t<p>Nuestro equipo de abogados especializados en muerte por negligencia se encargar\u00e1 de su caso con la sensibilidad, compasi\u00f3n y habilidad necesarias para ayudarle y apoyarle mientras comienza su proceso de curaci\u00f3n al mismo tiempo que asegura la compensaci\u00f3n de los responsables de su p\u00e9rdida. Tenemos el conocimiento legal y la habilidad para ayudarle a perseguir la compensaci\u00f3n financiera de la persona responsable de su dolor y sufrimiento innecesario.<\/p>\n\t\t\t<a href=\"\/es\/contact\/\" target=\"_self\" rel=\"noopener\">\n\t\t\t\t\t\t\tDiscuta su caso\n\t\t\t\t\t<\/a>\n<h3>\n\t\tReclamaciones por homicidio involuntario en South Carolina\n\t<\/h3>\n\t<p>South Carolina Las leyes de prescripci\u00f3n permiten que transcurran tres a\u00f1os desde la fecha de la muerte para presentar una demanda por homicidio culposo. Esto puede parecer mucho tiempo para actuar, sin embargo, la investigaci\u00f3n y la preparaci\u00f3n que conlleva la presentaci\u00f3n de dicha reclamaci\u00f3n es un proceso largo. Por lo tanto, es importante que la familia de la persona fallecida act\u00fae r\u00e1pidamente y se ponga en contacto con un abogado especializado en muerte por negligencia lo antes posible. Si no se cumple el plazo para presentar una reclamaci\u00f3n, la familia no podr\u00e1 recuperar los da\u00f1os.<\/p>\n<h4>\n\t\tReclamaciones de muerte por negligencia\n\t<\/h4>\n\t<p>La ley South Carolina permite al albacea o administrador de una herencia presentar una demanda por homicidio culposo en nombre del c\u00f3nyuge superviviente y de los hijos del fallecido. Si no estaban casados y no ten\u00edan hijos, la demanda puede presentarse en nombre de sus padres u otros herederos. El albacea puede haber sido nombrado en el plan sucesorio de la persona fallecida o designado por los tribunales si no exist\u00eda un plan sucesorio o la persona elegida declina desempe\u00f1ar esta funci\u00f3n.<\/p>\n<h4>\n\t\tAcci\u00f3n de supervivencia\n\t<\/h4>\n\t<p>El albacea o administrador tambi\u00e9n puede presentar una acci\u00f3n de supervivencia junto con una <a href=\"https:\/\/www.steinberglawfirm.com\/locations\/mount-pleasant\/wrongful-death-attorney\/\" target=\"_blank\" rel=\"noopener\">reclamaci\u00f3n de muerte por negligencia en South Carolina<\/a>. Esto permite a la herencia recuperar los da\u00f1os en nombre de la persona recientemente fallecida que sufri\u00f3 como resultado de las acciones negligentes antes de morir. Una acci\u00f3n de supervivencia puede ser apropiada cuando la persona fallecida vivi\u00f3 durante un per\u00edodo de tiempo antes de sucumbir finalmente a las lesiones o enfermedades causadas por la negligencia.<\/p>\n<h3>\n\t\t\u00c1reas de pr\u00e1ctica\n\t<\/h3>\n<h3>\n\t\tResultados\n\t<\/h3>\n<h6>\n\t\tHEMOS RECUPERADO M\u00c1S DE $500 MILLONES PARA CLIENTES EN LOS \u00daLTIMOS 10 A\u00d1OS, INCLUYENDO:\n\t<\/h6>\n<h5>\n\t\t$1,45 millones\n\t<\/h5>\n<h5>\n\t\tAccidente de tr\u00e1fico mortal\n\t<\/h5>\n<h6>\n\t\tEl legado de Steinberg Law Firm del socio David Pearlman\n\t<\/h6>\n\t\t<img decoding=\"async\" src=\"https:\/\/www.steinberglawfirm.com\/wp-content\/uploads\/2022\/01\/play-2022.svg\" alt=\"Bot\u00f3n de reproducci\u00f3n\" title=\"\">\n<h4>\n\t\tPor qu\u00e9 elegir el Steinberg Law Firm\n\t<\/h4>\n<h5>\n\t\tMuerte por negligencia causada por otra negligencia\n\t<\/h5>\n<h5>\n\t\tAbogados de accidentes mortales al servicio de las \u00e1reas Charleston, Summerville y Goose Creek\n\t<\/h5>\n\t<p><a href=\"https:\/\/www.steinberglawfirm.com\/personal-injury\/medical-malpractice\/\" target=\"_blank\" rel=\"noopener\">Negligencia m\u00e9dica<\/a>Por ejemplo, se producen muchas demandas por homicidio culposo. M\u00e1s de 98.000 personas mueren anualmente en Estados Unidos por errores m\u00e9dicos evitables, en la mayor\u00eda de los casos por diagn\u00f3sticos err\u00f3neos, retrasos en el diagn\u00f3stico o el tratamiento, errores quir\u00fargicos o errores de anestesia, <a href=\"https:\/\/www.steinberglawfirm.com\/personal-injury\/birth-injury-attorneys\/\" target=\"_blank\" rel=\"noopener\">lesiones de nacimiento<\/a>El error de medicaci\u00f3n, y mucho m\u00e1s.<\/p>\n<p>Aunque estos son algunos ejemplos de las causas m\u00e1s comunes de las muertes por negligencia, cualquier tipo de accidente o acto negligente o malicioso que resulte en la muerte de otra persona puede convertirse en una demanda por muerte por negligencia. Adem\u00e1s, la persona fallecida puede haber vivido durante un per\u00edodo de d\u00edas, semanas, meses o incluso a\u00f1os antes de sucumbir en \u00faltima instancia a lo que caus\u00f3 su muerte y los sobrevivientes todav\u00eda pueden buscar una compensaci\u00f3n de la parte responsable.<\/p>\n\t\t\t\t<img decoding=\"async\" src=\"https:\/\/www.steinberglawfirm.com\/wp-content\/uploads\/2022\/01\/stats-wrongful-death.svg\" alt=\"Estad\u00edsticas de lesiones y muertes por negligencia en Estados Unidos\" itemprop=\"image\" height=\"\" width=\"\" title=\"stats-wrongful-death\" onerror=\"this.style.display='none'\"  \/>\n\t<p>Cualquier tipo de accidente o acto negligente o malintencionado que provoque la muerte de otra persona puede convertirse en una demanda por homicidio culposo.<\/p>\n\t<p>Cuando alguien fallece inesperadamente, las consecuencias financieras suelen ser enormes. Aparte de los gastos inmediatos, como las facturas m\u00e9dicas y los costes del funeral, las familias tambi\u00e9n pierden los ingresos de su ser querido y el apoyo financiero futuro. El dinero es un peque\u00f1o consuelo cuando se sufre la p\u00e9rdida de un ser querido. Sin embargo, puede ayudar en estos momentos emocionales y estresantes y puede proporcionar al menos un cierre para los miembros de la familia supervivientes.<\/p>\n<h6>\n\t\tPosibles da\u00f1os y perjuicios en una demanda por homicidio culposo\n\t<\/h6>\n<h5>\n\t\tTipos de recuperaci\u00f3n financiera\n\t<\/h5>\n\t<p>Una demanda por homicidio culposo puede ayudar a la familia a recuperar algunos de estos costes, as\u00ed como las p\u00e9rdidas no econ\u00f3micas, que un abogado experto en homicidios culposos puede ayudar a cuantificar. Algunos de los da\u00f1os potenciales que se pueden recuperar incluyen:<\/p>\n- P\u00e9rdida de ingresos y prestaciones<br \/>\n- P\u00e9rdida de seguridad<br \/>\n- P\u00e9rdida de compa\u00f1\u00eda y amor<br \/>\n- P\u00e9rdida de la orientaci\u00f3n de los padres<br \/>\n- P\u00e9rdida de las contribuciones del hogar<br \/>\n- Angustia mental\n<p>Los da\u00f1os punitivos -tambi\u00e9n conocidos como da\u00f1os ejemplares- son apropiados en los casos en que la muerte fue causada por negligencia o malicia. Se ordenan para evitar que la parte responsable act\u00fae de forma similar en el futuro.<\/p>\n<h3>\n\t\tP\u00f3ngase en contacto con un abogado de muerte por negligencia en South Carolina\n\t<\/h3>\n\t<p>Para una revisi\u00f3n gratuita de su caso, ll\u00e1menos al 843-720-2800<\/p>\n\t<p>No hay planificaci\u00f3n para algo tan devastador como la muerte de un ser querido. La recuperaci\u00f3n es un proceso largo y complicado, especialmente cuando la causa de la muerte era evitable. Los atentos profesionales del Steinberg Law Firm entienden lo dif\u00edcil que es esto y han ayudado a muchas otras familias que se enfrentan a situaciones similares a recuperar la compensaci\u00f3n que merecen. Si ha perdido a un ser querido y la negligencia o imprudencia de otra persona ha contribuido a su muerte, podr\u00eda tener derecho a presentar una demanda por homicidio culposo. P\u00f3ngase en contacto con el Steinberg Law Firm en el 843-720-2800 para una revisi\u00f3n gratuita del caso.<\/p>\n\t\t\t<a href=\"\/es\/contact\/\" target=\"_self\" rel=\"noopener\">\n\t\t\t\t\t\t\tDiscuta su caso\n\t\t\t\t\t<\/a>\n<h6>\n\t\tNoticias y actualizaciones de nuestro blog\n\t<\/h6>\n\t\t\t<a href=\"https:\/\/www.steinberglawfirm.com\/blog\/category\/auto-accident\/\" target=\"_blank\" rel=\"noopener\">Accidente de tr\u00e1fico<\/a>\t\t\t<h3>\n\t\t\t\t<a href=\"https:\/\/www.steinberglawfirm.com\/blog\/carpool-accident-injury-claims-south-carolina\/\" title=\"South Carolina Accidentes de tr\u00e1fico: Ni\u00f1os pasajeros heridos\" tabindex=\"0\">South Carolina Accidentes de tr\u00e1fico: Ni\u00f1os pasajeros heridos<\/a>\t\t\t<\/h3>\n\t\t\t<a href=\"https:\/\/www.steinberglawfirm.com\/blog\/category\/personal-injury\/\" target=\"_blank\" rel=\"noopener\">Lesiones personales<\/a>\t\t\t<h3>\n\t\t\t\t<a href=\"https:\/\/www.steinberglawfirm.com\/blog\/facial-injury-scarring-disfigurement-in-personal-injury-cases\/\" title=\"C\u00f3mo se abordan las lesiones y cicatrices faciales en los casos de lesiones personales\" tabindex=\"0\">C\u00f3mo se abordan las lesiones y cicatrices faciales en los casos de lesiones personales<\/a>\t\t\t<\/h3>\n<h6>\n\t\tL\u00edderes del sector jur\u00eddico\n\t<\/h6>\n\t\t\t\t<img loading=\"lazy\" decoding=\"async\" src=\"https:\/\/www.steinberglawfirm.com\/wp-content\/uploads\/2023\/08\/Best-Lawyers-Firm-Logo.png\" alt=\"Steinberg Law Firm Mejores abogados 2024\" itemprop=\"image\" height=\"908\" width=\"3000\" title=\"Steinberg Law Firm Mejores abogados 2024\" onerror=\"this.style.display='none'\"  \/>\n\t\t\t\t<img loading=\"lazy\" decoding=\"async\" src=\"https:\/\/www.steinberglawfirm.com\/wp-content\/uploads\/2023\/07\/64caa78e-b718-4c71-b4e4-109803d713bc.png\" alt=\"The National Trial Lawyer - Los 10 mejores abogados litigantes de camiones\" itemprop=\"image\" height=\"1814\" width=\"1814\" title=\"The National Trial Lawyer - Los 10 mejores abogados litigantes de camiones\" onerror=\"this.style.display='none'\"  \/>\n\t\t\t\t<img loading=\"lazy\" decoding=\"async\" src=\"https:\/\/www.steinberglawfirm.com\/wp-content\/uploads\/2023\/07\/23764abc-4e81-4381-9676-b32dd9fc7f47.png\" alt=\"The National Trial Lawyers - Los 40 mejores menores de 40 a\u00f1os\" itemprop=\"image\" height=\"1411\" width=\"1411\" title=\"The National Trial Lawyers - Los 40 mejores menores de 40 a\u00f1os\" onerror=\"this.style.display='none'\"  \/>\n\t\t\t\t<img loading=\"lazy\" decoding=\"async\" src=\"https:\/\/www.steinberglawfirm.com\/wp-content\/uploads\/2021\/04\/SJS-2024-Readers-Choice-WINNER.png\" alt=\"2024 Reader&#039;s Choice Winner - Summerville Journal Scene\" itemprop=\"image\" height=\"524\" width=\"525\" title=\"2024 Reader&#039;s Choice Winner - Summerville Journal Scene\" onerror=\"this.style.display='none'\"  \/>\n\t\t\t\t<img loading=\"lazy\" decoding=\"async\" src=\"https:\/\/www.steinberglawfirm.com\/wp-content\/uploads\/2021\/04\/2024_momschoicelogos_02_Blk.png\" alt=\"2024 Lowcountry Parent - Mom&#039;s Choice\" itemprop=\"image\" height=\"2425\" width=\"2491\" title=\"2024 Lowcountry Parent - Mom&#039;s Choice\" onerror=\"this.style.display='none'\"  \/>\n\t\t\t\t<img loading=\"lazy\" decoding=\"async\" src=\"https:\/\/www.steinberglawfirm.com\/wp-content\/uploads\/2021\/04\/av-reviewed-5.jpg\" alt=\"AV Preeminente 5 Estrellas\" itemprop=\"image\" height=\"105\" width=\"210\" title=\"av-revisado-5\" onerror=\"this.style.display='none'\"  \/>\n\t\t\t\t<img loading=\"lazy\" decoding=\"async\" src=\"https:\/\/www.steinberglawfirm.com\/wp-content\/uploads\/2021\/04\/national-trial-lawyers.png\" alt=\"Los 100 mejores abogados litigantes\" itemprop=\"image\" height=\"105\" width=\"210\" title=\"nacional de abogados litigantes\" onerror=\"this.style.display='none'\"  \/>\n\t\t\t\t<img loading=\"lazy\" decoding=\"async\" src=\"https:\/\/www.steinberglawfirm.com\/wp-content\/uploads\/2021\/04\/million-dollar-f.jpg\" alt=\"Defensores multimillonarios\" itemprop=\"image\" height=\"105\" width=\"210\" title=\"mill\u00f3n de d\u00f3lares-f\" onerror=\"this.style.display='none'\"  \/>\n\t\t\t\t<img loading=\"lazy\" decoding=\"async\" src=\"https:\/\/www.steinberglawfirm.com\/wp-content\/uploads\/2021\/04\/2022-Logo-Winner-for-Best-of-Berkeley-1.jpg\" alt=\"2022 Logotipo ganador de lo mejor de Berkeley (1)\" itemprop=\"image\" height=\"397\" width=\"431\" title=\"2022 Logotipo ganador de lo mejor de Berkeley (1)\" onerror=\"this.style.display='none'\"  \/>\n\t\t\t\t<img loading=\"lazy\" decoding=\"async\" src=\"https:\/\/www.steinberglawfirm.com\/wp-content\/uploads\/2021\/04\/best-lawyers.jpg\" alt=\"Incluido en la lista de los mejores abogados\" itemprop=\"image\" height=\"105\" width=\"210\" title=\"best-lawyers\" onerror=\"this.style.display='none'\"  \/>\n\t\t\t\t<img loading=\"lazy\" decoding=\"async\" src=\"https:\/\/www.steinberglawfirm.com\/wp-content\/uploads\/2021\/12\/best-of-the-best.png\" alt=\"Lo mejor de los mejores abogados\" itemprop=\"image\" height=\"165\" width=\"169\" title=\"lo mejor de lo mejor\" onerror=\"this.style.display='none'\"  \/>","protected":false},"excerpt":{"rendered":"<p>Obtenci\u00f3n de resultados $1,45 millones de d\u00f3lares por accidente de coche mortal Charleston, South Carolina Abogados de muerte por negligencia Cuando un ser querido muere inesperadamente, la vida cambia para siempre para los que quedan atr\u00e1s. Una p\u00e9rdida tan grande es devastadora, pero se vuelve especialmente dif\u00edcil cuando la muerte fue causada por la negligencia de otra persona y podr\u00eda haberse evitado. Para un caso gratuito...<\/p>","protected":false},"author":1,"featured_media":31200,"parent":565,"menu_order":0,"comment_status":"closed","ping_status":"closed","template":"tpl-long-alpha.php","meta":{"_acf_changed":false,"footnotes":""},"class_list":["post-177","page","type-page","status-publish","has-post-thumbnail","hentry"],"acf":[],"_links":{"self":[{"href":"https:\/\/steinberglawfirm-staging.clmcloud.app\/es\/wp-json\/wp\/v2\/pages\/177"}],"collection":[{"href":"https:\/\/steinberglawfirm-staging.clmcloud.app\/es\/wp-json\/wp\/v2\/pages"}],"about":[{"href":"https:\/\/steinberglawfirm-staging.clmcloud.app\/es\/wp-json\/wp\/v2\/types\/page"}],"author":[{"embeddable":true,"href":"https:\/\/steinberglawfirm-staging.clmcloud.app\/es\/wp-json\/wp\/v2\/users\/1"}],"replies":[{"embeddable":true,"href":"https:\/\/steinberglawfirm-staging.clmcloud.app\/es\/wp-json\/wp\/v2\/comments?post=177"}],"version-history":[{"count":31,"href":"https:\/\/steinberglawfirm-staging.clmcloud.app\/es\/wp-json\/wp\/v2\/pages\/177\/revisions"}],"predecessor-version":[{"id":31565,"href":"https:\/\/steinberglawfirm-staging.clmcloud.app\/es\/wp-json\/wp\/v2\/pages\/177\/revisions\/31565"}],"up":[{"embeddable":true,"href":"https:\/\/steinberglawfirm-staging.clmcloud.app\/es\/wp-json\/wp\/v2\/pages\/565"}],"wp:featuredmedia":[{"embeddable":true,"href":"https:\/\/steinberglawfirm-staging.clmcloud.app\/es\/wp-json\/wp\/v2\/media\/31200"}],"wp:attachment":[{"href":"https:\/\/steinberglawfirm-staging.clmcloud.app\/es\/wp-json\/wp\/v2\/media?parent=177"}],"curies":[{"name":"wp","href":"https:\/\/api.w.org\/{rel}","templated":true}]}}