{"id":171,"date":"2017-06-15T12:16:10","date_gmt":"2017-06-15T12:16:10","guid":{"rendered":"https:\/\/67.43.6.64\/~steinberglawfirm\/?page_id=171"},"modified":"2024-06-27T17:18:01","modified_gmt":"2024-06-27T17:18:01","slug":"premises-liability","status":"publish","type":"page","link":"https:\/\/steinberglawfirm-staging.clmcloud.app\/es\/lesiones-personales\/responsabilidad-civil-de-los-locales\/","title":{"rendered":"Responsabilidad de los locales"},"content":{"rendered":"<h6>\n\t\tObtenci\u00f3n de resultados\n\t<\/h6>\n<h5>\n\t\t$1,59 millones\n\t<\/h5>\n<h5>\n\t\tCaso de da\u00f1os personales\n\t<\/h5>\n<h1>\n\t\tCharleston South Carolina Abogado de Responsabilidad Civil\n\t<\/h1>\n\t<p>Nunca debe enfrentarse a un propietario y a su compa\u00f1\u00eda de seguros por su cuenta. Con el Steinberg Law Firm de su lado, no tendr\u00e1 que hacerlo.<\/p>\n<h6>\n\t\tPara una revisi\u00f3n gratuita del caso, ll\u00e1menos al 843-720-2800.\n\t<\/h6>\n<h4>\n\t\tRepresentando a personas lesionadas desde 1927\n\t<\/h4>\n<h2>\n\t\tLos abogados de responsabilidad de locales que representan Charleston \u00e1rea metropolitana y South Carolina\n\t<\/h2>\n<h4>\n\t\tDe acuerdo con las leyes de responsabilidad de las instalaciones de South Carolina, los propietarios deben hacer todo lo posible para mantener un entorno seguro y evitar accidentes y lesiones en su propiedad. \n\t<\/h4>\n\t<p><a href=\"https:\/\/www.steinberglawfirm.com\/personal-injury\/premises-liability\/apartment-building-injury-lawyer\/\" target=\"_blank\" rel=\"noopener\">Lesiones por responsabilidad civil<\/a> pueden tener un alcance considerable, y el \u00fanico medio razonable de justicia que tienen la mayor\u00eda de las v\u00edctimas de lesiones es la acci\u00f3n judicial. Si ha sufrido una lesi\u00f3n a causa de una propiedad peligrosa en la zona Charleston, el <a href=\"https:\/\/www.steinberglawfirm.com\/attorneys\" target=\"_blank\" rel=\"noopener\">abogados de responsabilidad de locales<\/a>&nbsp;del Steinberg Law Firm comprenden la gravedad de su lesi\u00f3n y trabajan incansablemente para ayudar a las v\u00edctimas de lesiones a obtener la ayuda que necesitan.<\/p>\n\t\t\t\t<img decoding=\"async\" src=\"https:\/\/www.steinberglawfirm.com\/wp-content\/uploads\/2022\/01\/quote-blue-outline-2022.svg\" alt=\"Comillas\" title=\"quote-blue-outline-2022\" itemprop=\"image\">\n\t\t<h5>Lo que dicen nuestros clientes:<\/h5>\t\t\t\n\t\t\t\t<p>Desde el momento en que me puse en contacto con Steinberg Law Firm, estuvieron a mi lado. Los miembros del bufete me visitaban regularmente para ver si necesitaba algo personalmente. No podr\u00eda estar m\u00e1s satisfecho con la profesionalidad y la capacidad de respuesta que he recibido durante este momento estresante en mi vida. Recomiendo encarecidamente Steinberg Law Firm a cualquiera que busque un bufete honesto y de buena reputaci\u00f3n. - Carolyn<\/p>\n<h6>\n\t\tResponder a sus preguntas\n\t<\/h6>\n\t<p>Las leyes de responsabilidad de los locales permiten a las v\u00edctimas de lesiones hacer que los propietarios que ignoran esta responsabilidad respondan de los costes de su negligencia.<\/p>\n\t\t\t\t<img decoding=\"async\" src=\"https:\/\/www.steinberglawfirm.com\/wp-content\/uploads\/2022\/01\/question-white-outline.svg\" alt=\"Signo de interrogaci\u00f3n\" title=\"question-white-outline\" itemprop=\"image\">\n\t\t<h4>\u00bfCu\u00e1les son las obligaciones de los propietarios?<\/h4>\t\t\t\n\t\t\t\t<p>Los propietarios de inmuebles en Estados Unidos pueden disfrutar de una amplia gama de derechos legales, pero tambi\u00e9n hay responsabilidades espec\u00edficas que conlleva la propiedad de un inmueble. La principal de estas responsabilidades es la necesidad de mantener los locales en un estado aceptable para protegerlos contra la posibilidad de accidentes o&nbsp;<a href=\"https:\/\/www.steinberglawfirm.com\/personal-injury\/personal-injury\" target=\"_blank\" rel=\"noopener\">lesiones personales<\/a> que se producen en la propiedad privada. Esto incluye mantener los terrenos despejados y en buen estado para evitar ca\u00eddas, eliminar los productos qu\u00edmicos nocivos y garantizar que las estructuras cumplan las normas y sean seguras.<\/p>\n<h3>\n\t\tConsultas gratuitas sobre da\u00f1os personales\n\t<\/h3>\n\t<p>Sirviendo a las v\u00edctimas de lesiones en el Lowcountry y m\u00e1s all\u00e1 desde 1927, nuestros abogados son experimentados negociadores y abogados litigantes.<\/p>\n\t<p>En Steinberg Law Firm entendemos lo que es sufrir lesiones sufridas en un accidente, sin importar d\u00f3nde o por qu\u00e9 ocurri\u00f3. Los experimentados abogados de lesiones personales de Steinberg Law Firm han ayudado a v\u00edctimas de accidentes y a sus familias a recuperar m\u00e1s de $800 millones por lesiones.<\/p>\n\t\t\t<a href=\"\/es\/contact\/\" target=\"_self\" role=\"button\" rel=\"noopener\">\n\t\t\t\t\t\t\tDiscuta su caso\n\t\t\t\t\t<\/a>\n<h3>\n\t\tNuestras \u00e1reas de pr\u00e1ctica en materia de responsabilidad civil\n\t<\/h3>\n\t<p>Las reclamaciones por responsabilidad de los locales pueden implicar una amplia gama de cuestiones diferentes, y en el Steinberg Law Firm, estamos plenamente preparados para ayudar a los clientes que han sido v\u00edctimas de:<\/p>\n<ul>\n<li><a href=\"https:\/\/www.steinberglawfirm.com\/personal-injury\/premises-liability\/slip-and-fall\" target=\"_blank\" rel=\"noopener\">Accidentes por resbalones, tropiezos y ca\u00eddas<\/a><\/li>\n<li>Lesiones en ascensores y escaleras mec\u00e1nicas<\/li>\n<li>Colapso del porche<\/li>\n<li>Escaleras rotas<\/li>\n<li>Incendios<\/li>\n<li>Intoxicaci\u00f3n por pintura con plomo<\/li>\n<li>Intoxicaci\u00f3n por mercurio<\/li>\n<li>Lesiones en la piscina<\/li>\n<li>Seguridad inadecuada<\/li>\n<li>Mala iluminaci\u00f3n<\/li>\n<li>Infracciones del c\u00f3digo de construcci\u00f3n<\/li>\n<\/ul>\n<p><a href=\"https:\/\/www.steinberglawfirm.com\/blog\/liability-in-dog-bite-cases-occurring-at-apartment-complexes\/\" target=\"_blank\" rel=\"noopener\">Las mordeduras de perro tambi\u00e9n pueden considerarse un caso de responsabilidad de las instalaciones<\/a> ya que el seguro de hogar de la parte responsable puede ser la cobertura perseguida para la indemnizaci\u00f3n.<\/p>\n<p>Cuando los propietarios no garantizan la seguridad de los hu\u00e9spedes y visitantes de su propiedad, deben rendir cuentas. En el <a href=\"https:\/\/www.steinberglawfirm.com\/\" target=\"_blank\" rel=\"noopener\">Steinberg Law Firm<\/a>nuestros abogados de responsabilidad de locales est\u00e1n listos para ayudar.<\/p>\n<h3>\n\t\t\u00c1reas de pr\u00e1ctica\n\t<\/h3>\n<h3>\n\t\tResultados\n\t<\/h3>\n<h6>\n\t\tHEMOS RECUPERADO M\u00c1S DE $500 MILLONES PARA CLIENTES EN LOS \u00daLTIMOS 10 A\u00d1OS, INCLUYENDO:\n\t<\/h6>\n<h5>\n\t\t$300,000 \n\t<\/h5>\n<h5>\n\t\tResbalones y ca\u00eddas\n\t<\/h5>\n<h5>\n\t\t$200,000 \n\t<\/h5>\n<h5>\n\t\tResbalones y ca\u00eddas\n\t<\/h5>\n<h6>\n\t\tEl legado de Steinberg Law Firm\n\t<\/h6>\n\t\t<img decoding=\"async\" src=\"https:\/\/www.steinberglawfirm.com\/wp-content\/uploads\/2022\/01\/play-2022.svg\" alt=\"Bot\u00f3n de reproducci\u00f3n\" title=\"\">\n<h4>\n\t\tPor qu\u00e9 elegir el Steinberg Law Firm\n\t<\/h4>\n<h6>\n\t\tNoticias y actualizaciones de nuestro blog\n\t<\/h6>\n\t\t\t<a href=\"https:\/\/www.steinberglawfirm.com\/blog\/category\/personal-injury\/\" target=\"_blank\" rel=\"noopener\">Lesiones personales<\/a>\t\t\t<h3>\n\t\t\t\t<a href=\"https:\/\/www.steinberglawfirm.com\/blog\/liability-in-dog-bite-cases-occurring-at-apartment-complexes\/\" title=\"Responsabilidad en casos de mordeduras de perro en complejos de apartamentos\" tabindex=\"0\" target=\"_blank\" rel=\"noopener\">Responsabilidad en casos de mordeduras de perro en complejos de apartamentos<\/a>\t\t\t<\/h3>\n\t\t\t<a href=\"https:\/\/www.steinberglawfirm.com\/blog\/category\/auto-accident\/\" target=\"_blank\" rel=\"noopener\">Accidente de tr\u00e1fico<\/a>\t\t\t<h3>\n\t\t\t\t<a href=\"https:\/\/www.steinberglawfirm.com\/blog\/how-to-report-a-summerville-goose-creek-or-charleston-sc-pothole\/\" title=\"C\u00f3mo denunciar un bache Summerville, Goose Creek o Charleston SC\" tabindex=\"0\" target=\"_blank\" rel=\"noopener\">C\u00f3mo denunciar un bache Summerville, Goose Creek o Charleston SC<\/a>\t\t\t<\/h3>\n<h4>\n\t\tLo que dicen nuestros clientes\n\t<\/h4>\n\t<meta itemscope=\"\" itemprop=\"mainEntityOfPage\" itemtype=\"https:\/\/schema.org\/WebPage\" itemid=\"https:\/\/www.steinberglawfirm.com\/?post_type=testimonials&amp;p=14927\" content=\"Susan\"><meta itemprop=\"datePublished\" content=\"2021-04-09\"><meta itemprop=\"dateModified\" content=\"2022-04-26\"><meta itemprop=\"name\" content=\"Steinberg Law Firm\"><meta itemprop=\"url\" content=\"https:\/\/www.steinberglawfirm.com\/blog\/author\/steadm\/\"><meta itemprop=\"name\" content=\"Steinberg Law Firm\"><meta itemprop=\"interactionType\" content=\"https:\/\/schema.org\/CommentAction\"><meta itemprop=\"userInteractionCount\" content=\"0\">\n<h4>Tienen unos abogados incre\u00edbles.<\/h4>\n<p>Han trabajado en una situaci\u00f3n imposible y han superado todas las expectativas en los acuerdos resultantes. \u00a1Recomendar\u00eda el bufete de abogados Steinberg a todos y cada uno!<\/p>\n<h5>- Susan<\/h5>\n\t<meta itemscope=\"\" itemprop=\"mainEntityOfPage\" itemtype=\"https:\/\/schema.org\/WebPage\" itemid=\"https:\/\/www.steinberglawfirm.com\/?post_type=testimonials&amp;p=14926\" content=\"Vanessa\"><meta itemprop=\"datePublished\" content=\"2021-04-09\"><meta itemprop=\"dateModified\" content=\"2022-02-21\"><meta itemprop=\"name\" content=\"Steinberg Law Firm\"><meta itemprop=\"url\" content=\"https:\/\/www.steinberglawfirm.com\/blog\/author\/steadm\/\"><meta itemprop=\"name\" content=\"Steinberg Law Firm\"><meta itemprop=\"interactionType\" content=\"https:\/\/schema.org\/CommentAction\"><meta itemprop=\"userInteractionCount\" content=\"0\">\n<h4>Mi experiencia fue excelente<\/h4>\n<p>Desde la primera consulta hasta el final de mi caso me mantuvieron informado paso a paso. Mi abogado trabaj\u00f3 duro para m\u00ed y me consigui\u00f3 m\u00e1s de lo que esperaba. <\/p>\n<h5>- Vanessa<\/h5>\n\t<meta itemscope=\"\" itemprop=\"mainEntityOfPage\" itemtype=\"https:\/\/schema.org\/WebPage\" itemid=\"https:\/\/www.steinberglawfirm.com\/?post_type=testimonials&amp;p=14842\" content=\"Mike\"><meta itemprop=\"datePublished\" content=\"2021-03-04\"><meta itemprop=\"dateModified\" content=\"2022-02-21\"><meta itemprop=\"name\" content=\"Steinberg Law Firm\"><meta itemprop=\"url\" content=\"https:\/\/www.steinberglawfirm.com\/blog\/author\/steadm\/\"><meta itemprop=\"name\" content=\"Steinberg Law Firm\"><meta itemprop=\"interactionType\" content=\"https:\/\/schema.org\/CommentAction\"><meta itemprop=\"userInteractionCount\" content=\"0\">\n<h4>Nunca sent\u00ed que estaba solo<\/h4>\n<p>Mi abogado y su asistente legal estuvieron conmigo durante todo el caso. Nunca sent\u00ed que estaba solo. En todo momento estuvieron en mi esquina. Alguien me recomend\u00f3 al bufete de abogados Steinberg y con gusto har\u00eda lo mismo por otra persona.<\/p>\n<h5>- Mike<\/h5>\n\t<meta itemscope=\"\" itemprop=\"mainEntityOfPage\" itemtype=\"https:\/\/schema.org\/WebPage\" itemid=\"https:\/\/www.steinberglawfirm.com\/?post_type=testimonials&amp;p=14840\" content=\"Brian\"><meta itemprop=\"datePublished\" content=\"2021-03-04\"><meta itemprop=\"dateModified\" content=\"2022-02-22\"><meta itemprop=\"name\" content=\"Steinberg Law Firm\"><meta itemprop=\"url\" content=\"https:\/\/www.steinberglawfirm.com\/blog\/author\/steadm\/\"><meta itemprop=\"name\" content=\"Steinberg Law Firm\"><meta itemprop=\"interactionType\" content=\"https:\/\/schema.org\/CommentAction\"><meta itemprop=\"userInteractionCount\" content=\"0\">\n<h4>No podr\u00eda haber pedido algo mejor<\/h4>\n<p>La gente del grupo Steinberg es de primera categor\u00eda. Manejaron mi caso extremadamente bien, no podr\u00eda haber pedido una mejor actuaci\u00f3n. Muchas gracias a todos por todo lo que hicieron por m\u00ed.<\/p>\n<h5>- Brian<\/h5>\n\t<meta itemscope=\"\" itemprop=\"mainEntityOfPage\" itemtype=\"https:\/\/schema.org\/WebPage\" itemid=\"https:\/\/www.steinberglawfirm.com\/?post_type=testimonials&amp;p=732\" content=\"Brandy\"><meta itemprop=\"datePublished\" content=\"2018-05-04\"><meta itemprop=\"dateModified\" content=\"2022-04-26\"><meta itemprop=\"name\" content=\"Steinberg Law Firm\"><meta itemprop=\"url\" content=\"https:\/\/www.steinberglawfirm.com\/blog\/author\/steadm\/\"><meta itemprop=\"name\" content=\"Steinberg Law Firm\"><meta itemprop=\"interactionType\" content=\"https:\/\/schema.org\/CommentAction\"><meta itemprop=\"userInteractionCount\" content=\"0\">\n<h4>Estoy agradecido por ellos.<\/h4>\n<p>En mi peor momento, protegieron y defendieron honesta y cuidadosamente a mi familia en m\u00faltiples niveles. Soy un cliente de por vida y la integridad de esta firma de abogados es incomparable. \u00a1Gracias a la familia Steinberg Law!<\/p>\n<h5>- Brandy<\/h5>\n\t<meta itemscope=\"\" itemprop=\"mainEntityOfPage\" itemtype=\"https:\/\/schema.org\/WebPage\" itemid=\"https:\/\/www.steinberglawfirm.com\/?post_type=testimonials&amp;p=195\" content=\"Joan\"><meta itemprop=\"datePublished\" content=\"2018-04-17\"><meta itemprop=\"dateModified\" content=\"2022-04-26\"><meta itemprop=\"name\" content=\"Steinberg Law Firm\"><meta itemprop=\"url\" content=\"https:\/\/www.steinberglawfirm.com\/blog\/author\/steadm\/\"><meta itemprop=\"name\" content=\"Steinberg Law Firm\"><meta itemprop=\"interactionType\" content=\"https:\/\/schema.org\/CommentAction\"><meta itemprop=\"userInteractionCount\" content=\"0\">\n<h4>La gente es atenta y profesional<\/h4>\n<p>Las preguntas e inquietudes siempre son respondidas y las preocupaciones son atendidas. Gracias a todos en Steinburg por una buena experiencia y por demostrarme que se preocupan por sus clientes.<\/p>\n<h5>- Joan<\/h5>\n\t<meta itemscope=\"\" itemprop=\"mainEntityOfPage\" itemtype=\"https:\/\/schema.org\/WebPage\" itemid=\"https:\/\/www.steinberglawfirm.com\/?post_type=testimonials&amp;p=157\" content=\"Rena\"><meta itemprop=\"datePublished\" content=\"2018-04-16\"><meta itemprop=\"dateModified\" content=\"2022-02-21\"><meta itemprop=\"name\" content=\"Steinberg Law Firm\"><meta itemprop=\"url\" content=\"https:\/\/www.steinberglawfirm.com\/blog\/author\/steadm\/\"><meta itemprop=\"name\" content=\"Steinberg Law Firm\"><meta itemprop=\"interactionType\" content=\"https:\/\/schema.org\/CommentAction\"><meta itemprop=\"userInteractionCount\" content=\"0\">\n<h4>El mejor bufete de abogados<\/h4>\n<p>Este es el mejor bufete de abogados con el que alguien podr\u00eda tratar.&nbsp;<a href=\"https:\/\/www.steinberglawfirm.com\/attorney\/david-t-pearlman\/\" target=\"_blank\" rel=\"noopener\">Sr. Pearlman<\/a>&nbsp;trabajar\u00e1 duro para conseguir todo lo que se le debe. Fue un placer haber sido representado por esta firma.<\/p>\n<h5>- Rena<\/h5>\n\t<meta itemscope=\"\" itemprop=\"mainEntityOfPage\" itemtype=\"https:\/\/schema.org\/WebPage\" itemid=\"https:\/\/www.steinberglawfirm.com\/?post_type=testimonials&amp;p=156\" content=\"Meagan\"><meta itemprop=\"datePublished\" content=\"2018-04-16\"><meta itemprop=\"dateModified\" content=\"2022-02-21\"><meta itemprop=\"name\" content=\"Steinberg Law Firm\"><meta itemprop=\"url\" content=\"https:\/\/www.steinberglawfirm.com\/blog\/author\/steadm\/\"><meta itemprop=\"name\" content=\"Steinberg Law Firm\"><meta itemprop=\"interactionType\" content=\"https:\/\/schema.org\/CommentAction\"><meta itemprop=\"userInteractionCount\" content=\"0\">\n<h4>Una experiencia maravillosa<\/h4>\n<p>Tuve una experiencia maravillosa con&nbsp;<a href=\"https:\/\/www.steinberglawfirm.com\/attorney\/david-t-pearlman\/\" target=\"_blank\" rel=\"noopener\">Sr. Pearlman<\/a>&nbsp;y su equipo. Muchas gracias por su diligencia y experiencia.<\/p>\n<h5>- Meagan<\/h5>\n\t<meta itemscope=\"\" itemprop=\"mainEntityOfPage\" itemtype=\"https:\/\/schema.org\/WebPage\" itemid=\"https:\/\/www.steinberglawfirm.com\/?post_type=testimonials&amp;p=154\" content=\"Erika\"><meta itemprop=\"datePublished\" content=\"2018-04-16\"><meta itemprop=\"dateModified\" content=\"2022-02-22\"><meta itemprop=\"name\" content=\"Steinberg Law Firm\"><meta itemprop=\"url\" content=\"https:\/\/www.steinberglawfirm.com\/blog\/author\/steadm\/\"><meta itemprop=\"name\" content=\"Steinberg Law Firm\"><meta itemprop=\"interactionType\" content=\"https:\/\/schema.org\/CommentAction\"><meta itemprop=\"userInteractionCount\" content=\"0\">\n<h4>Los recomiendo encarecidamente<\/h4>\n<p>Trabajan como un equipo proporcionando las mejores referencias y asistencia para lograr lo que mi familia y yo necesit\u00e1bamos. Los recomiendo encarecidamente porque no te decepcionar\u00e1n.<\/p>\n<h5>- Erika<\/h5>\n\t\t\t<a href=\"https:\/\/steinberglawfirm-staging.clmcloud.app\/es\/testimonios\/\" target=\"_self\" role=\"button\" rel=\"noopener\">\n\t\t\t\t\t\t\tLeer m\u00e1s testimonios\n\t\t\t\t\t<\/a>\n<h3>\n\t\tCharleston Abogado de responsabilidad civil de locales\n\t<\/h3>\n<h4>\n\t\tPara una revisi\u00f3n gratuita de su caso, ll\u00e1menos al 843-720-2800\n\t<\/h4>\n\t<p>Si usted ha sido v\u00edctima de una lesi\u00f3n grave causada por la imprudencia o negligencia de un propietario, nuestros abogados especializados en responsabilidad de los locales Charleston est\u00e1n listos para ayudarle a tomar medidas.&nbsp;<a href=\"https:\/\/www.steinberglawfirm.com\/contact-us\" target=\"_blank\" rel=\"noopener\">Contacto con el Steinberg Law Firm<\/a>&nbsp;o ll\u00e1menos al 843-720-2800 y perm\u00edtanos poner nuestros a\u00f1os de experiencia en la toma de los propietarios negligentes a trabajar para usted.<\/p>\n<h4>\n\t\tL\u00edderes del sector jur\u00eddico\n\t<\/h4>\n\t\t\t\t<img loading=\"lazy\" decoding=\"async\" src=\"https:\/\/www.steinberglawfirm.com\/wp-content\/uploads\/2021\/04\/best-law-firms-2022.png\" alt=\"Best Lawyers | Mejores bufetes de abogados\" itemprop=\"image\" height=\"197\" width=\"200\" title=\"mejores bufetes de abogados-2022\" onerror=\"this.style.display='none'\">\n\t\t\t\t<a href=\"https:\/\/www.expertise.com\/our-selection-process\" target=\"_blank\" rel=\"noopener\" itemprop=\"url\">\n\t\t\t\t<img loading=\"lazy\" decoding=\"async\" src=\"https:\/\/www.steinberglawfirm.com\/wp-content\/uploads\/2021\/04\/sc_charleston_car-accident-lawyers_2022_transparent.png\" alt=\"Experiencia 2022 Los mejores abogados de accidentes de coche en Charleston\" itemprop=\"image\" height=\"320\" width=\"400\" title=\"Experiencia 2022 Los mejores abogados de accidentes de coche en Charleston\" onerror=\"this.style.display='none'\">\n\t\t\t\t<\/a>\n\t\t\t\t<img loading=\"lazy\" decoding=\"async\" src=\"https:\/\/www.steinberglawfirm.com\/wp-content\/uploads\/2021\/04\/top-one-percent.png\" alt=\"El 1 por ciento m\u00e1s alto a nivel nacional\" itemprop=\"image\" height=\"105\" width=\"160\" title=\"top-one-percent\" onerror=\"this.style.display='none'\">\n\t\t\t\t<img loading=\"lazy\" decoding=\"async\" src=\"https:\/\/www.steinberglawfirm.com\/wp-content\/uploads\/2021\/12\/best-of-the-best.png\" alt=\"Lo mejor de los mejores abogados\" itemprop=\"image\" height=\"165\" width=\"169\" title=\"lo mejor de lo mejor\" onerror=\"this.style.display='none'\">","protected":false},"excerpt":{"rendered":"<p>Obtenci\u00f3n de resultados $1,59 millones de casos de lesiones personales Charleston South Carolina Abogado de responsabilidad civil de locales Nunca debe enfrentarse a un propietario y a su compa\u00f1\u00eda de seguros por su cuenta. Con el Steinberg Law Firm de su lado, no tendr\u00e1 que hacerlo. Para una revisi\u00f3n gratuita de su caso, ll\u00e1menos al 843-720-2800. Representando a personas lesionadas desde 1927 Responsabilidad de la propiedad...<\/p>","protected":false},"author":1,"featured_media":31200,"parent":565,"menu_order":0,"comment_status":"closed","ping_status":"closed","template":"tpl-long-alpha.php","meta":{"_acf_changed":false,"footnotes":""},"class_list":["post-171","page","type-page","status-publish","has-post-thumbnail","hentry"],"acf":[],"_links":{"self":[{"href":"https:\/\/steinberglawfirm-staging.clmcloud.app\/es\/wp-json\/wp\/v2\/pages\/171"}],"collection":[{"href":"https:\/\/steinberglawfirm-staging.clmcloud.app\/es\/wp-json\/wp\/v2\/pages"}],"about":[{"href":"https:\/\/steinberglawfirm-staging.clmcloud.app\/es\/wp-json\/wp\/v2\/types\/page"}],"author":[{"embeddable":true,"href":"https:\/\/steinberglawfirm-staging.clmcloud.app\/es\/wp-json\/wp\/v2\/users\/1"}],"replies":[{"embeddable":true,"href":"https:\/\/steinberglawfirm-staging.clmcloud.app\/es\/wp-json\/wp\/v2\/comments?post=171"}],"version-history":[{"count":25,"href":"https:\/\/steinberglawfirm-staging.clmcloud.app\/es\/wp-json\/wp\/v2\/pages\/171\/revisions"}],"predecessor-version":[{"id":26456,"href":"https:\/\/steinberglawfirm-staging.clmcloud.app\/es\/wp-json\/wp\/v2\/pages\/171\/revisions\/26456"}],"up":[{"embeddable":true,"href":"https:\/\/steinberglawfirm-staging.clmcloud.app\/es\/wp-json\/wp\/v2\/pages\/565"}],"wp:featuredmedia":[{"embeddable":true,"href":"https:\/\/steinberglawfirm-staging.clmcloud.app\/es\/wp-json\/wp\/v2\/media\/31200"}],"wp:attachment":[{"href":"https:\/\/steinberglawfirm-staging.clmcloud.app\/es\/wp-json\/wp\/v2\/media?parent=171"}],"curies":[{"name":"wp","href":"https:\/\/api.w.org\/{rel}","templated":true}]}}