{"id":16248,"date":"2021-04-22T18:26:13","date_gmt":"2021-04-22T18:26:13","guid":{"rendered":"https:\/\/www.steinberglawfirm.com\/?page_id=16248"},"modified":"2022-04-21T23:35:10","modified_gmt":"2022-04-21T23:35:10","slug":"dog-bite-attorneys","status":"publish","type":"page","link":"https:\/\/steinberglawfirm-staging.clmcloud.app\/es\/ubicaciones\/summerville\/abogados-especialistas-en-mordeduras-de-perro\/","title":{"rendered":"Summerville, SC Abogados de mordeduras de perro"},"content":{"rendered":"<h1 class=\"wp-block-heading\">Summerville, SC Abogados de mordeduras de perro<\/h1>\n\n\n\n<h2 class=\"wp-block-heading\">Abogados para v\u00edctimas de perros viciosos en South Carolina<\/h2>\n\n\n\n<p>Los perros pueden volverse agresivos y morder a alguien por muchas razones. Por mucho que odiemos pensar que un perro -el mejor amigo del hombre- sea capaz de hacer da\u00f1o a alguien, ocurre con bastante frecuencia y con da\u00f1os importantes para la v\u00edctima.&nbsp;<\/p>\n\n\n\n<p>El ataque de un perro puede ser una experiencia aterradora. Adem\u00e1s del devastador da\u00f1o f\u00edsico que puede infligir un perro, a menudo tambi\u00e9n hay que superar un trauma psicol\u00f3gico. Si usted o un ser querido ha sido atacado o mordido por un perro, merece una compensaci\u00f3n justa por sus lesiones. Los due\u00f1os de perros negligentes deben responder por las acciones de sus mascotas.&nbsp;<\/p>\n\n\n\n<p>El <a href=\"https:\/\/www.steinberglawfirm.com\/practice-areas\/dog-bites\/\" target=\"_blank\" rel=\"noopener\">Summerville abogados de mordeduras de perro del Steinberg Law Firm<\/a> tienen d\u00e9cadas de experiencia ayudando a la gente a recuperarse despu\u00e9s de haber sido atacada por un perro. Para m\u00e1s informaci\u00f3n sobre c\u00f3mo podemos ayudarle, <a href=\"tel:1-843-720-2800\">contacte con nosotros en el (843) 720-2800<\/a>.<\/p>\n\n\n\n<p><strong>Estad\u00edsticas de mordeduras de perro&nbsp;<\/strong><\/p>\n\n\n\n<p>En Estados Unidos viven 90 millones de perros en 50 millones de hogares. Cada a\u00f1o, los perros causan aproximadamente 4,5 millones de lesiones por mordedura y el 12% de estas mordeduras (800.000) env\u00edan a la v\u00edctima a recibir tratamiento en un servicio de urgencias.<\/p>\n\n\n\n<p>Los perros son el cuarto animal m\u00e1s mort\u00edfero del mundo, s\u00f3lo por detr\u00e1s de los mosquitos, los humanos y las serpientes. Matan a 35.000 personas cada a\u00f1o en todo el mundo. Una persona en Estados Unidos tiene m\u00e1s probabilidades de morir por el ataque de un perro que por la ca\u00edda de un rayo, y la probabilidad de morir por el ataque de un perro no est\u00e1 muy lejos de la probabilidad de morir por una tormenta o una picadura de abeja.<\/p>\n\n\n\n<p>Los ni\u00f1os son especialmente vulnerables a las mordeduras de perro, y sus lesiones suelen ser m\u00e1s graves que las de los adultos. Como los ni\u00f1os son ruidosos y activos, es m\u00e1s probable que asusten o alteren al perro. Tambi\u00e9n es menos probable que se den cuenta del lenguaje corporal del perro o de otras se\u00f1ales de advertencia de que el perro est\u00e1 a punto de morder. El riesgo de que un ni\u00f1o sea mordido por un perro es mayor en torno a los tres y cuatro a\u00f1os de edad. Sin embargo, los beb\u00e9s y los ni\u00f1os menores de tres a\u00f1os constituyen el mayor porcentaje de ataques mortales de perros.&nbsp;<\/p>\n\n\n\n<p><strong>Lesiones por mordedura de perro<\/strong><\/p>\n\n\n\n<p>Muchas mordeduras de perro no son lo suficientemente graves como para requerir tratamiento m\u00e9dico, pero algunas son graves o incluso mortales. Los perros tienen poderosas mand\u00edbulas con una fuerza media de mordedura de 250 libras por pulgada cuadrada. Esto var\u00eda de una raza a otra, pero independientemente de la raza, una mordedura de perro puede causar da\u00f1os importantes a una persona.<\/p>\n\n\n\n<p>Las mordeduras de perro suelen causar roturas en la piel, da\u00f1os en los tejidos, hemorragias y huesos rotos. Otra de las principales preocupaciones de las mordeduras de perro es la infecci\u00f3n. La transferencia de bacterias del interior de la boca del perro a la zona de la mordedura puede provocar f\u00e1cilmente una infecci\u00f3n. A este peligro se suma el hecho de que las heridas punzantes causadas por los dientes largos y afilados de los perros son notoriamente dif\u00edciles de limpiar.<\/p>\n\n\n\n<p>Tampoco es necesario que un perro muerda a una persona para causarle un da\u00f1o grave. Los perros pueden saltar y hacer que una persona se caiga o pueden causar una infecci\u00f3n al ara\u00f1ar o rasgu\u00f1ar. Un ataque que cause una lesi\u00f3n o una infecci\u00f3n puede convertirse en una base v\u00e1lida para una demanda.<\/p>\n\n\n\n<p><strong>\u00bfQui\u00e9n es responsable de una mordedura de perro?&nbsp;<\/strong><\/p>\n\n\n\n<p>En South Carolina no existe la norma de \"un solo mordisco\" como en otros estados. Esto significa que los propietarios de perros en South Carolina pueden ser considerados legalmente responsables de las lesiones causadas por un animal incluso si el perro nunca hab\u00eda mordido a alguien antes e incluso si el perro nunca hab\u00eda dado ninguna indicaci\u00f3n de ser agresivo. Los propietarios de perros son responsables de mantener siempre a sus perros bajo control.&nbsp;<\/p>\n\n\n\n<p>La ley South Carolina establece: \"Si una persona es mordida o atacada de otro modo por un perro mientras est\u00e1 en un lugar p\u00fablico o se encuentra legalmente en un lugar privado... el propietario del perro o la persona que lo tenga bajo su cuidado o custodia es responsable de los da\u00f1os sufridos por la persona mordida o atacada de otro modo\". Se trata de una ley de responsabilidad estricta, lo que significa que el propietario es responsable del perro incluso si no ten\u00eda motivos para sospechar que el perro pod\u00eda ser peligroso.<\/p>\n\n\n\n<p>Existen excepciones a esta norma en los casos de intrusi\u00f3n, burla o provocaci\u00f3n de un perro. Por ejemplo, si una persona pasa junto a un perro en un patio y le tira piedras con regularidad, ser\u00eda culpable en caso de que el perro le mordiera. Por lo dem\u00e1s, la ley en South Carolina favorece a la v\u00edctima en los casos de mordedura de perro.&nbsp;<\/p>\n\n\n\n<p>Las p\u00f3lizas de seguro de propietario e inquilino suelen cubrir las reclamaciones contra el propietario de un perro y proporcionan una forma de que las v\u00edctimas recuperen la compensaci\u00f3n por las lesiones por mordedura de perro. En 2019, hubo m\u00e1s de 17.000 reclamaciones por mordeduras de perro en Estados Unidos y las aseguradoras de propietarios pagaron casi $800 millones en esas reclamaciones.<\/p>\n\n\n\n<p><strong>Indemnizaci\u00f3n para las v\u00edctimas de mordeduras de perro<\/strong><\/p>\n\n\n\n<p>South Carolina permite tanto los da\u00f1os econ\u00f3micos como los no econ\u00f3micos en los casos de lesiones personales que incluyen los casos de mordeduras de perro. Los da\u00f1os econ\u00f3micos son f\u00e1ciles de calcular porque tienen un valor monetario. Elementos tales como las facturas del hospital o la cantidad de dinero perdido por no poder trabajar durante un per\u00edodo determinado ser\u00edan da\u00f1os econ\u00f3micos. Los da\u00f1os no econ\u00f3micos no son tan f\u00e1ciles de calcular, pero a\u00fan as\u00ed merecen ser compensados. Los da\u00f1os no econ\u00f3micos incluyen la angustia mental, el dolor y el sufrimiento, y la p\u00e9rdida de disfrute de la vida. Un abogado con experiencia en mordeduras de perro ser\u00e1 capaz de asegurar un valor razonable y justo para cosas como el dolor y el sufrimiento y el trauma emocional.<\/p>\n\n\n\n<p>Algunos de los posibles da\u00f1os que pueden solicitar las v\u00edctimas de mordeduras de perro:&nbsp;<\/p>\n\n\n\n<p>- Gastos m\u00e9dicos<br>- Futuros gastos m\u00e9dicos<br>- Salarios perdidos<br>- P\u00e9rdida de beneficios<br>- Da\u00f1os materiales (si procede)<br>- Incapacidad permanente o desfiguraci\u00f3n<br>- Dolor y sufrimiento<br>- Muerte por negligencia<br>- P\u00e9rdida de consorcio (para el c\u00f3nyuge\/pareja de la persona lesionada)<\/p>\n\n\n\n<p><strong>Qu\u00e9 hacer despu\u00e9s de una mordedura de perro<\/strong><\/p>\n\n\n\n<p>Hay medidas que deben tomarse inmediatamente despu\u00e9s de un ataque de perro que pueden aumentar sus posibilidades de ser compensado por sus lesiones si decide presentar una reclamaci\u00f3n. Es fundamental tener pruebas bien documentadas del ataque y de sus lesiones, incluso si cree que no quiere recurrir a la justicia en un principio.&nbsp; &nbsp;<\/p>\n\n\n\n<p>- <strong>Obtenga la atenci\u00f3n m\u00e9dica adecuada y siga todos los tratamientos prescritos.<\/strong>&nbsp;Acuda a un profesional para que le eval\u00fae aunque crea que las heridas son leves. Observe si hay enrojecimiento, especialmente rayas rojas que se alejan de la mordedura, sensibilidad y calor al tacto en la zona de la herida.<br>- <strong>Fotograf\u00ede sus heridas.<\/strong>&nbsp;La documentaci\u00f3n adecuada es esencial.<br>- <strong>Notificar al propietario del perro<\/strong>&nbsp;si no tienen ya conocimiento del incidente.<br>- <strong>Obtenga los nombres y la informaci\u00f3n de contacto de cualquier persona que pueda haber sido testigo del ataque.<\/strong>&nbsp;Pueden corroborar su historia y reforzar su caso.<br>- <strong>Denuncie el incidente a la polic\u00eda local y\/o al control de animales<\/strong>especialmente si crees que el perro puede ser peligroso para otras personas.<br>- <strong><a href=\"https:\/\/www.steinberglawfirm.com\/contact-us\/\" target=\"_blank\" rel=\"noopener\">Contacte con un abogado experto en mordeduras de perro<\/a><\/strong>&nbsp;sin demora.&nbsp;<\/p>\n\n\n\n<h3 class=\"wp-block-heading\">Summerville Abogado de mordeduras de perro<\/h3>\n\n\n\n<p>Los perros son miembros queridos de muchas familias en South Carolina, y nadie quiere pensar que son mortales. Sin embargo, la realidad es que pueden ser peligrosos o incluso letales. Las devastadoras lesiones causadas por el ataque de un perro pueden cambiar la vida. Si usted o un ser querido ha sido da\u00f1ado por un perro, merece una compensaci\u00f3n justa por los da\u00f1os sufridos.&nbsp; &nbsp;<\/p>\n\n\n\n<p>El <a href=\"https:\/\/www.steinberglawfirm.com\/practice-areas\/dog-bites\/\" target=\"_blank\" rel=\"noopener\">abogados de mordeduras de perro del Steinberg Law Firm<\/a> puede ayudarle a gestionar su reclamaci\u00f3n mientras se recupera de esta dif\u00edcil situaci\u00f3n. <a href=\"https:\/\/www.steinberglawfirm.com\/free-consultation\/\" target=\"_blank\" rel=\"noopener\">Programe su consulta gratuita<\/a> y <a href=\"https:\/\/www.steinberglawfirm.com\/attorney\/\" target=\"_blank\" rel=\"noopener\">hablar con un abogado de Steinberg Law Firm<\/a> que puede responder a cualquier pregunta que tenga. Prestamos servicio en Summerville y sus alrededores, con <a href=\"https:\/\/www.steinberglawfirm.com\/office-locations\/charleston-office\/\" target=\"_blank\" rel=\"noopener\">oficinas en Charleston<\/a>, <a href=\"https:\/\/www.steinberglawfirm.com\/office-locations\/goose-creek-office\/\" target=\"_blank\" rel=\"noopener\">Goose Creek<\/a>y <a href=\"https:\/\/www.steinberglawfirm.com\/office-locations\/summerville-office\/\" target=\"_blank\" rel=\"noopener\">Summerville<\/a>. <a href=\"tel:1-843-720-2800\">Llame al (843) 720-2800 para pedir una cita<\/a>.<\/p>","protected":false},"excerpt":{"rendered":"<p>Summerville, SC Abogados de Mordeduras de Perros Abogados para V\u00edctimas de Perros Viciosos en South Carolina Los perros pueden volverse agresivos y morder a alguien por muchas razones. Por mucho que odiemos pensar que un perro -el mejor amigo del hombre- sea capaz de herir a alguien, ocurre con bastante frecuencia y con da\u00f1os importantes para la v\u00edctima.  El ataque de un perro...<\/p>","protected":false},"author":1,"featured_media":15250,"parent":3549,"menu_order":0,"comment_status":"closed","ping_status":"closed","template":"","meta":{"_acf_changed":false,"footnotes":""},"class_list":["post-16248","page","type-page","status-publish","has-post-thumbnail","hentry"],"acf":[],"_links":{"self":[{"href":"https:\/\/steinberglawfirm-staging.clmcloud.app\/es\/wp-json\/wp\/v2\/pages\/16248"}],"collection":[{"href":"https:\/\/steinberglawfirm-staging.clmcloud.app\/es\/wp-json\/wp\/v2\/pages"}],"about":[{"href":"https:\/\/steinberglawfirm-staging.clmcloud.app\/es\/wp-json\/wp\/v2\/types\/page"}],"author":[{"embeddable":true,"href":"https:\/\/steinberglawfirm-staging.clmcloud.app\/es\/wp-json\/wp\/v2\/users\/1"}],"replies":[{"embeddable":true,"href":"https:\/\/steinberglawfirm-staging.clmcloud.app\/es\/wp-json\/wp\/v2\/comments?post=16248"}],"version-history":[{"count":4,"href":"https:\/\/steinberglawfirm-staging.clmcloud.app\/es\/wp-json\/wp\/v2\/pages\/16248\/revisions"}],"predecessor-version":[{"id":20685,"href":"https:\/\/steinberglawfirm-staging.clmcloud.app\/es\/wp-json\/wp\/v2\/pages\/16248\/revisions\/20685"}],"up":[{"embeddable":true,"href":"https:\/\/steinberglawfirm-staging.clmcloud.app\/es\/wp-json\/wp\/v2\/pages\/3549"}],"wp:featuredmedia":[{"embeddable":true,"href":"https:\/\/steinberglawfirm-staging.clmcloud.app\/es\/wp-json\/wp\/v2\/media\/15250"}],"wp:attachment":[{"href":"https:\/\/steinberglawfirm-staging.clmcloud.app\/es\/wp-json\/wp\/v2\/media?parent=16248"}],"curies":[{"name":"wp","href":"https:\/\/api.w.org\/{rel}","templated":true}]}}