{"id":16244,"date":"2021-04-22T17:49:51","date_gmt":"2021-04-22T17:49:51","guid":{"rendered":"https:\/\/www.steinberglawfirm.com\/?page_id=16244"},"modified":"2022-04-21T23:34:27","modified_gmt":"2022-04-21T23:34:27","slug":"brain-injury-attorneys","status":"publish","type":"page","link":"https:\/\/steinberglawfirm-staging.clmcloud.app\/es\/ubicaciones\/summerville\/abogados-especializados-en-lesiones-cerebrales\/","title":{"rendered":"Summerville, SC Abogados de lesiones cerebrales"},"content":{"rendered":"<h1 class=\"wp-block-heading\">Summerville, SC Abogados de lesiones cerebrales<\/h1>\n\n\n\n<h2 class=\"wp-block-heading\">Abogados en South Carolina para lesiones cerebrales traum\u00e1ticas (TBI)<\/h2>\n\n\n\n<p>Pocas lesiones son tan temibles como una lesi\u00f3n cerebral. El cerebro es uno de los \u00f3rganos m\u00e1s importantes del cuerpo y es crucial para las actividades diarias. Quienes sufren una lesi\u00f3n cerebral pueden no recuperarse nunca del todo, lo que les incapacita para trabajar y limita su capacidad para hacer las cosas que les gustan. Adem\u00e1s, el tratamiento necesario para una lesi\u00f3n cerebral es costoso y a menudo hace que las familias pasen apuros econ\u00f3micos despu\u00e9s de un accidente.&nbsp;&nbsp;<\/p>\n\n\n\n<p>En el Steinberg Law Firm, <a href=\"https:\/\/www.steinberglawfirm.com\/locations\/summerville\/\" target=\"_blank\" rel=\"noopener\">nuestros abogados especializados en lesiones cerebrales Summerville<\/a> trabajar estrechamente con quienes han sufrido recientemente una lesi\u00f3n cerebral, <a href=\"https:\/\/www.steinberglawfirm.com\/results\/\" target=\"_blank\" rel=\"noopener\">ayudarles a obtener una indemnizaci\u00f3n por sus lesiones<\/a> para que puedan empezar a seguir con sus vidas. En los \u00faltimos 95 a\u00f1os, <a href=\"https:\/\/www.steinberglawfirm.com\/attorney\/\" target=\"_blank\" rel=\"noopener\">nuestros abogados han dedicado su pr\u00e1ctica<\/a> a la defensa de las v\u00edctimas de accidentes, incluidas las que han sufrido una lesi\u00f3n cerebral grave como consecuencia de un <a href=\"https:\/\/www.steinberglawfirm.com\/locations\/summerville\/car-accident-lawyer\/\" target=\"_blank\" rel=\"noopener\">Summerville accidente de coche<\/a>, <a href=\"https:\/\/www.steinberglawfirm.com\/locations\/summerville\/slip-and-fall-lawyer\/\" target=\"_blank\" rel=\"noopener\">resbal\u00f3n y ca\u00edda<\/a>, <a href=\"https:\/\/www.steinberglawfirm.com\/locations\/summerville\/workers-compensation-lawyer\/\" target=\"_blank\" rel=\"noopener\">incidente laboral<\/a>, <a href=\"https:\/\/www.steinberglawfirm.com\/locations\/summerville\/nursing-home-abuse-and-negligence\/\" target=\"_blank\" rel=\"noopener\">abuso en residencias de ancianos<\/a> o <a href=\"https:\/\/www.steinberglawfirm.com\/practice-areas\/medical-malpractice\/\" target=\"_blank\" rel=\"noopener\">negligencia m\u00e9dica<\/a>. Entendemos que puede que no se haya decidido a presentar una demanda. Si tiene preguntas sobre el proceso legal o se pregunta c\u00f3mo un abogado puede ayudarle a obtener una compensaci\u00f3n de las partes negligentes responsables de su lesi\u00f3n cerebral y sus p\u00e9rdidas, estamos aqu\u00ed para usted. Para empezar, <a href=\"https:\/\/www.steinberglawfirm.com\/free-consultation\/\" target=\"_blank\" rel=\"noopener\">ofrecemos consultas gratuitas y sin compromiso<\/a> a todas las v\u00edctimas de accidentes.<\/p>\n\n\n\n<p><strong>Estad\u00edsticas sobre lesiones cerebrales<\/strong><\/p>\n\n\n\n<p>Estad\u00edsticas a nivel nacional:<\/p>\n\n\n\n<p>- En Estados Unidos, cada nueve segundos alguien sufre una lesi\u00f3n cerebral traum\u00e1tica, tambi\u00e9n conocida como TBI.<br>- Las discapacidades relacionadas con las lesiones cerebrales son el segundo tipo de discapacidad m\u00e1s com\u00fan, y afectan a m\u00e1s de 13,5 millones de estadounidenses.<br>- Los hospitales de todo el pa\u00eds tratan a m\u00e1s de 3 millones de personas con LCT cada a\u00f1o.<br>- Las lesiones cerebrales traum\u00e1ticas causan o contribuyen a un tercio de todas las muertes relacionadas con accidentes en Estados Unidos.<br>- Cada d\u00eda mueren m\u00e1s de 155 personas por lesiones relacionadas con el cerebro en Estados Unidos.<br>- Los hombres tienen 1,5 veces m\u00e1s probabilidades de ser ingresados en el hospital con un traumatismo craneal grave.<br>- Casi la mitad de los ni\u00f1os que sufren una LCT se lesionaron en una ca\u00edda.<br>- Las ca\u00eddas son responsables de m\u00e1s del 80% de las lesiones cerebrales en los mayores de 70 a\u00f1os.<br>- Menos del cinco por ciento de las personas que sufren una LCT reciben el tratamiento m\u00e9dico adecuado.<br>- Una de cada 60 personas en Estados Unidos vive con una discapacidad relacionada con una lesi\u00f3n cerebral.<\/p>\n\n\n\n<p>Estad\u00edsticas South Carolina:<\/p>\n\n\n\n<p>- Cada a\u00f1o, m\u00e1s de 1.300 personas en South Carolina sufren una discapacidad de por vida debido a una LCT, y m\u00e1s de 1.000 personas mueren por lesiones relacionadas con la LCT.<br>- Las lesiones cerebrales traum\u00e1ticas son la principal causa de muerte en South Carolina entre las personas de 1 a 44 a\u00f1os.<br>- Cada a\u00f1o en South Carolina, m\u00e1s de 3.000 personas son tratadas por una lesi\u00f3n cerebral.<br>- South Carolina los hospitales tratan cada a\u00f1o m\u00e1s de 13.000 casos de lesiones cerebrales causadas por traumatismos.<br>- El coste anual de las lesiones cerebrales South Carolina supera los $3 mil millones al a\u00f1o.<br>- 61.000 personas en South Carolina viven con una discapacidad cerebral permanente.<br>- Las principales causas de las LCT South Carolina incluyen:<br>\u25e6 Ca\u00eddas: 28% de todas las lesiones cerebrales traum\u00e1ticas<br>\u25e6 Accidentes automovil\u00edsticos: 23% de todas las lesiones cerebrales traum\u00e1ticas<br>\u25e6 Agresiones intencionadas: el 10% de todas las lesiones cerebrales traum\u00e1ticas<br>\u25e6 Golpeado por o contra un objeto: el 8% de todas las lesiones cerebrales traum\u00e1ticas<\/p>\n\n\n\n<p><strong>Tipos de lesiones cerebrales: Traum\u00e1ticas y no traum\u00e1ticas<\/strong><\/p>\n\n\n\n<p>Los expertos m\u00e9dicos clasifican las lesiones cerebrales en dos grandes categor\u00edas: las que est\u00e1n presentes al nacer y las que se han desarrollado despu\u00e9s del nacimiento. Una lesi\u00f3n cerebral adquirida es el t\u00e9rmino utilizado para describir cualquier lesi\u00f3n cerebral que se haya producido despu\u00e9s del nacimiento. Cualquier lesi\u00f3n cerebral resultante de un accidente es una lesi\u00f3n cerebral adquirida. Los dos tipos de lesiones cerebrales adquiridas son <a href=\"https:\/\/www.steinberglawfirm.com\/practice-areas\/serious-injury-cases\/traumatic-brain-injury\/\" target=\"_blank\" rel=\"noopener\">lesiones cerebrales traum\u00e1ticas (tambi\u00e9n conocidas como TBI)<\/a> y <a href=\"https:\/\/www.steinberglawfirm.com\/practice-areas\/head-brain-and-spine-injuries\/\" target=\"_blank\" rel=\"noopener\">lesiones cerebrales no traum\u00e1ticas<\/a>.<\/p>\n\n\n\n<p>Una lesi\u00f3n cerebral traum\u00e1tica se produce cuando el cerebro sufre da\u00f1os debido a una fuerza externa. Por el contrario, las lesiones cerebrales no adquiridas son el resultado de factores internos, como la falta de ox\u00edgeno o la exposici\u00f3n a sustancias qu\u00edmicas nocivas. Tanto las lesiones cerebrales traum\u00e1ticas como las no traum\u00e1ticas pueden afectar a la constituci\u00f3n f\u00edsica del cerebro, cambiando su funcionamiento y limitando gravemente la funci\u00f3n diaria de quienes las padecen.<\/p>\n\n\n\n<p><strong>Causas comunes de las lesiones cerebrales traum\u00e1ticas<\/strong><\/p>\n\n\n\n<p>Cualquier accidente que implique un golpe en la cabeza puede causar una lesi\u00f3n cerebral. La mayor\u00eda de las lesiones cerebrales traum\u00e1ticas son consecuencia de los siguientes tipos de accidentes:<\/p>\n\n\n\n<p><strong>Accidentes por resbalones y ca\u00eddas<\/strong><\/p>\n\n\n\n<p><a href=\"https:\/\/www.steinberglawfirm.com\/locations\/summerville\/slip-and-fall-lawyer\/\" target=\"_blank\" rel=\"noopener\">Las ca\u00eddas son una de las principales causas de lesiones cerebrales Summerville<\/a>. Por ejemplo, en South Carolina, el 28% de todas las lesiones cerebrales traum\u00e1ticas est\u00e1n causadas por ca\u00eddas. Las ca\u00eddas pueden producirse en cualquier momento y lugar, desde ir al trabajo, pasear al perro o ir a comprar al supermercado.<\/p>\n\n\n\n<p>Los particulares, las empresas y las entidades gubernamentales tienen la obligaci\u00f3n de garantizar la seguridad de su propiedad a las personas a las que permiten entrar en ella. Cuando un propietario no toma las precauciones necesarias para proteger a sus invitados, puede ser considerado econ\u00f3micamente responsable mediante reclamaciones legales.<\/p>\n\n\n\n<p><strong>Accidentes laborales<\/strong><\/p>\n\n\n\n<p>Aunque algunos lugares de trabajo presentan un mayor riesgo de lesi\u00f3n que otros, la realidad es que una lesi\u00f3n cerebral grave puede ocurrir a los trabajadores de casi cualquier ocupaci\u00f3n. La mayor\u00eda de las veces, las lesiones cerebrales relacionadas con el trabajo son el resultado de un resbal\u00f3n y ca\u00edda o de un accidente de tr\u00e1fico.<\/p>\n\n\n\n<p><a href=\"https:\/\/www.steinberglawfirm.com\/locations\/summerville\/workers-compensation-lawyer\/\" target=\"_blank\" rel=\"noopener\">Casos de lesiones cerebrales relacionadas con el trabajo<\/a> son \u00fanicos en el sentido de que un empleado no puede presentar una demanda por lesiones personales contra su empleador, siempre que \u00e9ste est\u00e9 cubierto por el sistema de indemnizaci\u00f3n de los trabajadores. Los casos de lesiones personales basados en una lesi\u00f3n cerebral relacionada con el trabajo suelen presentarse contra un tercero no empleador que haya causado o contribuido al accidente, adem\u00e1s de una demanda de indemnizaci\u00f3n por accidente de trabajo contra el empleador.<\/p>\n\n\n\n<p><strong>Accidentes de tr\u00e1fico<\/strong><\/p>\n\n\n\n<p>Las fuerzas que intervienen en un accidente de coche, cami\u00f3n o motocicleta son inmensas. Teniendo en cuenta d\u00f3nde se sientan los conductores y los pasajeros en un veh\u00edculo, <a href=\"https:\/\/www.steinberglawfirm.com\/locations\/summerville\/car-accident-lawyer\/\" target=\"_blank\" rel=\"noopener\">los traumatismos craneales son una lesi\u00f3n com\u00fan en los accidentes de tr\u00e1fico<\/a>. Aunque los airbags y los cascos ayudan a prevenir algunas de las lesiones cerebrales m\u00e1s graves, no son garant\u00eda de que no se produzca una lesi\u00f3n cerebral. Los conductores negligentes que causan un accidente que provoca una lesi\u00f3n cerebral en otra persona pueden ser considerados responsables de sus acciones.<\/p>\n\n\n\n<p><strong>Lesiones deportivas<\/strong><\/p>\n\n\n\n<p>Las investigaciones m\u00e9dicas demuestran que el efecto de las lesiones leves repetidas en la cabeza puede acumularse con el tiempo, dando lugar a cambios f\u00edsicos en el cerebro. Seg\u00fan la Asociaci\u00f3n Americana de Cirujanos Neurol\u00f3gicos, los deportes m\u00e1s peligrosos en cuanto a lesiones cerebrales son:<\/p>\n\n\n\n<p>- Ciclismo<br>- F\u00fatbol<br>- Baloncesto<br>- Softbol<br>- F\u00fatbol<br>- Rugby\/Lacrosse<br>- Hockey<br>- Montar a caballo<\/p>\n\n\n\n<p>Si ha sufrido una lesi\u00f3n cerebral en un accidente en la zona Summerville, el <a href=\"https:\/\/www.steinberglawfirm.com\/\" target=\"_blank\" rel=\"noopener\">abogados especializados en lesiones cerebrales en el Steinberg Law Firm<\/a> puede ayudar. Ofrecemos una consulta gratuita a todas las v\u00edctimas de accidentes, durante la cual responderemos a sus preguntas y le ayudaremos a entender mejor sus opciones.<\/p>\n\n\n\n<p><strong>Causas de las lesiones cerebrales no traum\u00e1ticas<\/strong><\/p>\n\n\n\n<p>Las lesiones cerebrales no traum\u00e1ticas implican da\u00f1os en el cerebro causados por factores internos y no externos. A pesar de su nombre, las lesiones cerebrales no traum\u00e1ticas son tan graves como las traum\u00e1ticas. En los casos menos graves, estas lesiones pueden causar un deterioro cognitivo leve. Las lesiones cerebrales no traum\u00e1ticas graves pueden llevar a alguien a un estado vegetativo permanente, y algunas son incluso mortales.<\/p>\n\n\n\n<p>Muchas lesiones cerebrales no traum\u00e1ticas son el resultado de una negligencia m\u00e9dica. M\u00e1s concretamente, las lesiones cerebrales no traum\u00e1ticas suelen estar causadas por la falta de ox\u00edgeno en el cerebro. Los siguientes tipos de negligencia m\u00e9dica pueden dar lugar a una lesi\u00f3n cerebral:<\/p>\n\n\n\n<p>- Errores de anestesia<br>- Lesiones de nacimiento<br>- Errores de medicaci\u00f3n<br>- Infecciones no tratadas en el cerebro<br>- Diagn\u00f3stico err\u00f3neo del ictus<\/p>\n\n\n\n<p>Por supuesto, muchos otros errores m\u00e9dicos pueden dar lugar a una lesi\u00f3n cerebral. En general, estas reclamaciones son excepcionalmente complejas y requieren la asistencia de un abogado que conozca no s\u00f3lo las leyes que rigen estas reclamaciones, sino tambi\u00e9n el \u00e1rea de la medicina en la que ejerce el proveedor m\u00e9dico demandado.<\/p>\n\n\n\n<p><strong>S\u00edntomas de las lesiones cerebrales<\/strong><\/p>\n\n\n\n<p>Las lesiones cerebrales son algunas de las m\u00e1s dif\u00edciles de identificar y tratar debido a la complejidad del cerebro humano. Aunque la mayor\u00eda de las personas que sufren lesiones cerebrales leves se recuperan al cabo de unos d\u00edas o semanas, las lesiones m\u00e1s graves pueden causar efectos duraderos o permanentes.<\/p>\n\n\n\n<p>La gravedad de una lesi\u00f3n cerebral depender\u00e1 de si la lesi\u00f3n se caracteriza como leve, moderada o grave. Las lesiones cerebrales leves, tambi\u00e9n llamadas conmociones cerebrales, son aquellas que no causan ninguna p\u00e9rdida de conciencia o una p\u00e9rdida de conciencia de menos de 30 minutos. Los s\u00edntomas de una conmoci\u00f3n cerebral incluyen:<\/p>\n\n\n\n<p>- Dolor de cabeza<br>- Mareos<br>- Zumbidos en los o\u00eddos<br>- Confusi\u00f3n<br>- P\u00e9rdida de memoria<br>- Cambios en los patrones de sue\u00f1o<\/p>\n\n\n\n<p>Las lesiones cerebrales moderadas se caracterizan por una p\u00e9rdida de conciencia de m\u00e1s de 30 minutos pero menos de 24 horas. Los s\u00edntomas de una lesi\u00f3n cerebral moderada suelen ser los mismos que los de las lesiones cerebrales leves, pero m\u00e1s graves, duraderos o incluso permanentes.<\/p>\n\n\n\n<p>Las lesiones cerebrales graves son las que provocan una p\u00e9rdida de conciencia de m\u00e1s de 24 horas. Adem\u00e1s de los s\u00edntomas anteriores, las lesiones cerebrales graves pueden provocar:<\/p>\n\n\n\n<p>- Habla arrastrada<br>- Inconsciencia<br>- N\u00e1useas o v\u00f3mitos repetidos<br>- Convulsiones<br>- P\u00e9rdida de coordinaci\u00f3n<br>- Agitaci\u00f3n o combatividad<br>- Coma<\/p>\n\n\n\n<p>Un aspecto de las lesiones cerebrales que las hace considerablemente m\u00e1s dif\u00edciles de tratar es que los s\u00edntomas de una lesi\u00f3n cerebral grave pueden no aparecer inmediatamente despu\u00e9s de un accidente. A menudo, las v\u00edctimas de lesiones se sienten \"bien\" despu\u00e9s de un accidente y s\u00f3lo m\u00e1s tarde comienzan a desarrollar s\u00edntomas de LCT. Obtener un tratamiento m\u00e9dico r\u00e1pido es crucial para quienes sufren una lesi\u00f3n cerebral. Cualquier persona que haya sufrido una lesi\u00f3n en la cabeza -independientemente de que haya perdido el conocimiento- necesita un examen inmediato por parte de un m\u00e9dico para determinar si ha sufrido alg\u00fan da\u00f1o a largo plazo. Al hacerlo, se crear\u00e1 un registro escrito de las lesiones.<\/p>\n\n\n\n<p><strong>Indemnizaci\u00f3n disponible a trav\u00e9s de una demanda por lesiones cerebrales por el Summerville<\/strong><\/p>\n\n\n\n<p>Si usted se lesion\u00f3 en un accidente y sufri\u00f3 una lesi\u00f3n cerebral, puede tener derecho a una compensaci\u00f3n monetaria a trav\u00e9s de un <a href=\"https:\/\/www.steinberglawfirm.com\/practice-areas\/personal-injury\/\" target=\"_blank\" rel=\"noopener\">da\u00f1os personales<\/a>, <a href=\"https:\/\/www.steinberglawfirm.com\/practice-areas\/workers-compensation\/\" target=\"_blank\" rel=\"noopener\">indemnizaci\u00f3n por accidente de trabajo<\/a> o <a href=\"https:\/\/www.steinberglawfirm.com\/practice-areas\/medical-malpractice\/\" target=\"_blank\" rel=\"noopener\">demanda por negligencia m\u00e9dica<\/a>. Aunque cada caso es \u00fanico, las v\u00edctimas de accidentes que presentan una demanda con \u00e9xito suelen poder recuperar los da\u00f1os econ\u00f3micos y no econ\u00f3micos que han sufrido como consecuencia del accidente.<\/p>\n\n\n\n<p>Los da\u00f1os econ\u00f3micos son aquellos que tienen un valor monetario que puede determinarse f\u00e1cilmente. Por ejemplo, los tipos comunes de da\u00f1os econ\u00f3micos incluyen:<\/p>\n\n\n\n<p>- Facturas m\u00e9dicas<br>- Futuros gastos m\u00e9dicos<br>- Salarios perdidos<br>- Disminuci\u00f3n de la capacidad de ganancia<\/p>\n\n\n\n<p>Las lesiones cerebrales alteran significativamente el curso de la vida de una persona, limitando su capacidad para hacer las cosas que le gustan. Los da\u00f1os no econ\u00f3micos abordan estas lesiones compensando a las v\u00edctimas de accidentes por:<\/p>\n\n\n\n<p>- Angustia emocional<br>- P\u00e9rdida de consorcio (p\u00e9rdida de la compa\u00f1\u00eda y asistencia del c\u00f3nyuge)<br>- P\u00e9rdida de disfrute de la vida<br>- P\u00e9rdida de sociedad y compa\u00f1\u00eda (por una relaci\u00f3n con alguien que no sea el c\u00f3nyuge)<br>- Angustia mental<br>- Deterioro f\u00edsico<br>- Dolor y sufrimiento f\u00edsico<br>- Desfiguraci\u00f3n<\/p>\n\n\n\n<p>Los da\u00f1os no econ\u00f3micos, en particular, var\u00edan significativamente en funci\u00f3n de la gravedad de sus lesiones y la medida en que afectaron a su vida. En el Steinberg Law Firm, nuestro dedicado equipo de abogados de lesiones cerebrales Summerville est\u00e1 \u00edntimamente familiarizado con la forma en que las lesiones cerebrales afectan a la vida de nuestros clientes. Podemos ayudarle a identificar el alcance total de sus lesiones, preparar las pruebas y presentar el caso de forma que se maximice la compensaci\u00f3n, para que pueda empezar a seguir con su vida despu\u00e9s de sufrir un terrible accidente.<\/p>\n\n\n\n<h3 class=\"wp-block-heading\">Acuda a un abogado especializado en lesiones cerebrales Summerville para obtener asistencia inmediata<\/h3>\n\n\n\n<p>Si usted o un ser querido ha sufrido recientemente una lesi\u00f3n cerebral, llame a los compasivos abogados especializados en lesiones cerebrales del Steinberg Law Firm para tratar su caso. Podemos ayudarle a reclamar una indemnizaci\u00f3n contra los responsables de sus lesiones. Con casi <a href=\"https:\/\/www.steinberglawfirm.com\/about-us\/\" target=\"_blank\" rel=\"noopener\">100 a\u00f1os de experiencia en la tramitaci\u00f3n de todo tipo de reclamaciones por lesiones y accidentes Summerville<\/a>Nuestros abogados tienen el conocimiento, la habilidad y la dedicaci\u00f3n necesarios para tranquilizar su mente en una situaci\u00f3n comprensiblemente estresante y maximizar la compensaci\u00f3n que puede recibir a trav\u00e9s de una reclamaci\u00f3n legal.<\/p>\n\n\n\n<p>Para saber m\u00e1s sobre c\u00f3mo podemos ayudarle a reclamar una indemnizaci\u00f3n basada en las lesiones que usted o su ser querido han sufrido, <a href=\"tel:1-843-720-2800\">llame al 843-720-2800<\/a>o <a href=\"https:\/\/www.steinberglawfirm.com\/contact-us\/\" target=\"_blank\" rel=\"noopener\">contacte con nosotros a trav\u00e9s de nuestro formulario online<\/a>. Representamos a clientes en Summerville y en todo South Carolina. Las llamadas son gratuitas y <a href=\"https:\/\/www.steinberglawfirm.com\/no-fee-unless-you-win\/\" target=\"_blank\" rel=\"noopener\">no nos pagan nada a menos que ganemos<\/a>. Esperamos poder hablar con usted, quitarle el peso de su dif\u00edcil situaci\u00f3n y ayudarle a usted y a su familia en el proceso de recuperaci\u00f3n.<\/p>","protected":false},"excerpt":{"rendered":"<p>Summerville, SC Abogados de lesiones cerebrales en South Carolina para lesiones cerebrales traum\u00e1ticas (TBI) Pocas lesiones son tan aterradoras como una lesi\u00f3n cerebral. El cerebro es uno de los \u00f3rganos m\u00e1s importantes del cuerpo y es crucial para las actividades diarias. Quienes sufren una lesi\u00f3n cerebral pueden no recuperarse nunca del todo de la lesi\u00f3n,...<\/p>","protected":false},"author":1,"featured_media":19966,"parent":3549,"menu_order":0,"comment_status":"closed","ping_status":"closed","template":"","meta":{"_acf_changed":false,"footnotes":""},"class_list":["post-16244","page","type-page","status-publish","has-post-thumbnail","hentry"],"acf":[],"_links":{"self":[{"href":"https:\/\/steinberglawfirm-staging.clmcloud.app\/es\/wp-json\/wp\/v2\/pages\/16244"}],"collection":[{"href":"https:\/\/steinberglawfirm-staging.clmcloud.app\/es\/wp-json\/wp\/v2\/pages"}],"about":[{"href":"https:\/\/steinberglawfirm-staging.clmcloud.app\/es\/wp-json\/wp\/v2\/types\/page"}],"author":[{"embeddable":true,"href":"https:\/\/steinberglawfirm-staging.clmcloud.app\/es\/wp-json\/wp\/v2\/users\/1"}],"replies":[{"embeddable":true,"href":"https:\/\/steinberglawfirm-staging.clmcloud.app\/es\/wp-json\/wp\/v2\/comments?post=16244"}],"version-history":[{"count":4,"href":"https:\/\/steinberglawfirm-staging.clmcloud.app\/es\/wp-json\/wp\/v2\/pages\/16244\/revisions"}],"predecessor-version":[{"id":20683,"href":"https:\/\/steinberglawfirm-staging.clmcloud.app\/es\/wp-json\/wp\/v2\/pages\/16244\/revisions\/20683"}],"up":[{"embeddable":true,"href":"https:\/\/steinberglawfirm-staging.clmcloud.app\/es\/wp-json\/wp\/v2\/pages\/3549"}],"wp:featuredmedia":[{"embeddable":true,"href":"https:\/\/steinberglawfirm-staging.clmcloud.app\/es\/wp-json\/wp\/v2\/media\/19966"}],"wp:attachment":[{"href":"https:\/\/steinberglawfirm-staging.clmcloud.app\/es\/wp-json\/wp\/v2\/media?parent=16244"}],"curies":[{"name":"wp","href":"https:\/\/api.w.org\/{rel}","templated":true}]}}