{"id":1583,"date":"2017-07-31T19:20:41","date_gmt":"2017-07-31T19:20:41","guid":{"rendered":"https:\/\/67.43.6.64\/~steinberglawfirm\/?page_id=1583"},"modified":"2021-07-23T18:06:42","modified_gmt":"2021-07-23T18:06:42","slug":"community-fund-application","status":"publish","type":"page","link":"https:\/\/steinberglawfirm-staging.clmcloud.app\/es\/dar-back\/fondo-comunitario-solicitud\/","title":{"rendered":"Steinberg Law Firm Fondo Comunitario de los Trabajadores"},"content":{"rendered":"<p>Nuestro Programa de Fondos Comunitarios est\u00e1 siendo revisado y sometido a algunas mejoras. Por favor, vuelva a consultar para obtener m\u00e1s informaci\u00f3n.&nbsp;<\/p>\n\n\n\n<p>Fundado en 1927, el Steinberg Law Firm siempre ha sido un defensor incondicional de nuestra comunidad. Durante generaciones, nuestros abogados y personal han luchado con ah\u00ednco por los derechos de los dem\u00e1s.<\/p>\n\n\n\n<p>Adem\u00e1s de trabajar duro para nuestros clientes, nos comprometemos a patrocinar organizaciones que se esfuerzan por mejorar el desarrollo de la mano de obra, la alfabetizaci\u00f3n, la salud y el bienestar de los ni\u00f1os.<\/p>\n\n\n\n<p>Se aceptan solicitudes de organizaciones sin \u00e1nimo de lucro que a.) est\u00e9n ubicadas en la localidad; b.) est\u00e9n reconocidas por el I.R.S. como organizaciones ben\u00e9ficas p\u00fablicas, exentas del impuesto sobre la renta con una designaci\u00f3n 501(c)(3) o, que hayan conseguido el patrocinio fiscal de una organizaci\u00f3n ben\u00e9fica p\u00fablica reconocida 501(c)(3); y c.) no sean una organizaci\u00f3n pol\u00edtica o de presi\u00f3n.<\/p>","protected":false},"excerpt":{"rendered":"<p>Nuestro Programa de Fondos Comunitarios est\u00e1 siendo revisado y sometido a algunas mejoras. Vuelva a consultar para obtener m\u00e1s informaci\u00f3n.  Fundado en 1927, el Steinberg Law Firm siempre ha sido un defensor incondicional de nuestra comunidad. Durante generaciones, nuestros abogados y personal han luchado arduamente por los derechos de los dem\u00e1s. Adem\u00e1s de trabajar duro para nuestros clientes, nosotros...<\/p>","protected":false},"author":1,"featured_media":10727,"parent":3372,"menu_order":0,"comment_status":"closed","ping_status":"closed","template":"","meta":{"_acf_changed":false,"footnotes":""},"class_list":["post-1583","page","type-page","status-publish","has-post-thumbnail","hentry"],"acf":[],"_links":{"self":[{"href":"https:\/\/steinberglawfirm-staging.clmcloud.app\/es\/wp-json\/wp\/v2\/pages\/1583"}],"collection":[{"href":"https:\/\/steinberglawfirm-staging.clmcloud.app\/es\/wp-json\/wp\/v2\/pages"}],"about":[{"href":"https:\/\/steinberglawfirm-staging.clmcloud.app\/es\/wp-json\/wp\/v2\/types\/page"}],"author":[{"embeddable":true,"href":"https:\/\/steinberglawfirm-staging.clmcloud.app\/es\/wp-json\/wp\/v2\/users\/1"}],"replies":[{"embeddable":true,"href":"https:\/\/steinberglawfirm-staging.clmcloud.app\/es\/wp-json\/wp\/v2\/comments?post=1583"}],"version-history":[{"count":3,"href":"https:\/\/steinberglawfirm-staging.clmcloud.app\/es\/wp-json\/wp\/v2\/pages\/1583\/revisions"}],"predecessor-version":[{"id":16820,"href":"https:\/\/steinberglawfirm-staging.clmcloud.app\/es\/wp-json\/wp\/v2\/pages\/1583\/revisions\/16820"}],"up":[{"embeddable":true,"href":"https:\/\/steinberglawfirm-staging.clmcloud.app\/es\/wp-json\/wp\/v2\/pages\/3372"}],"wp:featuredmedia":[{"embeddable":true,"href":"https:\/\/steinberglawfirm-staging.clmcloud.app\/es\/wp-json\/wp\/v2\/media\/10727"}],"wp:attachment":[{"href":"https:\/\/steinberglawfirm-staging.clmcloud.app\/es\/wp-json\/wp\/v2\/media?parent=1583"}],"curies":[{"name":"wp","href":"https:\/\/api.w.org\/{rel}","templated":true}]}}