{"id":15721,"date":"2021-03-15T20:38:18","date_gmt":"2021-03-15T20:38:18","guid":{"rendered":"https:\/\/www.steinberglawfirm.com\/?page_id=15721"},"modified":"2024-02-02T00:26:10","modified_gmt":"2024-02-02T00:26:10","slug":"delivery-worker-injury","status":"publish","type":"page","link":"https:\/\/steinberglawfirm-staging.clmcloud.app\/es\/indemnizacion-de-los-trabajadores\/entrega-trabajador-lesion\/","title":{"rendered":"South Carolina Abogado de lesiones de trabajadores de reparto"},"content":{"rendered":"<h1 class=\"wp-block-heading\">South Carolina Abogado de lesiones de trabajadores de reparto<\/h1>\n\n\n\n<h2 class=\"wp-block-heading\"><em>Obtenci\u00f3n de prestaciones de compensaci\u00f3n laboral para trabajadores de reparto en South Carolina<\/em><\/h2>\n\n\n\n<p>Los repartidores est\u00e1n m\u00e1s solicitados que nunca porque desempe\u00f1an un papel esencial para conectar a los clientes con las empresas y los productos. La gente conf\u00eda en los repartidores para todo, desde <a href=\"https:\/\/www.steinberglawfirm.com\/workers-compensation\/instacart-delivery-injury-attorneys\/\" target=\"_blank\" rel=\"noopener\">comestibles<\/a>, <a href=\"https:\/\/www.steinberglawfirm.com\/workers-compensation\/doordash-work-accident-attorneys\/\" target=\"_blank\" rel=\"noopener\">comida para llevar<\/a>Los repartidores pueden ser desde repartidores de medicamentos hasta repartidores de ropa, muebles y material de oficina. Entre los repartidores hay repartidores, camioneros, mozos de almac\u00e9n, carretilleros y otros.<\/p>\n\n\n\n<p>La presi\u00f3n constante para cumplir con los ajustados plazos de entrega hace que los repartidores acaben trabajando muchas horas seguidas, vi\u00e9ndose a veces obligados a sacrificar su seguridad para que los env\u00edos se entreguen a tiempo. La presi\u00f3n para trabajar m\u00e1s y m\u00e1s r\u00e1pido <a href=\"https:\/\/www.steinberglawfirm.com\/practice-areas\/personal-injury\/\" target=\"_blank\" rel=\"noopener\">aumenta el riesgo de lesiones graves<\/a>incluyendo todo, desde <a href=\"https:\/\/www.steinberglawfirm.com\/practice-areas\/premises-liability\/slip-and-fall\/\" target=\"_blank\" rel=\"noopener\">accidentes por resbalones y ca\u00eddas<\/a> a <a href=\"https:\/\/www.steinberglawfirm.com\/practice-areas\/auto-accidents\/\" target=\"_blank\" rel=\"noopener\">accidentes de tr\u00e1fico<\/a> a lesiones por levantamiento. <a href=\"https:\/\/www.steinberglawfirm.com\/locations\/charleston\/workers-compensation-lawyers\/delivery-driver-accident-lawyers\/\" target=\"_blank\" rel=\"noopener\">Repartidores accidentados en el trabajo<\/a> en South Carolina tienen derecho a prestaciones de compensaci\u00f3n laboral y deben <a href=\"https:\/\/steinberglawfirm.com\/practice-areas\/workers-compensation\/\" target=\"_blank\" rel=\"noopener\">busque la ayuda de un abogado especializado en indemnizaciones laborales<\/a> cuando se deniegan o impugnan esas prestaciones.<\/p>\n\n\n\n<h3 class=\"wp-block-heading\">Causas comunes de las lesiones en el trabajo de parto<\/h3>\n\n\n\n<p>Debido a la variedad de tareas y al entorno acelerado asociado a los trabajos de reparto, las lesiones pueden producirse en cualquier momento del trabajo de los repartidores, ya sea cargando la carga, utilizando carretillas elevadoras, transportando mercanc\u00edas o entregando paquetes. La naturaleza exigente del trabajo implica trabajar por las noches y los fines de semana con poco descanso, especialmente durante la temporada de vacaciones.<\/p>\n\n\n\n<p>Trabajar como conductor de reparto conlleva riesgos \u00fanicos, <a href=\"https:\/\/www.steinberglawfirm.com\/practice-areas\/auto-accidents\/\" target=\"_blank\" rel=\"noopener\">incluyendo la posibilidad de colisiones de veh\u00edculos de motor<\/a>. Como las empresas de transporte siempre intentan acortar los plazos de entrega para ser el servicio de entrega m\u00e1s r\u00e1pido, los conductores se sienten presionados para completar sus entregas en un plazo determinado. Hacer entregas en muchas casas y oficinas diferentes significa tener que lidiar con varias condiciones peligrosas como pisos mojados, escalones helados, barandas sueltas, perros que muerden.<\/p>\n\n\n\n<p>Entre las formas m\u00e1s comunes en que los repartidores pueden lesionarse en el trabajo se encuentran:<\/p>\n\n\n\n<p>- Cataratas<br>- Colisiones de veh\u00edculos de motor<br>- Sobreesfuerzo<br>- Ser golpeado por la carga<br>- Accidentes por aplastamiento<br>- Conexi\u00f3n o desconexi\u00f3n de los tractores de los remolques<br>- Percances durante la carga o descarga de la mercanc\u00eda<br>- Lesiones al levantar o empujar objetos pesados<\/p>\n\n\n\n<h3 class=\"wp-block-heading\">Tipos de lesiones de los repartidores<\/h3>\n\n\n\n<p>Los repartidores pueden sufrir distintos tipos de lesiones en funci\u00f3n de sus responsabilidades espec\u00edficas. Las tareas cotidianas pueden incluir la conducci\u00f3n de grandes camiones, la manipulaci\u00f3n de paquetes pesados y la realizaci\u00f3n de frecuentes paradas de reparto mientras se recorren calles muy transitadas.<\/p>\n\n\n\n<p>Las tareas de los repartidores son f\u00edsicamente exigentes, lo que significa que las lesiones musculoesquel\u00e9ticas son frecuentes. Las lesiones musculoesquel\u00e9ticas afectan a las articulaciones, los m\u00fasculos, los tendones, los ligamentos, los discos, los nervios y otras partes del cuerpo. Un solo movimiento torpe o un paso en falso pueden desencadenar enfermedades a largo plazo, como el codo de tenista o la tendinitis, que causan dolor cr\u00f3nico. Las consecuencias de estas lesiones pueden ser de gran alcance, ya que pueden llegar a ser lo suficientemente graves como para requerir un cambio de carrera.<\/p>\n\n\n\n<p>Los esguinces y las distensiones tambi\u00e9n son lesiones comunes para los trabajadores de reparto. Otros tipos de movimientos repetitivos asociados a la clasificaci\u00f3n, la carga y la entrega de paquetes tambi\u00e9n pueden causar una amplia gama de lesiones, entre ellas:<\/p>\n\n\n\n<p>- Moretones, cortes y laceraciones<br>- Tensiones en el cuello y la espalda<br>- Lesiones en manos, mu\u00f1ecas y brazos<br>- Lesiones en los hombros<br>- Huesos rotos<br>- Lesiones de rodilla<br>- Lesiones de la columna vertebral<br>- Lesiones en la cabeza<br>- Latigazo cervical<br>- P\u00e9rdida de extremidades<br>- Da\u00f1os en los \u00f3rganos internos<br>- Hemorragia interna<\/p>\n\n\n\n<h3 class=\"wp-block-heading\">Perseguir la compensaci\u00f3n de los trabajadores en South Carolina<\/h3>\n\n\n\n<p>Al igual que otros estados, South Carolina exige a los empresarios un seguro de indemnizaci\u00f3n por accidente laboral. Este seguro proporciona a los empleados lesionados un apoyo financiero vital para las facturas m\u00e9dicas, los salarios perdidos y otros costes.<\/p>\n\n\n\n<p>La negligencia no es un factor a la hora de presentar una reclamaci\u00f3n de indemnizaci\u00f3n por accidente de trabajo, lo que significa que no es necesario que el empresario haya causado su accidente para que usted reciba las prestaciones. Siempre que su lesi\u00f3n se haya producido durante el transcurso de su empleo como repartidor, es probable que tenga derecho a las prestaciones de la compensaci\u00f3n de los trabajadores. Un punto importante a tener en cuenta es que este tipo de reclamaciones no cubren p\u00e9rdidas como el dolor y el sufrimiento o la angustia emocional.<\/p>\n\n\n\n<p>Desgraciadamente, las compa\u00f1\u00edas de seguros no tienen en cuenta los intereses de los trabajadores cuando reciben reclamaciones de indemnizaci\u00f3n. Mirando por s\u00ed mismas y tratando de maximizar sus beneficios, el objetivo de las compa\u00f1\u00edas de seguros es pagar lo menos posible a pesar de los da\u00f1os y costes reales mucho m\u00e1s altos causados por sus lesiones. Su empleador o su compa\u00f1\u00eda de seguros pueden intentar rechazar su reclamaci\u00f3n de indemnizaci\u00f3n por accidente laboral por considerarla inv\u00e1lida. Por ejemplo, pueden argumentar que su lesi\u00f3n no se produjo en el lugar de trabajo o que usted no cumpli\u00f3 el plazo para presentar su reclamaci\u00f3n.<\/p>\n\n\n\n<p><a href=\"https:\/\/www.steinberglawfirm.com\/\" target=\"_blank\" rel=\"noopener\">Steinberg Law Firm sabe exactamente<\/a> c\u00f3mo se desarrolla el proceso de reclamaciones de indemnizaci\u00f3n de los trabajadores. Nos negamos a que las compa\u00f1\u00edas de seguros jueguen con su salud o su carrera. Nuestro <a href=\"https:\/\/www.steinberglawfirm.com\/attorney\/\" target=\"_blank\" rel=\"noopener\">los abogados expertos en indemnizaciones por accidente de trabajo South Carolina est\u00e1n aqu\u00ed para ayudar<\/a> los trabajadores de reparto lesionados obtienen prestaciones por accidente de trabajo completas y justas en South Carolina.<\/p>\n\n\n\n<h3 class=\"wp-block-heading\">C\u00f3mo puede ayudar el Steinberg Law Firm a los repartidores lesionados<\/h3>\n\n\n\n<p>Si su reclamaci\u00f3n de indemnizaci\u00f3n por accidente de trabajo est\u00e1 siendo cuestionada o denegada, Steinberg Law Firm dar\u00e1 la cara por usted para asegurarse de que recibe las prestaciones que merece. Nuestro <a href=\"https:\/\/steinberglawfirm.com\/practice-areas\/workers-compensation\/\" target=\"_blank\" rel=\"noopener\">South Carolina abogados especializados en indemnizaciones laborales<\/a> son adversarios h\u00e1biles que saben c\u00f3mo contrarrestar las t\u00e1cticas utilizadas por las compa\u00f1\u00edas de seguros.<\/p>\n\n\n\n<p>Le explicaremos todo el proceso de reclamaci\u00f3n de la compensaci\u00f3n de los trabajadores. Nuestros abogados tambi\u00e9n le ayudar\u00e1n a determinar si usted puede ser elegible para presentar una demanda por da\u00f1os y perjuicios si un tercero fue de alguna manera responsable de sus lesiones. Por ejemplo, un conductor de entrega que estuvo involucrado en una colisi\u00f3n de veh\u00edculos de motor puede ser capaz de buscar los da\u00f1os de un conductor culpable, adem\u00e1s de recibir los beneficios de compensaci\u00f3n de trabajadores. <a href=\"https:\/\/www.steinberglawfirm.com\/\" target=\"_blank\" rel=\"noopener\">Steinberg Law Firm le aconsejar\u00e1 la mejor manera de actuar<\/a> en su situaci\u00f3n y guiarle a trav\u00e9s de las complejidades del sistema legal de South Carolina.<\/p>\n\n\n\n<h3 class=\"wp-block-heading\">Pasos a seguir si se lesiona en el trabajo<\/h3>\n\n\n\n<p>Si te lesionas en el trabajo puede que no est\u00e9s seguro de lo que debes hacer. La desafortunada realidad es que <a href=\"https:\/\/www.steinberglawfirm.com\/practice-areas\/workers-compensation\/how-to-file-workers-compensation-claim-south-carolina\/\" target=\"_blank\" rel=\"noopener\">cualquier paso en falso puede perjudicar su reclamaci\u00f3n de indemnizaci\u00f3n laboral<\/a>. Para preservar mejor sus derechos legales, debe recordar hacer lo siguiente si se lesiona en el trabajo como repartidor:<\/p>\n\n\n\n<p>1. Informa inmediatamente de tu lesi\u00f3n laboral a un supervisor. Este es un paso vital para registrar los detalles de lo ocurrido. Llame a la polic\u00eda si <a href=\"https:\/\/www.steinberglawfirm.com\/locations\/charleston\/workers-compensation-lawyers\/delivery-driver-accident-lawyers\/\" target=\"_blank\" rel=\"noopener\">implicado en un accidente de tr\u00e1fico.<\/a><br>2. Obtenga tratamiento m\u00e9dico inmediato. Aseg\u00farate de que te eval\u00fae un m\u00e9dico aunque tus lesiones parezcan menores. Es posible que se le exija que acuda a un proveedor de atenci\u00f3n m\u00e9dica que su empresa seleccione. De lo contrario, es posible que no se cubran sus gastos m\u00e9dicos.<br>3. Siga a rajatabla todas las pol\u00edticas de notificaci\u00f3n de lesiones laborales de su empresa. Aseg\u00farate de que tu informe de lesiones se ponga por escrito.<br>4. Hable de su situaci\u00f3n con un abogado cualificado en materia de indemnizaci\u00f3n por accidente de trabajo. Un abogado puede ayudarle a asegurarse de que recibe las prestaciones que merece y a maximizar las que recibe.<\/p>\n\n\n\n<h3 class=\"wp-block-heading\">Contacte con Steinberg Law Firm hoy mismo<\/h3>\n\n\n\n<p>Si se ha lesionado mientras trabajaba como empleado de reparto en South Carolina, <a href=\"https:\/\/steinberglawfirm.com\/practice-areas\/workers-compensation\/\" target=\"_blank\" rel=\"noopener\">tiene derecho a obtener una indemnizaci\u00f3n por accidente de trabajo<\/a>. Si tiene dificultades para obtener las prestaciones a las que tiene derecho o necesita cualquier otro tipo de ayuda para su reclamaci\u00f3n, <a href=\"https:\/\/www.steinberglawfirm.com\/contact-us\/\" target=\"_blank\" rel=\"noopener\">p\u00f3ngase en contacto con los experimentados abogados especializados en indemnizaciones laborales<\/a> en Steinberg Law Firm para un <a href=\"https:\/\/www.steinberglawfirm.com\/free-consultation\/\" target=\"_blank\" rel=\"noopener\">consulta gratuita<\/a>.<\/p>","protected":false},"excerpt":{"rendered":"<p>South Carolina Abogado de lesiones de trabajadores de entrega Obtener beneficios de compensaci\u00f3n laboral para los trabajadores de entrega en South Carolina Los trabajadores de entrega est\u00e1n en demanda ahora m\u00e1s que nunca, ya que desempe\u00f1an un papel esencial en la conexi\u00f3n de los clientes con las empresas y productos. La gente conf\u00eda en los trabajadores de entrega para todo, desde comestibles, comida para llevar restaurante, la medicina a la ropa, muebles, y la oficina ...<\/p>","protected":false},"author":1,"featured_media":0,"parent":8874,"menu_order":0,"comment_status":"closed","ping_status":"closed","template":"","meta":{"_acf_changed":false,"footnotes":""},"class_list":["post-15721","page","type-page","status-publish","hentry"],"acf":[],"_links":{"self":[{"href":"https:\/\/steinberglawfirm-staging.clmcloud.app\/es\/wp-json\/wp\/v2\/pages\/15721"}],"collection":[{"href":"https:\/\/steinberglawfirm-staging.clmcloud.app\/es\/wp-json\/wp\/v2\/pages"}],"about":[{"href":"https:\/\/steinberglawfirm-staging.clmcloud.app\/es\/wp-json\/wp\/v2\/types\/page"}],"author":[{"embeddable":true,"href":"https:\/\/steinberglawfirm-staging.clmcloud.app\/es\/wp-json\/wp\/v2\/users\/1"}],"replies":[{"embeddable":true,"href":"https:\/\/steinberglawfirm-staging.clmcloud.app\/es\/wp-json\/wp\/v2\/comments?post=15721"}],"version-history":[{"count":5,"href":"https:\/\/steinberglawfirm-staging.clmcloud.app\/es\/wp-json\/wp\/v2\/pages\/15721\/revisions"}],"predecessor-version":[{"id":30487,"href":"https:\/\/steinberglawfirm-staging.clmcloud.app\/es\/wp-json\/wp\/v2\/pages\/15721\/revisions\/30487"}],"up":[{"embeddable":true,"href":"https:\/\/steinberglawfirm-staging.clmcloud.app\/es\/wp-json\/wp\/v2\/pages\/8874"}],"wp:attachment":[{"href":"https:\/\/steinberglawfirm-staging.clmcloud.app\/es\/wp-json\/wp\/v2\/media?parent=15721"}],"curies":[{"name":"wp","href":"https:\/\/api.w.org\/{rel}","templated":true}]}}