{"id":15673,"date":"2021-03-11T23:55:50","date_gmt":"2021-03-11T23:55:50","guid":{"rendered":"https:\/\/www.steinberglawfirm.com\/?page_id=15673"},"modified":"2022-04-21T23:02:46","modified_gmt":"2022-04-21T23:02:46","slug":"fatal-car-accident-lawyers","status":"publish","type":"page","link":"https:\/\/steinberglawfirm-staging.clmcloud.app\/es\/ubicaciones\/summerville\/abogado-accidente-de-coche-3\/abogados-de-accidentes-de-trafico-mortales\/","title":{"rendered":"Summerville Abogados de accidentes de tr\u00e1fico mortales y muerte por negligencia"},"content":{"rendered":"<h1 class=\"wp-block-heading\">Summerville Abogados de accidentes de tr\u00e1fico mortales y muerte por negligencia<\/h1>\n\n\n\n<p>Al recibir la noticia de que <a href=\"https:\/\/www.steinberglawfirm.com\/practice-areas\/auto-accidents\/fatal-car-accident\/\" target=\"_blank\" rel=\"noopener\">un ser querido muri\u00f3 en un accidente de coche Summerville<\/a> es una de las cosas m\u00e1s devastadoras que se pueden experimentar. Sin embargo, miles de familias se ven obligadas a pasar por esta tragedia. En muchos casos, el fallecido no era en absoluto responsable del accidente. Sin embargo, aunque hayan desempe\u00f1ado un papel menor, esto no disminuye la devastaci\u00f3n de la familia.<\/p>\n\n\n\n<p>Aunque ninguna cantidad de dinero puede compensar adecuadamente su p\u00e9rdida, <a href=\"https:\/\/www.steinberglawfirm.com\/practice-areas\/wrongful-death\/\" target=\"_blank\" rel=\"noopener\">presentaci\u00f3n de una demanda por homicidio culposo<\/a> puede ayudar a aliviar las cargas financieras despu\u00e9s de un accidente de coche fatal Summerville. En <a href=\"https:\/\/www.steinberglawfirm.com\/\" target=\"_blank\" rel=\"noopener\">el Steinberg Law Firm<\/a>, nuestro <a href=\"https:\/\/www.steinberglawfirm.com\/practice-areas\/personal-injury\/\" target=\"_blank\" rel=\"noopener\">abogados de da\u00f1os personales<\/a> trabajan estrechamente con las familias para ayudarles a buscar justicia despu\u00e9s de perder a un ser querido en un accidente de coche evitable. Llevamos d\u00e9cadas representando a familias en casos de muerte por negligencia y estamos aqu\u00ed para apoyarles en este momento tan dif\u00edcil.<\/p>\n\n\n\n<p><strong>Causas de los accidentes de tr\u00e1fico mortales Summerville<\/strong><\/p>\n\n\n\n<p><a href=\"https:\/\/www.steinberglawfirm.com\/locations\/summerville\/car-accident-lawyer\/\" target=\"_blank\" rel=\"noopener\">Los accidentes de coche ocurren en un momento<\/a>A menudo se debe a una sola decisi\u00f3n err\u00f3nea o a un error de juicio moment\u00e1neo. Sin embargo, las consecuencias de estos errores aparentemente peque\u00f1os pueden hacer que una persona inocente pague el precio m\u00e1s alto.<\/p>\n\n\n\n<p>A lo largo de las d\u00e9cadas que llevamos llevando casos de accidentes de coche mortales, entendemos que la mayor\u00eda de estas colisiones se producen por la negligencia de un conductor. De hecho, es una situaci\u00f3n rara en la que un accidente es inevitable. Las siguientes son las causas m\u00e1s comunes de los accidentes de coche mortales Summerville:<\/p>\n\n\n\n<p>- <a href=\"https:\/\/www.steinberglawfirm.com\/practice-areas\/auto-accidents\/distracted-driving-accidents\/\" target=\"_blank\" rel=\"noopener\">Conducci\u00f3n distra\u00edda<\/a><br>- <a href=\"https:\/\/www.steinberglawfirm.com\/practice-areas\/auto-accidents\/drunk-driving-accident\/\" target=\"_blank\" rel=\"noopener\">Conducci\u00f3n bajo los efectos del alcohol<\/a><br>- Conducir bajo la influencia de drogas de prescripci\u00f3n o de la calle<br>- Conducir con fatiga<br>- <a href=\"https:\/\/www.steinberglawfirm.com\/practice-areas\/auto-accidents\/speeding-car-accidents\/\" target=\"_blank\" rel=\"noopener\">Exceso de velocidad<\/a><br>- Conducci\u00f3n agresiva<\/p>\n\n\n\n<p>Otras circunstancias ajenas al control del otro conductor pueden causar un accidente, como un veh\u00edculo defectuoso, carreteras sin se\u00f1alizar o mal se\u00f1alizadas, u obras mal dise\u00f1adas. Sin embargo, en cada uno de estos casos, la negligencia de alguien desempe\u00f1\u00f3 un papel en la causa del accidente.<\/p>\n\n\n\n<p><strong>\u00bfQu\u00e9 es una demanda de muerte por negligencia Summerville?<\/strong><\/p>\n\n\n\n<p>Una reclamaci\u00f3n por muerte por negligencia es un tipo de reclamaci\u00f3n por da\u00f1os personales. Sin embargo, en lugar de ser presentada por la v\u00edctima del accidente, <a href=\"https:\/\/www.steinberglawfirm.com\/locations\/summerville\/wrongful-death-lawyer\/\" target=\"_blank\" rel=\"noopener\">una reclamaci\u00f3n de muerte por negligencia Summerville<\/a> es presentada por el albacea o el administrador de la herencia de la v\u00edctima del accidente fallecida en nombre de los familiares supervivientes de \u00e9sta.<\/p>\n\n\n\n<p>Para tener \u00e9xito en un caso de muerte por negligencia, la persona que presenta la reclamaci\u00f3n debe demostrar que el acto negligente del demandado caus\u00f3 la muerte de la v\u00edctima. Por lo general, estas reclamaciones deben presentarse dentro de los tres a\u00f1os siguientes a la fecha de la muerte de la v\u00edctima. En particular, esto puede ser posterior a la fecha del accidente.<\/p>\n\n\n\n<p>Las familias que sufren la tr\u00e1gica p\u00e9rdida de un ser querido pueden recibir una indemnizaci\u00f3n que les ayude a afrontar el impacto financiero de su p\u00e9rdida. Aunque cada caso es diferente, la ley South Carolina permite a las familias recuperar sus p\u00e9rdidas econ\u00f3micas y no econ\u00f3micas a trav\u00e9s de una demanda por homicidio culposo. Los da\u00f1os econ\u00f3micos se refieren a los gastos de bolsillo asociados al accidente. En el caso de un accidente de coche mortal, los da\u00f1os econ\u00f3micos pueden incluir:<\/p>\n\n\n\n<p>- Los gastos m\u00e9dicos de la v\u00edctima;<br>- El salario que la v\u00edctima habr\u00eda ganado a lo largo de su vida;<br>- La p\u00e9rdida de las prestaciones que la v\u00edctima habr\u00eda obtenido de otro modo, como el seguro m\u00e9dico o las pensiones;<br>- La p\u00e9rdida de la herencia causada por la muerte prematura de la v\u00edctima; y<br>- Las contribuciones que la v\u00edctima habr\u00eda proporcionado a su familia.<\/p>\n\n\n\n<p>Los da\u00f1os no econ\u00f3micos compensan a la familia por el da\u00f1o emocional causado por el accidente. Los da\u00f1os no econ\u00f3micos t\u00edpicos en un caso de accidente de coche mortal pueden incluir:<\/p>\n\n\n\n<p>- Indemnizaci\u00f3n por la angustia mental del familiar superviviente;<br>- Indemnizaci\u00f3n por los cuidados, la protecci\u00f3n, la orientaci\u00f3n, el asesoramiento, la formaci\u00f3n y la crianza que habr\u00eda proporcionado el accidentado fallecido;<br>- Indemnizaci\u00f3n por la p\u00e9rdida de amor, sociedad y compa\u00f1\u00eda de la familia; y<br>- Indemnizaci\u00f3n por la p\u00e9rdida de consorcio del c\u00f3nyuge superviviente.<\/p>\n\n\n\n<p>Aunque es poco frecuente, en algunos casos se puede conceder a una familia una indemnizaci\u00f3n punitiva adem\u00e1s de los da\u00f1os econ\u00f3micos y no econ\u00f3micos compensatorios. A diferencia de los da\u00f1os compensatorios, los da\u00f1os punitivos se centran en castigar a la parte culpable por haber tenido una conducta especialmente mala. La ley s\u00f3lo permite las indemnizaciones punitivas cuando la parte que presenta la demanda \"demuestra con pruebas claras y convincentes que su da\u00f1o fue el resultado de la conducta intencionada, gratuita o temeraria del demandado\". Aunque se trata de un list\u00f3n muy alto, los da\u00f1os punitivos est\u00e1n disponibles en las demandas por accidentes de tr\u00e1fico mortales Summerville.<\/p>\n\n\n\n<h2 class=\"wp-block-heading\">P\u00f3ngase en contacto con un abogado de accidentes automovil\u00edsticos mortales Summerville para obtener asistencia inmediata<\/h2>\n\n\n\n<p>Si ha sufrido la tr\u00e1gica p\u00e9rdida de un ser querido debido a un accidente de tr\u00e1fico mortal Summerville, la <a href=\"https:\/\/www.steinberglawfirm.com\/attorney\/\" target=\"_blank\" rel=\"noopener\">abogados compasivos en el Steinberg Law Firm<\/a> puede ayudar. Reconocemos que este es un momento excepcionalmente dif\u00edcil para usted y su familia y que presentar una demanda puede no estar en su mente. Sin embargo, al <a href=\"https:\/\/www.steinberglawfirm.com\/free-consultation\/\" target=\"_blank\" rel=\"noopener\">ll\u00e1menos para concertar una consulta gratuita<\/a>puede informarse sobre el proceso de muerte por negligencia para determinar si es adecuado para su familia. Si teme que su p\u00e9rdida pueda provocar dificultades econ\u00f3micas, queremos ayudarle. Para saber m\u00e1s y hablar con un abogado sobre su caso, <a href=\"tel:18437202800\">ll\u00e1menos al 843-720-2800<\/a>. Tambi\u00e9n puede <a href=\"https:\/\/www.steinberglawfirm.com\/contact-us\/\" target=\"_blank\" rel=\"noopener\">contacte con nosotros a trav\u00e9s de nuestro formulario en l\u00ednea<\/a>.<\/p>","protected":false},"excerpt":{"rendered":"<p>Summerville Accidente de coche fatal y abogados de muerte injusta Recibir la noticia de que un ser querido muri\u00f3 en un accidente de coche Summerville es una de las cosas m\u00e1s devastadoras que alguien puede experimentar. Sin embargo, miles de familias se ven obligadas a pasar por esta tragedia. En muchos casos, el fallecido no era en absoluto responsable del accidente....<\/p>","protected":false},"author":1,"featured_media":20044,"parent":6243,"menu_order":0,"comment_status":"closed","ping_status":"closed","template":"","meta":{"_acf_changed":false,"footnotes":""},"class_list":["post-15673","page","type-page","status-publish","has-post-thumbnail","hentry"],"acf":[],"_links":{"self":[{"href":"https:\/\/steinberglawfirm-staging.clmcloud.app\/es\/wp-json\/wp\/v2\/pages\/15673"}],"collection":[{"href":"https:\/\/steinberglawfirm-staging.clmcloud.app\/es\/wp-json\/wp\/v2\/pages"}],"about":[{"href":"https:\/\/steinberglawfirm-staging.clmcloud.app\/es\/wp-json\/wp\/v2\/types\/page"}],"author":[{"embeddable":true,"href":"https:\/\/steinberglawfirm-staging.clmcloud.app\/es\/wp-json\/wp\/v2\/users\/1"}],"replies":[{"embeddable":true,"href":"https:\/\/steinberglawfirm-staging.clmcloud.app\/es\/wp-json\/wp\/v2\/comments?post=15673"}],"version-history":[{"count":4,"href":"https:\/\/steinberglawfirm-staging.clmcloud.app\/es\/wp-json\/wp\/v2\/pages\/15673\/revisions"}],"predecessor-version":[{"id":20659,"href":"https:\/\/steinberglawfirm-staging.clmcloud.app\/es\/wp-json\/wp\/v2\/pages\/15673\/revisions\/20659"}],"up":[{"embeddable":true,"href":"https:\/\/steinberglawfirm-staging.clmcloud.app\/es\/wp-json\/wp\/v2\/pages\/6243"}],"wp:featuredmedia":[{"embeddable":true,"href":"https:\/\/steinberglawfirm-staging.clmcloud.app\/es\/wp-json\/wp\/v2\/media\/20044"}],"wp:attachment":[{"href":"https:\/\/steinberglawfirm-staging.clmcloud.app\/es\/wp-json\/wp\/v2\/media?parent=15673"}],"curies":[{"name":"wp","href":"https:\/\/api.w.org\/{rel}","templated":true}]}}