{"id":15667,"date":"2021-03-11T23:50:44","date_gmt":"2021-03-11T23:50:44","guid":{"rendered":"https:\/\/www.steinberglawfirm.com\/?page_id=15667"},"modified":"2022-04-21T23:03:21","modified_gmt":"2022-04-21T23:03:21","slug":"drunk-driving-lawyers","status":"publish","type":"page","link":"https:\/\/steinberglawfirm-staging.clmcloud.app\/es\/ubicaciones\/summerville\/abogados-para-conductores-ebrios\/","title":{"rendered":"Summerville Abogados de conducci\u00f3n en estado de ebriedad"},"content":{"rendered":"<h1 class=\"wp-block-heading\">Summerville Abogados de conducci\u00f3n en estado de ebriedad<\/h1>\n\n\n\n<p>Mientras que cualquier accidente de coche es sacudida-para decir lo menos-Summerville accidentes de conducci\u00f3n ebria a\u00f1adir un elemento de la tragedia y la frustraci\u00f3n. Cada a\u00f1o, cientos de personas mueren en nuestro estado debido a accidentes de conducci\u00f3n bajo los efectos del alcohol. De hecho, entre los a\u00f1os de 2003 y 2012, hubo 3.870 personas muertas en accidentes de South Carolina DUI. Adem\u00e1s, miles m\u00e1s son <a href=\"https:\/\/www.steinberglawfirm.com\/practice-areas\/auto-accidents\/drunk-driving-accident\/\" target=\"_blank\" rel=\"noopener\">heridos graves por la imprudencia de los conductores ebrios<\/a>.<\/p>\n\n\n\n<p>En el Steinberg Law Firm, representamos a las v\u00edctimas de lesiones y a sus familias en casos de accidentes por conducir bajo los efectos del alcohol. Durante los \u00faltimos 170 a\u00f1os, <a href=\"https:\/\/www.steinberglawfirm.com\/\" target=\"_blank\" rel=\"noopener\">Steinberg Law ha sido un respetado bufete de abogados de lesiones personales<\/a> con una reputaci\u00f3n de defender los derechos de las v\u00edctimas de accidentes. Entendemos que presentar una demanda puede no estar en la parte superior de su lista de cosas por hacer despu\u00e9s de un accidente grave, y eso es comprensible. Cuando usted elige confiar su caso a Steinberg Law, puede estar seguro de que su caso est\u00e1 en buenas manos, para que pueda concentrarse en su recuperaci\u00f3n.<\/p>\n\n\n\n<p><strong>South Carolina Leyes sobre la conducci\u00f3n bajo los efectos del alcohol<\/strong><\/p>\n\n\n\n<p>Al igual que la mayor\u00eda de los dem\u00e1s estados, la ley South Carolina tipifica como delito la conducci\u00f3n bajo los efectos de las drogas o el alcohol. Cualquiera que tenga un contenido de alcohol en sangre (BAC) superior a 0,08 infringe las leyes estatales sobre conducci\u00f3n bajo los efectos del alcohol. Sin embargo, no hace falta una tasa de alcoholemia de 0,08 para que una persona quede incapacitada para conducir. Seg\u00fan el Departamento de Seguridad P\u00fablica, incluso peque\u00f1as cantidades de alcohol en el organismo de un conductor pueden afectar a su conducci\u00f3n. A continuaci\u00f3n se muestra una tabla que explica los efectos que el alcohol tiene en el cuerpo humano, por BAC:<\/p>\n\n\n\n<p><style>\ntable, th, td {<br \/>\n  border: 1px solid black;<br \/>\n}<br \/>\n<\/style><\/p>\n\n\n\n<figure class=\"wp-block-table\"><table><tbody><tr><th>Contenido de alcohol en sangre<\/th><th>Cambios en los sentimientos<\/th><th>S\u00edntomas observables<\/th><\/tr><tr><td>.01 a .06<\/td><td>La persona desarrolla una sensaci\u00f3n de relajaci\u00f3n y bienestar, acompa\u00f1ada de una p\u00e9rdida de inhibici\u00f3n.<\/td><td>Alteraciones del pensamiento, el juicio, la coordinaci\u00f3n y la concentraci\u00f3n.<\/td><\/tr><tr><td>.06 a .10<\/td><td>La persona se vuelve m\u00e1s extrovertida y experimenta una p\u00e9rdida m\u00e1s pronunciada de sus inhibiciones.<\/td><td>Alteraci\u00f3n de los reflejos, del razonamiento y dificultad para distinguir la distancia de los objetos.<\/td><\/tr><tr><td>.11 a .20<\/td><td>La persona puede experimentar cambios de humor, alternando entre muy feliz y muy triste, y puede actuar de forma bulliciosa.<\/td><td>Deterioro severo de las habilidades motoras, habla arrastrada y tambaleo.<\/td><\/tr><tr><td>.21 a .29<\/td><td>La persona puede empezar a estar aturdida y no entender su entorno.<\/td><td>Aumento significativo del tiempo de reacci\u00f3n y p\u00e9rdida de la motricidad gruesa.<\/td><\/tr><tr><td>.30 a .39<\/td><td>Una persona puede entrar en un estado de depresi\u00f3n severa, y puede perder la conciencia<\/td><td>P\u00e9rdida de la funci\u00f3n de la vejiga y dificultad para respirar.<\/td><\/tr><tr><td>.40 y m\u00e1s<\/td><td>Es casi seguro que la persona perder\u00e1 el conocimiento y lo m\u00e1s probable es que muera.<\/td><td>Dificultad grave para respirar y disminuci\u00f3n del ritmo card\u00edaco.<\/td><\/tr><\/tbody><\/table><\/figure>\n\n\n\n<p>Incluso con una peque\u00f1a cantidad de alcohol en el organismo de un conductor, \u00e9ste no puede conducir con seguridad un coche. A pesar de este hecho, miles de personas se ponen al volante despu\u00e9s de haber bebido demasiado, poniendo en peligro a todos los dem\u00e1s en la carretera.<\/p>\n\n\n\n<p><strong>Summerville Estad\u00edsticas de conducci\u00f3n en estado de ebriedad<\/strong><\/p>\n\n\n\n<p>Partes de Summerville se extienden a los condados de Charleston, Dorchester y Berkeley. El Departamento de Seguridad P\u00fablica de South Carolina lleva un registro de todos los accidentes mortales de South Carolina por DUI. Aunque los datos para Summerville espec\u00edficamente no est\u00e1n disponibles, el Departamento proporciona datos para estos tres condados. A continuaci\u00f3n se muestra una lista del n\u00famero de accidentes mortales por DUI por condado y a\u00f1o:<\/p>\n\n\n\n<p><strong>- Condado Charleston<\/strong><br>\u25e6 2014: 24 v\u00edctimas mortales<br>\u25e6 2015: 15 v\u00edctimas mortales<br>\u25e6 2016: 19 v\u00edctimas mortales<br>\u25e6 2017: 18 v\u00edctimas mortales<br>\u25e6 2018: 28 v\u00edctimas mortales<br><strong>- Condado de Dorchester<\/strong><br>\u25e6 2014: 5 v\u00edctimas mortales<br>\u25e6 2015: 11 v\u00edctimas mortales<br>\u25e6 2016: 7 v\u00edctimas mortales<br>\u25e6 2017: 7 v\u00edctimas mortales<br>\u25e6 2018: 2 v\u00edctimas mortales<br><strong>- Condado de Berkeley<\/strong><br>\u25e6 2014: 14 v\u00edctimas mortales<br>\u25e6 2015: 10 v\u00edctimas mortales<br>\u25e6 2016: 13 v\u00edctimas mortales<br>\u25e6 2017: 12 v\u00edctimas mortales<br>\u25e6 2018: 13 v\u00edctimas mortales<\/p>\n\n\n\n<p>Mientras que los accidentes por DUI est\u00e1n entre los m\u00e1s probables de ser fatales, la mayor\u00eda de estas colisiones no resultan en una fatalidad. A continuaci\u00f3n se muestran los datos interanuales de los accidentes por DUI no mortales del Summerville:<\/p>\n\n\n\n<p><strong>- Condado Charleston<\/strong><br>\u25e6 2014: 303 accidentes por conducir bajo los efectos del alcohol<br>\u25e6 2015: 303 accidentes por conducir bajo los efectos del alcohol<br>\u25e6 2016: 342 accidentes por conducir bajo los efectos del alcohol<br>\u25e6 2017: 347 accidentes por conducir bajo los efectos del alcohol<br>\u25e6 2018: 374 accidentes por conducir bajo los efectos del alcohol<br><strong>- Condado de Dorchester <\/strong><br>\u25e6 2014: 115 accidentes por conducir bajo los efectos del alcohol<br>\u25e6 2015: 109 accidentes por conducir bajo los efectos del alcohol<br>\u25e6 2016: 114 accidentes por conducir bajo los efectos del alcohol<br>\u25e6 2017: 115 accidentes por conducir bajo los efectos del alcohol<br>\u25e6 2018: 111 accidentes por conducir bajo los efectos del alcohol<br><strong>- Condado de Berkeley<\/strong><br>\u25e6 2014: 175 accidentes por conducir bajo los efectos del alcohol<br>\u25e6 2015: 157 accidentes por conducir bajo los efectos del alcohol<br>\u25e6 2016: 150 accidentes por conducir bajo los efectos del alcohol<br>\u25e6 2017: 191 accidentes por conducir bajo los efectos del alcohol<br>\u25e6 2018: 177 accidentes por conducir bajo los efectos del alcohol<\/p>\n\n\n\n<p><strong>Da\u00f1os y perjuicios en una demanda por accidente de tr\u00e1fico con alcoholemia Summerville<\/strong><\/p>\n\n\n\n<p>Despu\u00e9s de un accidente por conducci\u00f3n en estado de ebriedad, su mundo se pone al rev\u00e9s. Es probable que haya perdido tiempo en el trabajo y que est\u00e9 acumulando costosas facturas m\u00e9dicas. <a href=\"https:\/\/www.steinberglawfirm.com\/practice-areas\/personal-injury\/\" target=\"_blank\" rel=\"noopener\">Presentaci\u00f3n de una reclamaci\u00f3n por da\u00f1os personales<\/a> puede ayudarle a conseguir el dinero que necesita para dejar el accidente en el retrovisor y seguir adelante con su vida.<\/p>\n\n\n\n<p>Si tiene \u00e9xito, puede obtener una indemnizaci\u00f3n por sus da\u00f1os econ\u00f3micos y no econ\u00f3micos, incluyendo el pago de lo siguiente<\/p>\n\n\n\n<p>- Facturas m\u00e9dicas<br>- Futura atenci\u00f3n m\u00e9dica<br>- Salarios perdidos<br>- Disminuci\u00f3n de la capacidad de ingresos<br>- Da\u00f1os a su veh\u00edculo u otros bienes<br>- Dolor y sufrimiento<br>- Discapacidad f\u00edsica o mental<br>- Cicatrices o desfiguraciones permanentes<br>- P\u00e9rdida del disfrute de la vida<br>- P\u00e9rdida de la capacidad de realizar las tareas cotidianas<br>- P\u00e9rdida de compa\u00f1\u00eda<\/p>\n\n\n\n<h2 class=\"wp-block-heading\">P\u00f3ngase en contacto con los abogados de Steinberg Law para obtener asistencia inmediata.<\/h2>\n\n\n\n<p>Si usted ha sido recientemente herido en un accidente por conducir bajo los efectos del alcohol Summerville, <a href=\"https:\/\/www.steinberglawfirm.com\/contact-us\/\" target=\"_blank\" rel=\"noopener\">p\u00f3ngase en contacto con los abogados expertos del Steinberg Law Firm<\/a>. Durante m\u00e1s de 170 a\u00f1os, hemos estado ayudando a los heridos en accidentes graves a trav\u00e9s del proceso de recuperaci\u00f3n. Abordamos cada caso con una dedicaci\u00f3n y compasi\u00f3n inigualables, escuchando primero lo que es importante para usted, antes de repasar sus opciones. Queremos ayudarle a recuperar su vida. Para saber m\u00e1s, y para <a href=\"https:\/\/www.steinberglawfirm.com\/free-consultation\/\" target=\"_blank\" rel=\"noopener\">programar una consulta gratuita<\/a>, <a href=\"tel:18437202800\">llame al 843-720-2800<\/a>. Tambi\u00e9n puede <a href=\"https:\/\/www.steinberglawfirm.com\/contact-us\/\" target=\"_blank\" rel=\"noopener\">contacte con nosotros a trav\u00e9s de nuestro formulario en l\u00ednea<\/a>.<\/p>","protected":false},"excerpt":{"rendered":"<p>Summerville Abogados de Conducci\u00f3n en Estado de Ebriedad Mientras que cualquier accidente de coche es sacudida-para decir lo menos-Summerville accidentes de conducci\u00f3n en estado de ebriedad a\u00f1adir un elemento de la tragedia y la frustraci\u00f3n. Cada a\u00f1o, cientos de personas mueren en nuestro estado debido a accidentes de conducci\u00f3n en estado de ebriedad. De hecho, entre los a\u00f1os de 2003 y 2012, hubo 3,870 personas muertas en South Carolina...<\/p>","protected":false},"author":1,"featured_media":19964,"parent":3549,"menu_order":0,"comment_status":"closed","ping_status":"closed","template":"","meta":{"_acf_changed":false,"footnotes":""},"class_list":["post-15667","page","type-page","status-publish","has-post-thumbnail","hentry"],"acf":[],"_links":{"self":[{"href":"https:\/\/steinberglawfirm-staging.clmcloud.app\/es\/wp-json\/wp\/v2\/pages\/15667"}],"collection":[{"href":"https:\/\/steinberglawfirm-staging.clmcloud.app\/es\/wp-json\/wp\/v2\/pages"}],"about":[{"href":"https:\/\/steinberglawfirm-staging.clmcloud.app\/es\/wp-json\/wp\/v2\/types\/page"}],"author":[{"embeddable":true,"href":"https:\/\/steinberglawfirm-staging.clmcloud.app\/es\/wp-json\/wp\/v2\/users\/1"}],"replies":[{"embeddable":true,"href":"https:\/\/steinberglawfirm-staging.clmcloud.app\/es\/wp-json\/wp\/v2\/comments?post=15667"}],"version-history":[{"count":4,"href":"https:\/\/steinberglawfirm-staging.clmcloud.app\/es\/wp-json\/wp\/v2\/pages\/15667\/revisions"}],"predecessor-version":[{"id":20661,"href":"https:\/\/steinberglawfirm-staging.clmcloud.app\/es\/wp-json\/wp\/v2\/pages\/15667\/revisions\/20661"}],"up":[{"embeddable":true,"href":"https:\/\/steinberglawfirm-staging.clmcloud.app\/es\/wp-json\/wp\/v2\/pages\/3549"}],"wp:featuredmedia":[{"embeddable":true,"href":"https:\/\/steinberglawfirm-staging.clmcloud.app\/es\/wp-json\/wp\/v2\/media\/19964"}],"wp:attachment":[{"href":"https:\/\/steinberglawfirm-staging.clmcloud.app\/es\/wp-json\/wp\/v2\/media?parent=15667"}],"curies":[{"name":"wp","href":"https:\/\/api.w.org\/{rel}","templated":true}]}}