{"id":15663,"date":"2021-03-11T23:00:04","date_gmt":"2021-03-11T23:00:04","guid":{"rendered":"https:\/\/www.steinberglawfirm.com\/?page_id=15663"},"modified":"2022-04-21T23:03:46","modified_gmt":"2022-04-21T23:03:46","slug":"lyft-accident-lawyers","status":"publish","type":"page","link":"https:\/\/steinberglawfirm-staging.clmcloud.app\/es\/ubicaciones\/summerville\/lyft-accident-lawyers\/","title":{"rendered":"Summerville Abogados de accidentes de Lyft"},"content":{"rendered":"<h1 class=\"wp-block-heading\">Summerville Abogados de accidentes de Lyft<\/h1>\n\n\n\n<p>Lyft es una empresa l\u00edder en el sector de los viajes compartidos. La empresa permite a los usuarios descargarse una aplicaci\u00f3n y organizar que los conductores les lleven a su destino con unos pocos clics en sus tel\u00e9fonos m\u00f3viles. Sin embargo, aunque Lyft ofrece a los usuarios una comodidad inigualable, tambi\u00e9n plantea importantes riesgos para ellos. En los \u00faltimos a\u00f1os, la <a href=\"https:\/\/www.steinberglawfirm.com\/practice-areas\/auto-accidents\/lyft-car-accident-attorney\/\" target=\"_blank\" rel=\"noopener\">el n\u00famero de accidentes de Lyft Summerville ha aumentado dr\u00e1sticamente<\/a> y se espera que contin\u00fae.<\/p>\n\n\n\n<p>Despu\u00e9s de un accidente, lo primero que tiene en mente es recuperarse de sus lesiones, como debe ser. Sin embargo, en el camino de la recuperaci\u00f3n, pronto se dar\u00e1 cuenta de la magnitud de los da\u00f1os que sufri\u00f3 en el accidente. Es posible que haya faltado al trabajo, que haya pasado tiempo con la familia y que haya sufrido un dolor y un sufrimiento innecesarios. Tambi\u00e9n es posible que reciba cuantiosas facturas m\u00e9dicas.&nbsp;&nbsp;<\/p>\n\n\n\n<p>En el <a href=\"https:\/\/www.steinberglawfirm.com\/\" target=\"_blank\" rel=\"noopener\">Steinberg Law Firm<\/a>, representamos a las v\u00edctimas de accidentes de Lyft Summerville, ayud\u00e1ndoles a obtener una compensaci\u00f3n por sus lesiones. Nuestro bufete de abogados ha estado representando a las v\u00edctimas de lesiones y sus familias desde 1927. Durante este tiempo, hemos ayudado a miles de clientes a recuperar sus vidas a trav\u00e9s de nuestra defensa diligente y compasiva.<\/p>\n\n\n\n<p><strong>\u00bfPagar\u00e1 Lyft por sus lesiones?<\/strong><\/p>\n\n\n\n<p>Si te has visto involucrado en un accidente de Lyft Summerville, te estar\u00e1s preguntando a d\u00f3nde acudir para conseguir ayuda con todos los gastos que has tenido debido al accidente. La opci\u00f3n natural es Lyft. Sin embargo, los conductores de Lyft se consideran contratistas independientes, lo que significa que la empresa no ser\u00e1 responsable de la negligencia de un conductor. Los legisladores exigen que Lyft contrate un seguro en nombre de sus conductores. Por lo tanto, en la mayor\u00eda de los casos de accidentes de Lyft Summerville, las v\u00edctimas de lesiones pueden presentar una reclamaci\u00f3n con la compa\u00f1\u00eda de seguros de Lyft.<\/p>\n\n\n\n<p>Si bien todos los seguros de autom\u00f3viles son un tanto complicados, las p\u00f3lizas de seguro para viajes compartidos son a\u00fan m\u00e1s complejas. En resumen, la p\u00f3liza de seguro de Lyft divide la experiencia del viaje compartido en tres fases distintas.<\/p>\n\n\n\n<p><strong>Primera fase: El conductor est\u00e1 desconectado o no acepta viajes<\/strong><\/p>\n\n\n\n<p>Los accidentes que ocurren durante la Fase Uno caen fuera de la p\u00f3liza de seguro de Lyft porque el conductor no est\u00e1 en un viaje oficial. Estos casos presentan algunas de las situaciones m\u00e1s dif\u00edciles para las v\u00edctimas de accidentes. Debido a que una v\u00edctima de lesiones no puede mirar a Lyft para la compensaci\u00f3n, deben presentar una reclamaci\u00f3n con la p\u00f3liza de seguro personal del conductor de Lyft. En South Carolina, los conductores s\u00f3lo tienen que comprar $25.000 por persona\/$50.000 por accidente en la cobertura de responsabilidad por lesiones corporales y $25.000 de cobertura de responsabilidad por da\u00f1os a la propiedad. Por lo tanto, si las lesiones de la v\u00edctima del accidente superan los $25.000, tendr\u00e1 que pagar la franquicia.<\/p>\n\n\n\n<p>Suponiendo que la v\u00edctima de un accidente haya contratado la protecci\u00f3n de motorista con seguro insuficiente (UIM), tambi\u00e9n podr\u00eda presentar una reclamaci\u00f3n con su propia p\u00f3liza de seguro. Sin embargo, la protecci\u00f3n UIM es opcional en South Carolina, y algunos automovilistas pueden no tener esta cobertura en particular. (Nota: la protecci\u00f3n UIM no es lo mismo que la protecci\u00f3n de motorista sin seguro (UM), que es obligatoria seg\u00fan la ley South Carolina).<\/p>\n\n\n\n<p><strong>Segunda fase: El conductor est\u00e1 a la espera de una solicitud de viaje<\/strong><\/p>\n\n\n\n<p>Tan pronto como un conductor de Lyft comienza a aceptar solicitudes de viaje, la Fase Dos se pone en marcha. En la fase dos, la p\u00f3liza de seguro de Lyft ofrece la siguiente cobertura:<\/p>\n\n\n\n<p>- $50.000 por persona\/ $100.000 por accidente en cobertura de responsabilidad civil por da\u00f1os corporales<br>- $30.000 de cobertura de responsabilidad civil por da\u00f1os materiales por accidente<\/p>\n\n\n\n<p>Un ejemplo de un accidente que entra en la Fase Dos podr\u00eda implicar una situaci\u00f3n en la que un conductor de Lyft no cede el derecho de paso a un peat\u00f3n mientras el conductor est\u00e1 esperando a que la aplicaci\u00f3n de Lyft lo empareje con un pasajero.<\/p>\n\n\n\n<p><strong>Tercera fase: La aplicaci\u00f3n Uber pone en contacto a un conductor con un pasajero&nbsp;<\/strong><\/p>\n\n\n\n<p>Una vez que un conductor de Lyft es emparejado con un pasajero, la Fase Tres comienza. Durante la tercera fase, la p\u00f3liza de seguro de Lyft ofrece la siguiente cobertura:<\/p>\n\n\n\n<p>- $1 mill\u00f3n en cobertura de da\u00f1os corporales<br>- $1 millones de euros de protecci\u00f3n contra los conductores no asegurados<br>- $1 mill\u00f3n de euros de protecci\u00f3n para motoristas con seguro insuficiente<\/p>\n\n\n\n<p>Cualquier accidente de Lyft que involucre a un pasajero necesariamente caer\u00e1 en la Fase Tres. Sin embargo, cualquier persona -no s\u00f3lo el pasajero de Lyft- est\u00e1 cubierta por la p\u00f3liza de seguro de la compa\u00f1\u00eda. Esto significa que si un conductor de Lyft atropella a un peat\u00f3n mientras lleva un pasajero, \u00e9ste estar\u00e1 cubierto por la p\u00f3liza de un mill\u00f3n de d\u00f3lares. Sin embargo, si no hab\u00eda pasajeros en el coche, se aplicar\u00e1 el l\u00edmite de $50.000 comentado en la segunda fase.<\/p>\n\n\n\n<p>El manejo de una demanda por accidente de Lyft requiere un conocimiento profundo de la ley de seguros, as\u00ed como los principios generales de la ley de lesiones personales. En el Steinberg Law Firm, hemos estado manejando Summerville accidentes de viaje compartido desde que Lyft comenz\u00f3 a operar en South Carolina. Utilizamos un enfoque individualizado para cada caso, escuchando lo que es importante para nuestros clientes antes de recomendarles que sigan cualquier curso de acci\u00f3n.<\/p>\n\n\n\n<p><strong>Da\u00f1os en un caso de accidente de Lyft<\/strong><\/p>\n\n\n\n<p>Los involucrados en un accidente de Lyft pueden tener derecho a una compensaci\u00f3n por lo que han pasado. Bajo la ley South Carolina, generalmente hay dos tipos de da\u00f1os en una demanda por lesiones personales: da\u00f1os econ\u00f3micos y no econ\u00f3micos. Los da\u00f1os econ\u00f3micos son los costos de bolsillo f\u00e1cilmente identificables en los que alguien incurre debido al accidente. Los da\u00f1os econ\u00f3micos incluyen:<br>- Facturas m\u00e9dicas,<br>- Futuros gastos m\u00e9dicos,<br>- Costes relacionados con las modificaciones necesarias realizadas en la vivienda de la v\u00edctima del accidente,<br>- Los salarios perdidos, y<br>- Disminuci\u00f3n de la capacidad de ganancia.<\/p>\n\n\n\n<p>Los da\u00f1os no econ\u00f3micos compensan a una v\u00edctima de accidente por sus lesiones que, aunque son graves, no requieren que la v\u00edctima del accidente gaste dinero. Los da\u00f1os no econ\u00f3micos son tan importantes como los econ\u00f3micos e incluyen los siguientes:<\/p>\n\n\n\n<p>- Dolor y sufrimiento,<br>- Angustia mental,<br>- Angustia emocional,<br>- Discapacidad f\u00edsica,<br>- P\u00e9rdida de la sociedad o del compa\u00f1erismo, y<br>- P\u00e9rdida de consorcio (en una relaci\u00f3n conyugal).<\/p>\n\n\n\n<p>En el <a href=\"https:\/\/www.steinberglawfirm.com\/\" target=\"_blank\" rel=\"noopener\">Steinberg Law Firm<\/a>Trabajamos estrechamente con nuestros clientes, su familia, as\u00ed como con los m\u00e9dicos que los tratan y, cuando es necesario, con testigos expertos para identificar el impacto general que el accidente tuvo en la vida de nuestros clientes. Esto nos permite buscar la m\u00e1xima compensaci\u00f3n para nuestros clientes, para que puedan superar sus lesiones y seguir con sus vidas.<\/p>\n\n\n\n<h2 class=\"wp-block-heading\">Hable con un abogado de accidentes de Lyft Summerville hoy<\/h2>\n\n\n\n<p>Si usted ha sido recientemente herido en un accidente de coche Summerville Lyft, dar la Steinberg Law Firm una llamada. Estamos aqu\u00ed para ayudarle a entender sus derechos, y si usted decidi\u00f3 presentar una reclamaci\u00f3n, ayudarle a trav\u00e9s del proceso. Tenemos m\u00e1s de 170 a\u00f1os de experiencia colectiva manejando un <a href=\"https:\/\/www.steinberglawfirm.com\/locations\/summerville\/personal-injury-lawyer\/\" target=\"_blank\" rel=\"noopener\">amplia gama de casos de da\u00f1os personales en Summerville<\/a> y <a href=\"https:\/\/www.steinberglawfirm.com\/practice-areas\/personal-injury\/\" target=\"_blank\" rel=\"noopener\">South Carolina<\/a>. A lo largo de los a\u00f1os, hemos ayudado a miles de clientes a obtener la compensaci\u00f3n que necesitan y merecen, y estamos deseando ver qu\u00e9 podemos hacer para ayudarle. Para saber m\u00e1s y <a href=\"https:\/\/www.steinberglawfirm.com\/free-consultation\/\" target=\"_blank\" rel=\"noopener\">programar una consulta gratuita<\/a> con uno de nuestros abogados de accidentes de Lyft Summerville, <a href=\"tel:18437202800\">ll\u00e1menos al 843-720-2800<\/a>. Tambi\u00e9n puede <a href=\"https:\/\/www.steinberglawfirm.com\/contact-us\/\" target=\"_blank\" rel=\"noopener\">contacte con nosotros a trav\u00e9s de nuestro formulario en l\u00ednea<\/a>.<\/p>","protected":false},"excerpt":{"rendered":"<p>Summerville Abogados de accidentes de Lyft Lyft es una empresa l\u00edder en el sector de los viajes compartidos. La compa\u00f1\u00eda permite a los usuarios descargar una aplicaci\u00f3n y organizar a los conductores para llevarlos a su destino con unos pocos clics en sus tel\u00e9fonos m\u00f3viles. Sin embargo, mientras que Lyft ofrece a los pasajeros una comodidad sin igual, tambi\u00e9n plantea riesgos significativos para los pasajeros. En los \u00faltimos...<\/p>","protected":false},"author":1,"featured_media":20655,"parent":3549,"menu_order":0,"comment_status":"closed","ping_status":"closed","template":"","meta":{"_acf_changed":false,"footnotes":""},"class_list":["post-15663","page","type-page","status-publish","has-post-thumbnail","hentry"],"acf":[],"_links":{"self":[{"href":"https:\/\/steinberglawfirm-staging.clmcloud.app\/es\/wp-json\/wp\/v2\/pages\/15663"}],"collection":[{"href":"https:\/\/steinberglawfirm-staging.clmcloud.app\/es\/wp-json\/wp\/v2\/pages"}],"about":[{"href":"https:\/\/steinberglawfirm-staging.clmcloud.app\/es\/wp-json\/wp\/v2\/types\/page"}],"author":[{"embeddable":true,"href":"https:\/\/steinberglawfirm-staging.clmcloud.app\/es\/wp-json\/wp\/v2\/users\/1"}],"replies":[{"embeddable":true,"href":"https:\/\/steinberglawfirm-staging.clmcloud.app\/es\/wp-json\/wp\/v2\/comments?post=15663"}],"version-history":[{"count":4,"href":"https:\/\/steinberglawfirm-staging.clmcloud.app\/es\/wp-json\/wp\/v2\/pages\/15663\/revisions"}],"predecessor-version":[{"id":20663,"href":"https:\/\/steinberglawfirm-staging.clmcloud.app\/es\/wp-json\/wp\/v2\/pages\/15663\/revisions\/20663"}],"up":[{"embeddable":true,"href":"https:\/\/steinberglawfirm-staging.clmcloud.app\/es\/wp-json\/wp\/v2\/pages\/3549"}],"wp:featuredmedia":[{"embeddable":true,"href":"https:\/\/steinberglawfirm-staging.clmcloud.app\/es\/wp-json\/wp\/v2\/media\/20655"}],"wp:attachment":[{"href":"https:\/\/steinberglawfirm-staging.clmcloud.app\/es\/wp-json\/wp\/v2\/media?parent=15663"}],"curies":[{"name":"wp","href":"https:\/\/api.w.org\/{rel}","templated":true}]}}