{"id":15659,"date":"2021-03-11T22:52:50","date_gmt":"2021-03-11T22:52:50","guid":{"rendered":"https:\/\/www.steinberglawfirm.com\/?page_id=15659"},"modified":"2022-04-27T18:21:28","modified_gmt":"2022-04-27T18:21:28","slug":"uber-accident-lawyers","status":"publish","type":"page","link":"https:\/\/steinberglawfirm-staging.clmcloud.app\/es\/ubicaciones\/summerville\/uber-accident-lawyers\/","title":{"rendered":"Summerville Abogados de accidentes de Uber"},"content":{"rendered":"<h1 class=\"wp-block-heading\">Summerville Abogados de accidentes de Uber<\/h1>\n\n\n\n<p>Uber se ha convertido en un nombre familiar. Mientras que la mayor\u00eda de las personas que necesitan un viaje r\u00e1pido sol\u00edan confiar en los taxis o el transporte p\u00fablico, cada vez m\u00e1s personas utilizan empresas de transporte compartido como Uber. Aunque las empresas de viajes compartidos ofrecen a los usuarios una comodidad que antes no exist\u00eda, tambi\u00e9n hay peligros al tomar un Uber.<\/p>\n\n\n\n<p>Si ha sido <a href=\"https:\/\/www.steinberglawfirm.com\/practice-areas\/auto-accidents\/uber-car-accident-attorney\/\" target=\"_blank\" rel=\"noopener\">herido en un accidente de Uber Summerville<\/a>Los abogados especializados del Steinberg Law Firm pueden ayudar. En <a href=\"https:\/\/www.steinberglawfirm.com\/\" target=\"_blank\" rel=\"noopener\">Ley Steinberg<\/a>Desde 1927 representamos a v\u00edctimas de lesiones, ayud\u00e1ndoles a obtener la compensaci\u00f3n que necesitan y merecen despu\u00e9s de sufrir lesiones graves. Adoptamos un enfoque individual para cada caso, asegurando que usted y su caso est\u00e1n en buenas manos.<\/p>\n\n\n\n<p><strong>\u00bfQu\u00e9 hace que viajar en un Uber sea peligroso?<\/strong><\/p>\n\n\n\n<p>Siempre que te subes a un coche, existe la posibilidad de que te veas involucrado en un accidente. Al viajar en un Uber, no conoces al conductor, sus h\u00e1bitos de conducci\u00f3n, su experiencia y su familiaridad con las carreteras.<\/p>\n\n\n\n<p>Una de las razones de los accidentes de Uber es la falta de requisitos para conducir para la empresa. Seg\u00fan el sitio web de Uber, cualquiera que cumpla los siguientes criterios puede inscribirse para empezar a transportar pasajeros:<\/p>\n\n\n\n<p>- Tener al menos 21 a\u00f1os de edad;<br>- Tener al menos un a\u00f1o de experiencia al volante (o tres a\u00f1os de experiencia al volante si el conductor es menor de 23 a\u00f1os);<br>- Tener una licencia de conducir v\u00e1lida;<br>- Utilizar un veh\u00edculo elegible; y<br>- Completar una revisi\u00f3n en l\u00ednea del historial de conducci\u00f3n y los antecedentes penales del solicitante.<\/p>\n\n\n\n<p>En particular, no se requiere una prueba de conducci\u00f3n. Con estos requisitos tan poco estrictos, casi cualquiera puede convertirse en conductor de Uber.<\/p>\n\n\n\n<p><strong>\u00bfEs responsable Uber de los da\u00f1os y perjuicios si un conductor provoca un accidente de coche compartido Summerville?<\/strong><\/p>\n\n\n\n<p>Determinar la responsabilidad en cualquier accidente Summerville puede ser un reto. Sin embargo, cuando uno de los veh\u00edculos implicados en la colisi\u00f3n es un Uber, el proceso se complica a\u00fan m\u00e1s.<\/p>\n\n\n\n<p>Seg\u00fan la ley estatal, Uber est\u00e1 obligado a contratar un seguro en nombre de sus conductores. Sin embargo, esta p\u00f3liza de seguro no se aplica cuando un conductor de Uber no est\u00e1 conduciendo para la empresa. Por lo tanto, si la aplicaci\u00f3n de un conductor est\u00e1 desactivada o no est\u00e1 aceptando viajes cuando causa un accidente, la p\u00f3liza de seguro de Uber no entrar\u00e1 en juego.&nbsp;<\/p>\n\n\n\n<p>Sin embargo, si un conductor de Uber est\u00e1 esperando una solicitud de viaje, en el proceso de recoger a un pasajero o llevar a un pasajero, la p\u00f3liza de seguro de la empresa ofrece cobertura. Por ejemplo, si un conductor de Uber est\u00e1 en ruta o dando vueltas a la espera de una solicitud de viaje, la p\u00f3liza de seguro de la empresa ofrece la siguiente cobertura:<\/p>\n\n\n\n<p>- $50.000 por persona\/ $100.000 por accidente en cobertura de responsabilidad civil por da\u00f1os corporales<br>- $30.000 de cobertura de responsabilidad civil por da\u00f1os materiales por accidente<\/p>\n\n\n\n<p>En el momento en que un conductor acepta una solicitud de viaje, el importe de la cobertura aumenta a:<\/p>\n\n\n\n<p>- $1 mill\u00f3n en cobertura de da\u00f1os corporales<br>- $1 millones de euros de protecci\u00f3n contra los conductores no asegurados<br>- $1 mill\u00f3n de euros de protecci\u00f3n para motoristas con seguro insuficiente<\/p>\n\n\n\n<p>Esta cobertura dura todo el trayecto hasta que el conductor deja a su pasajero.<\/p>\n\n\n\n<p><strong>\u00bfQu\u00e9 significa el seguro de Uber para las v\u00edctimas de accidentes?<\/strong><\/p>\n\n\n\n<p>Mientras que la p\u00f3liza de seguro de Uber ofrece una compensaci\u00f3n considerable a los pasajeros y a los heridos por un conductor durante un viaje oficial, ese no es necesariamente el caso de los automovilistas, peatones y ciclistas heridos en un accidente mientras el conductor est\u00e1 fuera de servicio o esperando una solicitud de viaje. Una v\u00edctima de accidente puede tener que depender de la p\u00f3liza de seguro personal del conductor de Uber o de su propia p\u00f3liza en estas situaciones. Esto puede complicar el proceso de recuperaci\u00f3n.<\/p>\n\n\n\n<p>En South Carolina, los conductores s\u00f3lo necesitan obtener$25.000 por persona\/$50.000 por accidente en cobertura de responsabilidad por lesiones corporales y $25.000 de cobertura de responsabilidad por da\u00f1os materiales por accidente. Aunque esto puede parecer mucho dinero, teniendo en cuenta los costes de la atenci\u00f3n m\u00e9dica, estos l\u00edmites cubren mucho menos de lo que la mayor\u00eda cree. Adem\u00e1s, las v\u00edctimas de accidentes de Uber sufren otros da\u00f1os adem\u00e1s de las facturas m\u00e9dicas, como por ejemplo<\/p>\n\n\n\n<p>- Salarios perdidos<br>- Disminuci\u00f3n de la capacidad de ingresos<br>- Dolor y sufrimiento<br>- Discapacidad f\u00edsica<br>- Cicatrices o desfiguraci\u00f3n<br>- P\u00e9rdida del disfrute de la vida<\/p>\n\n\n\n<p>Una vez que se suman todos estos, el costo real de un accidente de Uber Summerville puede exceder f\u00e1cilmente los l\u00edmites del seguro que Uber proporciona. Aquellos que han sido heridos en un accidente de Uber deben hablar con un abogado antes de aceptar una oferta de acuerdo de cualquier compa\u00f1\u00eda de seguros. Lo m\u00e1s probable es que la compa\u00f1\u00eda de seguros s\u00f3lo est\u00e9 tratando de resolver su reclamaci\u00f3n por lo menos posible.<\/p>\n\n\n\n<h2 class=\"wp-block-heading\">P\u00f3ngase en contacto con el Steinberg Law Firm para obtener ayuda con su caso de accidente de Uber<\/h2>\n\n\n\n<p>Si usted ha sido recientemente herido en un accidente de Uber Summerville, llegar a la Steinberg Law Firm para ver c\u00f3mo podemos ayudar. Tenemos <a href=\"https:\/\/www.steinberglawfirm.com\/about-us\/\" target=\"_blank\" rel=\"noopener\">m\u00e1s de 95 a\u00f1os de experiencia<\/a> manejo de <a href=\"https:\/\/www.steinberglawfirm.com\/practice-areas\/auto-accidents\/\" target=\"_blank\" rel=\"noopener\">todo tipo de reclamaciones por accidentes de tr\u00e1fico South Carolina<\/a>incluyendo los accidentes de transporte compartido. <a href=\"https:\/\/www.steinberglawfirm.com\/attorney\/\" target=\"_blank\" rel=\"noopener\">Nuestros abogados saben c\u00f3mo negociar eficazmente con las compa\u00f1\u00edas de seguros<\/a> para que nuestros clientes obtengan la indemnizaci\u00f3n que necesitan para seguir adelante con sus vidas. Para saber m\u00e1s y <a href=\"https:\/\/www.steinberglawfirm.com\/free-consultation\/\" target=\"_blank\" rel=\"noopener\">programar una consulta gratuita<\/a> con uno de nuestros <a href=\"https:\/\/www.steinberglawfirm.com\/locations\/summerville\/personal-injury-lawyer\/\" target=\"_blank\" rel=\"noopener\">Summerville abogados de da\u00f1os personales<\/a>, <a href=\"tel:18437202800\">ll\u00e1menos al 843-720-2800<\/a>. Tambi\u00e9n puede <a href=\"https:\/\/www.steinberglawfirm.com\/contact-us\/\" target=\"_blank\" rel=\"noopener\">contacte con nosotros a trav\u00e9s de nuestro formulario en l\u00ednea<\/a>.<\/p>","protected":false},"excerpt":{"rendered":"<p>Summerville Abogados de accidentes de Uber Uber se ha convertido en un nombre familiar. Mientras que la mayor\u00eda de las personas que necesitan un viaje r\u00e1pido sol\u00edan confiar en los taxis o el transporte p\u00fablico, m\u00e1s personas est\u00e1n utilizando las empresas de viajes compartidos como Uber. Mientras que las compa\u00f1\u00edas de viajes compartidos ofrecen a los jinetes una conveniencia previamente no disponible, tambi\u00e9n hay peligros en tomar un Uber. Si ha sido...<\/p>","protected":false},"author":1,"featured_media":20655,"parent":3549,"menu_order":0,"comment_status":"closed","ping_status":"closed","template":"","meta":{"_acf_changed":false,"footnotes":""},"class_list":["post-15659","page","type-page","status-publish","has-post-thumbnail","hentry"],"acf":[],"_links":{"self":[{"href":"https:\/\/steinberglawfirm-staging.clmcloud.app\/es\/wp-json\/wp\/v2\/pages\/15659"}],"collection":[{"href":"https:\/\/steinberglawfirm-staging.clmcloud.app\/es\/wp-json\/wp\/v2\/pages"}],"about":[{"href":"https:\/\/steinberglawfirm-staging.clmcloud.app\/es\/wp-json\/wp\/v2\/types\/page"}],"author":[{"embeddable":true,"href":"https:\/\/steinberglawfirm-staging.clmcloud.app\/es\/wp-json\/wp\/v2\/users\/1"}],"replies":[{"embeddable":true,"href":"https:\/\/steinberglawfirm-staging.clmcloud.app\/es\/wp-json\/wp\/v2\/comments?post=15659"}],"version-history":[{"count":6,"href":"https:\/\/steinberglawfirm-staging.clmcloud.app\/es\/wp-json\/wp\/v2\/pages\/15659\/revisions"}],"predecessor-version":[{"id":21312,"href":"https:\/\/steinberglawfirm-staging.clmcloud.app\/es\/wp-json\/wp\/v2\/pages\/15659\/revisions\/21312"}],"up":[{"embeddable":true,"href":"https:\/\/steinberglawfirm-staging.clmcloud.app\/es\/wp-json\/wp\/v2\/pages\/3549"}],"wp:featuredmedia":[{"embeddable":true,"href":"https:\/\/steinberglawfirm-staging.clmcloud.app\/es\/wp-json\/wp\/v2\/media\/20655"}],"wp:attachment":[{"href":"https:\/\/steinberglawfirm-staging.clmcloud.app\/es\/wp-json\/wp\/v2\/media?parent=15659"}],"curies":[{"name":"wp","href":"https:\/\/api.w.org\/{rel}","templated":true}]}}