{"id":15571,"date":"2021-03-04T22:09:40","date_gmt":"2021-03-04T22:09:40","guid":{"rendered":"https:\/\/www.steinberglawfirm.com\/?page_id=15571"},"modified":"2024-01-26T22:17:42","modified_gmt":"2024-01-26T22:17:42","slug":"warehouse-injury-lawyers","status":"publish","type":"page","link":"https:\/\/steinberglawfirm-staging.clmcloud.app\/es\/indemnizacion-de-los-trabajadores\/warehouse-injury-lawyers\/","title":{"rendered":"South Carolina Abogados de lesiones en el almac\u00e9n"},"content":{"rendered":"<h1 class=\"wp-block-heading\">South Carolina Abogados de lesiones en el almac\u00e9n<\/h1>\n\n\n\n<h2 class=\"wp-block-heading\"><em>Ayudar a los trabajadores de almac\u00e9n lesionados a obtener una indemnizaci\u00f3n en South Carolina<\/em><\/h2>\n\n\n\n<p>Los empleados de los almacenes de South Carolina se enfrentan a diario a peligros en el trabajo, ya sea por la ca\u00edda de objetos o por los percances del equipo. Los accidentes de almac\u00e9n pueden provocar lesiones graves que pueden requerir una baja laboral y una amplia rehabilitaci\u00f3n. La p\u00e1gina web <a href=\"https:\/\/steinberglawfirm.com\/practice-areas\/workers-compensation\/\" target=\"_blank\" rel=\"noopener\">abogados de indemnizaci\u00f3n por accidente de trabajo en Steinberg Law Firm<\/a> est\u00e1n aqu\u00ed para ayudar a los trabajadores de almac\u00e9n lesionados a obtener el apoyo financiero que merecen.<\/p>\n\n\n\n<h3 class=\"wp-block-heading\">C\u00f3mo se producen las lesiones laborales en el almac\u00e9n<\/h3>\n\n\n\n<p>Los trabajadores de los almacenes tienen que realizar muchas tareas diferentes, lo que significa que hay una gran variedad de formas en las que pueden ocurrir los accidentes. Dado que los almacenes suelen apilar los art\u00edculos para maximizar el espacio, los trabajadores deben utilizar escaleras y carretillas elevadoras, exponi\u00e9ndose al riesgo de ca\u00eddas.<\/p>\n\n\n\n<p>Los empleados tambi\u00e9n est\u00e1n rodeados de maquinaria pesada y veh\u00edculos. Los muelles de carga se consideran uno de los lugares m\u00e1s peligrosos de un almac\u00e9n, ya que los accidentes que se producen en ellos pueden provocar lesiones debilitantes o incluso la muerte.<\/p>\n\n\n\n<p>Algunas lesiones pueden manifestarse con el tiempo. Trabajar en un almac\u00e9n suele implicar movimientos repetitivos como agacharse, transportar y levantar cargas pesadas que pueden dar lugar a lesiones graves. Las lesiones de espalda son frecuentes. He aqu\u00ed algunas de las muchas formas en que <a href=\"https:\/\/www.steinberglawfirm.com\/workers-compensation\/warehouse-injury-lawyers\/amazon-warehouse-worker-injury-attorneys\/\" target=\"_blank\" rel=\"noopener\">South Carolina accidentes de almac\u00e9n<\/a> puede ocurrir:<\/p>\n\n\n\n<p>- <a href=\"https:\/\/www.steinberglawfirm.com\/practice-areas\/premises-liability\/slip-and-fall\/\" target=\"_blank\" rel=\"noopener\">Incidentes de resbalones y ca\u00eddas<\/a><br>- Percances de la carretilla elevadora<br>- Accidentes de maquinaria<br>- Ca\u00edda de cargas y objetos<br>- <a href=\"https:\/\/www.steinberglawfirm.com\/practice-areas\/workers-compensation\/occupational-disease-lawyer\/\" target=\"_blank\" rel=\"noopener\">Exposici\u00f3n a sustancias qu\u00edmicas t\u00f3xicas<\/a><br>- <a href=\"https:\/\/www.steinberglawfirm.com\/personal-injury\/personal-injury-lawyers\/burn-injury-lawyer\/\" target=\"_blank\" rel=\"noopener\">Incendios y explosiones<\/a><br>- Sobreesfuerzo<br>- Ca\u00edda de objetos<\/p>\n\n\n\n<h3 class=\"wp-block-heading\">Lesiones comunes entre los trabajadores de los almacenes<\/h3>\n\n\n\n<p>El trabajo en un almac\u00e9n es f\u00edsicamente exigente. Cuando los trabajadores someten su cuerpo a un esfuerzo excesivo, pueden <a href=\"https:\/\/www.steinberglawfirm.com\/practice-areas\/workers-compensation\/repetitive-motion-injuries-south-carolina\/\" target=\"_blank\" rel=\"noopener\">desarrollar lesiones dolorosas como el s\u00edndrome del t\u00fanel carpiano<\/a>. Un trabajador puede sentir inicialmente hormigueo, entumecimiento y dolor en las mu\u00f1ecas, los hombros, el cuello o la espalda. Con el tiempo, estos s\u00edntomas pueden empeorar y convertirse en afecciones m\u00e1s graves.<\/p>\n\n\n\n<p>Las v\u00edctimas de accidentes en muelles de carga pueden sufrir roturas de ligamentos, de huesos y otras lesiones que pueden impedirles volver a trabajar en un almac\u00e9n. Independientemente del tipo de lesiones que sufra, su empleador debe proporcionarle una indemnizaci\u00f3n por accidente de trabajo para cubrir sus gastos m\u00e9dicos y otros costes. A continuaci\u00f3n se enumeran algunas de las lesiones que suelen producirse en los entornos de trabajo de los almacenes South Carolina:<\/p>\n\n\n\n<p>- Cortes y contusiones<br>- Fracturas y huesos rotos<br>- <a href=\"https:\/\/www.steinberglawfirm.com\/practice-areas\/head-brain-and-spine-injuries\/\" target=\"_blank\" rel=\"noopener\">Lesiones en la cabeza<\/a><br>- <a href=\"https:\/\/www.steinberglawfirm.com\/practice-areas\/workers-compensation\/workers-compensation-for-an-employee-who-suffers-a-back-injury-at-work\/\" target=\"_blank\" rel=\"noopener\">Lesiones en la espalda y los hombros<\/a><br>- <a href=\"https:\/\/www.steinberglawfirm.com\/practice-areas\/serious-injury-cases\/traumatic-amputation-injuries\/\" target=\"_blank\" rel=\"noopener\">Amputaci\u00f3n<\/a><br>- <a href=\"https:\/\/www.steinberglawfirm.com\/practice-areas\/workers-compensation\/workers-compensation-for-an-employee-who-suffers-a-burn-injury\/\" target=\"_blank\" rel=\"noopener\">Quemaduras<\/a><br>- Descarga el\u00e9ctrica<br>- P\u00e9rdida de visi\u00f3n o audici\u00f3n<\/p>\n\n\n\n<h3 class=\"wp-block-heading\">Perseguir la compensaci\u00f3n de los trabajadores en South Carolina<\/h3>\n\n\n\n<p>Una lesi\u00f3n en el lugar de trabajo puede tener efectos de gran alcance en un trabajador, amenazando su capacidad para mantener a sus familias e incluso perjudicando su potencial de ingresos a largo plazo si se produce una discapacidad. Si se ha lesionado en el trabajo en un almac\u00e9n, puede enfrentarse a un largo periodo de recuperaci\u00f3n, dependiendo de la gravedad de la lesi\u00f3n. En tales circunstancias, la indemnizaci\u00f3n de los trabajadores proporciona una cobertura vital para las facturas m\u00e9dicas, los pagos por incapacidad y los salarios perdidos mientras no puede trabajar debido a sus lesiones.<\/p>\n\n\n\n<p>Casi todos los empresarios South Carolina est\u00e1n obligados a contratar un seguro de indemnizaci\u00f3n por accidente laboral. Un punto importante a tener en cuenta es que la negligencia no es un factor en las reclamaciones de indemnizaci\u00f3n de los trabajadores. Esto significa que su empleador no tiene que ser culpable de su accidente para que usted reciba una indemnizaci\u00f3n. Los trabajadores tienen derecho a las prestaciones siempre que su lesi\u00f3n o enfermedad se haya producido en el \u00e1mbito de su trabajo.<\/p>\n\n\n\n<h3 class=\"wp-block-heading\">C\u00f3mo puede ayudarle el Steinberg Law Firm en su reclamaci\u00f3n de indemnizaci\u00f3n por accidente laboral<\/h3>\n\n\n\n<p>Las leyes de indemnizaci\u00f3n por accidente de trabajo de South est\u00e1n dise\u00f1adas para proteger a los empleados; sin embargo, el proceso de reclamaci\u00f3n no siempre es sencillo y directo. <a href=\"https:\/\/www.steinberglawfirm.com\/faq\/faq-workers-compensation\/why-do-i-need-a-workers-compensation-lawyer-shouldnt-i-just-contact-the-insurance-company-by-myself\/\" target=\"_blank\" rel=\"noopener\">Las compa\u00f1\u00edas de seguros no act\u00faan pensando en sus intereses<\/a>, a menudo intentando pagarle menos de lo que realmente vale su reclamaci\u00f3n por lesiones en el almac\u00e9n.<\/p>\n\n\n\n<p>Por lo tanto, es esencial tener una <a href=\"https:\/\/steinberglawfirm.com\/practice-areas\/workers-compensation\/\" target=\"_blank\" rel=\"noopener\">abogado con experiencia en compensaci\u00f3n laboral South Carolina<\/a> defender sus derechos. <a href=\"https:\/\/www.steinberglawfirm.com\/\" target=\"_blank\" rel=\"noopener\">Steinberg Law Firm<\/a> entiende las t\u00e1cticas utilizadas por los empresarios y sus compa\u00f1\u00edas de seguros para evitar el pago de una indemnizaci\u00f3n justa a los trabajadores.<\/p>\n\n\n\n<p>Somos <a href=\"https:\/\/www.steinberglawfirm.com\/results\/\" target=\"_blank\" rel=\"noopener\">comprometida con la obtenci\u00f3n de todos los beneficios<\/a> para cubrir todos sus gastos m\u00e9dicos y otros costes relacionados con su accidente de almac\u00e9n. <a href=\"https:\/\/www.steinberglawfirm.com\/attorney\/\" target=\"_blank\" rel=\"noopener\">Nuestros expertos abogados<\/a> tambi\u00e9n se asegurar\u00e1 de que su reclamaci\u00f3n de indemnizaci\u00f3n laboral se presente correctamente y dentro de los plazos especificados por la ley estatal.<\/p>\n\n\n\n<h3 class=\"wp-block-heading\">Pasos a seguir despu\u00e9s de una lesi\u00f3n laboral en un almac\u00e9n<\/h3>\n\n\n\n<p>Al solicitar una indemnizaci\u00f3n por accidente de trabajo, es importante tener pruebas que respalden su reclamaci\u00f3n. Si te lesionas en el trabajo, aqu\u00ed tienes algunas cosas que debes hacer para proteger tu derecho legal a <a href=\"https:\/\/www.steinberglawfirm.com\/practice-areas\/workers-compensation\/how-to-file-workers-compensation-claim-south-carolina\/\" target=\"_blank\" rel=\"noopener\">presentar una reclamaci\u00f3n de indemnizaci\u00f3n por accidente de trabajo<\/a> por una lesi\u00f3n laboral en un almac\u00e9n:<\/p>\n\n\n\n<p>1. Informa a tu supervisor de tu lesi\u00f3n de inmediato. Aseg\u00farate de documentar tu accidente por escrito presentando un informe.<br>2. Acude a un m\u00e9dico inmediatamente, aunque creas que tu lesi\u00f3n es leve. Algunas lesiones pueden tardar en aparecer.<br>3. Siga el proceso de reclamaciones de indemnizaci\u00f3n de su empresa. Por ejemplo, es posible que tengas que acudir a un m\u00e9dico elegido por tu empresa para obtener cobertura.<br>4. Hable de su situaci\u00f3n con un abogado experto en compensaci\u00f3n laboral.<\/p>\n\n\n\n<h3 class=\"wp-block-heading\">P\u00f3ngase en contacto con un abogado de compensaci\u00f3n de trabajadores South Carolina hoy<\/h3>\n\n\n\n<p>Si se ha lesionado mientras trabajaba en un almac\u00e9n South Carolina, tiene derecho a obtener una indemnizaci\u00f3n completa y justa.<a href=\"https:\/\/www.steinberglawfirm.com\/contact-us\/\" target=\"_blank\" rel=\"noopener\"> P\u00f3ngase en contacto con los abogados especializados en indemnizaciones laborales de Steinberg Law Firm para obtener m\u00e1s informaci\u00f3n<\/a> y obtenga respuestas a todas sus preguntas. <a href=\"https:\/\/www.steinberglawfirm.com\/free-consultation\/\" target=\"_blank\" rel=\"noopener\">Ofrecemos consultas gratuitas<\/a>.<\/p>","protected":false},"excerpt":{"rendered":"<p>South Carolina Abogados de lesiones de almac\u00e9n que ayudan a los trabajadores de almac\u00e9n lesionados a obtener compensaci\u00f3n en South Carolina Los empleados de almac\u00e9n en South Carolina se enfrentan a peligros en el trabajo diariamente, ya sea la ca\u00edda de objetos o percances con el equipo. Los accidentes de almac\u00e9n pueden provocar lesiones graves que pueden requerir una baja laboral y una amplia rehabilitaci\u00f3n. Los abogados de indemnizaci\u00f3n de los trabajadores de Steinberg Law Firm...<\/p>","protected":false},"author":1,"featured_media":0,"parent":8874,"menu_order":0,"comment_status":"closed","ping_status":"closed","template":"","meta":{"_acf_changed":false,"footnotes":""},"class_list":["post-15571","page","type-page","status-publish","hentry"],"acf":[],"_links":{"self":[{"href":"https:\/\/steinberglawfirm-staging.clmcloud.app\/es\/wp-json\/wp\/v2\/pages\/15571"}],"collection":[{"href":"https:\/\/steinberglawfirm-staging.clmcloud.app\/es\/wp-json\/wp\/v2\/pages"}],"about":[{"href":"https:\/\/steinberglawfirm-staging.clmcloud.app\/es\/wp-json\/wp\/v2\/types\/page"}],"author":[{"embeddable":true,"href":"https:\/\/steinberglawfirm-staging.clmcloud.app\/es\/wp-json\/wp\/v2\/users\/1"}],"replies":[{"embeddable":true,"href":"https:\/\/steinberglawfirm-staging.clmcloud.app\/es\/wp-json\/wp\/v2\/comments?post=15571"}],"version-history":[{"count":3,"href":"https:\/\/steinberglawfirm-staging.clmcloud.app\/es\/wp-json\/wp\/v2\/pages\/15571\/revisions"}],"predecessor-version":[{"id":30434,"href":"https:\/\/steinberglawfirm-staging.clmcloud.app\/es\/wp-json\/wp\/v2\/pages\/15571\/revisions\/30434"}],"up":[{"embeddable":true,"href":"https:\/\/steinberglawfirm-staging.clmcloud.app\/es\/wp-json\/wp\/v2\/pages\/8874"}],"wp:attachment":[{"href":"https:\/\/steinberglawfirm-staging.clmcloud.app\/es\/wp-json\/wp\/v2\/media?parent=15571"}],"curies":[{"name":"wp","href":"https:\/\/api.w.org\/{rel}","templated":true}]}}