{"id":15391,"date":"2021-02-23T18:48:49","date_gmt":"2021-02-23T18:48:49","guid":{"rendered":"https:\/\/www.steinberglawfirm.com\/?page_id=15232"},"modified":"2022-04-27T18:14:54","modified_gmt":"2022-04-27T18:14:54","slug":"lyft-accident-injury-lawyer","status":"publish","type":"page","link":"https:\/\/steinberglawfirm-staging.clmcloud.app\/es\/ubicaciones\/north-charleston\/lyft-accident-injury-lawyer\/","title":{"rendered":"North Charleston Abogado de accidentes de Lyft"},"content":{"rendered":"<h1 class=\"wp-block-heading\">North Charleston Abogado de accidentes de Lyft<\/h1>\n\n\n\n<p>Fundada en San Francisco en 2007, Lyft es uno de los principales actores del sector de los viajes compartidos en Estados Unidos. Gracias a su aplicaci\u00f3n f\u00e1cil de usar y a su incomparable comodidad, Lyft ha experimentado un inmenso crecimiento en la \u00faltima d\u00e9cada. Sin embargo, a medida que aumenta el n\u00famero de conductores de viajes compartidos, tambi\u00e9n lo hace el n\u00famero de accidentes de Lyft. Seg\u00fan un estudio universitario realizado, las empresas de transporte compartido son responsables de un aumento del 2-3 por ciento en el n\u00famero total de accidentes de tr\u00e1fico mortales. Anualmente, esto supone unos 1.100 accidentes mortales de transporte compartido al a\u00f1o.<\/p>\n\n\n\n<p>En un abrir y cerrar de ojos, tu vida puede cambiar para siempre. En un momento est\u00e1s sentado en la parte trasera de un Lyft, conduciendo al trabajo, o cruzando la calle, y lo siguiente que sabes es que est\u00e1s en el hospital. Usted puede tener preguntas acerca de c\u00f3mo va a pagar sus facturas, si usted puede mantener Lyft responsable de la negligencia del conductor, o d\u00f3nde buscar la compensaci\u00f3n. Si usted ha sido <a href=\"https:\/\/www.steinberglawfirm.com\/practice-areas\/auto-accidents\/lyft-car-accident-attorney\/\" target=\"_blank\" rel=\"noopener\">herido en un accidente de Lyft North Charleston<\/a>El <a href=\"https:\/\/www.steinberglawfirm.com\/\" target=\"_blank\" rel=\"noopener\">abogados especializados en lesiones personales en el Steinberg Law Firm<\/a> est\u00e1n aqu\u00ed para ayudar. <a href=\"https:\/\/www.steinberglawfirm.com\/about-us\/\" target=\"_blank\" rel=\"noopener\">Desde hace m\u00e1s de 95 a\u00f1os<\/a>El Steinberg Law Firm ha proporcionado a las v\u00edctimas de accidentes la representaci\u00f3n competente y compasiva que se merecen. <a href=\"https:\/\/www.steinberglawfirm.com\/attorney\/\" target=\"_blank\" rel=\"noopener\">Nuestro experimentado equipo de abogados tiene la habilidad, el compromiso y la confianza<\/a> para enfrentarse con \u00e9xito incluso a las mayores empresas y compa\u00f1\u00edas de seguros. Cuando nos trae a su rinc\u00f3n, puede estar tranquilo, sabiendo que est\u00e1 en manos capaces y cuidadosas.\u00a0\u00a0<\/p>\n\n\n\n<p><strong>Secci\u00f3n de estad\u00edsticas:<\/strong><\/p>\n\n\n\n<p><em>Estad\u00edsticas generales de accidentes de tr\u00e1fico:<\/em><\/p>\n\n\n\n<p>Seg\u00fan el Departamento de Seguridad P\u00fablica South Carolina, en 2018:<br>- Hubo 1.036 muertos en accidentes de tr\u00e1fico South Carolina<br>- Hubo m\u00e1s de 58.000 heridos en accidentes de tr\u00e1fico South Carolina<br>- Hubo 168 peatones muertos en accidentes de tr\u00e1fico South Carolina<br>- Hubo 22 peatones muertos en accidentes de tr\u00e1fico South Carolina<\/p>\n\n\n\n<p>Esto significa que hubo un accidente de tr\u00e1fico South Carolina cada 3,7 minutos, y<br>- Se produce una colisi\u00f3n mortal cada 9 horas<br>- Un automovilista muere cada 8,5 horas<br>- Cada 13,8 minutos hay un herido<\/p>\n\n\n\n<p>Los viernes y los s\u00e1bados son los d\u00edas m\u00e1s peligrosos para conducir, ya que en cada uno de ellos se produce casi el 20% de los accidentes de tr\u00e1fico.<\/p>\n\n\n\n<p>Las horas m\u00e1s peligrosas para conducir son:<br>- Entre las 6 y las 9 de la ma\u00f1ana<br>- Entre las 12 y las 15 horas<br>- Entre las 15 y las 18 horas<\/p>\n\n\n\n<p>En las siguientes carreteras South Carolina se produjo el mayor n\u00famero de accidentes de tr\u00e1fico:<br>- Interestatal 26: 37 v\u00edctimas mortales y 2.071 heridos<br>- Interestatal 95: 28 v\u00edctimas mortales y 270 heridos<br>- Interestatal 20: 19 v\u00edctimas mortales y 1.005 heridos<br>- Interestatal 85: 17 v\u00edctimas mortales y 613 heridos<br>- Interestatal 77: 12 v\u00edctimas mortales y 348 heridos<\/p>\n\n\n\n<p>- Los conductores de Lyft pasan entre el 40 y el 60 por ciento de su tiempo haciendo \"deadheading\", es decir, cuando conducen sin un pasajero a la espera de que llegue una tarifa.&nbsp;<\/p>\n\n\n\n<p><em>Estad\u00edsticas espec\u00edficas de Lyft:<\/em><\/p>\n\n\n\n<p>- Lyft est\u00e1 disponible en m\u00e1s de 640 ciudades de Estados Unidos y Canad\u00e1.<br>- Lyft cuenta con m\u00e1s de 1,4 millones de conductores y 23 millones de usuarios, y sigue creciendo.<br>- Los conductores de Lyft realizan m\u00e1s de un mill\u00f3n de viajes al d\u00eda en Estados Unidos y Canad\u00e1.<br>- En 2019, Lyft aport\u00f3 m\u00e1s de $3,6 mil millones de ingresos.<br>- Lyft ha crecido r\u00e1pidamente, con apenas 3,5 millones de usuarios en el primer trimestre de 2016, frente a los 21,8 usuarios del segundo trimestre de 2019.<br>- Lyft afirma ser capaz de recoger a 95% de las personas en Estados Unidos.<br>- Lyft tiene cerca del 35% del mercado de viajes compartidos de Estados Unidos.<br>- El 74% de los usuarios de Lyft tambi\u00e9n utilizan Uber<\/p>\n\n\n\n<p><strong>Recuperaci\u00f3n despu\u00e9s de un accidente de Lyft North Charleston<\/strong><\/p>\n\n\n\n<p>Los conductores de Lyft asumen un riesgo considerable cuando se suben al coche. Cada a\u00f1o, cientos de personas resultan heridas en accidentes de Lyft. Estos accidentes suelen interrumpir gravemente la vida de las personas a las que afectan.<\/p>\n\n\n\n<p>Cualquiera que haya sido <a href=\"https:\/\/www.steinberglawfirm.com\/locations\/north-charleston\/uber-accident-injury-lawyer\/\" target=\"_blank\" rel=\"noopener\">herido en un accidente de transporte compartido North Charleston<\/a> puede presentar una reclamaci\u00f3n contra el conductor culpable. Este puede ser el conductor de Lyft u otro automovilista que caus\u00f3 negligentemente un accidente con un veh\u00edculo de Lyft. En cualquier caso, las v\u00edctimas de accidentes tienen opciones. Sin embargo, independientemente del tipo de reclamaci\u00f3n, las v\u00edctimas de accidentes deben establecer que otra parte fue responsable de sus lesiones. Esto requiere la prueba de cada uno de los siguientes elementos:<\/p>\n\n\n\n<p><strong>1. Deber de cuidado:<\/strong>&nbsp;Las v\u00edctimas de accidentes deben demostrar que el acusado (ya sea el conductor de Lyft u otro automovilista) les deb\u00eda un deber de cuidado. En los casos de accidentes de Lyft, esto no suele ser un gran problema, ya que los conductores de Lyft deben a sus pasajeros un deber de cuidado y, en general, todos los automovilistas deben a otros en la carretera un deber de conducir de forma segura y responsable.<br><strong>2. Incumplimiento del deber:<\/strong>&nbsp;El siguiente elemento requiere que el demandante demuestre que el demandado incumpli\u00f3 la obligaci\u00f3n que le correspond\u00eda. Por ejemplo, \u00bfiba el demandado con exceso de velocidad, distra\u00eddo o intoxicado?<br><strong>3. Causalidad:<\/strong>&nbsp;Para tener \u00e9xito en una demanda por accidente de coche North Charleston, la v\u00edctima del accidente debe demostrar que la negligencia del demandado provoc\u00f3 sus lesiones. Si bien esto puede parecer sencillo en teor\u00eda, en la pr\u00e1ctica, esto es a menudo donde se lleva a cabo gran parte de los litigios.<br><strong>4. Da\u00f1os:<\/strong>&nbsp;El elemento final de una demanda por accidente de Lyft requiere que las v\u00edctimas de accidentes demuestren sus da\u00f1os. A menudo, cuando se trata de probar los da\u00f1os, la cuesti\u00f3n se centra m\u00e1s en el alcance de los da\u00f1os de la v\u00edctima en lugar de si sufrieron alg\u00fan da\u00f1o en absoluto.<\/p>\n\n\n\n<p>En el <a href=\"https:\/\/www.steinberglawfirm.com\/\" target=\"_blank\" rel=\"noopener\">Steinberg Law Firm<\/a>Estamos aqu\u00ed para ayudar a las v\u00edctimas de accidentes de Lyft a recuperarse de sus lesiones para que puedan dejar atr\u00e1s el accidente y seguir adelante con su vida. Ya sea que estemos investigando su reclamo, negociando con una compa\u00f1\u00eda de seguros, o litigando su caso en el juicio, podemos ayudarle a trav\u00e9s de cada paso del proceso.<\/p>\n\n\n\n<p><strong>Tipos de accidentes de Lyft en North Charleston<\/strong><\/p>\n\n\n\n<p>Cuando surge el tema de los accidentes de viajes compartidos, la mayor\u00eda piensa en ellos desde la perspectiva del pasajero en la parte trasera del coche. Los pasajeros presentan muchas reclamaciones de accidentes de Lyft North Charleston. Sin embargo, eso es s\u00f3lo un tipo de accidente; los conductores de Lyft negligentes o imprudentes con frecuencia hieren a los peatones, ciclistas y otros automovilistas. La compensaci\u00f3n est\u00e1 disponible a trav\u00e9s de una combinaci\u00f3n de p\u00f3lizas de seguro, dependiendo de c\u00f3mo ocurri\u00f3 el accidente, qui\u00e9n tuvo la culpa y si el conductor de Lyft llevaba un pasajero en ese momento.<\/p>\n\n\n\n<p>A continuaci\u00f3n se muestra una lista de los diferentes tipos de accidentes de Lyft:<\/p>\n\n\n\n<p><em>Lesiones de pasajeros de Lyft:&nbsp;<\/em><\/p>\n\n\n\n<p>Cuando alguien se sube a un Lyft, asume que el conductor est\u00e1 cualificado y es responsable. Y aunque la mayor\u00eda de las veces, esa suposici\u00f3n se mantiene, no siempre es as\u00ed. Los conductores de Lyft no tienen ninguna cualificaci\u00f3n especial que los haga m\u00e1s seguros que otros conductores. De hecho, seg\u00fan la p\u00e1gina web de Lyft, cualquiera que cumpla los siguientes criterios es elegible para conducir para Lyft:<\/p>\n\n\n\n<p>- Al menos 25 a\u00f1os de edad;<br>- Una licencia de conducir v\u00e1lida (se aceptan licencias de dentro y fuera del estado)<br>- Pasar un examen de conductor (una revisi\u00f3n del historial de conducci\u00f3n y de los antecedentes penales del solicitante)<\/p>\n\n\n\n<p>Afortunadamente, los pasajeros de Lyft disfrutan de la m\u00e1s s\u00f3lida protecci\u00f3n. En esta situaci\u00f3n, la p\u00f3liza de seguro de Lyft proporciona:<\/p>\n\n\n\n<p>- $1 mill\u00f3n en cobertura de da\u00f1os corporales<br>- $1 millones de euros de protecci\u00f3n contra los conductores no asegurados<br>- $1 mill\u00f3n de euros de protecci\u00f3n para motoristas con seguro insuficiente<\/p>\n\n\n\n<p>No todos los accidentes de Lyft North Charleston son la culpa del conductor de Lyft. Sin embargo, la cobertura del seguro de la empresa entra en acci\u00f3n independientemente de si el conductor de Lyft fue culpable. Por lo tanto, si otro automovilista golpea un veh\u00edculo Lyft, lesionando al pasajero, el seguro de Lyft ayudar\u00e1 a cubrir los gastos de la v\u00edctima del accidente (as\u00ed como la p\u00f3liza de seguro del conductor culpable).<\/p>\n\n\n\n<p><em>Lesiones de peatones, ciclistas y otros automovilistas:<\/em><\/p>\n\n\n\n<p>Si un conductor de Lyft causa un accidente, hiriendo a alguien que no es un pasajero en el coche, la situaci\u00f3n puede ser bastante complicada. La mayor cuesti\u00f3n en esta situaci\u00f3n es si el conductor de Lyft llevaba un pasajero de pago en ese momento. Si es as\u00ed, la p\u00f3liza de seguro de $1 millones de la compa\u00f1\u00eda entra en acci\u00f3n. Si el conductor de Lyft estaba en ruta o dando vueltas a la espera de un pasajero, la p\u00f3liza de seguro de Lyft ofrece una cobertura reducida. En concreto, la p\u00f3liza ofrece:<br>- $50.000 por persona\/ $100.000 por accidente en cobertura de responsabilidad civil por da\u00f1os corporales<br>- $30.000 de cobertura de responsabilidad civil por da\u00f1os materiales por accidente<\/p>\n\n\n\n<p>En esta situaci\u00f3n, la p\u00f3liza personal del conductor de Lyft tambi\u00e9n puede estar disponible. Seg\u00fan la ley South Carolina, todos los conductores deben obtener una cantidad m\u00ednima de seguro de autom\u00f3vil, que incluye:<\/p>\n\n\n\n<p>- $25.000 por persona\/$50.000 por accidente en cobertura de responsabilidad civil por da\u00f1os corporales<br>- $25.000 de cobertura de responsabilidad civil por da\u00f1os materiales por accidente<\/p>\n\n\n\n<p>Sin embargo, las p\u00f3lizas de seguro individuales suelen excluir los accidentes de viaje compartido a menos que el conductor haya comprado un endoso de viaje compartido. Dependiendo de la p\u00f3liza de seguro personal del conductor de Lyft, puede no haber suficiente cobertura disponible para compensar a una v\u00edctima del accidente en su totalidad. Otro problema com\u00fan North Charleston v\u00edctimas de accidentes de Lyft se enfrentan en este escenario es que las compa\u00f1\u00edas de seguros todos se\u00f1alan el dedo en el otro, con la esperanza de evitar la necesidad de pagar en una reclamaci\u00f3n.&nbsp;&nbsp;<\/p>\n\n\n\n<p><em>Lesiones causadas mientras la aplicaci\u00f3n del conductor de Lyft est\u00e1 apagada:<\/em><\/p>\n\n\n\n<p>Si la aplicaci\u00f3n del conductor de Lyft est\u00e1 desactivada, o no est\u00e1n aceptando viajes cuando causan un accidente, entonces la p\u00f3liza de seguro de Lyft no proporcionar\u00e1 ninguna cobertura. Una v\u00edctima del accidente podr\u00eda presentar una reclamaci\u00f3n con la p\u00f3liza de seguro personal del conductor de Lyft en esta situaci\u00f3n. Dependiendo de la cantidad de seguro que el conductor compra, puede no haber suficiente cobertura para cubrir todos los gastos de la v\u00edctima del accidente.<\/p>\n\n\n\n<p>Es crucial que las v\u00edctimas de accidentes de Lyft North Charleston consideren estrat\u00e9gicamente sus opciones antes de presentar un caso. En el Steinberg Law Firm, tenemos d\u00e9cadas de experiencia ayudando a las v\u00edctimas de accidentes a navegar por el complejo sistema y perseguir una compensaci\u00f3n justa por lo que han pasado. Entendemos los matices del seguro de Lyft y c\u00f3mo maximizar la recuperaci\u00f3n de nuestros clientes.<\/p>\n\n\n\n<p><strong>Da\u00f1os en un accidente de Lyft North Charleston<\/strong><\/p>\n\n\n\n<p>Una vez que la v\u00edctima de un accidente establece que otra parte fue responsable de sus lesiones, el siguiente paso es determinar la cantidad apropiada de da\u00f1os y perjuicios. En South Carolina, suele haber dos tipos de da\u00f1os: econ\u00f3micos y no econ\u00f3micos.<\/p>\n\n\n\n<p>Los da\u00f1os econ\u00f3micos se refieren a los gastos de bolsillo f\u00e1cilmente identificables en los que alguien incurre como resultado de un accidente. Por ejemplo, los da\u00f1os econ\u00f3micos incluyen:<\/p>\n\n\n\n<p>- Facturas m\u00e9dicas anteriores<br>- Futuros gastos m\u00e9dicos<br>- Salarios perdidos<br>- Disminuci\u00f3n de la capacidad de ganancia<\/p>\n\n\n\n<p>Los da\u00f1os no econ\u00f3micos est\u00e1n destinados a compensar a las v\u00edctimas de accidentes por los da\u00f1os menos tangibles causados por un accidente, como los siguientes:<\/p>\n\n\n\n<p>- Dolor y sufrimiento<br>- Angustia mental<br>- Humillaci\u00f3n<br>- Desfiguraci\u00f3n<br>- P\u00e9rdida de reputaci\u00f3n<br>- Angustia emocional<br>- P\u00e9rdida de disfrute de la vida<br>- Deterioro f\u00edsico<br>- Inconvenientes<br>- P\u00e9rdida de consorcio (que implica una relaci\u00f3n conyugal)<br>- P\u00e9rdida de la sociedad y del compa\u00f1erismo (que implica una relaci\u00f3n con los dem\u00e1s)<\/p>\n\n\n\n<p>Estos da\u00f1os se basan en el impacto que el accidente tuvo en la vida de la v\u00edctima. Por tanto, la indemnizaci\u00f3n por da\u00f1os y perjuicios no econ\u00f3micos de una v\u00edctima depender\u00e1 a menudo de lo convincente que sea su historia.<\/p>\n\n\n\n<p>En el Steinberg Law Firm queremos ayudarle a recuperarse de sus lesiones y dejar atr\u00e1s el accidente para que pueda seguir con su vida. Nuestro <a href=\"https:\/\/www.steinberglawfirm.com\/practice-areas\/personal-injury\/\" target=\"_blank\" rel=\"noopener\">equipo de abogados de lesiones personales North Charleston<\/a> tiene d\u00e9cadas de experiencia pr\u00e1ctica en la recuperaci\u00f3n de la compensaci\u00f3n en nombre de nuestros clientes.<\/p>\n\n\n\n<h2 class=\"wp-block-heading\">Acuda a un abogado experto en accidentes de Lyft North Charleston<\/h2>\n\n\n\n<p>Si usted ha sido recientemente herido en un accidente North Charleston Lyft, es posible que tenga preguntas. Si es as\u00ed, <a href=\"tel:18437202800\">llame al Steinberg Law Firm<\/a> para ver c\u00f3mo podemos ayudar. Con una amplia experiencia en el manejo de todo tipo de reclamaciones de accidentes de veh\u00edculos de motor, incluidos los derivados de los accidentes de viaje compartido, podemos guiar con confianza a trav\u00e9s del proceso. Tenemos un conocimiento impresionante de las leyes de seguros. Sabemos c\u00f3mo negociar eficazmente con las compa\u00f1\u00edas de seguros para obtener la compensaci\u00f3n que necesita para seguir adelante con su vida. Para saber m\u00e1s y <a href=\"https:\/\/www.steinberglawfirm.com\/free-consultation\/\" target=\"_blank\" rel=\"noopener\">programar una consulta gratuita<\/a> con uno de nuestros abogados de lesiones personales North Charleston, <a href=\"tel:18437202800\">ll\u00e1menos al 843-720-2800<\/a>. Tambi\u00e9n puede <a href=\"https:\/\/www.steinberglawfirm.com\/contact-us\/\" target=\"_blank\" rel=\"noopener\">contacte con nosotros a trav\u00e9s de nuestro formulario en l\u00ednea<\/a>.<\/p>","protected":false},"excerpt":{"rendered":"<p>North Charleston Abogado especializado en accidentes de Lyft Fundada en San Francisco en 2007, Lyft es una de las principales empresas del sector de los viajes compartidos en Estados Unidos. Debido a su aplicaci\u00f3n f\u00e1cil de usar y a su comodidad sin igual, Lyft ha experimentado un inmenso crecimiento en la \u00faltima d\u00e9cada. Sin embargo, a medida que el n\u00famero de conductores de viajes compartidos aumenta, tambi\u00e9n lo hace el n\u00famero de North...<\/p>","protected":false},"author":1,"featured_media":20608,"parent":13448,"menu_order":0,"comment_status":"closed","ping_status":"closed","template":"","meta":{"_acf_changed":false,"footnotes":""},"class_list":["post-15391","page","type-page","status-publish","has-post-thumbnail","hentry"],"acf":[],"_links":{"self":[{"href":"https:\/\/steinberglawfirm-staging.clmcloud.app\/es\/wp-json\/wp\/v2\/pages\/15391"}],"collection":[{"href":"https:\/\/steinberglawfirm-staging.clmcloud.app\/es\/wp-json\/wp\/v2\/pages"}],"about":[{"href":"https:\/\/steinberglawfirm-staging.clmcloud.app\/es\/wp-json\/wp\/v2\/types\/page"}],"author":[{"embeddable":true,"href":"https:\/\/steinberglawfirm-staging.clmcloud.app\/es\/wp-json\/wp\/v2\/users\/1"}],"replies":[{"embeddable":true,"href":"https:\/\/steinberglawfirm-staging.clmcloud.app\/es\/wp-json\/wp\/v2\/comments?post=15391"}],"version-history":[{"count":5,"href":"https:\/\/steinberglawfirm-staging.clmcloud.app\/es\/wp-json\/wp\/v2\/pages\/15391\/revisions"}],"predecessor-version":[{"id":21295,"href":"https:\/\/steinberglawfirm-staging.clmcloud.app\/es\/wp-json\/wp\/v2\/pages\/15391\/revisions\/21295"}],"up":[{"embeddable":true,"href":"https:\/\/steinberglawfirm-staging.clmcloud.app\/es\/wp-json\/wp\/v2\/pages\/13448"}],"wp:featuredmedia":[{"embeddable":true,"href":"https:\/\/steinberglawfirm-staging.clmcloud.app\/es\/wp-json\/wp\/v2\/media\/20608"}],"wp:attachment":[{"href":"https:\/\/steinberglawfirm-staging.clmcloud.app\/es\/wp-json\/wp\/v2\/media?parent=15391"}],"curies":[{"name":"wp","href":"https:\/\/api.w.org\/{rel}","templated":true}]}}