{"id":15390,"date":"2021-02-23T18:22:28","date_gmt":"2021-02-23T18:22:28","guid":{"rendered":"https:\/\/www.steinberglawfirm.com\/?page_id=15221"},"modified":"2024-08-22T15:57:12","modified_gmt":"2024-08-22T15:57:12","slug":"drunk-driving-injury-lawyer","status":"publish","type":"page","link":"https:\/\/steinberglawfirm-staging.clmcloud.app\/es\/ubicaciones\/north-charleston\/abogado-accidente-de-coche\/abogado-de-lesiones-por-conduccion-en-estado-de-ebriedad\/","title":{"rendered":"North Charleston Abogado de lesiones por conducci\u00f3n en estado de ebriedad"},"content":{"rendered":"<h1 class=\"wp-block-heading\">North Charleston Abogado de lesiones por conducci\u00f3n en estado de ebriedad<\/h1>\n\n\n\n<h2 class=\"wp-block-heading\">Accident Attorneys for Victims of DUI Drivers Serving North Charleston, SC<\/h2>\n\n\n\n<p>Como todas las grandes ciudades, North Charleston lucha contra el alto \u00edndice de conducci\u00f3n bajo los efectos del alcohol. En North Charleston, <a href=\"https:\/\/www.steinberglawfirm.com\/practice-areas\/auto-accidents\/drunk-driving-accident\/\" target=\"_blank\" rel=\"noopener\">accidentes por conducci\u00f3n ebria<\/a> constituyen m\u00e1s del 30% del total de muertes relacionadas con el tr\u00e1fico en la ciudad.<\/p>\n\n\n\n<p><a href=\"https:\/\/www.steinberglawfirm.com\/practice-areas\/auto-accidents\/\" target=\"_blank\" rel=\"noopener\">Recuperar la indemnizaci\u00f3n despu\u00e9s de cualquier accidente de coche South Carolina<\/a> is challenging. However, being involved in a drunk driving accident adds a certain element of frustration. Every drunk driving accident is entirely preventable.\u00a0<\/p>\n\n\n\n<p>En <a href=\"https:\/\/www.steinberglawfirm.com\/\" target=\"_blank\" rel=\"noopener\">el Steinberg Law Firm<\/a>Hemos reunido un <a href=\"https:\/\/www.steinberglawfirm.com\/locations\/north-charleston\/car-accident-lawyer\/\" target=\"_blank\" rel=\"noopener\">equipo dedicado de abogados de accidentes de coche North Charleston<\/a> que se centran en ayudar a las v\u00edctimas de la conducci\u00f3n bajo los efectos del alcohol. <a href=\"https:\/\/www.steinberglawfirm.com\/faq\/faq-car-accident\/\" target=\"_blank\" rel=\"noopener\">Despu\u00e9s de un accidente, es probable que tenga preguntas<\/a>. \u00bfQu\u00e9 puedo hacer para responsabilizar al conductor ebrio? \u00bfC\u00f3mo voy a pagar mis facturas m\u00e9dicas? \u00bfCu\u00e1ndo podr\u00e9 volver a trabajar para mantener a mi familia? Podemos ayudarle a tranquilizar su mente explicando el proceso de recuperaci\u00f3n en t\u00e9rminos comprensibles. Si usted decide permitirnos trabajar en su caso, lucharemos para conseguirle la compensaci\u00f3n que merece.<\/p>\n\n\n\n<p><strong>North Charleston Estad\u00edsticas de accidentes por conducci\u00f3n ebria:<\/strong><\/p>\n\n\n\n<p>Cada d\u00eda en Estados Unidos mueren m\u00e1s de 30 personas por accidentes de conducci\u00f3n bajo los efectos del alcohol. Esto equivale a una v\u00edctima mortal cada 30 minutos. En los \u00faltimos diez a\u00f1os se han perdido m\u00e1s de 10.000 vidas a causa de la conducci\u00f3n bajo los efectos del alcohol. Seg\u00fan los expertos, las muertes por conducci\u00f3n bajo los efectos del alcohol cuestan m\u00e1s de $44 mil millones al a\u00f1o.<\/p>\n\n\n\n<p>North Charleston is a large city, extending into Charleston County, Dorchester County, and Berkeley County. The South Carolina Department of Public Safety keeps track of all drunk driving accidents across the state. Below is the data for drunk driving fatalities in which the at-fault driver&#8217;s blood-alcohol content was .08 or more:<\/p>\n\n\n\n<p><strong>- Condado Charleston<\/strong><br>\u25e6 2014: 24 v\u00edctimas mortales<br>\u25e6 2015: 15 v\u00edctimas mortales<br>\u25e6 2016: 19 v\u00edctimas mortales<br>\u25e6 2017: 18 v\u00edctimas mortales<br>\u25e6 2018: 28 v\u00edctimas mortales<\/p>\n\n\n\n<p><br><strong>- Condado de Dorchester<\/strong><br>\u25e6 2014: 5 v\u00edctimas mortales<br>\u25e6 2015: 11 v\u00edctimas mortales<br>\u25e6 2016: 7 v\u00edctimas mortales<br>\u25e6 2017: 7 v\u00edctimas mortales<br>\u25e6 2018: 2 v\u00edctimas mortales<\/p>\n\n\n\n<p><br><strong>- Condado de Berkeley<\/strong><br>\u25e6 2014: 14 v\u00edctimas mortales<br>\u25e6 2015: 10 v\u00edctimas mortales<br>\u25e6 2016: 13 v\u00edctimas mortales<br>\u25e6 2017: 12 v\u00edctimas mortales<br>\u25e6 2018: 13 v\u00edctimas mortales<\/p>\n\n\n\n<p>En todo el pa\u00eds, hubo 10,511 muertes por DUI en 2018. Ese a\u00f1o, el 29 por ciento de todas las <a href=\"https:\/\/www.steinberglawfirm.com\/practice-areas\/auto-accidents\/fatal-car-accident\/\" target=\"_blank\" rel=\"noopener\">accidentes de tr\u00e1fico mortales<\/a> se debieron a la conducci\u00f3n bajo los efectos del alcohol. Ese mismo a\u00f1o, se produjeron 291 South Carolina muertes por conducci\u00f3n bajo los efectos del alcohol, lo que representa el 28% de todas las muertes relacionadas con el tr\u00e1fico en South Carolina. Esto significa que South Carolina est\u00e1 a la par con la media nacional en cuanto a la tasa de muertes por conducir ebrio.&nbsp;&nbsp;<\/p>\n\n\n\n<p>La mayor\u00eda de <a href=\"https:\/\/www.steinberglawfirm.com\/practice-areas\/auto-accidents\/drunk-driving-accident\/\" target=\"_blank\" rel=\"noopener\">North Charleston accidentes por conducci\u00f3n ebria<\/a> no resultan en una fatalidad. A continuaci\u00f3n se muestran los datos anuales de los casos de accidentes de DUI no mortales en el \u00e1rea North Charleston:<\/p>\n\n\n\n<p><strong>- Condado Charleston<\/strong><br>\u25e6 2014: 303 accidentes por conducir bajo los efectos del alcohol<br>\u25e6 2015: 303 accidentes por conducir bajo los efectos del alcohol<br>\u25e6 2016: 342 accidentes por conducir bajo los efectos del alcohol<br>\u25e6 2017: 347 accidentes por conducir bajo los efectos del alcohol<br>\u25e6 2018: 374 accidentes por conducir bajo los efectos del alcohol<br><strong>- Condado de Dorchester<\/strong><br>\u25e6 2014: 115 accidentes por conducir bajo los efectos del alcohol<br>\u25e6 2015: 109 accidentes por conducir bajo los efectos del alcohol<br>\u25e6 2016: 114 accidentes por conducir bajo los efectos del alcohol<br>\u25e6 2017: 115 accidentes por conducir bajo los efectos del alcohol<br>\u25e6 2018: 111 accidentes por conducir bajo los efectos del alcohol<br><strong>- Condado de Berkeley<\/strong><br>\u25e6 2014: 175 accidentes por conducir bajo los efectos del alcohol<br>\u25e6 2015: 157 accidentes por conducir bajo los efectos del alcohol<br>\u25e6 2016: 150 accidentes por conducir bajo los efectos del alcohol<br>\u25e6 2017: 191 accidentes por conducir bajo los efectos del alcohol<br>\u25e6 2018: 177 accidentes por conducir bajo los efectos del alcohol<\/p>\n\n\n\n<p>La mayor\u00eda de los accidentes por conducci\u00f3n bajo los efectos del alcohol se producen durante el fin de semana:<\/p>\n\n\n\n<p><strong>El viernes:<\/strong><br>- El 15,41% de los accidentes no mortales<br>- El 14,94% de los accidentes mortales<br><strong>El s\u00e1bado:<\/strong><br>- El 23% de los accidentes no mortales<br>- 29,07 por ciento de todos los accidentes mortales<br><strong>El domingo:<\/strong><br>- El 18,76% de los accidentes no mortales<br>- 16,7 por ciento de todos los accidentes mortales<\/p>\n\n\n\n<p>Los accidentes por conducci\u00f3n bajo los efectos del alcohol durante el fin de semana, tanto mortales como no mortales, representan aproximadamente el 57% de todos los accidentes no mortales y el 60% de todos los accidentes mortales.<\/p>\n\n\n\n<p>Seg\u00fan Madres contra la Conducci\u00f3n en Estado de Ebriedad:<\/p>\n\n\n\n<p>- Por t\u00e9rmino medio, dos de cada tres personas se ver\u00e1n implicadas en un accidente por conducci\u00f3n bajo los efectos del alcohol en alg\u00fan momento de su vida.<br>- Las drogas distintas del alcohol est\u00e1n implicadas en aproximadamente el 18% de los accidentes de tr\u00e1fico mortales.<br>- Casi el 7% de los fallecidos en accidentes de tr\u00e1fico ten\u00edan marihuana en su organismo.<br>- Cada d\u00eda, cerca de 800 personas resultan heridas en accidentes por conducci\u00f3n bajo los efectos del alcohol.<\/p>\n\n\n\n<p><strong>Los efectos del alcohol en el conductor<\/strong><\/p>\n\n\n\n<p>El alcohol afecta a la capacidad del conductor para conducir un veh\u00edculo de forma segura. Cuanto m\u00e1s alcohol consuma un conductor, m\u00e1s significativas ser\u00e1n estas deficiencias. La cantidad de alcohol en el sistema de un conductor se mide en t\u00e9rminos de contenido de alcohol en sangre (BAC). Seg\u00fan la Administraci\u00f3n Nacional de Seguridad en el Transporte por Carretera, los conductores experimentan los siguientes s\u00edntomas con diferentes l\u00edmites de alcoholemia:<\/p>\n\n\n\n<p><style type=\"text\/css\">\n.tg  {border-collapse:collapse;border-spacing:0;}<br \/>\n.tg td{border-color:black;border-style:solid;border-width:1px;font-family:Arial, sans-serif;font-size:16px;<br \/>\n  overflow:hidden;padding:10px 5px;word-break:normal;}<br \/>\n.tg th{border-color:black;border-style:solid;border-width:1px;font-family:Arial, sans-serif;font-size:16px;<br \/>\n  font-weight:normal;overflow:hidden;padding:10px 5px;word-break:normal;}<br \/>\n.tg .tg-0pky{border-color:inherit;text-align:center;vertical-align:top}<br \/>\n<\/style><\/p>\n\n\n\n<figure class=\"wp-block-table\"><table><thead><tr><th><strong>BAC<\/strong><\/th><th><strong>Efectos esperados en un conductor<\/strong><\/th><\/tr><\/thead><tbody><tr><td>.02<\/td><td>Cierta p\u00e9rdida de juicio que probablemente resulte en una reducci\u00f3n de la atenci\u00f3n y una capacidad comprometida para realizar varias tareas.<\/td><\/tr><tr><td>.05<\/td><td>Comportamiento exagerado, p\u00e9rdida de concentraci\u00f3n y alteraci\u00f3n del juicio que probablemente se traduzca en una menor coordinaci\u00f3n y dificultad para reaccionar ante los peligros de la carretera.<\/td><\/tr><tr><td>.08<\/td><td>Reducci\u00f3n de la coordinaci\u00f3n, la memoria, el juicio y el razonamiento, lo que probablemente se traduzca en una escasa concentraci\u00f3n, p\u00e9rdida de la memoria a corto plazo y deterioro de la percepci\u00f3n.<\/td><\/tr><tr><td>.10<\/td><td>La lentitud de pensamiento y la marcada reducci\u00f3n del tiempo de reacci\u00f3n suelen provocar que el conductor sea incapaz de mantenerse en su carril y aplicar los frenos.<\/td><\/tr><tr><td>.15<\/td><td>P\u00e9rdida de equilibrio y de control muscular que puede provocar el v\u00f3mito o el desmayo del conductor y perjudicar significativamente el control del veh\u00edculo.<\/td><\/tr><\/tbody><\/table><\/figure>\n\n\n\n<p>En South Carolina, es contrario a la ley conducir con una tasa de alcoholemia de 0,08 o m\u00e1s. Sin embargo, incluso un conductor con una tasa de alcoholemia inferior a 0,08 puede suponer un gran peligro para los dem\u00e1s en la carretera. Independientemente de la tasa de alcoholemia de un conductor, si su capacidad para conducir se ve afectada por el alcohol, est\u00e1 conduciendo ebrio.<\/p>\n\n\n\n<p>En muchos accidentes de conducci\u00f3n bajo los efectos del alcohol, el conductor ebrio es detenido y acusado del delito de conducir bajo los efectos del alcohol. Estos cargos penales se presentan contra el conductor bas\u00e1ndose en la violaci\u00f3n de las leyes de conducci\u00f3n bajo los efectos del alcohol de South Carolina. Si se le declara culpable, el conductor puede enfrentarse a la libertad condicional o al encarcelamiento y se le puede ordenar que pague las costas judiciales y las multas. Una condena por DUI ayuda poco a la v\u00edctima de un accidente porque estos casos se centran en castigar al conductor ebrio por sus acciones en lugar de proporcionar una compensaci\u00f3n a la v\u00edctima de la conducta del conductor ebrio.<\/p>\n\n\n\n<p>Sin embargo, las v\u00edctimas de accidentes por conducci\u00f3n bajo los efectos del alcohol pueden presentar una demanda por da\u00f1os personales contra el conductor ebrio. Una reclamaci\u00f3n por da\u00f1os personales es una demanda civil que, a diferencia de los casos penales, se centra en hacer que la v\u00edctima del accidente vuelva a estar \"entera\". Las demandas civiles deben ser probadas por una preponderancia de la evidencia en lugar de m\u00e1s all\u00e1 de una duda razonable. Incluso si un conductor ebrio no es condenado o entra en un programa de desviaci\u00f3n, una v\u00edctima de accidente todav\u00eda puede perseguir una demanda por lesiones personales contra ellos. Una v\u00edctima de accidente puede incluso perseguir una demanda de lesiones personales contra un conductor ebrio cuando el conductor ebrio nunca fue arrestado o acusado de un DUI.<\/p>\n\n\n\n<p><strong>C\u00f3mo presentar una demanda por conducir ebrio North Charleston&nbsp;<\/strong><\/p>\n\n\n\n<p>Todos los accidentes por conducci\u00f3n bajo los efectos del alcohol son evitables, y aquellos que deciden ponerse al volante despu\u00e9s de haber bebido demasiado pueden ser considerados legal y financieramente responsables de sus acciones. Para tener \u00e9xito en una demanda por conducci\u00f3n bajo los efectos del alcohol, la v\u00edctima del accidente debe demostrar que el otro conductor fue negligente. En South Carolina, una demanda por negligencia tiene cuatro elementos:<\/p>\n\n\n\n<p><strong>1. Deber de cuidado:<\/strong>&nbsp;Las v\u00edctimas de accidentes deben demostrar que el acusado nombrado en la demanda les deb\u00eda un deber de cuidado. En los casos de accidentes por conducci\u00f3n bajo los efectos del alcohol, esto no suele ser un problema porque todos los conductores tienen el deber de conducir de forma segura y responsable.<br><strong>2. Incumplimiento del deber:<\/strong>&nbsp;El siguiente paso es demostrar que el acusado incumpli\u00f3 el deber que ten\u00eda con la v\u00edctima del accidente. En el caso de un accidente por conducci\u00f3n bajo los efectos del alcohol, esto no suele ser discutido porque conducir bajo los efectos del alcohol va en contra de la ley.<br><strong>3. Causalidad:<\/strong>&nbsp;Para tener \u00e9xito en una demanda por conducci\u00f3n bajo los efectos del alcohol, la v\u00edctima del accidente debe demostrar que la negligencia del acusado provoc\u00f3 sus lesiones. Los conductores ebrios pueden alegar que la v\u00edctima del accidente, u otro motorista, fue parcialmente responsable del accidente.<br><strong>4. Da\u00f1os:<\/strong>&nbsp;El \u00faltimo elemento de una reclamaci\u00f3n por conducci\u00f3n bajo los efectos del alcohol requiere que las v\u00edctimas del accidente demuestren sus lesiones y da\u00f1os.&nbsp;<\/p>\n\n\n\n<p>Aunque pueda parecer que la responsabilidad es sencilla en una reclamaci\u00f3n por accidente de tr\u00e1fico por conducir bajo los efectos del alcohol, no siempre es as\u00ed. Por ejemplo, un <a href=\"https:\/\/www.steinberglawfirm.com\/practice-areas\/personal-injury\/\" target=\"_blank\" rel=\"noopener\">un abogado con experiencia en lesiones personales North Charleston puede ayudar a las v\u00edctimas de accidentes<\/a> preparar su caso refutando las afirmaciones del demandado de que la v\u00edctima del accidente comparte la culpa de haberlo provocado. Un abogado puede identificar c\u00f3mo el accidente impact\u00f3 en la vida de la v\u00edctima, aumentando su potencial indemnizaci\u00f3n por da\u00f1os y perjuicios.<\/p>\n\n\n\n<p><strong>Responsabilidad de terceros en un accidente por conducci\u00f3n ebria<\/strong><\/p>\n\n\n\n<p>Uno de los aspectos m\u00e1s importantes de un caso de conducci\u00f3n bajo los efectos del alcohol es identificar a todas las partes potencialmente responsables. En algunos casos, las v\u00edctimas de accidentes pueden presentar una reclamaci\u00f3n contra el conductor ebrio y otras partes. Los dos ejemplos m\u00e1s comunes de responsabilidad de terceros incluyen la parte que sirvi\u00f3 el alcohol al conductor ebrio y el empleador del conductor ebrio.<\/p>\n\n\n\n<p>En virtud de la ley South Carolina sobre el comercio de bebidas alcoh\u00f3licas, la v\u00edctima de un accidente puede presentar una reclamaci\u00f3n contra el bar o restaurante que sirvi\u00f3 en exceso al conductor ebrio hasta el punto de intoxicaci\u00f3n. Aunque la ley South Carolina no cuenta con una ley espec\u00edfica sobre la venta de bebidas alcoh\u00f3licas, los tribunales han permitido estas reclamaciones cuando la v\u00edctima del accidente puede demostrar que un bar o restaurante sirvi\u00f3 a un menor o a un adulto visiblemente intoxicado.<\/p>\n\n\n\n<p>Las v\u00edctimas de accidentes tambi\u00e9n pueden presentar una reclamaci\u00f3n contra un \"anfitri\u00f3n social\" que sirva a un invitado hasta el punto de intoxicarlo. Un anfitri\u00f3n social no dirige un negocio de venta de alcohol, sino que sirve a alguien alcohol en un entorno social como una fiesta.&nbsp;<\/p>\n\n\n\n<p>Sin embargo, seg\u00fan la ley South Carolina, estas reclamaciones de anfitri\u00f3n social s\u00f3lo existen si la persona a la que el anfitri\u00f3n social sirvi\u00f3 era menor de edad. Por lo tanto, si alguien sirve alcohol a un adulto, que luego se marcha y provoca un accidente por conducir ebrio, la v\u00edctima del accidente s\u00f3lo podr\u00e1 presentar una reclamaci\u00f3n contra el conductor ebrio. Sin embargo, si el invitado era menor de edad, la v\u00edctima del accidente podr\u00eda nombrar como acusados tanto al conductor como al anfitri\u00f3n.<\/p>\n\n\n\n<p>Las v\u00edctimas de accidentes tambi\u00e9n pueden responsabilizar a los empleadores por un empleado que cause un accidente por conducci\u00f3n en estado de ebriedad. Bajo la doctrina de respondeat superior, los empleadores son responsables de los actos de negligencia de los empleados, siempre que los actos se produzcan durante el curso y el alcance de su empleo. Por ejemplo, si un conductor de reparto de una tienda de muebles bebe en el almuerzo y luego causa un accidente de conducci\u00f3n ebrio, cualquier persona lesionada en ese accidente puede ser capaz de presentar una demanda contra el conductor ebrio, as\u00ed como la empresa de muebles.<\/p>\n\n\n\n<p>Aunque terceras personas pueden ser responsables de las acciones de un conductor ebrio, estas reclamaciones son mucho m\u00e1s complejas y requieren la asistencia de un abogado de lesiones personales con experiencia North Charleston.<\/p>\n\n\n\n<h2 class=\"wp-block-heading\">P\u00f3ngase en contacto con los abogados de accidentes por conducci\u00f3n en estado de ebriedad North Charleston hoy<\/h2>\n\n\n\n<p>Si recientemente ha resultado herido en un accidente por conducci\u00f3n bajo los efectos del alcohol, <a href=\"https:\/\/www.steinberglawfirm.com\/contact-us\/\" target=\"_blank\" rel=\"noopener\">contactar con los abogados de accidentes de tr\u00e1fico North Charleston<\/a> en el Steinberg Law Firm. Nuestro <a href=\"https:\/\/www.steinberglawfirm.com\/attorney\/\" target=\"_blank\" rel=\"noopener\">equipo agresivo de abogados de lesiones personales<\/a> ha estado ayudando a las v\u00edctimas de accidentes y a sus familias a responsabilizar a los conductores ebrios durante m\u00e1s de 95 a\u00f1os. Entendemos que la recuperaci\u00f3n de un accidente grave presenta muchos desaf\u00edos, y estamos aqu\u00ed para usted. Cuando usted <a href=\"tel:18437202800\">ll\u00e1menos para discutir su caso<\/a>En el caso de un accidente de tr\u00e1fico, comenzaremos por conocerle, poniendo especial cuidado en comprender c\u00f3mo el accidente ha afectado a su vida por completo. A continuaci\u00f3n, describiremos el proceso de lesiones personales, respondiendo a cualquier pregunta que tenga pero sin presionarle nunca para que tome ninguna decisi\u00f3n. Si decide permitirnos presentar una reclamaci\u00f3n en su nombre, buscaremos estrat\u00e9gicamente la m\u00e1xima compensaci\u00f3n posible por sus p\u00e9rdidas.<\/p>\n\n\n\n<p>En <a href=\"https:\/\/www.steinberglawfirm.com\/\" target=\"_blank\" rel=\"noopener\">el Steinberg Law Firm<\/a>tenemos <a href=\"https:\/\/www.steinberglawfirm.com\/results\/\" target=\"_blank\" rel=\"noopener\">recuperado m\u00e1s de $800 millones en nombre de nuestros clientes<\/a> en los \u00faltimos diez a\u00f1os, y esperamos ver c\u00f3mo podemos ayudarle con su caso. Para saber m\u00e1s y <a href=\"https:\/\/www.steinberglawfirm.com\/free-consultation\/\" target=\"_blank\" rel=\"noopener\">programar una consulta gratuita<\/a>&nbsp;hoy, <a href=\"tel:18437202800\">ll\u00e1menos al 843-720-2800<\/a> para hablar con uno de nuestros experimentados miembros del equipo. Tambi\u00e9n puede <a href=\"https:\/\/www.steinberglawfirm.com\/contact-us\/\" target=\"_blank\" rel=\"noopener\">contacte con nosotros a trav\u00e9s de nuestro formulario en l\u00ednea<\/a>.<\/p>","protected":false},"excerpt":{"rendered":"<p>North Charleston Drunk Driving Injury Lawyer Accident Attorneys for Victims of DUI Drivers Serving North Charleston, SC Like all major cities, North Charleston struggles with the high rate of drunk driving. In North Charleston, drunk driving accidents make up over 30 percent of the city&#8217;s total number of traffic-related deaths. Recovering compensation after any South&hellip;<\/p>","protected":false},"author":1,"featured_media":20608,"parent":13472,"menu_order":0,"comment_status":"closed","ping_status":"closed","template":"","meta":{"_acf_changed":false,"footnotes":""},"class_list":["post-15390","page","type-page","status-publish","has-post-thumbnail","hentry"],"acf":[],"_links":{"self":[{"href":"https:\/\/steinberglawfirm-staging.clmcloud.app\/es\/wp-json\/wp\/v2\/pages\/15390"}],"collection":[{"href":"https:\/\/steinberglawfirm-staging.clmcloud.app\/es\/wp-json\/wp\/v2\/pages"}],"about":[{"href":"https:\/\/steinberglawfirm-staging.clmcloud.app\/es\/wp-json\/wp\/v2\/types\/page"}],"author":[{"embeddable":true,"href":"https:\/\/steinberglawfirm-staging.clmcloud.app\/es\/wp-json\/wp\/v2\/users\/1"}],"replies":[{"embeddable":true,"href":"https:\/\/steinberglawfirm-staging.clmcloud.app\/es\/wp-json\/wp\/v2\/comments?post=15390"}],"version-history":[{"count":6,"href":"https:\/\/steinberglawfirm-staging.clmcloud.app\/es\/wp-json\/wp\/v2\/pages\/15390\/revisions"}],"predecessor-version":[{"id":31716,"href":"https:\/\/steinberglawfirm-staging.clmcloud.app\/es\/wp-json\/wp\/v2\/pages\/15390\/revisions\/31716"}],"up":[{"embeddable":true,"href":"https:\/\/steinberglawfirm-staging.clmcloud.app\/es\/wp-json\/wp\/v2\/pages\/13472"}],"wp:featuredmedia":[{"embeddable":true,"href":"https:\/\/steinberglawfirm-staging.clmcloud.app\/es\/wp-json\/wp\/v2\/media\/20608"}],"wp:attachment":[{"href":"https:\/\/steinberglawfirm-staging.clmcloud.app\/es\/wp-json\/wp\/v2\/media?parent=15390"}],"curies":[{"name":"wp","href":"https:\/\/api.w.org\/{rel}","templated":true}]}}