{"id":15388,"date":"2021-02-19T00:20:57","date_gmt":"2021-02-19T00:20:57","guid":{"rendered":"https:\/\/www.steinberglawfirm.com\/?page_id=15103"},"modified":"2023-01-03T23:47:43","modified_gmt":"2023-01-03T23:47:43","slug":"mechanic-injury","status":"publish","type":"page","link":"https:\/\/steinberglawfirm-staging.clmcloud.app\/es\/indemnizacion-de-los-trabajadores\/mecanico-lesionado\/","title":{"rendered":"South Carolina Abogado de lesiones mec\u00e1nicas"},"content":{"rendered":"<h1 class=\"wp-block-heading\">South Carolina Abogado de lesiones mec\u00e1nicas<\/h1>\n\n\n\n<div style=\"height:20px\" aria-hidden=\"true\" class=\"wp-block-spacer\"><\/div>\n\n\n\n<h2 class=\"wp-block-heading\">Ayudar a los mec\u00e1nicos lesionados a obtener la compensaci\u00f3n laboral en South Carolina<\/h2>\n\n\n\n<div style=\"height:20px\" aria-hidden=\"true\" class=\"wp-block-spacer\"><\/div>\n\n\n\n<p>Trabajar como mec\u00e1nico significa que te pones en riesgo cada d\u00eda para hacer tu trabajo. Los peligros del lugar de trabajo, como los humos t\u00f3xicos, los equipos pesados y los espacios de trabajo reducidos, pueden provocar lesiones debilitantes. Cuando los mec\u00e1nicos se lesionan o enferman durante su trabajo, tienen la <a href=\"https:\/\/steinberglawfirm.com\/practice-areas\/workers-compensation\/\" target=\"_blank\" rel=\"noopener\">derecho legal a presentar una reclamaci\u00f3n de prestaciones por accidente de trabajo<\/a>. La indemnizaci\u00f3n por accidente de trabajo proporciona una ayuda econ\u00f3mica esencial que cubre los gastos m\u00e9dicos, la p\u00e9rdida de ingresos y mucho m\u00e1s.<\/p>\n\n\n\n<p><strong>\u00bfQu\u00e9 causa las lesiones mec\u00e1nicas?<\/strong><\/p>\n\n\n\n<p>Hay muchos tipos diferentes de mec\u00e1nicos, como los de autom\u00f3viles, los de motores peque\u00f1os y los que tienen conocimientos especializados sobre veh\u00edculos o piezas concretas. Independientemente de su t\u00edtulo de trabajo espec\u00edfico, los mec\u00e1nicos se enfrentan diariamente a los peligros del lugar de trabajo mientras realizan el mantenimiento y las reparaciones.&nbsp;<\/p>\n\n\n\n<p>La naturaleza de las tareas de un mec\u00e1nico implica que corre un mayor riesgo de lesionarse o morir en el trabajo que un trabajador medio de un sector menos exigente. Un d\u00eda t\u00edpico puede <a href=\"https:\/\/www.steinberglawfirm.com\/workers-compensation\/workers-compensation-for-hand-tool-injuries-in-south-carolina\/\" target=\"_blank\" rel=\"noopener\">implican el uso de herramientas el\u00e9ctricas<\/a>La mec\u00e1nica es una de las actividades m\u00e1s importantes de la vida cotidiana de los trabajadores, ya que manipulan piezas pesadas de veh\u00edculos y trabajan en posiciones inc\u00f3modas durante horas. Sin un equipo de seguridad adecuado, los mec\u00e1nicos son a\u00fan m\u00e1s propensos a sufrir lesiones graves. Estas son algunas de las causas comunes de las lesiones relacionadas con la mec\u00e1nica en South Carolina:<\/p>\n\n\n\n<p>- Exposici\u00f3n a productos qu\u00edmicos o a los gases de la gasolina<br>- Descargas el\u00e9ctricas<br>- Quemaduras por superficies y l\u00edquidos calientes<br>- Levantar objetos pesados<br>- Sobreesfuerzo<br>- Tareas repetitivas<br>- Contacto con objetos afilados<br>- Formaci\u00f3n inadecuada<br>- Accidentes por resbalones y ca\u00eddas<br>- Accidentes intermedios<br>- Exposici\u00f3n al amianto<br>- Falta de ventilaci\u00f3n<\/p>\n\n\n\n<p>Los empresarios tienen la responsabilidad de garantizar un lugar de trabajo seguro para todos los empleados. Los talleres de autom\u00f3viles deben proporcionar a los trabajadores una formaci\u00f3n adecuada. Tambi\u00e9n debe haber una ventilaci\u00f3n adecuada y equipos de protecci\u00f3n como guantes y gafas para los trabajadores.&nbsp;<\/p>\n\n\n\n<p>A pesar de tomar precauciones de seguridad, los accidentes pueden ocurrir, y de hecho ocurren. Un simple error puede hacer que un mec\u00e1nico sufra una lesi\u00f3n grave, incluso mortal.<\/p>\n\n\n\n<p><strong>Tipos de lesiones mec\u00e1nicas<\/strong><\/p>\n\n\n\n<p>Si se ha lesionado mientras trabajaba como mec\u00e1nico en South Carolina, es posible que se pregunte si tiene derecho a una indemnizaci\u00f3n por accidente laboral. Hay muchos tipos diferentes de lesiones mec\u00e1nicas. Algunas heridas son de corta duraci\u00f3n y no tardan en recuperarse, mientras que otras se desarrollan con el tiempo y pueden causar da\u00f1os duraderos. Por ejemplo, un trabajador puede no darse cuenta de los da\u00f1os en las articulaciones resultantes de una lesi\u00f3n anterior hasta m\u00e1s adelante.<\/p>\n\n\n\n<p>El entorno de trabajo de los mec\u00e1nicos puede provocar el desarrollo de importantes problemas de salud. La exposici\u00f3n a productos qu\u00edmicos industriales, plomo, humos, aditivos de la gasolina y otras toxinas puede provocar enfermedades a largo plazo como la intoxicaci\u00f3n cr\u00f3nica. Algunos componentes de los autom\u00f3viles, como los embragues y los forros de los frenos, pueden contener amianto, que con el tiempo puede provocar c\u00e1ncer y problemas respiratorios.<\/p>\n\n\n\n<p>A continuaci\u00f3n se enumeran algunas de las lesiones que pueden sufrir los mec\u00e1nicos en los talleres de carrocer\u00eda y otras \u00e1reas de trabajo:<\/p>\n\n\n\n<p>- Cortes y laceraciones<br>- Da\u00f1o ocular<br>- P\u00e9rdida de audici\u00f3n<br>- <a href=\"https:\/\/www.steinberglawfirm.com\/workers-compensation\/workers-compensation-for-hand-tool-injuries-in-south-carolina\/\" target=\"_blank\" rel=\"noopener\">Lesiones en las manos<\/a><br>- Lesiones articulares y de rodilla<br>- <a href=\"https:\/\/www.steinberglawfirm.com\/workers-compensation\/workers-compensation-for-an-employee-who-suffers-a-back-injury-at-work\/\" target=\"_blank\" rel=\"noopener\">Dolor de espalda<\/a><br>- Esguinces y torceduras<br>- <a href=\"https:\/\/www.steinberglawfirm.com\/workers-compensation\/workers-compensation-for-an-employee-who-suffers-a-burn-injury\/\" target=\"_blank\" rel=\"noopener\">Quemaduras<\/a><br>- <a href=\"https:\/\/www.steinberglawfirm.com\/personal-injury\/serious-injury-cases\/traumatic-amputation-injuries\/\" target=\"_blank\" rel=\"noopener\">P\u00e9rdida de extremidades o dedos<\/a><br>- Fracturas<\/p>\n\n\n\n<p>No importa el tipo de lesi\u00f3n que haya sufrido en el trabajo, <a href=\"https:\/\/www.steinberglawfirm.com\/\" target=\"_blank\" rel=\"noopener\">Steinberg Law Firm est\u00e1 aqu\u00ed para ayudarle a obtener los beneficios de la compensaci\u00f3n laboral<\/a> que tiene derecho a recibir seg\u00fan la ley South Carolina. En casos excepcionales, <a href=\"https:\/\/www.steinberglawfirm.com\/practice-areas\/wrongful-death\/\" target=\"_blank\" rel=\"noopener\">un accidente de trabajo puede resultar fatal<\/a>. Cuando un mec\u00e1nico muere a causa de sus lesiones, los familiares pueden presentar una demanda por homicidio culposo para recuperar los da\u00f1os.<\/p>\n\n\n\n<p><strong>Prestaciones de compensaci\u00f3n a los trabajadores<\/strong><\/p>\n\n\n\n<p>Los mec\u00e1nicos que se lesionan o enferman durante el trabajo pueden tener derecho a las prestaciones de indemnizaci\u00f3n por accidente laboral. En South Carolina, los empresarios est\u00e1n obligados por ley a contratar un seguro que proporcione prestaciones de compensaci\u00f3n a los trabajadores a tiempo parcial y a tiempo completo que se lesionen en el trabajo.<\/p>\n\n\n\n<p>Cualquier indemnizaci\u00f3n que reciba debe cubrir la totalidad de sus facturas m\u00e9dicas y otros gastos. Dependiendo de la gravedad de sus lesiones, puede estar alejado del trabajo durante semanas o incluso meses. Sufrir una incapacidad permanente podr\u00eda incluso afectar a su capacidad futura para ganarse la vida. Seg\u00fan la ley South Carolina, los trabajadores lesionados pueden tener derecho a las siguientes prestaciones, entre otras:<\/p>\n\n\n\n<p>- Gastos m\u00e9dicos<br>- P\u00e9rdida de ingresos<br>- Rehabilitaci\u00f3n profesional<br>- Incapacidad temporal o permanente&nbsp;<\/p>\n\n\n\n<p>Un punto importante a tener en cuenta es que sus gastos m\u00e9dicos s\u00f3lo pueden estar cubiertos si acude a un m\u00e9dico seleccionado por su empresa, a menos que se trate de una urgencia. Aseg\u00farate de entender las pol\u00edticas de indemnizaci\u00f3n por accidente de trabajo de tu empresa para no darles una raz\u00f3n para rechazar tu reclamaci\u00f3n. <a href=\"https:\/\/www.steinberglawfirm.com\/attorney\/\" target=\"_blank\" rel=\"noopener\">Los abogados cualificados en materia de indemnizaci\u00f3n por accidente de trabajo de Steinberg Law Firm<\/a> puede ayudarle a determinar las prestaciones a las que tiene derecho y asegurarse de que no comete ning\u00fan error que pueda perjudicar su reclamaci\u00f3n.<\/p>\n\n\n\n<p><strong>Presentaci\u00f3n de una reclamaci\u00f3n de indemnizaci\u00f3n por accidente de trabajo en South Carolina<\/strong><\/p>\n\n\n\n<p>Si sufres una lesi\u00f3n en el lugar de trabajo mientras trabajas como mec\u00e1nico, debes notificarlo inmediatamente a tu empleador para iniciar el proceso de reclamaci\u00f3n. Reciba tratamiento m\u00e9dico lo antes posible, independientemente de lo leves que parezcan sus lesiones. Cualquier retraso podr\u00eda dar a la compa\u00f1\u00eda de seguros una excusa para cuestionar la gravedad de tus lesiones o si realmente se produjeron en el trabajo.&nbsp;<\/p>\n\n\n\n<p>Aunque usted espera que el proceso de reclamaci\u00f3n de la indemnizaci\u00f3n por accidente de trabajo sea sencillo, lamentablemente no siempre es as\u00ed. Su empleador o su administrador de seguros pueden tratar de negar su derecho a los beneficios que usted merece.<\/p>\n\n\n\n<p>En <a href=\"https:\/\/www.steinberglawfirm.com\/\" target=\"_blank\" rel=\"noopener\">Steinberg Law Firm<\/a>Tenemos experiencia en la gesti\u00f3n de <a href=\"https:\/\/steinberglawfirm.com\/practice-areas\/workers-compensation\/\" target=\"_blank\" rel=\"noopener\">todo tipo de casos de indemnizaci\u00f3n por accidente de trabajo South Carolina<\/a> y saber c\u00f3mo se desenvuelven. Nuestros h\u00e1biles abogados especializados en lesiones laborales se dedican a proteger los derechos de los mec\u00e1nicos y est\u00e1n aqu\u00ed para asegurarse de que usted obtenga el apoyo financiero que necesita. Si su reclamaci\u00f3n es impugnada, puede ser posible apelar la decisi\u00f3n. Estamos preparados para representarle en las audiencias si es necesario.<\/p>\n\n\n\n<p><strong>Reclamaciones de terceros por da\u00f1os mec\u00e1nicos<\/strong><\/p>\n\n\n\n<p>Al presentar una reclamaci\u00f3n de indemnizaci\u00f3n por accidente de trabajo, puede obtener prestaciones independientemente de qui\u00e9n haya sido el culpable de su accidente. Sin embargo, puede haber un tercero culpable de sus lesiones en algunos casos de lesiones mec\u00e1nicas, como el fabricante de equipos defectuosos. Steinberg Law Firm puede revisar los detalles de su caso y ayudarle a determinar si tiene la opci\u00f3n legal de presentar una demanda por lesiones personales contra un tercero.<\/p>\n\n\n\n<h3 class=\"wp-block-heading\">Contacte con Steinberg Law Firm hoy mismo<\/h3>\n\n\n\n<p>Los mec\u00e1nicos se enfrentan regularmente a los riesgos laborales de sus empleadores. Se merecen una ayuda econ\u00f3mica completa cuando algo va mal. Si eres un mec\u00e1nico que ha sufrido lesiones en el trabajo o una enfermedad relacionada con tu empleo, puedes tener derecho a una indemnizaci\u00f3n por accidente laboral. <a href=\"https:\/\/www.steinberglawfirm.com\/contact-us\/\" target=\"_blank\" rel=\"noopener\">Hable con un abogado experto en indemnizaciones laborales South Carolina<\/a> en Steinberg Law Firm para saber m\u00e1s. <a href=\"https:\/\/www.steinberglawfirm.com\/free-consultation\/\" target=\"_blank\" rel=\"noopener\">Ofrecemos consultas gratuitas<\/a>.<\/p>","protected":false},"excerpt":{"rendered":"<p>South Carolina Abogado de lesiones mec\u00e1nicas que ayuda a los mec\u00e1nicos lesionados a obtener compensaci\u00f3n laboral en South Carolina Trabajar como mec\u00e1nico significa que se pone en riesgo todos los d\u00edas para hacer su trabajo. Los peligros del lugar de trabajo, como los humos t\u00f3xicos, el equipo pesado y los espacios de trabajo estrechos, pueden provocar lesiones debilitantes. Cuando los mec\u00e1nicos se lesionan o enferman durante su...<\/p>","protected":false},"author":1,"featured_media":0,"parent":8874,"menu_order":0,"comment_status":"closed","ping_status":"closed","template":"","meta":{"_acf_changed":false,"footnotes":""},"class_list":["post-15388","page","type-page","status-publish","hentry"],"acf":[],"_links":{"self":[{"href":"https:\/\/steinberglawfirm-staging.clmcloud.app\/es\/wp-json\/wp\/v2\/pages\/15388"}],"collection":[{"href":"https:\/\/steinberglawfirm-staging.clmcloud.app\/es\/wp-json\/wp\/v2\/pages"}],"about":[{"href":"https:\/\/steinberglawfirm-staging.clmcloud.app\/es\/wp-json\/wp\/v2\/types\/page"}],"author":[{"embeddable":true,"href":"https:\/\/steinberglawfirm-staging.clmcloud.app\/es\/wp-json\/wp\/v2\/users\/1"}],"replies":[{"embeddable":true,"href":"https:\/\/steinberglawfirm-staging.clmcloud.app\/es\/wp-json\/wp\/v2\/comments?post=15388"}],"version-history":[{"count":4,"href":"https:\/\/steinberglawfirm-staging.clmcloud.app\/es\/wp-json\/wp\/v2\/pages\/15388\/revisions"}],"predecessor-version":[{"id":23832,"href":"https:\/\/steinberglawfirm-staging.clmcloud.app\/es\/wp-json\/wp\/v2\/pages\/15388\/revisions\/23832"}],"up":[{"embeddable":true,"href":"https:\/\/steinberglawfirm-staging.clmcloud.app\/es\/wp-json\/wp\/v2\/pages\/8874"}],"wp:attachment":[{"href":"https:\/\/steinberglawfirm-staging.clmcloud.app\/es\/wp-json\/wp\/v2\/media?parent=15388"}],"curies":[{"name":"wp","href":"https:\/\/api.w.org\/{rel}","templated":true}]}}