{"id":15387,"date":"2021-02-19T00:01:17","date_gmt":"2021-02-19T00:01:17","guid":{"rendered":"https:\/\/www.steinberglawfirm.com\/?page_id=15097"},"modified":"2024-08-22T19:50:42","modified_gmt":"2024-08-22T19:50:42","slug":"fatal-truck-accident-lawyer","status":"publish","type":"page","link":"https:\/\/steinberglawfirm-staging.clmcloud.app\/es\/ubicaciones\/north-charleston\/abogado-accidente-de-camion-fatal\/","title":{"rendered":"North Charleston Abogados de accidentes de cami\u00f3n mortales"},"content":{"rendered":"<h1 class=\"wp-block-heading\">North Charleston, SC Fatal Truck Accident Lawyers<\/h1>\n\n\n\n<p><\/p>\n\n\n\n<h2 class=\"wp-block-heading\">Wrongful Death Attorneys Serving Charleston, Dorchester and Berkeley Counties<\/h2>\n\n\n\n<p>Pocas colisiones de veh\u00edculos de motor son m\u00e1s espeluznantes que<a href=\"https:\/\/www.steinberglawfirm.com\/personal-injury\/truck-accidents\/semi-truck-accident-injury-attorney\/\" target=\"_blank\" rel=\"noopener\"> Accidentes de camiones South Carolina<\/a>. Los semirremolques y otros grandes autom\u00f3viles comerciales son veh\u00edculos enormes capaces de causar da\u00f1os extremos. Mientras que la mayor\u00eda de los conductores de camiones entienden la seriedad de su trabajo y hacen todo lo posible para mantenerse a salvo en todo momento, por desgracia, no siempre es el caso.&nbsp;<\/p>\n\n\n\n<p>En el Steinberg Law Firm, nuestro <a href=\"https:\/\/www.steinberglawfirm.com\/locations\/north-charleston\/truck-accident-lawyer\/\" target=\"_blank\" rel=\"noopener\">North Charleston abogados de accidentes de cami\u00f3n<\/a> representar a las v\u00edctimas y a sus familias en <a href=\"https:\/\/www.steinberglawfirm.com\/practice-areas\/personal-injury\/\" target=\"_blank\" rel=\"noopener\">da\u00f1os personales<\/a> y <a href=\"https:\/\/www.steinberglawfirm.com\/practice-areas\/wrongful-death\/\" target=\"_blank\" rel=\"noopener\">reclamaciones de muerte por negligencia<\/a> para ayudarles a recuperar la compensaci\u00f3n econ\u00f3mica tras un tr\u00e1gico accidente. A diferencia de otros <a href=\"https:\/\/www.steinberglawfirm.com\/locations\/north-charleston\/\" target=\"_blank\" rel=\"noopener\">North Charleston bufetes de abogados de da\u00f1os personales<\/a>Los defensores de Steinberg Law Firm se comprometen incesantemente no s\u00f3lo con los casos de nuestros clientes individuales, sino con la sociedad en su conjunto. Queremos hacer de la North Charleston un lugar m\u00e1s seguro para nuestros hijos haciendo que los camioneros negligentes y sus empleadores sean responsables de sus acciones.&nbsp;<\/p>\n\n\n\n<h2 class=\"wp-block-heading\"><strong><a href=\"https:\/\/www.steinberglawfirm.com\/truck-accident-report\/\" target=\"_blank\" rel=\"noopener\">Estad\u00edsticas de accidentes de camiones<\/a><\/strong><\/h2>\n\n\n\n<p><strong>Estad\u00edsticas nacionales:<\/strong><\/p>\n\n\n\n<p>En 2018, se produjeron m\u00e1s de 400.000 accidentes de camiones en todo el pa\u00eds, con el resultado de m\u00e1s de 3.800 muertes. Esto representa un aumento del uno por ciento en el n\u00famero de accidentes mortales de camiones en 2017.&nbsp;<\/p>\n\n\n\n<p>Los datos m\u00e1s recientes recopilados por la Administraci\u00f3n Federal de Seguridad de Autotransportes muestran:<br>- 3.198 ocupantes de turismos y camiones ligeros murieron en accidentes de camiones, y<br>- 284 motociclistas murieron en accidentes de cami\u00f3n<\/p>\n\n\n\n<p>La mayor\u00eda de los muertos en accidentes de cami\u00f3n son peatones, ciclistas u otros automovilistas. S\u00f3lo 885 conductores de camiones murieron en accidentes mortales de camiones. S\u00f3lo 350 murieron en accidentes de varios veh\u00edculos, y el resto de las muertes se produjeron en accidentes de un solo veh\u00edculo.&nbsp;<\/p>\n\n\n\n<p><strong>South Carolina estad\u00edsticas:<\/strong><\/p>\n\n\n\n<p>Seg\u00fan los datos m\u00e1s recientes recopilados por el Departamento de Seguridad P\u00fablica, se produce un accidente de tr\u00e1fico cada 3,7 minutos, y alguien pierde la vida cada 8,5 horas.<\/p>\n\n\n\n<p>Solo en el a\u00f1o 2018, hubo 1.036 personas muertas en accidentes de tr\u00e1fico South Carolina. Ese a\u00f1o, hubo 1.697 veh\u00edculos implicados en colisiones mortales - 109 de los cuales eran tractores-remolques u otros camiones comerciales de gran tama\u00f1o.<\/p>\n\n\n\n<p>En 2018, hubo un total de 5.554 accidentes de camiones South Carolina.&nbsp;<\/p>\n\n\n\n<p>El Departamento de Seguridad P\u00fablica South Carolina lleva un registro de todos los accidentes de camiones. El n\u00famero de accidentes mortales de camiones South Carolina ha aumentado en los \u00faltimos a\u00f1os:<\/p>\n\n\n\n<p>- 2014: 41 colisiones mortales<br>- 2015: 71 colisiones mortales<br>- 2016: 68 colisiones mortales<br>- 2017: 59 colisiones mortales<br>- 2018: 80 colisiones mortales<\/p>\n\n\n\n<p>A pesar de lo que pueda sugerir el sentido com\u00fan, m\u00e1s del 95 por ciento de los accidentes mortales con semirremolques se producen en condiciones de claridad. Aproximadamente la mitad de los accidentes mortales de camiones se producen durante el d\u00eda.&nbsp;<\/p>\n\n\n\n<p>No es de extra\u00f1ar que la mayor\u00eda de los accidentes mortales de camiones en South Carolina se produzcan en las principales autopistas del estado:<\/p>\n\n\n\n<p>- Interstates: 30 accidentes mortales de camiones<br>- Rutas de Estados Unidos: 23 accidentes mortales de camiones<br>- Rutas estatales: 20 accidentes mortales de camiones<br>- Carreteras secundarias, carreteras comarcales y desv\u00edos: 7 accidentes mortales de camiones<\/p>\n\n\n\n<p><strong>C\u00f3mo probar una demanda de muerte por negligencia despu\u00e9s de un accidente de cami\u00f3n mortal<\/strong><\/p>\n\n\n\n<p>La p\u00e9rdida de un ser querido es siempre un momento excepcionalmente dif\u00edcil para una familia. Sin embargo, cuando su ser querido es arrancado de usted en un accidente evitable, la tragedia se magnifica. Sin embargo, cada a\u00f1o, decenas de familias se ven obligadas a pasar por la tragedia inimaginable de perder a un ser querido en un accidente de cami\u00f3n fatal.&nbsp;<\/p>\n\n\n\n<p>La ley South Carolina permite a las familias que han perdido a un ser querido en un accidente de cami\u00f3n presentar una reclamaci\u00f3n de indemnizaci\u00f3n contra todas las partes responsables. Se denominan reclamaciones por homicidio culposo y deben ser presentadas por el albacea del representante personal del patrimonio de la v\u00edctima del accidente. En muchos casos, pero no siempre, se trata de un familiar.<\/p>\n\n\n\n<p>Mientras que un albacea o representante personal es la persona que debe <a href=\"https:\/\/www.steinberglawfirm.com\/locations\/north-charleston\/wrongful-death-lawyer\/\" target=\"_blank\" rel=\"noopener\">presentar un caso de muerte por negligencia North Charleston<\/a>En el caso de las v\u00edctimas de accidentes de tr\u00e1fico, los abogados de la compa\u00f1\u00eda de seguros pueden presentar la demanda en nombre de los familiares supervivientes de la v\u00edctima del accidente. Normalmente, esto incluye al c\u00f3nyuge y a los hijos del fallecido. Sin embargo, si la v\u00edctima del accidente no deja c\u00f3nyuge o hijos, la reclamaci\u00f3n puede presentarse en nombre de los padres u otros herederos del fallecido.&nbsp;<\/p>\n\n\n\n<p>Una reclamaci\u00f3n por muerte por negligencia es esencialmente una reclamaci\u00f3n por da\u00f1os personales. Tanto las reclamaciones por da\u00f1os personales como las de muerte por negligencia se basan en la teor\u00eda legal de la negligencia. Para probar una demanda de muerte por negligencia derivada de un accidente de cami\u00f3n, una parte debe ser capaz de establecer que el \"acto il\u00edcito, negligencia o incumplimiento\" de otra persona caus\u00f3 la muerte de su ser querido. Legalmente hablando, esto requiere que se cumplan los cuatro elementos b\u00e1sicos de una reclamaci\u00f3n por negligencia:<\/p>\n\n\n\n<p>1. Deber - El conductor del cami\u00f3n ten\u00eda un deber de cuidado con la v\u00edctima del accidente;<br>2. Incumplimiento - El conductor del cami\u00f3n viol\u00f3 el deber que ten\u00eda con la v\u00edctima del accidente mediante alguna acci\u00f3n u omisi\u00f3n;<br>3. Causalidad - El incumplimiento por parte del conductor del cami\u00f3n del deber que ten\u00eda con la v\u00edctima del accidente provoc\u00f3 su muerte; y<br>4. Da\u00f1os - La v\u00edctima del accidente sufri\u00f3 da\u00f1os como resultado de la negligencia del conductor del cami\u00f3n.&nbsp;<\/p>\n\n\n\n<p>El \u00faltimo elemento del an\u00e1lisis de la negligencia no est\u00e1 en cuesti\u00f3n en una demanda por homicidio culposo, ya que la tr\u00e1gica p\u00e9rdida de la vida ciertamente cumple este requisito. Sin embargo, los elementos restantes pueden plantear problemas a las familias que esperan recibir una indemnizaci\u00f3n por la p\u00e9rdida de un ser querido.&nbsp;<\/p>\n\n\n\n<p>Por ejemplo, los camioneros y sus compa\u00f1\u00edas de seguros suelen argumentar que las acciones del camionero no constituyeron un incumplimiento del deber que ten\u00edan con la v\u00edctima del accidente. Tambi\u00e9n pueden alegar que el fallecido contribuy\u00f3 a la causa del accidente. Dados los retos inherentes a la presentaci\u00f3n de una reclamaci\u00f3n por accidente de cami\u00f3n North Charleston, las familias deben trabajar con un abogado especializado con experiencia espec\u00edfica en la gesti\u00f3n de estas reclamaciones.&nbsp;<\/p>\n\n\n\n<p>Si bien las demandas por homicidio culposo derivadas de accidentes de cami\u00f3n mortales son similares a otras demandas por accidentes de veh\u00edculos de motor, una diferencia importante es la posibilidad de nombrar al empleador del conductor del cami\u00f3n como acusado. En virtud de la doctrina de la responsabilidad indirecta, las v\u00edctimas de accidentes pueden hacer responsables a las empresas de transporte por la negligencia de sus empleados. Esto es importante porque los conductores de camiones pueden no tener los activos para compensar a una familia por su p\u00e9rdida de manera justa. Al establecer la responsabilidad de una empresa de camiones, las familias tienen muchas m\u00e1s probabilidades de recuperar la cantidad total de la indemnizaci\u00f3n concedida si su caso tiene \u00e9xito.&nbsp;<\/p>\n\n\n\n<p>Por \u00faltimo, mientras <a href=\"https:\/\/www.steinberglawfirm.com\/locations\/north-charleston\/wrongful-death-lawyer\/\" target=\"_blank\" rel=\"noopener\">presentaci\u00f3n de una reclamaci\u00f3n por muerte por negligencia North Charleston<\/a> Aunque lo \u00faltimo en lo que piensa una familia tras sufrir una gran p\u00e9rdida es que debe actuar con rapidez para presentar una reclamaci\u00f3n. Seg\u00fan la ley South Carolina, un albacea o representante personal s\u00f3lo tiene tres a\u00f1os desde la fecha de la muerte de una v\u00edctima de accidente para presentar una reclamaci\u00f3n. Los casos presentados despu\u00e9s de la prescripci\u00f3n ser\u00e1n desestimados casi con toda seguridad.&nbsp;<\/p>\n\n\n\n<p>En <a href=\"https:\/\/www.steinberglawfirm.com\/\" target=\"_blank\" rel=\"noopener\">el Steinberg Law Firm<\/a>Hemos representado a familias en reclamaciones de muerte por negligencia desde 1927. Entendemos los principios legales sustantivos que rigen estas reclamaciones y lo que nuestros clientes est\u00e1n pasando. Por esta raz\u00f3n, cuando usted elige trabajar con nuestro bufete, siempre nos tomaremos el tiempo para conocerlo y saber c\u00f3mo el accidente impact\u00f3 su vida antes de ofrecerle cualquier consejo. Respetamos su proceso de duelo y nunca le presionaremos de ninguna manera. Estamos aqu\u00ed para apoyarle y ayudarle a presentar una demanda contra los responsables de la muerte de su ser querido.&nbsp;<\/p>\n\n\n\n<p><strong>Causas de los accidentes mortales de camiones North Charleston<\/strong><\/p>\n\n\n\n<p>No cabe duda de que el trabajo de un camionero no es f\u00e1cil. Manejan veh\u00edculos enormes que son dif\u00edciles de controlar y pueden tardar mucho en detenerse. Sin embargo, eso no es excusa para la negligencia. La mayor\u00eda de los accidentes mortales de camiones North Charleston no son el resultado de conductores de camiones bien intencionados que son v\u00edctimas de eventos imprevisibles fuera de su control. La mayor\u00eda de los accidentes de camiones son causados por la negligencia del conductor del cami\u00f3n o, en algunos casos, por el equipo defectuoso del cami\u00f3n. Las causas m\u00e1s comunes de los accidentes mortales de camiones North Charleston incluyen:<\/p>\n\n\n\n<p>- Conducci\u00f3n distra\u00edda<br>- Sobrecorrecci\u00f3n<br>- No respetar las se\u00f1ales de tr\u00e1fico<br>- Consumo de drogas o alcohol<br>- Conducci\u00f3n agresiva<br>- Pasos inadecuados<br>- No ceder el derecho de paso<br>- Conducci\u00f3n somnolienta<br>- Seguir demasiado de cerca<\/p>\n\n\n\n<p>Adem\u00e1s de estos errores relacionados con el conductor, algunos accidentes de cami\u00f3n son causados por fallos mec\u00e1nicos. Los semirremolques y otros camiones grandes tienen muchos sistemas complejos que deben funcionar en conjunto para que el cami\u00f3n funcione con seguridad. Cuando uno de los sistemas falla, el conductor del cami\u00f3n puede perder el control de la plataforma, o el remolque puede desprenderse, lo que puede conducir a un accidente de cami\u00f3n fatal. Algunos de los fallos m\u00e1s comunes del equipo que pueden conducir f\u00e1cilmente a un accidente son:<\/p>\n\n\n\n<p>1. Luces defectuosas<br>2. Fallo de los neum\u00e1ticos<br>3. <a href=\"https:\/\/www.steinberglawfirm.com\/personal-injury\/truck-accidents\/container-truck-accident-attorney\/\" target=\"_blank\" rel=\"noopener\">Sobrecarga de la carga<\/a><br>4. Carga incorrecta<br>5. Fallos en la direcci\u00f3n<br>6. Frenos defectuosos<br>7. Defectos relacionados con el remolque<\/p>\n\n\n\n<p>Independientemente de la causa del accidente que provoc\u00f3 la tr\u00e1gica muerte de su ser querido, <a href=\"https:\/\/www.steinberglawfirm.com\/attorney\/\" target=\"_blank\" rel=\"noopener\">los abogados de Steinberg Law Firm pueden ayudar<\/a>. Con <a href=\"https:\/\/www.steinberglawfirm.com\/about-us\/\" target=\"_blank\" rel=\"noopener\">m\u00e1s de 95 a\u00f1os de experiencia<\/a> asistiendo a las familias en la b\u00fasqueda de la compensaci\u00f3n que necesitan y merecen, tenemos la dedicaci\u00f3n, el conocimiento y la habilidad para presentar efectivamente una reclamaci\u00f3n en su nombre. Tambi\u00e9n trabajamos en estrecha colaboraci\u00f3n con un equipo de expertos que le ayudar\u00e1n a probar su reclamaci\u00f3n en caso de que sea necesario.&nbsp;<\/p>\n\n\n\n<p><strong>Da\u00f1os y perjuicios en un caso de accidente mortal de cami\u00f3n North Charleston<\/strong><\/p>\n\n\n\n<p>Las familias que han perdido a un ser querido en un accidente mortal de cami\u00f3n North Charleston no s\u00f3lo deben lidiar con su tr\u00e1gica p\u00e9rdida, sino que tambi\u00e9n incurren en gastos econ\u00f3micos relacionados con el accidente. A trav\u00e9s de una demanda por homicidio culposo, las familias pueden ser capaces de recuperar tanto sus gastos de bolsillo, as\u00ed como los da\u00f1os no econ\u00f3micos.&nbsp;<\/p>\n\n\n\n<p>Los da\u00f1os econ\u00f3micos disponibles a trav\u00e9s de una demanda de muerte por negligencia North Charleston incluyen:<\/p>\n\n\n\n<p>- Facturas m\u00e9dicas, incluido el tratamiento en la sala de emergencias, las posteriores estancias en el hospital, las visitas de seguimiento al m\u00e9dico y m\u00e1s;<br>- Los salarios perdidos consisten en los ingresos que la v\u00edctima del accidente habr\u00eda obtenido si hubiera vivido hasta una esperanza de vida normal;<br>- P\u00e9rdida de beneficios, como la cobertura m\u00e9dica de las prestaciones de jubilaci\u00f3n; y<br>- P\u00e9rdida de la herencia resultante de la muerte de la v\u00edctima.<\/p>\n\n\n\n<p>La mayor\u00eda de los da\u00f1os econ\u00f3micos son relativamente sencillos, ya que representan los costes reales derivados de la muerte de la v\u00edctima del accidente. En cambio, los da\u00f1os no econ\u00f3micos son mucho m\u00e1s dif\u00edciles de cuantificar.&nbsp;<\/p>\n\n\n\n<p>Entre los ejemplos de da\u00f1os no econ\u00f3micos en una demanda por homicidio culposo se incluyen:&nbsp;<\/p>\n\n\n\n<p>- El dolor y el sufrimiento de los familiares;<br>- P\u00e9rdida de apoyo y compa\u00f1\u00eda; y<br>- P\u00e9rdida de consorcio (para los c\u00f3nyuges)&nbsp;<\/p>\n\n\n\n<p>Para maximizar las indemnizaciones por da\u00f1os econ\u00f3micos y no econ\u00f3micos se requiere un abogado experto que presente al juez y\/o al jurado todo el impacto que la muerte de la v\u00edctima del accidente tuvo en una familia. Nuestro <a href=\"https:\/\/www.steinberglawfirm.com\/practice-areas\/truck-accidents\/\" target=\"_blank\" rel=\"noopener\">equipo de abogados expertos y compasivos en accidentes de cami\u00f3n en el Steinberg Law Firm<\/a> trabajan estrechamente con las familias en duelo, respondiendo a todas las preguntas y respetando el proceso de duelo. Nos enorgullecemos de ofrecer a las familias una representaci\u00f3n integral desde el momento en que se nos presenta un caso, ocup\u00e1ndonos de todo para que nuestros clientes puedan centrarse en superar su p\u00e9rdida.&nbsp;<\/p>\n\n\n\n<h2 class=\"wp-block-heading\">Contacte con un abogado especializado en accidentes de cami\u00f3n Charleston hoy mismo<\/h2>\n\n\n\n<p>Si ha perdido recientemente a un ser querido en un accidente mortal de cami\u00f3n North Charleston, <a href=\"https:\/\/www.steinberglawfirm.com\/contact-us\/\" target=\"_blank\" rel=\"noopener\">p\u00f3ngase en contacto con los abogados de muerte por negligencia del Steinberg Law Firm<\/a>. Nuestro <a href=\"https:\/\/www.steinberglawfirm.com\/attorney\/\" target=\"_blank\" rel=\"noopener\">equipo compasivo de abogados de lesiones personales<\/a> est\u00e1 aqu\u00ed para ayudarle en cada paso del camino. Reconocemos que este es un momento dif\u00edcil para usted y su familia, y nos adaptamos a nuestra representaci\u00f3n en consecuencia. Si usted decide permitirnos presentar una reclamaci\u00f3n en su nombre, nosotros <a href=\"https:\/\/www.steinberglawfirm.com\/results\/\" target=\"_blank\" rel=\"noopener\">buscar agresivamente la m\u00e1xima compensaci\u00f3n por sus p\u00e9rdidas econ\u00f3micas y no econ\u00f3micas<\/a> sin dejar de dar a su familia tiempo y espacio para el duelo. Con m\u00e1s de 95 a\u00f1os de experiencia ayudando a las familias de North Charleston a obtener la indemnizaci\u00f3n que merecen, el Steinberg Law Firm puede guiar eficazmente a su familia en el proceso de recuperaci\u00f3n. Para saber m\u00e1s sobre c\u00f3mo <a href=\"https:\/\/www.steinberglawfirm.com\/\" target=\"_blank\" rel=\"noopener\">nuestros comprometidos abogados de lesiones personales<\/a> puede ayudarle con su reclamaci\u00f3n y <a href=\"https:\/\/www.steinberglawfirm.com\/free-consultation\/\" target=\"_blank\" rel=\"noopener\">programar una consulta gratuita<\/a> hoy, <a href=\"tel:18437202800\">ll\u00e1menos al 843-720-2800<\/a>. Tambi\u00e9n puede <a href=\"https:\/\/www.steinberglawfirm.com\/contact-us\/\" target=\"_blank\" rel=\"noopener\">contacte con nosotros a trav\u00e9s de nuestro formulario en l\u00ednea<\/a>.<\/p>","protected":false},"excerpt":{"rendered":"<p>North Charleston, SC Fatal Truck Accident Lawyers Wrongful Death Attorneys Serving Charleston, Dorchester and Berkeley Counties Few motor vehicle collisions are more horrifying than South Carolina semi-truck accidents. Semi-truck and other large commercial automobiles are enormous vehicles capable of causing extreme damage. While most truck drivers understand the seriousness of their job and do everything&hellip;<\/p>","protected":false},"author":1,"featured_media":20608,"parent":13448,"menu_order":0,"comment_status":"closed","ping_status":"closed","template":"","meta":{"_acf_changed":false,"footnotes":""},"class_list":["post-15387","page","type-page","status-publish","has-post-thumbnail","hentry"],"acf":[],"_links":{"self":[{"href":"https:\/\/steinberglawfirm-staging.clmcloud.app\/es\/wp-json\/wp\/v2\/pages\/15387"}],"collection":[{"href":"https:\/\/steinberglawfirm-staging.clmcloud.app\/es\/wp-json\/wp\/v2\/pages"}],"about":[{"href":"https:\/\/steinberglawfirm-staging.clmcloud.app\/es\/wp-json\/wp\/v2\/types\/page"}],"author":[{"embeddable":true,"href":"https:\/\/steinberglawfirm-staging.clmcloud.app\/es\/wp-json\/wp\/v2\/users\/1"}],"replies":[{"embeddable":true,"href":"https:\/\/steinberglawfirm-staging.clmcloud.app\/es\/wp-json\/wp\/v2\/comments?post=15387"}],"version-history":[{"count":9,"href":"https:\/\/steinberglawfirm-staging.clmcloud.app\/es\/wp-json\/wp\/v2\/pages\/15387\/revisions"}],"predecessor-version":[{"id":31732,"href":"https:\/\/steinberglawfirm-staging.clmcloud.app\/es\/wp-json\/wp\/v2\/pages\/15387\/revisions\/31732"}],"up":[{"embeddable":true,"href":"https:\/\/steinberglawfirm-staging.clmcloud.app\/es\/wp-json\/wp\/v2\/pages\/13448"}],"wp:featuredmedia":[{"embeddable":true,"href":"https:\/\/steinberglawfirm-staging.clmcloud.app\/es\/wp-json\/wp\/v2\/media\/20608"}],"wp:attachment":[{"href":"https:\/\/steinberglawfirm-staging.clmcloud.app\/es\/wp-json\/wp\/v2\/media?parent=15387"}],"curies":[{"name":"wp","href":"https:\/\/api.w.org\/{rel}","templated":true}]}}