{"id":15386,"date":"2021-02-18T23:39:08","date_gmt":"2021-02-18T23:39:08","guid":{"rendered":"https:\/\/www.steinberglawfirm.com\/?page_id=15093"},"modified":"2022-04-21T23:04:58","modified_gmt":"2022-04-21T23:04:58","slug":"pedestrian-accident-attorney","status":"publish","type":"page","link":"https:\/\/steinberglawfirm-staging.clmcloud.app\/es\/ubicaciones\/summerville\/peaton-accidente-abogado-2\/","title":{"rendered":"Summerville Abogado de accidentes de peatones"},"content":{"rendered":"<h1 class=\"wp-block-heading\">Summerville Abogado de accidentes de peatones<\/h1>\n\n\n\n<h2 class=\"wp-block-heading\">Abogado de accidentes de peatones en Summerville, South Carolina<\/h2>\n\n\n\n<p>Cuando <a href=\"https:\/\/www.steinberglawfirm.com\/practice-areas\/auto-accidents\/pedestrian-accident\/\" target=\"_blank\" rel=\"noopener\">un conductor atropella a un peat\u00f3n<\/a>Los resultados pueden ser catastr\u00f3ficos. El gran tama\u00f1o y peso de los veh\u00edculos de motor hace que los peatones acaben sufriendo lesiones debilitantes, algunas de las cuales pueden ser mortales. La conducci\u00f3n temeraria, el exceso de velocidad y el no ceder el paso en los pasos de peatones son algunas de las muchas formas de negligencia de los conductores que pueden causar accidentes de peatones.<\/p>\n\n\n\n<p><strong>Aumentan las muertes de peatones<\/strong><\/p>\n\n\n\n<p>En 2019, Estados Unidos registr\u00f3 el mayor n\u00famero de muertes de peatones en unas tres d\u00e9cadas. Seg\u00fan la Governors Highway Safety Association (GHSA), ese a\u00f1o murieron m\u00e1s de 6.590 peatones, lo que supuso el 17% de las v\u00edctimas mortales de tr\u00e1fico. Esto supuso un aumento respecto al 12% de 2009.<\/p>\n\n\n\n<p>Los datos del Departamento de Seguridad P\u00fablica South Carolina muestran que cada a\u00f1o se producen cientos de accidentes de peatones en el estado, lo que convierte sus carreteras en unas de las m\u00e1s mort\u00edferas del pa\u00eds. La GHSA clasific\u00f3 a South Carolina como el sexto estado con mayor tasa de mortalidad de peatones por cada 100.000 personas. Los accidentes en el estado se han cobrado la vida de m\u00e1s de 900 peatones y ciclistas en los \u00faltimos seis a\u00f1os.&nbsp;<\/p>\n\n\n\n<p>Las investigaciones demuestran sistem\u00e1ticamente que los veh\u00edculos grandes son especialmente peligrosos. Los Centros para el Control y la Prevenci\u00f3n de Enfermedades descubrieron que los peatones tienen 1,5 veces m\u00e1s probabilidades de morir en un accidente de coche que los ocupantes del veh\u00edculo. Adem\u00e1s, los peatones atropellados por un todoterreno tienen el doble de probabilidades de morir que los atropellados por un turismo.<\/p>\n\n\n\n<p><strong>La b\u00fasqueda de compensaci\u00f3n para los peatones lesionados en Summerville<\/strong><\/p>\n\n\n\n<p><a href=\"https:\/\/www.steinberglawfirm.com\/practice-areas\/auto-accidents\/pedestrian-accident\/\" target=\"_blank\" rel=\"noopener\">Los accidentes de peatones pueden provocar lesiones graves<\/a> que requieren un costoso tratamiento m\u00e9dico. Dependiendo del tiempo necesario para la recuperaci\u00f3n, tambi\u00e9n puede sufrir una importante p\u00e9rdida de ingresos si tiene que ausentarse del trabajo. Estar involucrado en un accidente de peatones es probable que sea doloroso y extremadamente angustioso. <a href=\"https:\/\/www.steinberglawfirm.com\/locations\/summerville\/personal-injury-lawyer\/\" target=\"_blank\" rel=\"noopener\">La presentaci\u00f3n de una demanda por da\u00f1os personales permite a las v\u00edctimas de accidentes de peatones Summerville<\/a> recuperar una compensaci\u00f3n econ\u00f3mica que cubra todas sus p\u00e9rdidas, incluidas, entre otras, las siguientes<\/p>\n\n\n\n<p>- Gastos m\u00e9dicos<br>- P\u00e9rdida de ingresos<br>- Angustia mental<br>- Dolor y sufrimiento<\/p>\n\n\n\n<p>Dependiendo de los detalles de su caso, tambi\u00e9n puede tener derecho a una indemnizaci\u00f3n punitiva. Aunque este tipo de indemnizaci\u00f3n es poco frecuente, se concede para castigar a los acusados en accidentes causados por una conducta excepcionalmente imprudente. Por ejemplo, si usted result\u00f3 herido despu\u00e9s de ser atropellado por un conductor ebrio, puede ser elegible para recibir da\u00f1os punitivos.<\/p>\n\n\n\n<p>Al contratar el Steinberg Law Firm, nuestro <a href=\"https:\/\/www.steinberglawfirm.com\/practice-areas\/auto-accidents\/pedestrian-accident\/\" target=\"_blank\" rel=\"noopener\">abogados compasivos y expertos en accidentes de peatones<\/a> se asegurar\u00e1 de que obtenga la compensaci\u00f3n total que merece. Si la negociaci\u00f3n con las compa\u00f1\u00edas de seguros no da lugar a un acuerdo justo, estamos preparados para llevar su caso a los tribunales.<\/p>\n\n\n\n<p><strong>Lesiones comunes en accidentes de peatones<\/strong><\/p>\n\n\n\n<p>Cualquier persona implicada en un accidente de peat\u00f3n es probable que sufra lesiones graves, algunas de las cuales pueden incluso poner en peligro su vida. El cuerpo humano no est\u00e1 hecho para soportar el impacto de un veh\u00edculo de motor, especialmente uno que viaja a gran velocidad. La recuperaci\u00f3n de las lesiones suele ser un proceso largo que implica hospitalizaci\u00f3n, cirug\u00edas, fisioterapia y tratamiento continuo. Las siguientes son algunas de las lesiones m\u00e1s comunes en los accidentes de peatones Summerville:<\/p>\n\n\n\n<p>- Moretones, cortes y laceraciones<br>- Huesos rotos<br>- Cicatrices y desfiguraci\u00f3n<br>- Lesiones cerebrales traum\u00e1ticas<br>- Lesiones de cuello y espalda<br>- Da\u00f1os en los tejidos blandos y en los \u00f3rganos<br>- Amputaci\u00f3n<br>- Paraplej\u00eda\/cuadriplej\u00eda&nbsp;<\/p>\n\n\n\n<p>Cuando un accidente de peat\u00f3n es mortal, los familiares de la v\u00edctima pueden presentar una demanda por homicidio culposo contra la parte culpable. Pueden tener derecho a recibir una indemnizaci\u00f3n por los costes del funeral, la p\u00e9rdida de apoyo financiero y otros gastos.<\/p>\n\n\n\n<p><strong>Principales causas de accidentes de peatones en Summerville<\/strong><\/p>\n\n\n\n<p>Existe un mayor riesgo de accidentes con peatones en las zonas urbanas con un gran volumen de tr\u00e1fico. Las intersecciones son uno de los lugares en los que se suelen producir colisiones, pero tambi\u00e9n pueden ocurrir en otros lugares como aceras, aparcamientos y entradas de veh\u00edculos cuando los conductores no se fijan en los peatones.<\/p>\n\n\n\n<p><a href=\"https:\/\/www.steinberglawfirm.com\/locations\/summerville\/car-accident-lawyer\/\" target=\"_blank\" rel=\"noopener\">La negligencia del conductor suele ser la culpable de muchos accidentes de peatones en Summerville<\/a>. Cuando los conductores hacen caso omiso de la seguridad de los dem\u00e1s en la carretera por exceso de velocidad, ignorando las se\u00f1ales de alto, girando indebidamente o participando en otro comportamiento imprudente, puede tener consecuencias devastadoras. Estas son algunas formas comunes de negligencia de los conductores que pueden causar accidentes de peatones:<\/p>\n\n\n\n<p>- Exceso de velocidad<br>- Conducci\u00f3n distra\u00edda<br>- Conducci\u00f3n bajo los efectos del alcohol<br>- Conducir con fatiga<br>- No ceder el paso en los pasos de peatones<\/p>\n\n\n\n<p>La gente suele suponer que los conductores son los culpables de los accidentes de peatones, pero no siempre es as\u00ed. Aunque la conducci\u00f3n descuidada es una de las principales causas de los accidentes de peatones, otras partes tambi\u00e9n pueden compartir la responsabilidad. Por ejemplo, los peatones tienen la obligaci\u00f3n de cruzar s\u00f3lo por las zonas designadas, estar atentos a los coches que se aproximan y asegurarse de no distraerse cuando viajan a pie.<\/p>\n\n\n\n<p>Adem\u00e1s, si las condiciones como las aceras agrietadas o el mal funcionamiento de los sem\u00e1foros contribuyen a causar lesiones en un accidente de peatones, una agencia gubernamental local o el due\u00f1o de la propiedad pueden ser responsables. Steinberg Law Firm puede investigar su accidente de peat\u00f3n y ayudarle a determinar exactamente c\u00f3mo ocurri\u00f3 para que busquemos la compensaci\u00f3n de las partes adecuadas.<\/p>\n\n\n\n<p><strong>Responsabilidad por accidentes de peatones<\/strong><\/p>\n\n\n\n<p>Tanto los peatones como los conductores tienen la responsabilidad de hacer su parte para mantenerse seguros en la carretera. Dado que los peatones son tan vulnerables, los automovilistas deben conducir con precauci\u00f3n y cederles el paso en los pasos de peatones, mientras que los peatones deben ceder el paso a los veh\u00edculos cuando no utilicen los pasos de peatones se\u00f1alizados.<\/p>\n\n\n\n<p>En <a href=\"https:\/\/www.steinberglawfirm.com\/articles\/comparative-negligence-in-south-carolina\/\" target=\"_blank\" rel=\"noopener\">South El sistema de negligencia comparativa modificado de Carolina<\/a>La cuant\u00eda de la indemnizaci\u00f3n que puede recibir depende de su parte de culpa. Por ejemplo, si se determina que usted es responsable en un 20 por ciento de un accidente de peatones porque cruz\u00f3 la calle imprudentemente, sus da\u00f1os se reducir\u00e1n en esa cantidad. Los peatones pueden obtener una indemnizaci\u00f3n siempre que tengan menos del 50 por ciento de culpa en sus lesiones.&nbsp;<\/p>\n\n\n\n<p>A la luz de las complejas leyes que entran en juego en los casos de accidentes de peatones, es vital contar con una representaci\u00f3n legal experimentada. Un automovilista negligente y su compa\u00f1\u00eda de seguros pueden intentar trasladar la mayor parte de la culpa a usted y presionarle para que acepte menos dinero del que merece. <a href=\"https:\/\/www.steinberglawfirm.com\/\" target=\"_blank\" rel=\"noopener\">Con Steinberg Law Firm en su esquina<\/a>Tendr\u00e1 a alguien que luche por sus intereses.&nbsp;<\/p>\n\n\n\n<h3 class=\"wp-block-heading\">P\u00f3ngase en contacto con los abogados de accidentes de peatones en Steinberg Law Firm<\/h3>\n\n\n\n<p>Si ha resultado herido en un accidente de peat\u00f3n en el Summerville, podr\u00eda ser posible obtener una indemnizaci\u00f3n por sus lesiones. Comprendemos el estr\u00e9s y los retos a los que probablemente se enfrente tras un accidente de peat\u00f3n, y <a href=\"https:\/\/www.steinberglawfirm.com\/practice-areas\/auto-accidents\/pedestrian-accident\/\" target=\"_blank\" rel=\"noopener\">nuestros abogados cualificados en accidentes de peatones<\/a> queremos facilitarle al m\u00e1ximo el proceso de recuperaci\u00f3n. <a href=\"https:\/\/www.steinberglawfirm.com\/contact-us\/\" target=\"_blank\" rel=\"noopener\">Contacte con el Steinberg Law Firm hoy mismo<\/a> para un <a href=\"https:\/\/www.steinberglawfirm.com\/free-consultation\/\" target=\"_blank\" rel=\"noopener\">consulta gratuita<\/a> para hablar de su caso y saber m\u00e1s sobre sus derechos legales.<\/p>","protected":false},"excerpt":{"rendered":"<p>Summerville Abogado de accidentes de peatones Abogado de accidentes de peatones en Summerville, South Carolina Cuando un conductor golpea a un peat\u00f3n, los resultados pueden ser catastr\u00f3ficos. El gran tama\u00f1o y peso de los veh\u00edculos de motor hacen que los peatones acaben sufriendo lesiones debilitantes, algunas de las cuales pueden ser mortales. La conducci\u00f3n temeraria, el exceso de velocidad y el hecho de no ceder el paso en los pasos de peatones son algunas de...<\/p>","protected":false},"author":1,"featured_media":20001,"parent":3549,"menu_order":0,"comment_status":"closed","ping_status":"closed","template":"","meta":{"_acf_changed":false,"footnotes":""},"class_list":["post-15386","page","type-page","status-publish","has-post-thumbnail","hentry"],"acf":[],"_links":{"self":[{"href":"https:\/\/steinberglawfirm-staging.clmcloud.app\/es\/wp-json\/wp\/v2\/pages\/15386"}],"collection":[{"href":"https:\/\/steinberglawfirm-staging.clmcloud.app\/es\/wp-json\/wp\/v2\/pages"}],"about":[{"href":"https:\/\/steinberglawfirm-staging.clmcloud.app\/es\/wp-json\/wp\/v2\/types\/page"}],"author":[{"embeddable":true,"href":"https:\/\/steinberglawfirm-staging.clmcloud.app\/es\/wp-json\/wp\/v2\/users\/1"}],"replies":[{"embeddable":true,"href":"https:\/\/steinberglawfirm-staging.clmcloud.app\/es\/wp-json\/wp\/v2\/comments?post=15386"}],"version-history":[{"count":4,"href":"https:\/\/steinberglawfirm-staging.clmcloud.app\/es\/wp-json\/wp\/v2\/pages\/15386\/revisions"}],"predecessor-version":[{"id":20667,"href":"https:\/\/steinberglawfirm-staging.clmcloud.app\/es\/wp-json\/wp\/v2\/pages\/15386\/revisions\/20667"}],"up":[{"embeddable":true,"href":"https:\/\/steinberglawfirm-staging.clmcloud.app\/es\/wp-json\/wp\/v2\/pages\/3549"}],"wp:featuredmedia":[{"embeddable":true,"href":"https:\/\/steinberglawfirm-staging.clmcloud.app\/es\/wp-json\/wp\/v2\/media\/20001"}],"wp:attachment":[{"href":"https:\/\/steinberglawfirm-staging.clmcloud.app\/es\/wp-json\/wp\/v2\/media?parent=15386"}],"curies":[{"name":"wp","href":"https:\/\/api.w.org\/{rel}","templated":true}]}}