{"id":15385,"date":"2021-02-12T21:48:44","date_gmt":"2021-02-12T21:48:44","guid":{"rendered":"https:\/\/www.steinberglawfirm.com\/?page_id=15016"},"modified":"2022-04-27T18:15:40","modified_gmt":"2022-04-27T18:15:40","slug":"uber-accident-injury-lawyer","status":"publish","type":"page","link":"https:\/\/steinberglawfirm-staging.clmcloud.app\/es\/ubicaciones\/north-charleston\/uber-accident-injury-lawyer\/","title":{"rendered":"North Charleston Abogado de accidentes de Uber"},"content":{"rendered":"<h1 class=\"wp-block-heading\">North Charleston Abogado de accidentes de Uber<\/h1>\n\n\n\n<p>Las empresas de transporte compartido, como Lyft y Uber, permiten a los usuarios llamar a un coche para que les lleve a su destino. Con el tiempo, las empresas de viajes compartidos han experimentado un crecimiento exponencial, principalmente debido a la comodidad que ofrecen. Uber es la principal empresa de viajes compartidos en Estados Unidos, con m\u00e1s de 17 millones de viajes diarios en todo el mundo. Aunque Uber ofrece comodidad a muchos de sus clientes, tambi\u00e9n plantea algunos problemas de seguridad importantes. Recientemente, el n\u00famero de accidentes de viajes compartidos ha aumentado dr\u00e1sticamente.<\/p>\n\n\n\n<p><a href=\"https:\/\/www.steinberglawfirm.com\/practice-areas\/auto-accidents\/uber-car-accident-attorney\/\" target=\"_blank\" rel=\"noopener\">Si ha resultado herido en un accidente de Uber North Charleston<\/a>El <a href=\"https:\/\/www.steinberglawfirm.com\/\" target=\"_blank\" rel=\"noopener\">abogados especializados en lesiones personales en el Steinberg Law Firm<\/a> est\u00e1n aqu\u00ed para ayudar. Desde 1927, hemos estado proporcionando a las v\u00edctimas de accidentes la representaci\u00f3n dedicada y compasiva que merecen. <a href=\"https:\/\/www.steinberglawfirm.com\/attorney\/\" target=\"_blank\" rel=\"noopener\">Nuestro experimentado equipo de abogados posee la habilidad, el compromiso y el conocimiento legal<\/a> para enfrentarse con \u00e9xito incluso a las mayores empresas y compa\u00f1\u00edas de seguros. Con nuestra ayuda, puede estar seguro de que su caso est\u00e1 en buenas manos para que pueda centrarse en su recuperaci\u00f3n.<\/p>\n\n\n\n<p><strong>South Carolina Estad\u00edsticas de accidentes de tr\u00e1fico&nbsp;<\/strong><\/p>\n\n\n\n<p>Seg\u00fan la <a href=\"https:\/\/scdps.sc.gov\/\" target=\"_blank\" rel=\"noopener\">South Carolina Departamento de Seguridad P\u00fablica<\/a>, en 2018:<\/p>\n\n\n\n<p>- Hubo 1.036 muertos en accidentes de tr\u00e1fico South Carolina<br>- M\u00e1s de 58.000 personas resultaron heridas en accidentes de tr\u00e1fico South Carolina<br>- 168 peatones murieron en accidentes de tr\u00e1fico South Carolina<br>- 22 peatones murieron en accidentes de tr\u00e1fico South Carolina<\/p>\n\n\n\n<p>Esto significa que hubo un accidente de tr\u00e1fico South Carolina cada 3,7 minutos, y<br>- Se produce una colisi\u00f3n mortal cada 9 horas<br>- Un automovilista muere cada 8,5 horas<br>- Cada 13,8 minutos hay un herido<\/p>\n\n\n\n<p>Los viernes y los s\u00e1bados son los d\u00edas m\u00e1s peligrosos para conducir, ya que en cada uno de ellos se produce casi el 20% de los accidentes de tr\u00e1fico.<\/p>\n\n\n\n<p>Las horas m\u00e1s peligrosas para conducir son:<\/p>\n\n\n\n<p>- Entre las 6 y las 9 de la ma\u00f1ana.<br>- Entre las 12 y las 15 horas.<br>- Entre las 15 y las 18 horas.<\/p>\n\n\n\n<p>En las siguientes carreteras South Carolina se produjo el mayor n\u00famero de accidentes de tr\u00e1fico:<\/p>\n\n\n\n<p>- Interestatal 26: 37 v\u00edctimas mortales y 2.071 heridos<br>- Interestatal 95: 28 v\u00edctimas mortales y 270 heridos<br>- Interestatal 20: 19 v\u00edctimas mortales y 1.005 heridos<br>- Interestatal 85: 17 v\u00edctimas mortales y 613 heridos<br>- Interestatal 77: 12 v\u00edctimas mortales y 348 heridos<\/p>\n\n\n\n<p><em>Estad\u00edsticas del transporte compartido:<\/em><\/p>\n\n\n\n<p>- Seg\u00fan un estudio de 2018 realizado por la Universidad de Chicago y la Universidad de Rice, las empresas de viajes compartidos son responsables de un aumento del 2-3 por ciento en el n\u00famero total de accidentes de tr\u00e1fico mortales<br>Esto supone hasta 1.100 muertes al a\u00f1o.<br>- El estudio tambi\u00e9n revel\u00f3 que los conductores de Uber pasan entre el 40 y el 60 por ciento de su tiempo en \"deadheading\", es decir, conduciendo sin un pasajero a la espera de una tarifa.&nbsp;<\/p>\n\n\n\n<p><em>Estad\u00edsticas de accidentes de Uber:<\/em><\/p>\n\n\n\n<p>Seg\u00fan las estad\u00edsticas m\u00e1s recientes, Uber est\u00e1 disponible en 65 pa\u00edses y 700 ciudades. La empresa cuenta con m\u00e1s de cuatro millones de conductores y completa m\u00e1s de 17 millones de viajes cada d\u00eda. Entre 2016 y 2019, el n\u00famero de usuarios medios mensuales se duplic\u00f3, pasando de 45 millones a 103 millones.<\/p>\n\n\n\n<p><strong>North Charleston Accidentes de tr\u00e1fico<\/strong><\/p>\n\n\n\n<p>Dada la popularidad y la comodidad de las empresas de transporte compartido, la mayor\u00eda de la gente tiene experiencia en montar en un Uber. Pocos clientes de viajes compartidos tienen en cuenta los riesgos potenciales de subirse a un Uber. El concepto de viaje compartido requiere que un cliente se suba a un coche con un conductor que no conoce, asumiendo que el conductor est\u00e1 cualificado y es responsable. Por desgracia, no siempre es as\u00ed.<\/p>\n\n\n\n<p>Parte del problema es que los requisitos para ser conductor de Uber en South Carolina son incre\u00edblemente laxos. Por ejemplo, seg\u00fan el sitio web de Uber, cualquiera que cumpla los siguientes requisitos puede conducir para la empresa:<\/p>\n\n\n\n<p>- Cumplir los requisitos de edad m\u00ednima;<br>- Tener un a\u00f1o de experiencia como conductor;<br>- Tener una licencia de conducir v\u00e1lida;<br>- Utilizar un veh\u00edculo elegible; y<br>- Completar una revisi\u00f3n en l\u00ednea del historial de conducci\u00f3n y los antecedentes penales del solicitante.<\/p>\n\n\n\n<p>En particular, no se requiere ninguna prueba de habilidades para conducir para Uber. As\u00ed, Uber permite a las personas transportar a los clientes sin tener ninguna idea de su nivel de experiencia o capacidad de conducci\u00f3n actual. Aunque la mayor\u00eda de los conductores de Uber son conductores concienzudos que se preocupan por la seguridad de sus pasajeros, muchos son conductores inexpertos o agresivos.<\/p>\n\n\n\n<p><strong>Causas de los accidentes de Uber North Charleston<\/strong><\/p>\n\n\n\n<p>La mayor\u00eda de los conductores de veh\u00edculos compartidos no tienen ninguna cualificaci\u00f3n especial que los haga m\u00e1s seguros que el conductor medio. Debido a la naturaleza del negocio de los viajes compartidos y a las presiones a las que est\u00e1n sometidos los conductores, en promedio, los conductores de Uber tienen m\u00e1s probabilidades de sufrir un accidente que otros automovilistas.<\/p>\n\n\n\n<p>A continuaci\u00f3n se enumeran algunas de las causas m\u00e1s comunes de los accidentes de transporte compartido North Charleston:<\/p>\n\n\n\n<p><strong><a href=\"https:\/\/www.steinberglawfirm.com\/practice-areas\/auto-accidents\/distracted-driving-accidents\/\" target=\"_blank\" rel=\"noopener\">Conducci\u00f3n distra\u00edda:<\/a><\/strong>&nbsp;Los conductores de Uber utilizan una aplicaci\u00f3n en su smartphone para recibir notificaciones y dependen de un programa de mapas en la aplicaci\u00f3n para llegar a su destino. Aunque este sistema funciona bien desde el punto de vista del conductor, tambi\u00e9n requiere que los conductores de Uber consulten con frecuencia sus tel\u00e9fonos, desviando su atenci\u00f3n de la carretera.<\/p>\n\n\n\n<p><strong>Conducci\u00f3n agresiva:<\/strong>&nbsp;El exceso de velocidad y otras formas de conducci\u00f3n agresiva se encuentran entre las principales causas de los accidentes de tr\u00e1fico North Charleston. Los conductores de Uber est\u00e1n incentivados a completar los viajes r\u00e1pidamente y, con frecuencia, a conducir de forma agresiva. Esto se debe a que a los conductores de Uber se les paga por viaje. Por lo tanto, un conductor que quiere maximizar la cantidad de dinero que puede ganar en un turno tendr\u00e1 que completar tantos viajes como sea posible.<\/p>\n\n\n\n<p><strong>Conducci\u00f3n somnolienta:<\/strong>&nbsp;Muchos conductores de viajes compartidos tienen trabajos diurnos y conducen para Uber por la noche y los fines de semana. Aunque Uber impone restricciones sobre el n\u00famero de horas al d\u00eda que alguien puede conducir, la empresa no puede imponer lo que hacen los conductores cuando no est\u00e1n transportando clientes. As\u00ed, los conductores de Uber suelen estar m\u00e1s cansados que otros conductores, lo que aumenta las posibilidades de provocar un accidente.&nbsp;&nbsp;<\/p>\n\n\n\n<p><strong>Infracciones de tr\u00e1fico:<\/strong>&nbsp;En una gran ciudad como North Charleston, muchos conductores de Uber aceptan viajes a partes de la ciudad que no conocen. Esto puede crear una situaci\u00f3n en la que el conductor no conozca los patrones de tr\u00e1fico \u00fanicos, los l\u00edmites de velocidad y otras normas de tr\u00e1fico locales.<\/p>\n\n\n\n<p>Independientemente del motivo de un accidente de Uber North Charleston, lo m\u00e1s probable es que el accidente fuera evitable. Los heridos en un accidente de transporte compartido pueden tener derecho a una indemnizaci\u00f3n por sus lesiones. En el Steinberg Law Firm, podemos ayudar respondiendo a todas sus preguntas y ayud\u00e1ndole a preparar su caso contra un conductor de Uber negligente.<\/p>\n\n\n\n<p><strong>Recuperaci\u00f3n por lesiones de accidentes de Uber<\/strong><\/p>\n\n\n\n<p><a href=\"https:\/\/www.steinberglawfirm.com\/locations\/north-charleston\/car-accident-lawyer\/\" target=\"_blank\" rel=\"noopener\">Despu\u00e9s de un accidente de coche North Charleston<\/a>Las v\u00edctimas de lesiones pueden <a href=\"https:\/\/www.steinberglawfirm.com\/practice-areas\/personal-injury\/\" target=\"_blank\" rel=\"noopener\">presentar una reclamaci\u00f3n por da\u00f1os personales<\/a> contra la parte culpable. Los accidentes de Uber no son una excepci\u00f3n. Sin embargo, la naturaleza de los accidentes con veh\u00edculos compartidos plantea varios problemas adicionales. Por ejemplo, la cuesti\u00f3n principal en muchos de estos casos es la disponibilidad de la cobertura del seguro.<\/p>\n\n\n\n<p>Cuando <a href=\"https:\/\/www.steinberglawfirm.com\/practice-areas\/auto-accidents\/\" target=\"_blank\" rel=\"noopener\">alguien resulta herido en un accidente de tr\u00e1fico<\/a>En la mayor\u00eda de los casos, el conductor negligente responsable de la colisi\u00f3n no tiene bienes suficientes para indemnizar a la v\u00edctima del accidente por sus lesiones. Por ello, la ley estatal exige a todos los automovilistas que cuenten con una determinada cobertura de seguro. Cuando se trata de accidentes de Uber, puede haber varias p\u00f3lizas de seguro diferentes involucradas, incluyendo la p\u00f3liza de seguro de Uber, la p\u00f3liza de seguro personal del conductor de Uber y la p\u00f3liza de seguro de la v\u00edctima del accidente en virtud de los beneficios de motorista sin seguro \/ con seguro insuficiente.<\/p>\n\n\n\n<p><strong>La pol\u00edtica personal del conductor de Uber:<\/strong><\/p>\n\n\n\n<p>Todos los automovilistas, incluidos los conductores de Uber, deben mantener una p\u00f3liza de seguro de autom\u00f3vil vigente. En South Carolina, la cantidad de seguro requerida es:<\/p>\n\n\n\n<p>- $25.000 por persona\/$50.000 por accidente en cobertura de responsabilidad civil por da\u00f1os corporales<br>- $25.000 de cobertura de responsabilidad civil por da\u00f1os materiales por accidente<\/p>\n\n\n\n<p>Esta cobertura est\u00e1 disponible si el conductor de Uber provoca un accidente y puede ayudar a cubrir los costes de las lesiones de la v\u00edctima del accidente. Por supuesto, en muchos accidentes de coche North Charleston, los da\u00f1os de una v\u00edctima de lesiones son mayores que estas cantidades. Esto puede dejar potencialmente a una v\u00edctima del accidente con gastos m\u00e9dicos adicionales.<\/p>\n\n\n\n<p><strong>Protecci\u00f3n de la v\u00edctima del accidente por motorista infrasegurado\/no asegurado:<\/strong><\/p>\n\n\n\n<p>En algunos casos, la propia p\u00f3liza de seguro de la v\u00edctima del accidente se hace cargo de los gastos relacionados con el mismo. South Carolina desglosa esta cobertura en protecci\u00f3n de motorista no asegurado (UM) y protecci\u00f3n de motorista subasegurado. Todos los conductores de South Carolina deben tener una protecci\u00f3n de motorista sin seguro, igual al importe de la cobertura de responsabilidad civil adquirida. La protecci\u00f3n UM cubre los gastos relacionados con el accidente si el conductor culpable no tiene ning\u00fan seguro de autom\u00f3vil o si su p\u00f3liza ha caducado.<\/p>\n\n\n\n<p>Por otro lado, la protecci\u00f3n para motoristas con seguro insuficiente (UIM) es opcional. Se activa cuando el conductor culpable tiene seguro, pero no la cobertura suficiente para compensar completamente a la v\u00edctima del accidente por sus lesiones. Las compa\u00f1\u00edas de seguros en South Carolina deben ofrecer a los automovilistas la cobertura UIM, pero los automovilistas pueden rechazarla (aunque no se recomienda hacerlo).<\/p>\n\n\n\n<p><strong>La p\u00f3liza de seguro de Uber:<\/strong><\/p>\n\n\n\n<p>La ley estatal obliga a Uber a contratar un seguro en nombre de sus conductores. Sin embargo, a diferencia de otras p\u00f3lizas de seguro de coche, la cantidad de cobertura disponible en la p\u00f3liza de Uber depende de la fase del proceso de viaje compartido en la que se produzca el accidente. Hay tres \"fases\" de un viaje en Uber:<\/p>\n\n\n\n<p><strong><em>Fase 1: Cuando el conductor est\u00e1 desconectado y no acepta viajes<\/em><\/strong><\/p>\n\n\n\n<p>Si un conductor de viaje compartido est\u00e1 en su coche pero no est\u00e1 aceptando viajes, la p\u00f3liza de seguro de Uber no proporciona cobertura. En este caso, las \u00fanicas p\u00f3lizas de seguro que proporcionar\u00edan cobertura ser\u00edan la p\u00f3liza del conductor culpable o la protecci\u00f3n de motorista no asegurado\/subasegurado de la v\u00edctima del accidente.<\/p>\n\n\n\n<p><strong><em>Fase 2: Cuando la aplicaci\u00f3n Uber est\u00e1 encendida, y el conductor est\u00e1 esperando una solicitud de viaje<\/em><\/strong><\/p>\n\n\n\n<p>En cuanto un conductor de Uber enciende su aplicaci\u00f3n y empieza a esperar una solicitud de viaje, la p\u00f3liza de seguro de Uber entra en acci\u00f3n. En ese momento, la p\u00f3liza proporciona hasta:<\/p>\n\n\n\n<p>- $50.000 por persona\/ $100.000 por accidente en cobertura de responsabilidad civil por da\u00f1os corporales<br>- $30.000 de cobertura de responsabilidad civil por da\u00f1os materiales por accidente<\/p>\n\n\n\n<p>En particular, esta cobertura no est\u00e1 destinada a cubrir a los pasajeros de Uber (es decir, la fase 3). En cambio, esta cobertura se aplica a las situaciones en las que un conductor de Uber causa un accidente, lesionando a un pasajero no Uber. Por ejemplo, si un conductor de Uber golpea a un peat\u00f3n o a un ciclista mientras est\u00e1 conduciendo a la espera de una solicitud de viaje.&nbsp;<\/p>\n\n\n\n<p><strong><em>Fase 3: Cuando la aplicaci\u00f3n Uber empareja a un conductor con un pasajero<\/em><\/strong><\/p>\n\n\n\n<p>Cuando la aplicaci\u00f3n Uber empareja a un conductor y a un pasajero, comienza la fase 3. Esta fase se prolonga hasta que se deja al pasajero. Durante la fase 3, la p\u00f3liza de seguro de Uber ofrece la siguiente cobertura:<\/p>\n\n\n\n<p>- $1 mill\u00f3n en cobertura de da\u00f1os corporales<br>- $1 millones de euros de protecci\u00f3n contra los conductores no asegurados<br>- $1 mill\u00f3n de euros de protecci\u00f3n para motoristas con seguro insuficiente<\/p>\n\n\n\n<p>Si has sufrido lesiones en un accidente de Uber North Charleston, puedes tener derecho a una indemnizaci\u00f3n por las lesiones sufridas. Sin embargo, como puedes ver en la discusi\u00f3n anterior, determinar qu\u00e9 p\u00f3liza de seguro es responsable de cubrir tus lesiones no siempre es sencillo. <a href=\"https:\/\/www.steinberglawfirm.com\/practice-areas\/auto-accidents\/insurance\/\" target=\"_blank\" rel=\"noopener\">Las compa\u00f1\u00edas de seguros pueden ser notoriamente dif\u00edciles de tratar<\/a>A menudo intentan aprovecharse de las v\u00edctimas de los accidentes acerc\u00e1ndose a ellas con ofertas a la baja cuando son m\u00e1s vulnerables.&nbsp;<\/p>\n\n\n\n<p>En el <a href=\"https:\/\/www.steinberglawfirm.com\/\" target=\"_blank\" rel=\"noopener\">Steinberg Law Firm<\/a>Estamos aqu\u00ed para usted. Nuestro <a href=\"https:\/\/www.steinberglawfirm.com\/locations\/north-charleston\/car-accident-lawyer\/\" target=\"_blank\" rel=\"noopener\">equipo dedicado de abogados de accidentes de coche North Charleston<\/a> son conocedores de todos los \u00e1mbitos del derecho de los seguros y <a href=\"https:\/\/www.steinberglawfirm.com\/results\/\" target=\"_blank\" rel=\"noopener\">negociar habitualmente ofertas de acuerdo favorables<\/a> en nombre de nuestros clientes. Trabajaremos estrechamente con usted para comprender el alcance total de sus lesiones y haremos todo lo posible para asegurarnos de que reciba una compensaci\u00f3n justa por lo que ha pasado.&nbsp;<\/p>\n\n\n\n<p><strong>\u00bfPor qu\u00e9 presentar una reclamaci\u00f3n por accidente de Uber North Charleston?<\/strong><\/p>\n\n\n\n<p>Las v\u00edctimas de accidentes con Uber que presenten con \u00e9xito un caso contra un conductor pueden recibir una indemnizaci\u00f3n por sus lesiones. Aunque cada caso es diferente, la compensaci\u00f3n puede estar disponible para cualquiera de los siguientes:<\/p>\n\n\n\n<p>- Contabilizar las facturas m\u00e9dicas<br>- Futuros gastos m\u00e9dicos<br>- Salarios perdidos<br>- Disminuci\u00f3n de la capacidad de ganancia<br>- Da\u00f1os al veh\u00edculo o a la propiedad<br>- Dolor y sufrimiento<br>- Discapacidad f\u00edsica o mental<br>- Cicatrices o desfiguraciones permanentes<br>- P\u00e9rdida del disfrute de la vida<br>- P\u00e9rdida de la capacidad de realizar las tareas cotidianas<br>- P\u00e9rdida de compa\u00f1\u00eda<\/p>\n\n\n\n<p>El camino hacia la recuperaci\u00f3n despu\u00e9s de un accidente de Uber puede ser muy dif\u00edcil. En una fracci\u00f3n de segundo, su vida cambia por completo. Sin culpa alguna, has pasado d\u00edas o semanas en el hospital, has faltado al trabajo y has pasado tiempo con tu familia. Es posible que las facturas m\u00e9dicas vayan en aumento y parezcan insuperables. En el Steinberg Law Firm podemos ayudarle.&nbsp;<\/p>\n\n\n\n<h2 class=\"wp-block-heading\">Acuda a un abogado experto en accidentes de Uber North Charleston<\/h2>\n\n\n\n<p>Si usted ha sido recientemente lesionado en un accidente de Uber North Charleston, llame al Steinberg Law Firm para ver c\u00f3mo podemos ayudarle. Tenemos m\u00e1s de 95 a\u00f1os de experiencia manejando <a href=\"https:\/\/www.steinberglawfirm.com\/practice-areas\/auto-accidents\/\" target=\"_blank\" rel=\"noopener\">todo tipo de reclamaciones por accidentes de tr\u00e1fico<\/a>, incluyendo <a href=\"https:\/\/www.steinberglawfirm.com\/practice-areas\/auto-accidents\/uber-car-accident-attorney\/\" target=\"_blank\" rel=\"noopener\">accidentes en viajes compartidos<\/a>. Dominamos un impresionante conocimiento de las leyes de seguros y sabemos c\u00f3mo negociar eficazmente con las compa\u00f1\u00edas de seguros para conseguir a nuestros clientes la compensaci\u00f3n que necesitan para seguir adelante con sus vidas. Para saber m\u00e1s y <a href=\"https:\/\/www.steinberglawfirm.com\/free-consultation\/\" target=\"_blank\" rel=\"noopener\">programar una consulta gratuita<\/a>\u00a0con uno de nuestros <a href=\"https:\/\/www.steinberglawfirm.com\/practice-areas\/personal-injury\/\" target=\"_blank\" rel=\"noopener\">North Charleston abogados de da\u00f1os personales<\/a>Ll\u00e1menos al 843-720-2800. Tambi\u00e9n puede <a href=\"https:\/\/www.steinberglawfirm.com\/contact-us\/\" target=\"_blank\" rel=\"noopener\">contacte con nosotros a trav\u00e9s de nuestro formulario en l\u00ednea<\/a>.<\/p>","protected":false},"excerpt":{"rendered":"<p>North Charleston Abogado de accidentes de Uber Las empresas de transporte compartido, como Lyft y Uber, permiten a los usuarios llamar a un coche para que les lleve a su destino. Con el paso del tiempo, las empresas de transporte compartido han experimentado un crecimiento exponencial, principalmente debido a la comodidad que proporcionan estas empresas. Uber es la principal compa\u00f1\u00eda de viajes compartidos en los Estados Unidos, proporcionando m\u00e1s de 17 millones de...<\/p>","protected":false},"author":1,"featured_media":20608,"parent":13448,"menu_order":0,"comment_status":"closed","ping_status":"closed","template":"","meta":{"_acf_changed":false,"footnotes":""},"class_list":["post-15385","page","type-page","status-publish","has-post-thumbnail","hentry"],"acf":[],"_links":{"self":[{"href":"https:\/\/steinberglawfirm-staging.clmcloud.app\/es\/wp-json\/wp\/v2\/pages\/15385"}],"collection":[{"href":"https:\/\/steinberglawfirm-staging.clmcloud.app\/es\/wp-json\/wp\/v2\/pages"}],"about":[{"href":"https:\/\/steinberglawfirm-staging.clmcloud.app\/es\/wp-json\/wp\/v2\/types\/page"}],"author":[{"embeddable":true,"href":"https:\/\/steinberglawfirm-staging.clmcloud.app\/es\/wp-json\/wp\/v2\/users\/1"}],"replies":[{"embeddable":true,"href":"https:\/\/steinberglawfirm-staging.clmcloud.app\/es\/wp-json\/wp\/v2\/comments?post=15385"}],"version-history":[{"count":5,"href":"https:\/\/steinberglawfirm-staging.clmcloud.app\/es\/wp-json\/wp\/v2\/pages\/15385\/revisions"}],"predecessor-version":[{"id":21302,"href":"https:\/\/steinberglawfirm-staging.clmcloud.app\/es\/wp-json\/wp\/v2\/pages\/15385\/revisions\/21302"}],"up":[{"embeddable":true,"href":"https:\/\/steinberglawfirm-staging.clmcloud.app\/es\/wp-json\/wp\/v2\/pages\/13448"}],"wp:featuredmedia":[{"embeddable":true,"href":"https:\/\/steinberglawfirm-staging.clmcloud.app\/es\/wp-json\/wp\/v2\/media\/20608"}],"wp:attachment":[{"href":"https:\/\/steinberglawfirm-staging.clmcloud.app\/es\/wp-json\/wp\/v2\/media?parent=15385"}],"curies":[{"name":"wp","href":"https:\/\/api.w.org\/{rel}","templated":true}]}}