{"id":15383,"date":"2021-02-05T22:35:01","date_gmt":"2021-02-05T22:35:01","guid":{"rendered":"https:\/\/www.steinberglawfirm.com\/?page_id=14953"},"modified":"2021-04-23T20:53:43","modified_gmt":"2021-04-23T20:53:43","slug":"do-i-need-a-car-accident-attorney","status":"publish","type":"page","link":"https:\/\/steinberglawfirm-staging.clmcloud.app\/es\/faq\/faq-accidente-de-coche\/necesito-un-abogado-de-accidentes-de-trafico\/","title":{"rendered":"\u00bfNecesito un abogado de accidentes de tr\u00e1fico?"},"content":{"rendered":"<h1>\u00bfNecesito un abogado de accidentes de tr\u00e1fico?<\/h1>\n<p>Cada a\u00f1o se producen miles de accidentes de tr\u00e1fico en South Carolina. Despu\u00e9s de un accidente puede sentirse conmocionado y abrumado. Adem\u00e1s, puede tener lesiones f\u00edsicas y da\u00f1os materiales y otras cargas financieras. Para recibir una indemnizaci\u00f3n por el accidente, puede presentar una demanda contra el conductor culpable para que pague los da\u00f1os.<\/p>\n<p>Usted puede presentar una demanda por su cuenta como litigante pro se. Un litigante pro se es una persona que act\u00faa como su propio abogado en un juicio. La ley requiere que las partes pro se manejen un juicio de la misma manera que un abogado. Si decide representarse a s\u00ed mismo, tendr\u00e1 que seguir las normas del tribunal y los procedimientos de la demanda, as\u00ed como cumplir con todos los plazos legales. Sin embargo, <a href=\"https:\/\/www.steinberglawfirm.com\/practice-areas\/auto-accidents\/\" target=\"_blank\" rel=\"noopener\">los juicios por accidentes de tr\u00e1fico son largos y complejos<\/a>. Implican a los proveedores de seguros y al derecho de seguros. Tambi\u00e9n pueden implicar cuestiones jurisdiccionales, m\u00faltiples acusados y negligencia comparativa. Cuando se represente a s\u00ed mismo, debe entender de manera competente el proceso legal.<\/p>\n<p>Por este motivo, le recomendamos que <a href=\"https:\/\/www.steinberglawfirm.com\/contact-us\/\" target=\"_blank\" rel=\"noopener\">contacte con un abogado experto en accidentes de tr\u00e1fico<\/a> de inmediato. <a href=\"https:\/\/www.steinberglawfirm.com\/attorney\/\" target=\"_blank\" rel=\"noopener\">Nuestro equipo de abogados tiene la formaci\u00f3n y los conocimientos<\/a> para proteger sus derechos y obtener la indemnizaci\u00f3n que merece. No lo haga solo o podr\u00eda perder la indemnizaci\u00f3n.<\/p>\n<h3>Otras preguntas frecuentes sobre accidentes de tr\u00e1fico:<\/h3>\n<ul class=\"list-pages-shortcode sibling-pages\"><li class=\"page_item page-item-12190\"><a href=\"https:\/\/steinberglawfirm-staging.clmcloud.app\/es\/faq\/faq-accidente-de-coche\/soy-responsable-si-empiezo-a-golpear-el-coche-delante-de-mi-despues-de-ser-choque-posterior-de-otro-conductor\/\">\u00bfSoy responsable si golpeo el coche que tengo delante despu\u00e9s de que otro conductor me haya embestido por detr\u00e1s?<\/a><\/li>\n<li class=\"page_item page-item-9475\"><a href=\"https:\/\/steinberglawfirm-staging.clmcloud.app\/es\/faq\/faq-accidente-de-coche\/puedo-demandar-despues-de-un-accidente-de-coche-si-no-estaba-usando-mi-cinturon-de-asiento\/\">\u00bfPuedo demandar tras un accidente de tr\u00e1fico si no llevaba puesto el cintur\u00f3n de seguridad?<\/a><\/li>\n<li class=\"page_item page-item-15380\"><a href=\"https:\/\/steinberglawfirm-staging.clmcloud.app\/es\/faq\/faq-accidente-de-coche\/debo-llamar-a-la-policia-despues-de-un-accidente-de-trafico\/\">\u00bfTengo que llamar a la polic\u00eda tras un accidente de tr\u00e1fico?<\/a><\/li>\n<li class=\"page_item page-item-15383\"><a href=\"https:\/\/steinberglawfirm-staging.clmcloud.app\/es\/faq\/faq-accidente-de-coche\/necesito-un-abogado-de-accidentes-de-trafico\/\">\u00bfNecesito un abogado de accidentes de tr\u00e1fico?<\/a><\/li>\n<li class=\"page_item page-item-10767\"><a href=\"https:\/\/steinberglawfirm-staging.clmcloud.app\/es\/faq\/faq-accidente-de-coche\/utiliza-carolina-del-sur-un-sistema-basado-en-la-culpa-para-los-accidentes-de-trafico-que-significa-eso-para-una-persona-implicada-en-un-accidente-de-trafico\/\">\u00bfUtiliza el South un sistema basado en la culpa para los accidentes de tr\u00e1fico? \u00bfQu\u00e9 significa eso para alguien involucrado en un accidente de coche?<\/a><\/li>\n<li class=\"page_item page-item-10775\"><a href=\"https:\/\/steinberglawfirm-staging.clmcloud.app\/es\/faq\/faq-accidente-de-coche\/como-se-determinan-los-fallos-en-carolina-del-sur\/\">\u00bfC\u00f3mo se determina el fallo en el South Carolina?<\/a><\/li>\n<li class=\"page_item page-item-13133\"><a href=\"https:\/\/steinberglawfirm-staging.clmcloud.app\/es\/faq\/faq-accidente-de-coche\/cuanto-tiempo-tengo-que-presentar-una-reclamacion-por-accidente-de-trafico\/\">\u00bfDe cu\u00e1nto tiempo dispongo para presentar una reclamaci\u00f3n por accidente de tr\u00e1fico?<\/a><\/li>\n<li class=\"page_item page-item-9467\"><a href=\"https:\/\/steinberglawfirm-staging.clmcloud.app\/es\/faq\/faq-accidente-de-coche\/cuantos-accidentes-de-trafico-se-producen-en-carolina-del-sur-cada-ano\/\">\u00bfCu\u00e1ntos accidentes de tr\u00e1fico se producen en South Carolina cada a\u00f1o?<\/a><\/li>\n<li class=\"page_item page-item-9473\"><a href=\"https:\/\/steinberglawfirm-staging.clmcloud.app\/es\/faq\/faq-accidente-de-coche\/cuantos-accidentes-de-trafico-mortales-se-producen-en-carolina-del-sur-cada-ano\/\">\u00bfCu\u00e1ntos accidentes de tr\u00e1fico mortales se producen en South Carolina cada a\u00f1o?<\/a><\/li>\n<li class=\"page_item page-item-15384\"><a href=\"https:\/\/steinberglawfirm-staging.clmcloud.app\/es\/faq\/faq-accidente-de-coche\/que-indemnizacion-puedo-obtener-tras-un-accidente-de-coche\/\">\u00bfQu\u00e9 indemnizaci\u00f3n puedo obtener tras un accidente de tr\u00e1fico?<\/a><\/li>\n<li class=\"page_item page-item-11983\"><a href=\"https:\/\/steinberglawfirm-staging.clmcloud.app\/es\/faq\/faq-accidente-de-coche\/que-hago-si-estoy-en-un-accidente-de-coche-y-el-conductor-culpable-no-tiene-seguro\/\">\u00bfQu\u00e9 hago si tengo un accidente de tr\u00e1fico y el conductor culpable no tiene seguro?<\/a><\/li>\n<li class=\"page_item page-item-12015\"><a href=\"https:\/\/steinberglawfirm-staging.clmcloud.app\/es\/faq\/faq-accidente-de-coche\/que-hago-si-mis-danos-son-mas-que-los-limites-de-la-poliza-de-seguro-del-conductor-culpable-que-me-impacto-en-un-accidente-de-coche\/\">\u00bfQu\u00e9 hago si mis da\u00f1os superan los l\u00edmites de la p\u00f3liza de seguro del conductor culpable que me atropell\u00f3 en un accidente de tr\u00e1fico?<\/a><\/li>\n<li class=\"page_item page-item-10773\"><a href=\"https:\/\/steinberglawfirm-staging.clmcloud.app\/es\/faq\/faq-accidente-de-coche\/que-necesito-saber-sobre-mi-informe-de-accidente-de-carolina-sur\/\">\u00bfQu\u00e9 debo saber sobre mi parte de accidente South Carolina?<\/a><\/li>\n<li class=\"page_item page-item-10770\"><a href=\"https:\/\/steinberglawfirm-staging.clmcloud.app\/es\/faq\/faq-accidente-de-coche\/que-significa-la-falta-comparativa-cuando-se-relaciona-con-un-accidente-de-coche-en-carolina-del-sur\/\">\u00bfQu\u00e9 significa la culpa comparativa en relaci\u00f3n con un accidente de tr\u00e1fico?<\/a><\/li>\n<li class=\"page_item page-item-13281\"><a href=\"https:\/\/steinberglawfirm-staging.clmcloud.app\/es\/faq\/faq-accidente-de-coche\/que-debo-hacer-tras-un-accidente-de-coche\/\">\u00bfQu\u00e9 debo hacer despu\u00e9s de un accidente de tr\u00e1fico?<\/a><\/li>\n<\/ul>","protected":false},"excerpt":{"rendered":"<p>\u00bfNecesito un abogado de accidentes de tr\u00e1fico? Cada a\u00f1o se producen miles de accidentes de coche en South Carolina. Despu\u00e9s de un accidente puede sentirse conmocionado y abrumado. Adem\u00e1s, puede tener lesiones f\u00edsicas y da\u00f1os materiales y otras cargas financieras. Para recibir una indemnizaci\u00f3n por el accidente, puede presentar una demanda contra el conductor culpable...<\/p>","protected":false},"author":1,"featured_media":0,"parent":9461,"menu_order":0,"comment_status":"closed","ping_status":"closed","template":"","meta":{"_acf_changed":false,"footnotes":""},"class_list":["post-15383","page","type-page","status-publish","hentry"],"acf":[],"_links":{"self":[{"href":"https:\/\/steinberglawfirm-staging.clmcloud.app\/es\/wp-json\/wp\/v2\/pages\/15383"}],"collection":[{"href":"https:\/\/steinberglawfirm-staging.clmcloud.app\/es\/wp-json\/wp\/v2\/pages"}],"about":[{"href":"https:\/\/steinberglawfirm-staging.clmcloud.app\/es\/wp-json\/wp\/v2\/types\/page"}],"author":[{"embeddable":true,"href":"https:\/\/steinberglawfirm-staging.clmcloud.app\/es\/wp-json\/wp\/v2\/users\/1"}],"replies":[{"embeddable":true,"href":"https:\/\/steinberglawfirm-staging.clmcloud.app\/es\/wp-json\/wp\/v2\/comments?post=15383"}],"version-history":[{"count":1,"href":"https:\/\/steinberglawfirm-staging.clmcloud.app\/es\/wp-json\/wp\/v2\/pages\/15383\/revisions"}],"predecessor-version":[{"id":16267,"href":"https:\/\/steinberglawfirm-staging.clmcloud.app\/es\/wp-json\/wp\/v2\/pages\/15383\/revisions\/16267"}],"up":[{"embeddable":true,"href":"https:\/\/steinberglawfirm-staging.clmcloud.app\/es\/wp-json\/wp\/v2\/pages\/9461"}],"wp:attachment":[{"href":"https:\/\/steinberglawfirm-staging.clmcloud.app\/es\/wp-json\/wp\/v2\/media?parent=15383"}],"curies":[{"name":"wp","href":"https:\/\/api.w.org\/{rel}","templated":true}]}}