{"id":15382,"date":"2021-02-04T23:20:02","date_gmt":"2021-02-04T23:20:02","guid":{"rendered":"https:\/\/www.steinberglawfirm.com\/?page_id=14932"},"modified":"2022-04-26T16:22:34","modified_gmt":"2022-04-26T16:22:34","slug":"appeals","status":"publish","type":"page","link":"https:\/\/steinberglawfirm-staging.clmcloud.app\/es\/defecto-de-construccion\/recursos\/","title":{"rendered":"South Carolina Abogado de apelaci\u00f3n"},"content":{"rendered":"<h1 class=\"wp-block-heading\">South Carolina Abogado de apelaci\u00f3n<\/h1>\n\n\n\n<div style=\"height:15px\" aria-hidden=\"true\" class=\"wp-block-spacer\"><\/div>\n\n\n\n<p>Adem\u00e1s de tramitar los recursos de los casos juzgados por los abogados de la Steinberg Law Firm, <a href=\"https:\/\/www.steinberglawfirm.com\/attorney\/elliotte-quinn\/\" target=\"_blank\" rel=\"noopener\">Elliotte utiliza su experiencia en apelaci\u00f3n y su pasi\u00f3n por la pr\u00e1ctica de la apelaci\u00f3n<\/a> para ayudar a los abogados litigantes con casos en apelaci\u00f3n o con casos que esperan que se beneficien de la participaci\u00f3n de un abogado de apelaci\u00f3n en el juicio.<\/p>\n\n\n\n<p>La experiencia y la capacidad de an\u00e1lisis y redacci\u00f3n de Elliotte lo convierten en una s\u00f3lida opci\u00f3n para tramitar los recursos de los abogados litigantes de South Carolina. Elliotte comenz\u00f3 su carrera jur\u00eddica como secretario del juez Kaye Hearn del Tribunal Supremo de South Carolina y de un juez del Tribunal de Distrito de los Estados Unidos. Antes de eso, Elliotte se gradu\u00f3 con altos honores en la Facultad de Derecho de Emory, donde se desempe\u00f1\u00f3 como Editor Ejecutivo de Art\u00edculos para el Emory Law Journal. Importante para un \u00e1rea como la pr\u00e1ctica de la apelaci\u00f3n donde las habilidades de escritura son las m\u00e1s cr\u00edticas entre las habilidades de un abogado, Elliotte pas\u00f3 dos a\u00f1os perfeccionando sus habilidades de escritura mientras escrib\u00eda opiniones de la Corte Suprema South Carolina para el juez Hearn. Tambi\u00e9n ha publicado varias veces en revistas jur\u00eddicas y un libro, y gan\u00f3 un concurso de redacci\u00f3n por un art\u00edculo de su autor\u00eda. Tras su paso por el tribunal, Elliotte trabaj\u00f3 en un gran bufete de abogados de negocios de varios estados en juicios y apelaciones antes de incorporarse al Steinberg Law Firm. Elliotte ha argumentado recursos ante el Tribunal Supremo South Carolina y el Tribunal de Apelaci\u00f3n South Carolina.<\/p>\n\n\n\n<p>Elliotte asiste a los abogados litigantes a trav\u00e9s de la participaci\u00f3n en el nivel de juicio o despu\u00e9s de un juicio o sentencia. Los acuerdos a trav\u00e9s de los cuales Elliotte se involucra en un caso se adaptan a las necesidades del caso en particular, incluyendo el trabajo por honorarios contingentes o por hora. A nivel de apelaci\u00f3n, Elliotte maneja los casos desde la presentaci\u00f3n de la notificaci\u00f3n de apelaci\u00f3n hasta la opini\u00f3n final de la corte m\u00e1s alta de la jurisdicci\u00f3n, incluyendo todas las mociones, el registro de la apelaci\u00f3n, los escritos, las peticiones de repetici\u00f3n, y las peticiones de certiorari en el medio. Si se presenta en el nivel de juicio, Elliotte asiste asegurando que se presenten los fundamentos legales m\u00e1s efectivos, que el registro para una apelaci\u00f3n est\u00e9 completo y que las cuestiones se preserven para la apelaci\u00f3n.<\/p>","protected":false},"excerpt":{"rendered":"<p>South Carolina Abogado de Apelaci\u00f3n Adem\u00e1s de gestionar las apelaciones de los casos juzgados por los abogados del Steinberg Law Firm, Elliotte utiliza su experiencia en apelaci\u00f3n y su pasi\u00f3n por la pr\u00e1ctica de la apelaci\u00f3n para ayudar a los abogados litigantes del South Carolina con casos en apelaci\u00f3n o casos que esperan que se beneficien de tener un abogado de apelaci\u00f3n involucrado en el nivel de juicio....<\/p>","protected":false},"author":1,"featured_media":0,"parent":9571,"menu_order":0,"comment_status":"closed","ping_status":"closed","template":"","meta":{"_acf_changed":false,"footnotes":""},"class_list":["post-15382","page","type-page","status-publish","hentry"],"acf":[],"_links":{"self":[{"href":"https:\/\/steinberglawfirm-staging.clmcloud.app\/es\/wp-json\/wp\/v2\/pages\/15382"}],"collection":[{"href":"https:\/\/steinberglawfirm-staging.clmcloud.app\/es\/wp-json\/wp\/v2\/pages"}],"about":[{"href":"https:\/\/steinberglawfirm-staging.clmcloud.app\/es\/wp-json\/wp\/v2\/types\/page"}],"author":[{"embeddable":true,"href":"https:\/\/steinberglawfirm-staging.clmcloud.app\/es\/wp-json\/wp\/v2\/users\/1"}],"replies":[{"embeddable":true,"href":"https:\/\/steinberglawfirm-staging.clmcloud.app\/es\/wp-json\/wp\/v2\/comments?post=15382"}],"version-history":[{"count":4,"href":"https:\/\/steinberglawfirm-staging.clmcloud.app\/es\/wp-json\/wp\/v2\/pages\/15382\/revisions"}],"predecessor-version":[{"id":21105,"href":"https:\/\/steinberglawfirm-staging.clmcloud.app\/es\/wp-json\/wp\/v2\/pages\/15382\/revisions\/21105"}],"up":[{"embeddable":true,"href":"https:\/\/steinberglawfirm-staging.clmcloud.app\/es\/wp-json\/wp\/v2\/pages\/9571"}],"wp:attachment":[{"href":"https:\/\/steinberglawfirm-staging.clmcloud.app\/es\/wp-json\/wp\/v2\/media?parent=15382"}],"curies":[{"name":"wp","href":"https:\/\/api.w.org\/{rel}","templated":true}]}}