{"id":15381,"date":"2021-02-04T23:14:01","date_gmt":"2021-02-04T23:14:01","guid":{"rendered":"https:\/\/www.steinberglawfirm.com\/?page_id=14927"},"modified":"2023-11-14T21:19:54","modified_gmt":"2023-11-14T21:19:54","slug":"class-actions","status":"publish","type":"page","link":"https:\/\/steinberglawfirm-staging.clmcloud.app\/es\/lesiones-personales\/acciones-de-clase\/","title":{"rendered":"South Carolina Abogado de Acci\u00f3n de Clase"},"content":{"rendered":"<h1 class=\"wp-block-heading\">South Carolina Abogado de Acci\u00f3n de Clase<\/h1>\n\n\n\n<div style=\"height:15px\" aria-hidden=\"true\" class=\"wp-block-spacer\"><\/div>\n\n\n\n<p>Las grandes empresas a menudo perjudican a muchas personas de forma insignificante. Las grandes empresas parecen pensar que si enga\u00f1an a los consumidores por unos pocos d\u00f3lares nunca se descubrir\u00e1 o nadie har\u00e1 nada al respecto. Afortunadamente, la ley permite que grupos de personas perjudicadas de esta manera se unan en una demanda colectiva para exigir responsabilidades a las empresas y obtener una indemnizaci\u00f3n. Una demanda colectiva es un procedimiento en el que una o varias personas presentan reclamaciones en nombre de todas las personas perjudicadas de forma similar. La persona que presenta la demanda colectiva busca una compensaci\u00f3n para s\u00ed misma y para los dem\u00e1s miembros del grupo.<\/p>\n\n\n\n<p>Adem\u00e1s de conseguir una indemnizaci\u00f3n para los miembros del grupo, las demandas colectivas son importantes porque ponen fin a los abusos de las empresas. Mientras que las agencias gubernamentales y las organizaciones privadas como la Comisi\u00f3n Federal de Comercio, la Agencia de Protecci\u00f3n Financiera del Consumidor y la Oficina de Buenas Pr\u00e1cticas Comerciales trabajan para vigilar las pr\u00e1cticas corporativas desleales, estas entidades est\u00e1n limitadas en lo que pueden abordar y tampoco pueden obtener una compensaci\u00f3n para los individuos perjudicados. Las demandas colectivas permiten a los consumidores responsabilizar a las empresas y obtener una compensaci\u00f3n por lo que hicieron mal.<\/p>\n\n\n\n<p>Si usted se ha visto perjudicado de una forma en la que muchas otras personas se han visto perjudicadas, ya sea por unos pocos d\u00f3lares o incluso unos pocos c\u00e9ntimos a\u00f1adidos a sus facturas o por haber gastado unos cientos de d\u00f3lares en un producto que no funciona como se anuncia, una demanda colectiva puede ser una forma de que <a href=\"https:\/\/www.steinberglawfirm.com\/\" target=\"_blank\" rel=\"noopener\">los abogados del Steinberg Law Firm pueden conseguirle a usted y a otros una indemnizaci\u00f3n<\/a> para abordar ese error. Las acciones de clase que el Steinberg Law Firm puede manejar incluyen:<\/p>\n\n\n\n<ul class=\"wp-block-list\">\n<li><a href=\"https:\/\/www.steinberglawfirm.com\/personal-injury\/class-actions\/century-aluminum-dust-particle-lawsuit\/\" data-type=\"link\" data-id=\"https:\/\/www.steinberglawfirm.com\/personal-injury\/class-actions\/century-aluminum-dust-particle-lawsuit\/\" target=\"_blank\" rel=\"noopener\">Reclamaci\u00f3n por polvo t\u00f3xico de Century Aluminum<\/a><\/li>\n\n\n\n<li><a href=\"https:\/\/www.steinberglawfirm.com\/personal-injury\/class-actions\/camp-lejeune-toxic-water-claim\/\" target=\"_blank\" rel=\"noopener\">Reclamaci\u00f3n por aguas t\u00f3xicas en Camp Lejeune<\/a><\/li>\n\n\n\n<li><a href=\"https:\/\/www.steinberglawfirm.com\/practice-areas\/construction-defect\/\" target=\"_blank\" rel=\"noopener\">Defectos de construcci\u00f3n<\/a><\/li>\n\n\n\n<li><a href=\"https:\/\/www.steinberglawfirm.com\/practice-areas\/dangerous-products\/\" target=\"_blank\" rel=\"noopener\">Productos de construcci\u00f3n defectuosos<\/a><\/li>\n\n\n\n<li>Pr\u00e1cticas de facturaci\u00f3n inadecuadas o fraudulentas<\/li>\n\n\n\n<li>Fallos en los productos o falsas representaciones<\/li>\n\n\n\n<li>Publicidad falsa de productos<\/li>\n\n\n\n<li>Fraude al consumidor<\/li>\n\n\n\n<li>Incumplimiento de contratos<\/li>\n<\/ul>\n\n\n\n<p><a href=\"https:\/\/www.steinberglawfirm.com\/no-fee-unless-you-win\/\" target=\"_blank\" rel=\"noopener\">El Steinberg Law Firm se encarga de las demandas colectivas en funci\u00f3n de la contingencia<\/a> donde usted no paga nada hasta que recuperemos el dinero para usted. Usted no paga al bufete nada de su bolsillo, y el pago al bufete se hace con la indemnizaci\u00f3n recuperada en su caso. Esto significa que el bufete corre el riesgo de que su caso tenga \u00e9xito y de la cantidad que se recupere. Una vez que obtenemos una indemnizaci\u00f3n para usted, los honorarios del bufete se pagan como un porcentaje de esa indemnizaci\u00f3n, luego se pagan las costas y los gastos, y el resto de la indemnizaci\u00f3n se le paga a usted.<\/p>","protected":false},"excerpt":{"rendered":"<p>South Carolina Class Action Lawyer Las grandes empresas a menudo perjudican a muchas personas en peque\u00f1as formas. Las grandes empresas parecen pensar que si enga\u00f1an a los consumidores por unos pocos d\u00f3lares nunca se descubrir\u00e1 o nadie har\u00e1 nada al respecto. Afortunadamente, la ley permite que grupos de personas perjudicadas de esta manera...<\/p>","protected":false},"author":1,"featured_media":19639,"parent":565,"menu_order":0,"comment_status":"closed","ping_status":"closed","template":"","meta":{"_acf_changed":false,"footnotes":""},"class_list":["post-15381","page","type-page","status-publish","has-post-thumbnail","hentry"],"acf":[],"_links":{"self":[{"href":"https:\/\/steinberglawfirm-staging.clmcloud.app\/es\/wp-json\/wp\/v2\/pages\/15381"}],"collection":[{"href":"https:\/\/steinberglawfirm-staging.clmcloud.app\/es\/wp-json\/wp\/v2\/pages"}],"about":[{"href":"https:\/\/steinberglawfirm-staging.clmcloud.app\/es\/wp-json\/wp\/v2\/types\/page"}],"author":[{"embeddable":true,"href":"https:\/\/steinberglawfirm-staging.clmcloud.app\/es\/wp-json\/wp\/v2\/users\/1"}],"replies":[{"embeddable":true,"href":"https:\/\/steinberglawfirm-staging.clmcloud.app\/es\/wp-json\/wp\/v2\/comments?post=15381"}],"version-history":[{"count":5,"href":"https:\/\/steinberglawfirm-staging.clmcloud.app\/es\/wp-json\/wp\/v2\/pages\/15381\/revisions"}],"predecessor-version":[{"id":27257,"href":"https:\/\/steinberglawfirm-staging.clmcloud.app\/es\/wp-json\/wp\/v2\/pages\/15381\/revisions\/27257"}],"up":[{"embeddable":true,"href":"https:\/\/steinberglawfirm-staging.clmcloud.app\/es\/wp-json\/wp\/v2\/pages\/565"}],"wp:featuredmedia":[{"embeddable":true,"href":"https:\/\/steinberglawfirm-staging.clmcloud.app\/es\/wp-json\/wp\/v2\/media\/19639"}],"wp:attachment":[{"href":"https:\/\/steinberglawfirm-staging.clmcloud.app\/es\/wp-json\/wp\/v2\/media?parent=15381"}],"curies":[{"name":"wp","href":"https:\/\/api.w.org\/{rel}","templated":true}]}}