{"id":15379,"date":"2021-01-24T20:21:51","date_gmt":"2021-01-24T20:21:51","guid":{"rendered":"https:\/\/www.steinberglawfirm.com\/?page_id=14787"},"modified":"2023-08-10T23:09:28","modified_gmt":"2023-08-10T23:09:28","slug":"injured-construction-worker","status":"publish","type":"page","link":"https:\/\/steinberglawfirm-staging.clmcloud.app\/es\/ubicaciones\/north-charleston\/abogado-especialista-en-indemnizaciones-laborales\/trabajador-de-la-construccion-lesionado\/","title":{"rendered":"Trabajador de la construcci\u00f3n lesionado"},"content":{"rendered":"<h1 class=\"wp-block-heading\">North Charleston Abogado de compensaci\u00f3n laboral para trabajadores de la construcci\u00f3n lesionados<\/h1>\n\n\n\n<p><a href=\"https:\/\/www.steinberglawfirm.com\/practice-areas\/construction-defect\/construction-accidents-in-charleston\/\" target=\"_blank\" rel=\"noopener\">La construcci\u00f3n es uno de los sectores m\u00e1s peligrosos para los trabajadores<\/a>. Genera decenas de miles de reclamaciones de indemnizaci\u00f3n a los trabajadores cada a\u00f1o. Un peque\u00f1o error o descuido en una obra puede causar una lesi\u00f3n catastr\u00f3fica o incluso la muerte.<\/p>\n\n\n\n<p>Si usted o un ser querido se lesion\u00f3 o muri\u00f3 mientras trabajaba en la construcci\u00f3n en North Charleston, South Carolina, <a href=\"https:\/\/www.steinberglawfirm.com\/locations\/north-charleston\/workers-compensation-lawyer\/\" target=\"_blank\" rel=\"noopener\">llame a los abogados especializados en indemnizaciones laborales al Steinberg Law Firm<\/a>. Usted podr\u00eda tener derecho a las prestaciones de compensaci\u00f3n de los trabajadores por su lesi\u00f3n y merece que se le pague de forma justa.<\/p>\n\n\n\n<p><strong>Peligros en las obras de construcci\u00f3n<\/strong><\/p>\n\n\n\n<p>La naturaleza de una obra de construcci\u00f3n hace que los trabajadores sean especialmente propensos a sufrir lesiones. Puede haber cuadrillas de varios proveedores de servicios trabajando en la obra al mismo tiempo, y si uno de ellos act\u00faa con negligencia, otros pueden resultar heridos. Aunque las obras est\u00e1n fuertemente reguladas en materia de seguridad, a veces se ignoran estas normas. Cuando se cortan esquinas o se apresuran los trabajos, los trabajadores corren un mayor riesgo de sufrir lesiones.<\/p>\n\n\n\n<p>Seg\u00fan datos de la <a href=\"https:\/\/www.osha.gov\/\" target=\"_blank\" rel=\"noopener\">Administraci\u00f3n de Seguridad y Salud en el Trabajo (OSHA)<\/a> algunas de las principales causas de las lesiones en las obras de construcci\u00f3n son<\/p>\n\n\n\n<p>- <strong>Ca\u00eddas...<\/strong> <a href=\"https:\/\/www.steinberglawfirm.com\/workers-compensation\/construction-accidents\/fall-from-roof-injury\/\" target=\"_blank\" rel=\"noopener\">Ca\u00eddas desde andamios, escaleras, tejados<\/a> u otras alturas son muy frecuentes. A veces, los trabajadores tambi\u00e9n pueden caer en un agujero o una zanja. Cualquier ca\u00edda puede causar fracturas \u00f3seas, traumatismos craneoencef\u00e1licos y la muerte.<br>- <strong>Colapso de la zanja -<\/strong> Cuando una zanja no est\u00e1 debidamente fortificada, puede derrumbarse y atrapar a los trabajadores en su interior. La asfixia es especialmente preocupante si se corta el suministro de aire por el derrumbe.<br>- <strong>Descarga el\u00e9ctrica -<\/strong> Cableado, generadores y <a href=\"https:\/\/www.steinberglawfirm.com\/workers-compensation\/workers-compensation-for-hand-tool-injuries-in-south-carolina\/\" target=\"_blank\" rel=\"noopener\">herramientas el\u00e9ctricas<\/a> son s\u00f3lo algunos de los peligros el\u00e9ctricos que provocan descargas y <a href=\"https:\/\/www.steinberglawfirm.com\/personal-injury\/personal-injury-lawyers\/burn-injury-lawyer\/\" target=\"_blank\" rel=\"noopener\">quemaduras<\/a>.<br>- <strong>No usar el equipo de protecci\u00f3n -<\/strong> Los cascos, las gafas de seguridad y las protecciones auditivas son necesarios por una raz\u00f3n. Cuando no se usan, se producen lesiones.<br>- <strong>Accidentes con maquinaria pesada -<\/strong> Los equipos pesados, como las excavadoras, las carretillas elevadoras, los camiones y las gr\u00faas, son elementos b\u00e1sicos de las obras de construcci\u00f3n. Pueden atropellar y aplastar a los trabajadores o causar otros da\u00f1os.<br>- <strong>Accidentes con herramientas el\u00e9ctricas -<\/strong> Las herramientas como las pistolas de clavos y las sierras pueden <a href=\"https:\/\/www.steinberglawfirm.com\/workers-compensation\/workers-compensation-for-hand-tool-injuries-in-south-carolina\/\" target=\"_blank\" rel=\"noopener\">causar da\u00f1os<\/a> cuando funcionen mal o se utilicen de forma incorrecta.<\/p>\n\n\n\n<p><strong>Lesiones comunes en la construcci\u00f3n <\/strong><\/p>\n\n\n\n<p>Las lesiones sufridas al trabajar en la construcci\u00f3n pueden ser graves e incluso mortales. Las lesiones m\u00e1s comunes que sufren los trabajadores de la construcci\u00f3n son:<\/p>\n\n\n\n<p>- <a href=\"https:\/\/www.steinberglawfirm.com\/practice-areas\/serious-injury-cases\/traumatic-brain-injury\/\" target=\"_blank\" rel=\"noopener\">Traumatismos craneoencef\u00e1licos<\/a><br>- Huesos rotos<br>- <a href=\"https:\/\/www.steinberglawfirm.com\/practice-areas\/workers-compensation\/workers-compensation-for-an-employee-who-suffers-a-back-injury-at-work\/\" target=\"_blank\" rel=\"noopener\">Tensi\u00f3n en la espalda y el cuello<\/a><br>- <a href=\"https:\/\/www.steinberglawfirm.com\/practice-areas\/head-brain-and-spine-injuries\/spinal-column-injuries\/\" target=\"_blank\" rel=\"noopener\">Lesiones de la columna vertebral<\/a><br>- Lesiones por aplastamiento<br>- <a href=\"https:\/\/www.steinberglawfirm.com\/articles\/dangers-of-electrocution\/\" target=\"_blank\" rel=\"noopener\">Electrocuci\u00f3n<\/a><br>- <a href=\"https:\/\/www.steinberglawfirm.com\/practice-areas\/workers-compensation\/workers-compensation-for-an-employee-who-suffers-a-burn-injury\/\" target=\"_blank\" rel=\"noopener\">Quemaduras<\/a><br>- Cortes y laceraciones<br>- <a href=\"https:\/\/www.steinberglawfirm.com\/practice-areas\/serious-injury-cases\/traumatic-amputation-injuries\/\" target=\"_blank\" rel=\"noopener\">Dedos o miembros cortados<\/a><br>- P\u00e9rdida de audici\u00f3n<br>- Lesiones oculares<\/p>\n\n\n\n<p>Estas lesiones pueden ser de leves a graves y, en los casos m\u00e1s tr\u00e1gicos, mortales.<\/p>\n\n\n\n<p><strong>South Carolina Conceptos b\u00e1sicos de la compensaci\u00f3n de los trabajadores<\/strong><\/p>\n\n\n\n<p>Las lesiones en el lugar de trabajo son devastadoras y amenazan el sustento de una persona. Adem\u00e1s del dolor f\u00edsico y la incapacidad, tambi\u00e9n hay importantes consecuencias financieras y emocionales. La p\u00e9rdida de ingresos y de potencial de ganancia, la incapacidad permanente, la deuda m\u00e9dica, la bancarrota, la adicci\u00f3n a las drogas y otros problemas dif\u00edciles han sido causados por un solo accidente de trabajo.<\/p>\n\n\n\n<p>South Carolina exige a los empresarios que contraten un seguro de indemnizaci\u00f3n por accidente laboral para sus empleados en muchas circunstancias. Estas protecciones permiten a los trabajadores que se han lesionado en el trabajo recuperar los costes m\u00e9dicos, los salarios perdidos y otros gastos incurridos como resultado de su accidente.<\/p>\n\n\n\n<p>A cambio, los trabajadores lesionados no pueden demandar a su empleador por su lesi\u00f3n. Las reclamaciones de compensaci\u00f3n de los trabajadores no se basan en la negligencia, lo que significa que el empleador no tiene que ser culpable de la lesi\u00f3n para que usted sea compensado como lo har\u00eda en una demanda por lesiones personales. Si el <a href=\"https:\/\/www.steinberglawfirm.com\/practice-areas\/workers-compensation\/what-happens-when-an-employee-is-injured-on-a-construction-site\/\" target=\"_blank\" rel=\"noopener\">lesi\u00f3n se produjo mientras trabajaba en una construcci\u00f3n<\/a> o en el \u00e1mbito del empleo, es probable que est\u00e9 cubierto por las leyes de indemnizaci\u00f3n de los trabajadores de South Carolina.<\/p>\n\n\n\n<p>A pesar de que los beneficios de compensaci\u00f3n de los trabajadores est\u00e1n disponibles para los trabajadores lesionados, la cantidad concedida al trabajador sigue siendo objeto de un proceso de reclamaciones de la compa\u00f1\u00eda de seguros. Esto puede convertirse en un calvario complicado y frustrante y puede requerir la asistencia de un abogado para asegurarse de que un trabajador lesionado sea compensado de manera justa.<\/p>\n\n\n\n<p><strong>\u00bfNecesito un abogado para mi reclamaci\u00f3n de compensaci\u00f3n laboral?<\/strong><\/p>\n\n\n\n<p>Algunos empleadores intentar\u00e1n convencer a un trabajador lesionado de que no presente una reclamaci\u00f3n de compensaci\u00f3n laboral o le har\u00e1n creer que no tiene derecho a esta prestaci\u00f3n cuando s\u00ed lo tiene. Los trabajadores de la construcci\u00f3n pueden ser clasificados err\u00f3neamente como contratistas independientes como una forma de evitar la cobertura de compensaci\u00f3n de los trabajadores. Un abogado puede reconocer cuando un empleador se est\u00e1 comportando ilegalmente para desalentar una reclamaci\u00f3n de compensaci\u00f3n de los trabajadores.<\/p>\n\n\n\n<p>Luego est\u00e1n las compa\u00f1\u00edas de seguros, que son bien conocidas por ser dif\u00edciles de trabajar por una raz\u00f3n. Los ajustadores est\u00e1n entrenados para aprovechar cualquier oportunidad para reducir un pago y pueden ser bastante agresivos y solapados. Las compa\u00f1\u00edas de seguros hacen que el proceso sea frustrante a prop\u00f3sito, con la esperanza de que los trabajadores lesionados se den por vencidos y acepten un acuerdo menor s\u00f3lo para acabar con \u00e9l.<\/p>\n\n\n\n<p><a href=\"https:\/\/steinberglawfirm.com\/practice-areas\/workers-compensation\/\" target=\"_blank\" rel=\"noopener\">La contrataci\u00f3n de un abogado especializado en indemnizaciones por accidentes de trabajo nivela el terreno de juego<\/a>. Los abogados entienden las t\u00e1cticas utilizadas por las compa\u00f1\u00edas de seguros y los empleadores para evitar pagar y saben c\u00f3mo contrarrestarlas. Su abogado luchar\u00e1 por usted y negociar\u00e1 un acuerdo de compensaci\u00f3n laboral justo.<\/p>\n\n\n\n<p>Dependiendo de los detalles de la lesi\u00f3n, <a href=\"https:\/\/www.steinberglawfirm.com\/practice-areas\/personal-injury\/\" target=\"_blank\" rel=\"noopener\">tambi\u00e9n podr\u00eda presentar una reclamaci\u00f3n por da\u00f1os personales<\/a> adem\u00e1s de la indemnizaci\u00f3n de los trabajadores. Si la negligencia de un tercero contribuy\u00f3 a la lesi\u00f3n, por ejemplo en una situaci\u00f3n de mal funcionamiento del equipo, tambi\u00e9n podr\u00eda ser considerado responsable. Un abogado podr\u00eda determinar lo que ser\u00eda apropiado en su caso.<\/p>\n\n\n\n<p>Un abogado se encargar\u00e1 de las disputas y seguir\u00e1 exactamente el proceso legal requerido para ayudar a que su reclamaci\u00f3n se desarrolle sin problemas. Saber que los detalles de su caso son manejados por un profesional puede ayudarle a centrar su energ\u00eda en la curaci\u00f3n, no en los estresantes aspectos legales.<\/p>\n\n\n\n<p><strong>Qu\u00e9 hacer si te lesionas en el trabajo<\/strong><\/p>\n\n\n\n<p>Hay pasos que hay que seguir despu\u00e9s de una lesi\u00f3n en el trabajo y es esencial que se sigan exactamente para preservar sus derechos.<\/p>\n\n\n\n<p>- <strong>Notifique inmediatamente su lesi\u00f3n a un supervisor.<\/strong> El incidente debe estar bien documentado. La compa\u00f1\u00eda de seguros se fijar\u00e1 en detalles como \u00e9ste cuando investigue tu reclamaci\u00f3n. Presenta una denuncia lo antes posible para recordar todo lo posible.<br>- <strong>Busca atenci\u00f3n m\u00e9dica.<\/strong> Si la lesi\u00f3n es grave, ser\u00e1 necesaria una atenci\u00f3n inmediata. Sigue siendo fundamental que te vea un m\u00e9dico aunque creas que tu lesi\u00f3n es menor o que puedes superarla. El dolor y los da\u00f1os pueden aparecer horas o incluso d\u00edas despu\u00e9s de producirse el incidente. En ese momento, el da\u00f1o puede ser mayor si no se recibe tratamiento o se aguanta el dolor, y la compa\u00f1\u00eda de seguros puede aprovechar el retraso en la atenci\u00f3n como prueba de que la lesi\u00f3n es menos grave de lo que realmente es.<br>- <strong>Seguir el protocolo y las instrucciones de la empresa en relaci\u00f3n con el proceso de indemnizaci\u00f3n de los trabajadores.<\/strong> Por ejemplo, su empresa tiene derecho a elegir el m\u00e9dico al que debe acudir. Si acude a otro proveedor sin el consentimiento de su empleador, es posible que esos gastos no est\u00e9n cubiertos.<br>- <strong>P\u00f3ngase en contacto con un abogado experto en indemnizaciones laborales.<\/strong> Las leyes de compensaci\u00f3n laboral son complicadas y el proceso de presentaci\u00f3n de una reclamaci\u00f3n puede resultar tedioso. Un <a href=\"https:\/\/www.steinberglawfirm.com\/contact-us\/\" target=\"_blank\" rel=\"noopener\">El abogado se asegurar\u00e1 de que se sigan todos los protocolos<\/a> y que la compa\u00f1\u00eda de seguros y su empleador le paguen por su lesi\u00f3n.<\/p>\n\n\n\n<figure class=\"wp-block-embed is-type-video is-provider-youtube wp-block-embed-youtube wp-embed-aspect-16-9 wp-has-aspect-ratio\"><div class=\"wp-block-embed__wrapper\">\n<iframe loading=\"lazy\" title=\"Workers&#039; Comp reclamaciones son complicadas. Consiga la firma detr\u00e1s de usted\" width=\"500\" height=\"281\" src=\"https:\/\/www.youtube.com\/embed\/Y8Gp8slO0oE?feature=oembed\" frameborder=\"0\" allow=\"accelerometer; autoplay; clipboard-write; encrypted-media; gyroscope; picture-in-picture; web-share\" referrerpolicy=\"strict-origin-when-cross-origin\" allowfullscreen><\/iframe>\n<\/div><\/figure>\n\n\n\n<h2 class=\"wp-block-heading\">P\u00f3ngase en contacto con un abogado de compensaci\u00f3n de trabajadores North Charleston hoy<\/h2>\n\n\n\n<p>Si se ha lesionado mientras trabajaba en una obra de construcci\u00f3n en North Charleston, South Carolina, tiene derechos y merece una compensaci\u00f3n justa. No deje que empleadores y compa\u00f1\u00edas de seguros sin escr\u00fapulos jueguen con usted o con su medio de vida.<\/p>\n\n\n\n<p><a href=\"https:\/\/www.steinberglawfirm.com\/\" target=\"_blank\" rel=\"noopener\">Llame a uno de los abogados especializados en indemnizaciones laborales del Steinberg Law Firm<\/a> si usted o un ser querido se lesion\u00f3 o muri\u00f3 en el trabajo. Nuestro <a href=\"https:\/\/www.steinberglawfirm.com\/office-locations\/charleston-office\/\" target=\"_blank\" rel=\"noopener\">Oficina Charleston<\/a> se puede llegar a trav\u00e9s de <a href=\"tel:18437202800\">llamando al (843) 720-2800<\/a>. Como siempre, <a href=\"https:\/\/www.steinberglawfirm.com\/free-consultation\/\" target=\"_blank\" rel=\"noopener\">su consulta inicial es gratuita<\/a>.<\/p>","protected":false},"excerpt":{"rendered":"<p>North Charleston Abogado de compensaci\u00f3n laboral para trabajadores de la construcci\u00f3n lesionados La construcci\u00f3n es una de las industrias m\u00e1s peligrosas para los trabajadores. Genera decenas de miles de reclamaciones de compensaci\u00f3n a los trabajadores cada a\u00f1o. Un peque\u00f1o error o descuido en un sitio de construcci\u00f3n puede causar una lesi\u00f3n catastr\u00f3fica o incluso la muerte. Si usted o un ser querido se lesion\u00f3...<\/p>","protected":false},"author":1,"featured_media":20608,"parent":13463,"menu_order":0,"comment_status":"closed","ping_status":"closed","template":"","meta":{"_acf_changed":false,"footnotes":""},"class_list":["post-15379","page","type-page","status-publish","has-post-thumbnail","hentry"],"acf":[],"_links":{"self":[{"href":"https:\/\/steinberglawfirm-staging.clmcloud.app\/es\/wp-json\/wp\/v2\/pages\/15379"}],"collection":[{"href":"https:\/\/steinberglawfirm-staging.clmcloud.app\/es\/wp-json\/wp\/v2\/pages"}],"about":[{"href":"https:\/\/steinberglawfirm-staging.clmcloud.app\/es\/wp-json\/wp\/v2\/types\/page"}],"author":[{"embeddable":true,"href":"https:\/\/steinberglawfirm-staging.clmcloud.app\/es\/wp-json\/wp\/v2\/users\/1"}],"replies":[{"embeddable":true,"href":"https:\/\/steinberglawfirm-staging.clmcloud.app\/es\/wp-json\/wp\/v2\/comments?post=15379"}],"version-history":[{"count":7,"href":"https:\/\/steinberglawfirm-staging.clmcloud.app\/es\/wp-json\/wp\/v2\/pages\/15379\/revisions"}],"predecessor-version":[{"id":26727,"href":"https:\/\/steinberglawfirm-staging.clmcloud.app\/es\/wp-json\/wp\/v2\/pages\/15379\/revisions\/26727"}],"up":[{"embeddable":true,"href":"https:\/\/steinberglawfirm-staging.clmcloud.app\/es\/wp-json\/wp\/v2\/pages\/13463"}],"wp:featuredmedia":[{"embeddable":true,"href":"https:\/\/steinberglawfirm-staging.clmcloud.app\/es\/wp-json\/wp\/v2\/media\/20608"}],"wp:attachment":[{"href":"https:\/\/steinberglawfirm-staging.clmcloud.app\/es\/wp-json\/wp\/v2\/media?parent=15379"}],"curies":[{"name":"wp","href":"https:\/\/api.w.org\/{rel}","templated":true}]}}