{"id":15378,"date":"2021-01-24T20:10:14","date_gmt":"2021-01-24T20:10:14","guid":{"rendered":"https:\/\/www.steinberglawfirm.com\/?page_id=14784"},"modified":"2024-01-26T22:16:15","modified_gmt":"2024-01-26T22:16:15","slug":"injured-warehouse-workers","status":"publish","type":"page","link":"https:\/\/steinberglawfirm-staging.clmcloud.app\/es\/ubicaciones\/north-charleston\/abogado-especialista-en-indemnizaciones-laborales\/heridos-trabajadores-de-almacen\/","title":{"rendered":"Trabajadores de almac\u00e9n lesionados"},"content":{"rendered":"<h1 class=\"wp-block-heading\">North Charleston Abogado de indemnizaci\u00f3n laboral para trabajadores de almac\u00e9n lesionados<\/h1>\n\n\n\n<p>M\u00e1s de 1,1 millones de personas trabajan en almacenes en Estados Unidos. El n\u00famero de trabajadores de almac\u00e9n no ha dejado de crecer desde hace a\u00f1os debido a la naturaleza cambiante del comercio. Por desgracia, <a href=\"https:\/\/www.steinberglawfirm.com\/workers-compensation\/warehouse-injury-lawyers\/\" target=\"_blank\" rel=\"noopener\">trabajar en un almac\u00e9n<\/a> puede ser extremadamente peligroso y muchos de estos empleados resultan heridos o mueren mientras trabajan en esta industria.<\/p>\n\n\n\n<p>Las lesiones en el trabajo ponen en peligro el sustento de una persona y su capacidad para mantenerse a s\u00ed misma y a su familia. Los efectos de una lesi\u00f3n van mucho m\u00e1s all\u00e1 de lo f\u00edsico. La p\u00e9rdida de ingresos y de potencial de ganancia, la incapacidad permanente, la deuda m\u00e9dica, la bancarrota, la adicci\u00f3n a las drogas y otros problemas dif\u00edciles han sido causados por un solo accidente de trabajo.<\/p>\n\n\n\n<p>Si usted o un ser querido fueron <a href=\"https:\/\/www.steinberglawfirm.com\/workers-compensation\/warehouse-injury-lawyers\/amazon-warehouse-worker-injury-attorneys\/\" target=\"_blank\" rel=\"noopener\">herido o muerto mientras trabajaba en un almac\u00e9n<\/a> en North Charleston, South Carolina, llame a los abogados de indemnizaci\u00f3n laboral al Steinberg Law Firm. <a href=\"https:\/\/www.steinberglawfirm.com\/locations\/north-charleston\/workers-compensation-lawyer\/\" target=\"_blank\" rel=\"noopener\">Podr\u00edas tener derecho a una indemnizaci\u00f3n por accidente de trabajo por tu lesi\u00f3n<\/a> y te mereces que te paguen justamente.<\/p>\n\n\n\n<p><strong>Peligros del almac\u00e9n<\/strong><\/p>\n\n\n\n<p>Dependiendo del tipo de trabajo que se realice, los almacenes ofrecen un sinf\u00edn de oportunidades para lesionarse. Algunas de las tareas de almac\u00e9n con altos \u00edndices de lesiones son:<\/p>\n\n\n\n<p>- Subir escaleras<br>- Manejo de carretillas elevadoras, transpaletas y otra maquinaria pesada<br>- Recogida de productos para su env\u00edo<br>- Desembalaje de las existencias entrantes<br>- Inspecci\u00f3n de mercanc\u00edas<br>- \u00d3rdenes de clasificaci\u00f3n<br>- Levantar objetos pesados<br>- Procesamiento de art\u00edculos en una cinta transportadora<br>- Utilizar movimientos repetitivos de la mano<br>- Trabajar cerca o con m\u00e1quinas automatizadas y robots<\/p>\n\n\n\n<p>Adem\u00e1s de los riesgos generales que conlleva este tipo de trabajo, algunos empleados de almac\u00e9n tambi\u00e9n se enfrentan a unas condiciones de trabajo deficientes. El riesgo de lesiones y muerte aumenta considerablemente cuando la seguridad no es una prioridad para la direcci\u00f3n. La salud mental tambi\u00e9n puede verse afectada.<\/p>\n\n\n\n<p><strong>Lesiones comunes en el almac\u00e9n <\/strong><\/p>\n\n\n\n<p>El tipo de trabajo que se realiza y los materiales que se manipulan en el almac\u00e9n influyen en el riesgo para los trabajadores, pero hay amenazas en todas partes. Las lesiones sufridas al trabajar en un almac\u00e9n pueden ser graves e incluso mortales. Las lesiones m\u00e1s comunes que sufren los trabajadores de los almacenes son:<\/p>\n\n\n\n<p>- Huesos rotos<br>- <a href=\"https:\/\/www.steinberglawfirm.com\/practice-areas\/workers-compensation\/workers-compensation-for-an-employee-who-suffers-a-back-injury-at-work\/\" target=\"_blank\" rel=\"noopener\">Tensi\u00f3n en la espalda y el cuello<\/a><br>- <a href=\"https:\/\/www.steinberglawfirm.com\/practice-areas\/head-brain-and-spine-injuries\/spinal-column-injuries\/\" target=\"_blank\" rel=\"noopener\">Lesiones de la columna vertebral<\/a><br>- <a href=\"https:\/\/www.steinberglawfirm.com\/practice-areas\/serious-injury-cases\/traumatic-brain-injury\/\" target=\"_blank\" rel=\"noopener\">Traumatismos craneoencef\u00e1licos<\/a><br>- <a href=\"https:\/\/www.steinberglawfirm.com\/practice-areas\/workers-compensation\/workers-compensation-for-an-employee-who-suffers-a-burn-injury\/\" target=\"_blank\" rel=\"noopener\">Quemaduras<\/a><br>- Cortes y laceraciones<br>- Dedos cortados o aplastados<br>- <a href=\"https:\/\/www.steinberglawfirm.com\/practice-areas\/workers-compensation\/repetitive-motion-injuries-south-carolina\/\" target=\"_blank\" rel=\"noopener\">S\u00edndrome del t\u00fanel carpiano (por hacer movimientos repetitivos)<\/a><\/p>\n\n\n\n<p><strong>South Carolina Conceptos b\u00e1sicos de la compensaci\u00f3n de los trabajadores<\/strong><\/p>\n\n\n\n<p>South Carolina obliga a los empresarios a contratar un seguro de indemnizaci\u00f3n por accidente laboral para sus empleados en la mayor\u00eda de los casos. Estas protecciones permiten a los trabajadores que se han lesionado en el trabajo recuperar los costes m\u00e9dicos, los salarios perdidos y otros gastos incurridos como consecuencia de su accidente.<\/p>\n\n\n\n<p>A cambio, los trabajadores lesionados no pueden demandar a su empleador por su lesi\u00f3n. Las reclamaciones de compensaci\u00f3n de los trabajadores no se basan en la negligencia, lo que significa que el empleador no tiene que ser culpable de la lesi\u00f3n para que usted sea compensado como lo har\u00eda en un <a href=\"https:\/\/www.steinberglawfirm.com\/practice-areas\/personal-injury\/\" target=\"_blank\" rel=\"noopener\">demanda por da\u00f1os y perjuicios<\/a>. Si la lesi\u00f3n se produjo mientras trabajaba en un almac\u00e9n o en el \u00e1mbito del empleo, es probable que est\u00e9 cubierta por las leyes de indemnizaci\u00f3n de los trabajadores de South Carolina.<\/p>\n\n\n\n<p>Sin embargo, aunque las prestaciones de compensaci\u00f3n de los trabajadores est\u00e1n disponibles para todos los trabajadores lesionados, la cantidad concedida al trabajador sigue estando sujeta al proceso de reclamaciones de la compa\u00f1\u00eda de seguros. Esto puede convertirse en un calvario complicado y frustrante.<\/p>\n\n\n\n<p><strong>\u00bfNecesito un abogado para mi reclamaci\u00f3n de compensaci\u00f3n laboral?<\/strong><\/p>\n\n\n\n<p><a href=\"https:\/\/www.steinberglawfirm.com\/faq\/faq-workers-compensation\/why-do-i-need-a-workers-compensation-lawyer-shouldnt-i-just-contact-the-insurance-company-by-myself\/\" target=\"_blank\" rel=\"noopener\">Las compa\u00f1\u00edas de seguros son notoriamente dif\u00edciles de trabajar<\/a>. Los ajustadores est\u00e1n entrenados para aprovechar cualquier oportunidad para reducir un pago y pueden ser bastante agresivos y solapados. Las compa\u00f1\u00edas de seguros hacen que el proceso sea frustrante a prop\u00f3sito, con la esperanza de que los trabajadores lesionados se den por vencidos y acepten un acuerdo menor s\u00f3lo para acabar con \u00e9l.<\/p>\n\n\n\n<p><a href=\"https:\/\/steinberglawfirm.com\/practice-areas\/workers-compensation\/\" target=\"_blank\" rel=\"noopener\">La contrataci\u00f3n de un abogado especializado en indemnizaciones por accidentes de trabajo nivela el terreno de juego<\/a>. Los abogados entienden las t\u00e1cticas utilizadas por las compa\u00f1\u00edas de seguros y los empleadores para evitar pagar y saben c\u00f3mo contrarrestarlas. Su abogado luchar\u00e1 por usted y negociar\u00e1 un acuerdo de compensaci\u00f3n laboral justo.<\/p>\n\n\n\n<p>Adem\u00e1s, las leyes de compensaci\u00f3n laboral son complicadas. Un abogado seguir\u00e1 exactamente el proceso legal requerido y ayudar\u00e1 a que su reclamaci\u00f3n se desarrolle sin problemas. Saber que los detalles de su caso son manejados por un profesional puede ayudarle a concentrar su energ\u00eda en la curaci\u00f3n, no en las estresantes legalidades.<\/p>\n\n\n\n<figure class=\"wp-block-embed is-type-video is-provider-youtube wp-block-embed-youtube wp-embed-aspect-16-9 wp-has-aspect-ratio\"><div class=\"wp-block-embed__wrapper\">\n<iframe loading=\"lazy\" title=\"Workers&#039; Comp reclamaciones son complicadas. Consiga la firma detr\u00e1s de usted\" width=\"500\" height=\"281\" src=\"https:\/\/www.youtube.com\/embed\/Y8Gp8slO0oE?feature=oembed\" frameborder=\"0\" allow=\"accelerometer; autoplay; clipboard-write; encrypted-media; gyroscope; picture-in-picture; web-share\" referrerpolicy=\"strict-origin-when-cross-origin\" allowfullscreen><\/iframe>\n<\/div><\/figure>\n\n\n\n<p>Dependiendo de los detalles de la lesi\u00f3n, tambi\u00e9n podr\u00eda presentar una reclamaci\u00f3n por da\u00f1os personales adem\u00e1s de la indemnizaci\u00f3n por accidente de trabajo. Una reclamaci\u00f3n de indemnizaci\u00f3n por accidente de trabajo no tiene por qu\u00e9 basarse en la negligencia, pero eso no significa que no pueda encontrarse la culpa. Si la negligencia de un tercero contribuy\u00f3 a la lesi\u00f3n, por ejemplo en una situaci\u00f3n de mal funcionamiento del equipo, podr\u00eda ser considerado responsable.<\/p>\n\n\n\n<p><strong>Qu\u00e9 hacer si te lesionas en el trabajo<\/strong><\/p>\n\n\n\n<p>Hay pasos que hay que seguir despu\u00e9s de una lesi\u00f3n en el trabajo y es esencial que se sigan exactamente para preservar sus derechos.<\/p>\n\n\n\n<p>- <strong>Notifique inmediatamente su lesi\u00f3n a un supervisor.<\/strong> El incidente debe estar bien documentado. La compa\u00f1\u00eda de seguros se fijar\u00e1 en detalles como \u00e9ste cuando investigue tu reclamaci\u00f3n. Presenta una denuncia lo antes posible para recordar todo lo posible.<br>- <strong>Busca atenci\u00f3n m\u00e9dica.<\/strong> Evidentemente, si la lesi\u00f3n es grave, ser\u00e1 necesaria una atenci\u00f3n inmediata. Sigue siendo fundamental que te vea un m\u00e9dico aunque creas que tu lesi\u00f3n es menor o que puedes superarla. El dolor y los da\u00f1os pueden aparecer horas o incluso d\u00edas despu\u00e9s de producirse el incidente. En ese momento, el da\u00f1o puede ser mayor si no se recibe tratamiento o se aguanta el dolor, y la compa\u00f1\u00eda de seguros puede aprovechar el retraso en la atenci\u00f3n como prueba de que la lesi\u00f3n es menos grave de lo que realmente es.<br>- <strong>Seguir el protocolo y las instrucciones de la empresa en relaci\u00f3n con el proceso de indemnizaci\u00f3n de los trabajadores.<\/strong> Por ejemplo, su empresa tiene derecho a elegir el m\u00e9dico al que debe acudir. Si acude a otro proveedor sin el consentimiento de su empleador, es posible que esos gastos no est\u00e9n cubiertos.<br>- <strong>Hable con un abogado con experiencia en indemnizaciones laborales.<\/strong> Las leyes de compensaci\u00f3n laboral son complicadas y el proceso de presentaci\u00f3n de una reclamaci\u00f3n puede resultar tedioso. Un <a href=\"https:\/\/www.steinberglawfirm.com\/contact-us\/\" target=\"_blank\" rel=\"noopener\">El abogado se asegurar\u00e1 de que se sigan todos los protocolos<\/a> y que la compa\u00f1\u00eda de seguros y su empleador le paguen por su lesi\u00f3n.<\/p>\n\n\n\n<h2 class=\"wp-block-heading\">P\u00f3ngase en contacto con un abogado de compensaci\u00f3n de trabajadores North Charleston hoy<\/h2>\n\n\n\n<p>Si se ha lesionado mientras trabajaba en un almac\u00e9n en North Charleston, South Carolina, tiene derechos y merece una compensaci\u00f3n justa. No deje que las compa\u00f1\u00edas de seguros jueguen con usted o con su medio de vida.<\/p>\n\n\n\n<p>Llame a uno de los <a href=\"https:\/\/www.steinberglawfirm.com\/\" target=\"_blank\" rel=\"noopener\">abogados especializados en indemnizaciones laborales en el Steinberg Law Firm<\/a> si usted o un ser querido se lesion\u00f3 o muri\u00f3 en el trabajo. Nuestro <a href=\"https:\/\/www.steinberglawfirm.com\/office-locations\/charleston-office\/\" target=\"_blank\" rel=\"noopener\">Oficina Charleston<\/a> se puede llegar a trav\u00e9s de <a href=\"tel:18437202800\">llamando al (843) 720-2800<\/a>. Como siempre, <a href=\"https:\/\/www.steinberglawfirm.com\/free-consultation\/\" target=\"_blank\" rel=\"noopener\">su consulta inicial es gratuita<\/a>.<\/p>","protected":false},"excerpt":{"rendered":"<p>North Charleston Abogado de Compensaci\u00f3n Laboral para Trabajadores de Almac\u00e9n lesionados M\u00e1s de 1,1 millones de personas trabajan en almacenes en los Estados Unidos. El n\u00famero de trabajadores de almac\u00e9n ha crecido constantemente durante a\u00f1os debido a la naturaleza cambiante del comercio. Desafortunadamente, trabajar en un almac\u00e9n puede ser extremadamente peligroso y muchos de estos empleados...<\/p>","protected":false},"author":1,"featured_media":20608,"parent":13463,"menu_order":0,"comment_status":"closed","ping_status":"closed","template":"","meta":{"_acf_changed":false,"footnotes":""},"class_list":["post-15378","page","type-page","status-publish","has-post-thumbnail","hentry"],"acf":[],"_links":{"self":[{"href":"https:\/\/steinberglawfirm-staging.clmcloud.app\/es\/wp-json\/wp\/v2\/pages\/15378"}],"collection":[{"href":"https:\/\/steinberglawfirm-staging.clmcloud.app\/es\/wp-json\/wp\/v2\/pages"}],"about":[{"href":"https:\/\/steinberglawfirm-staging.clmcloud.app\/es\/wp-json\/wp\/v2\/types\/page"}],"author":[{"embeddable":true,"href":"https:\/\/steinberglawfirm-staging.clmcloud.app\/es\/wp-json\/wp\/v2\/users\/1"}],"replies":[{"embeddable":true,"href":"https:\/\/steinberglawfirm-staging.clmcloud.app\/es\/wp-json\/wp\/v2\/comments?post=15378"}],"version-history":[{"count":6,"href":"https:\/\/steinberglawfirm-staging.clmcloud.app\/es\/wp-json\/wp\/v2\/pages\/15378\/revisions"}],"predecessor-version":[{"id":30431,"href":"https:\/\/steinberglawfirm-staging.clmcloud.app\/es\/wp-json\/wp\/v2\/pages\/15378\/revisions\/30431"}],"up":[{"embeddable":true,"href":"https:\/\/steinberglawfirm-staging.clmcloud.app\/es\/wp-json\/wp\/v2\/pages\/13463"}],"wp:featuredmedia":[{"embeddable":true,"href":"https:\/\/steinberglawfirm-staging.clmcloud.app\/es\/wp-json\/wp\/v2\/media\/20608"}],"wp:attachment":[{"href":"https:\/\/steinberglawfirm-staging.clmcloud.app\/es\/wp-json\/wp\/v2\/media?parent=15378"}],"curies":[{"name":"wp","href":"https:\/\/api.w.org\/{rel}","templated":true}]}}