{"id":15377,"date":"2021-01-24T20:01:46","date_gmt":"2021-01-24T20:01:46","guid":{"rendered":"https:\/\/www.steinberglawfirm.com\/?page_id=14780"},"modified":"2023-08-10T23:09:31","modified_gmt":"2023-08-10T23:09:31","slug":"injured-delivery-driver","status":"publish","type":"page","link":"https:\/\/steinberglawfirm-staging.clmcloud.app\/es\/ubicaciones\/north-charleston\/abogado-especialista-en-indemnizaciones-laborales\/conductor-de-reparto-herido\/","title":{"rendered":"Conductor de reparto herido"},"content":{"rendered":"<h1 class=\"wp-block-heading\">North Charleston Abogado de compensaci\u00f3n laboral para conductores de reparto lesionados<\/h1>\n\n\n\n<p>Cada d\u00eda, los repartidores de todo el pa\u00eds trabajan duro para llevar las cosas a su destino. Independientemente de lo que entreguen, desempe\u00f1an un papel fundamental en la sociedad. A pesar de su importancia, los repartidores siempre corren el riesgo de sufrir lesiones en el trabajo que a menudo son graves e incluso mortales.<\/p>\n\n\n\n<p>Si usted o un ser querido se ha lesionado o ha muerto mientras trabajaba como conductor de reparto en North Charleston, South Carolina, llame a los abogados especialistas en compensaci\u00f3n laboral del Steinberg Law Firm. <a href=\"https:\/\/www.steinberglawfirm.com\/locations\/north-charleston\/workers-compensation-lawyer\/\" target=\"_blank\" rel=\"noopener\">Podr\u00edas tener derecho a una indemnizaci\u00f3n por accidente de trabajo<\/a>y deber\u00eda obtener la cantidad total que su caso merece.<\/p>\n\n\n\n<p><strong>South Carolina Leyes de indemnizaci\u00f3n de los trabajadores<\/strong><\/p>\n\n\n\n<p>Los empresarios de South Carolina deben contratar un seguro de indemnizaci\u00f3n para sus empleados en la mayor\u00eda de los casos. Esta cobertura proporciona una compensaci\u00f3n por los gastos m\u00e9dicos y la p\u00e9rdida de trabajo tras una lesi\u00f3n en el lugar de trabajo. Tambi\u00e9n hace que un trabajador lesionado no pueda demandar a su empleador.<\/p>\n\n\n\n<p>Estas reclamaciones no se basan en la negligencia, como lo har\u00eda una demanda por lesiones personales. Si la lesi\u00f3n se produjo en el trabajo o en el \u00e1mbito del empleo, es probable que est\u00e9 cubierta por las leyes de indemnizaci\u00f3n de los trabajadores de South Carolina.<\/p>\n\n\n\n<p>A pesar de que los beneficios de compensaci\u00f3n de los trabajadores est\u00e1n disponibles para todos los trabajadores lesionados, todav\u00eda est\u00e1n sujetos al proceso de reclamaciones de una compa\u00f1\u00eda de seguros. Desafortunadamente, las compa\u00f1\u00edas de seguros no existen para pagar a los trabajadores lesionados tanto como puedan mientras est\u00e1n incapacitados para trabajar. Aumentan sus propios resultados pagando lo menos posible y pueden ser bastante agresivos al hacerlo.<\/p>\n\n\n\n<p><strong>Factores de riesgo para los conductores de reparto<\/strong><\/p>\n\n\n\n<p>Los conductores de reparto est\u00e1n sometidos a una intensa presi\u00f3n para ser lo m\u00e1s r\u00e1pidos y eficientes posible. Las empresas de transporte siempre compiten por ser las m\u00e1s r\u00e1pidas y reducir al m\u00e1ximo sus plazos de entrega, y muchas hacen un seguimiento de sus conductores para asegurarse de que trabajan con rapidez. Las prisas y el estr\u00e9s por llegar a tiempo aumentan el riesgo de lesiones. En especial, hace que un conductor tenga m\u00e1s probabilidades de verse implicado en un accidente de tr\u00e1fico. Tambi\u00e9n puede contribuir a las lesiones por resbalones y ca\u00eddas.<\/p>\n\n\n\n<p>Los conductores de reparto se enfrentan a algunas condiciones enga\u00f1osamente peligrosas a lo largo de sus d\u00edas de trabajo. Hay muchas posibilidades de que se produzcan lesiones en cada paso del proceso de entrega, independientemente de qu\u00e9 o a qui\u00e9n entregue el conductor. Por ejemplo, s\u00f3lo con llevar un paquete desde el cami\u00f3n hasta la propiedad del destinatario, un conductor de reparto puede resbalar en superficies h\u00famedas o heladas, caerse por las escaleras o ser mordido por un perro.<\/p>\n\n\n\n<p>Cualquiera de estas lesiones pone a los conductores de reparto en riesgo de discapacidad permanente y dolor cr\u00f3nico que puede conducir a la p\u00e9rdida de trabajo y una serie de otras consecuencias. Cuando son lo suficientemente graves, estas lesiones pueden hacer imposible seguir trabajando como conductor de reparto y forzar un cambio de carrera.<\/p>\n\n\n\n<p><strong>Lesiones comunes que sufren los repartidores <\/strong><\/p>\n\n\n\n<p>Los movimientos repetitivos y el levantamiento de objetos pesados asociados a la clasificaci\u00f3n, la carga y la entrega de paquetes hacen que los trabajadores corran el riesgo de sufrir determinadas lesiones, como por ejemplo<\/p>\n\n\n\n<p>- <a href=\"https:\/\/www.steinberglawfirm.com\/practice-areas\/workers-compensation\/workers-compensation-for-an-employee-who-suffers-a-back-injury-at-work\/\" target=\"_blank\" rel=\"noopener\">Tensi\u00f3n en la espalda<\/a><br>- <a href=\"https:\/\/www.steinberglawfirm.com\/practice-areas\/workers-compensation\/workers-compensation-for-an-employee-who-suffers-a-neck-injury-at-work\/\" target=\"_blank\" rel=\"noopener\">Tensi\u00f3n en el cuello<\/a><br>- <a href=\"https:\/\/www.steinberglawfirm.com\/articles\/shoulder-dislocation\/\" target=\"_blank\" rel=\"noopener\">Lesiones del hombro y del manguito de los rotadores<\/a><br>- Rotura y abultamiento de discos<br>- Huesos rotos<br>- Cortes y laceraciones<br>- Lesiones de rodilla<br>- Lesiones en manos, mu\u00f1ecas y brazos<\/p>\n\n\n\n<p>Los conductores de reparto que manejan grandes camiones de reparto se enfrentan a un mayor riesgo de accidentes de tr\u00e1fico que suelen ser m\u00e1s peligrosos que los accidentes en los que s\u00f3lo est\u00e1n implicados veh\u00edculos de pasajeros. Incluso los repartidores que utilizan sus propios coches corren el riesgo de verse involucrados en un accidente en la carretera. Estos accidentes pueden causar la muerte y lesiones tales como:<\/p>\n\n\n\n<p>- <a href=\"https:\/\/www.steinberglawfirm.com\/practice-areas\/serious-injury-cases\/traumatic-brain-injury\/\" target=\"_blank\" rel=\"noopener\">Lesiones cerebrales traum\u00e1ticas<\/a><br>- <a href=\"https:\/\/www.steinberglawfirm.com\/practice-areas\/head-brain-and-spine-injuries\/spinal-column-injuries\/\" target=\"_blank\" rel=\"noopener\">Da\u00f1os en la columna vertebral<\/a><br>- Latigazo cervical<br>- Laceraciones profundas<br>- Huesos rotos<br>- Da\u00f1os en los \u00f3rganos internos<br>- Hemorragia interna<br>- <a href=\"https:\/\/www.steinberglawfirm.com\/practice-areas\/serious-injury-cases\/traumatic-amputation-injuries\/\" target=\"_blank\" rel=\"noopener\">P\u00e9rdida de la extremidad<\/a><br>- <a href=\"https:\/\/www.steinberglawfirm.com\/practice-areas\/workers-compensation\/workers-compensation-for-an-employee-who-suffers-a-burn-injury\/\" target=\"_blank\" rel=\"noopener\">Quemaduras<\/a><\/p>\n\n\n\n<p><strong>\u00bfNecesito un abogado para mi reclamaci\u00f3n de compensaci\u00f3n laboral?<\/strong><\/p>\n\n\n\n<p>Como en cualquier reclamaci\u00f3n al seguro, es probable que no se enfrente a un proceso sencillo ni a una indemnizaci\u00f3n justa. Las compa\u00f1\u00edas de seguros quieren pagar a los trabajadores lesionados lo menos posible. As\u00ed es como maximizan sus propios beneficios. A menudo, complican el proceso a prop\u00f3sito, esperando que usted se frustre y ceda.<\/p>\n\n\n\n<p>A <a href=\"https:\/\/www.steinberglawfirm.com\/faq\/faq-workers-compensation\/why-do-i-need-a-workers-compensation-lawyer-shouldnt-i-just-contact-the-insurance-company-by-myself\/\" target=\"_blank\" rel=\"noopener\">El abogado de compensaci\u00f3n de trabajadores entiende las t\u00e1cticas utilizadas por las compa\u00f1\u00edas de seguros<\/a> y los empresarios para no pagar y sabe c\u00f3mo contrarrestarlos. Son h\u00e1biles negociadores. La compa\u00f1\u00eda de seguros no tendr\u00e1 en cuenta sus intereses, pero su abogado luchar\u00e1 por ellos.<\/p>\n\n\n\n<p>Adem\u00e1s, las leyes de compensaci\u00f3n laboral son complicadas. Un abogado puede ayudarle a seguir el proceso legal con exactitud y a que su reclamaci\u00f3n se desarrolle sin problemas. En algunos casos, como cuando un conductor de reparto se ve implicado en un accidente de tr\u00e1fico, se puede presentar una reclamaci\u00f3n por da\u00f1os personales adem\u00e1s de la indemnizaci\u00f3n por accidente laboral. Un abogado puede examinar los detalles de la lesi\u00f3n y aconsejar sobre la mejor forma de proceder.<\/p>\n\n\n\n<figure class=\"wp-block-embed is-type-video is-provider-youtube wp-block-embed-youtube wp-embed-aspect-16-9 wp-has-aspect-ratio\"><div class=\"wp-block-embed__wrapper\">\n<iframe loading=\"lazy\" title=\"Workers&#039; Comp reclamaciones son complicadas. Consiga la firma detr\u00e1s de usted\" width=\"500\" height=\"281\" src=\"https:\/\/www.youtube.com\/embed\/Y8Gp8slO0oE?feature=oembed\" frameborder=\"0\" allow=\"accelerometer; autoplay; clipboard-write; encrypted-media; gyroscope; picture-in-picture; web-share\" referrerpolicy=\"strict-origin-when-cross-origin\" allowfullscreen><\/iframe>\n<\/div><\/figure>\n\n\n\n<p><strong>Qu\u00e9 hacer si te lesionas en el trabajo<\/strong><\/p>\n\n\n\n<p>Hay pasos a seguir despu\u00e9s de una lesi\u00f3n en el trabajo y es esencial que se sigan para proteger sus derechos. Son:<\/p>\n\n\n\n<p>- <strong>Notifique inmediatamente su lesi\u00f3n a un supervisor.<\/strong> Esto es importante porque crea un registro del incidente y establece la hora y el lugar de la lesi\u00f3n. La compa\u00f1\u00eda de seguros se fijar\u00e1 en detalles como \u00e9ste cuando investigue tu reclamaci\u00f3n.<br>- <strong>Si te has visto implicado en un accidente de tr\u00e1fico o en el ataque de un animal, llama a la polic\u00eda. <\/strong><br>- <strong>Aseg\u00farese de seguir el protocolo de notificaci\u00f3n de lesiones de la empresa.<\/strong> Presente una denuncia tan pronto como pueda para recordar lo m\u00e1s posible.<br>- <strong>Busca atenci\u00f3n m\u00e9dica.<\/strong> Llama a una ambulancia si tu lesi\u00f3n es grave. Aunque creas que tu lesi\u00f3n es menor o que puedes superarla, es fundamental que te eval\u00fae un m\u00e9dico. Su empleador tiene derecho a elegir el m\u00e9dico al que debe acudir. Si acude a otro m\u00e9dico sin el consentimiento de su empresa, es posible que los gastos no est\u00e9n cubiertos.<br>- <strong>P\u00f3ngase en contacto con un abogado experto en indemnizaciones laborales.<\/strong> Las leyes de compensaci\u00f3n laboral son complicadas y el proceso de presentaci\u00f3n de una reclamaci\u00f3n puede resultar tedioso. Un <a href=\"https:\/\/www.steinberglawfirm.com\/contact-us\/\" target=\"_blank\" rel=\"noopener\">El abogado se asegurar\u00e1 de que se sigan todos los protocolos<\/a> y que la compa\u00f1\u00eda de seguros y su empleador le paguen por su lesi\u00f3n.<\/p>\n\n\n\n<h2 class=\"wp-block-heading\">P\u00f3ngase en contacto con un abogado de compensaci\u00f3n de trabajadores North Charleston hoy<\/h2>\n\n\n\n<p>Si se ha lesionado mientras trabajaba como conductor de reparto en North Charleston, South Carolina, tiene derechos y merece una compensaci\u00f3n justa. No deje que las compa\u00f1\u00edas de seguros jueguen con usted o con su medio de vida.<\/p>\n\n\n\n<p><a href=\"https:\/\/steinberglawfirm.com\/practice-areas\/workers-compensation\/\" target=\"_blank\" rel=\"noopener\">Llame a uno de los abogados especializados en indemnizaciones laborales<\/a> en <a href=\"https:\/\/www.steinberglawfirm.com\/\" target=\"_blank\" rel=\"noopener\">Steinberg Law Firm<\/a> si usted o un ser querido se lesion\u00f3 o muri\u00f3 en el trabajo. Nuestro <a href=\"https:\/\/www.steinberglawfirm.com\/office-locations\/charleston-office\/\" target=\"_blank\" rel=\"noopener\">Oficina Charleston<\/a> se puede llegar a trav\u00e9s de <a href=\"tel:18437202800\">llamando al (843) 720-2800<\/a>. Como siempre, <a href=\"https:\/\/www.steinberglawfirm.com\/free-consultation\/\" target=\"_blank\" rel=\"noopener\">su consulta inicial es gratuita<\/a>.<\/p>","protected":false},"excerpt":{"rendered":"<p>North Charleston Abogado de Compensaci\u00f3n de Trabajadores para los conductores de entrega lesionados Todos los d\u00edas, los conductores de entrega en todo el pa\u00eds est\u00e1n trabajando duro para llevar las cosas donde tienen que ir. No importa lo que est\u00e1n entregando que juegan un papel cr\u00edtico en la sociedad. A pesar de su importancia, los conductores de entrega siempre est\u00e1n en riesgo de lesiones en el trabajo...<\/p>","protected":false},"author":1,"featured_media":20608,"parent":13463,"menu_order":0,"comment_status":"closed","ping_status":"closed","template":"","meta":{"_acf_changed":false,"footnotes":""},"class_list":["post-15377","page","type-page","status-publish","has-post-thumbnail","hentry"],"acf":[],"_links":{"self":[{"href":"https:\/\/steinberglawfirm-staging.clmcloud.app\/es\/wp-json\/wp\/v2\/pages\/15377"}],"collection":[{"href":"https:\/\/steinberglawfirm-staging.clmcloud.app\/es\/wp-json\/wp\/v2\/pages"}],"about":[{"href":"https:\/\/steinberglawfirm-staging.clmcloud.app\/es\/wp-json\/wp\/v2\/types\/page"}],"author":[{"embeddable":true,"href":"https:\/\/steinberglawfirm-staging.clmcloud.app\/es\/wp-json\/wp\/v2\/users\/1"}],"replies":[{"embeddable":true,"href":"https:\/\/steinberglawfirm-staging.clmcloud.app\/es\/wp-json\/wp\/v2\/comments?post=15377"}],"version-history":[{"count":5,"href":"https:\/\/steinberglawfirm-staging.clmcloud.app\/es\/wp-json\/wp\/v2\/pages\/15377\/revisions"}],"predecessor-version":[{"id":26732,"href":"https:\/\/steinberglawfirm-staging.clmcloud.app\/es\/wp-json\/wp\/v2\/pages\/15377\/revisions\/26732"}],"up":[{"embeddable":true,"href":"https:\/\/steinberglawfirm-staging.clmcloud.app\/es\/wp-json\/wp\/v2\/pages\/13463"}],"wp:featuredmedia":[{"embeddable":true,"href":"https:\/\/steinberglawfirm-staging.clmcloud.app\/es\/wp-json\/wp\/v2\/media\/20608"}],"wp:attachment":[{"href":"https:\/\/steinberglawfirm-staging.clmcloud.app\/es\/wp-json\/wp\/v2\/media?parent=15377"}],"curies":[{"name":"wp","href":"https:\/\/api.w.org\/{rel}","templated":true}]}}