{"id":15376,"date":"2021-01-23T00:14:57","date_gmt":"2021-01-23T00:14:57","guid":{"rendered":"https:\/\/www.steinberglawfirm.com\/?page_id=14774"},"modified":"2023-08-10T23:09:50","modified_gmt":"2023-08-10T23:09:50","slug":"mechanic-injury","status":"publish","type":"page","link":"https:\/\/steinberglawfirm-staging.clmcloud.app\/es\/ubicaciones\/north-charleston\/abogado-especialista-en-indemnizaciones-laborales\/mecanico-lesionado-2\/","title":{"rendered":"Lesi\u00f3n mec\u00e1nica"},"content":{"rendered":"<h1 class=\"wp-block-heading\">North Charleston Abogado de indemnizaci\u00f3n laboral para mec\u00e1nicos lesionados<\/h1>\n\n\n\n<p>Trabajar como mec\u00e1nico o t\u00e9cnico de autom\u00f3viles es a menudo un sue\u00f1o hecho realidad para los entusiastas del autom\u00f3vil. Sin embargo, el trabajo puede ser peligroso. Los mec\u00e1nicos corren el riesgo de sufrir lesiones, discapacidades o incluso la muerte cada d\u00eda en su trabajo.<\/p>\n\n\n\n<p>Si usted o un ser querido se lesion\u00f3 o muri\u00f3 mientras trabajaba como mec\u00e1nico en North Charleston, South Carolina, <a href=\"https:\/\/steinberglawfirm.com\/practice-areas\/workers-compensation\/\" target=\"_blank\" rel=\"noopener\">llame a los abogados especializados en indemnizaciones laborales al Steinberg Law Firm<\/a>. Usted podr\u00eda tener derecho a las prestaciones de compensaci\u00f3n de los trabajadores por su lesi\u00f3n y merece que se le pague de forma justa.<\/p>\n\n\n\n<p><strong>Lesiones comunes de los mec\u00e1nicos <\/strong><\/p>\n\n\n\n<p>Las lesiones sufridas mientras se trabaja como mec\u00e1nico pueden ser graves e incluso mortales. Las lesiones m\u00e1s comunes que sufren los mec\u00e1nicos y t\u00e9cnicos son:<br>- Huesos rotos<br>- <a href=\"https:\/\/www.steinberglawfirm.com\/workers-compensation\/workers-compensation-for-an-employee-who-suffers-a-back-injury-at-work\/\" target=\"_blank\" rel=\"noopener\">Volver<\/a> y <a href=\"https:\/\/www.steinberglawfirm.com\/workers-compensation\/workers-compensation-for-an-employee-who-suffers-a-neck-injury-at-work\/\" target=\"_blank\" rel=\"noopener\">tensi\u00f3n en el cuello<\/a><br>- <a href=\"https:\/\/www.steinberglawfirm.com\/personal-injury\/head-brain-and-spine-injuries\/spinal-column-injuries\/\" target=\"_blank\" rel=\"noopener\">Lesiones de la columna vertebral<\/a><br>- Lesiones por aplastamiento<br>- <a href=\"https:\/\/www.steinberglawfirm.com\/personal-injury\/serious-injury-cases\/traumatic-brain-injury\/\" target=\"_blank\" rel=\"noopener\">Traumatismos craneoencef\u00e1licos<\/a><br>- Descarga el\u00e9ctrica<br>- <a href=\"https:\/\/www.steinberglawfirm.com\/workers-compensation\/workers-compensation-for-an-employee-who-suffers-a-burn-injury\/\" target=\"_blank\" rel=\"noopener\">Quemaduras<\/a><br>- Cortes y laceraciones<br>- <a href=\"https:\/\/www.steinberglawfirm.com\/personal-injury\/serious-injury-cases\/traumatic-amputation-injuries\/\" target=\"_blank\" rel=\"noopener\">Dedos o miembros cortados<\/a><br>- P\u00e9rdida de audici\u00f3n<br>- Lesiones oculares<br>- Exposici\u00f3n qu\u00edmica<\/p>\n\n\n\n<p><a href=\"https:\/\/www.steinberglawfirm.com\/practice-areas\/workers-compensation\/repetitive-motion-injuries-south-carolina\/\" target=\"_blank\" rel=\"noopener\">Los mec\u00e1nicos son propensos a las lesiones por movimientos repetitivos<\/a> y posiciones de sujeci\u00f3n que causan lesiones con el tiempo, como agacharse bajo el cap\u00f3 de un veh\u00edculo. Otro peligro importante para los mec\u00e1nicos es el fallo del elevador o del gato. Al trabajar debajo de un veh\u00edculo suspendido por un elevador o un gato, pueden ser f\u00e1cilmente aplastados si el veh\u00edculo cae inesperadamente encima de ellos.<\/p>\n\n\n\n<p>Otros peligros en el garaje son <a href=\"https:\/\/www.steinberglawfirm.com\/personal-injury\/personal-injury-lawyers\/burn-injury-lawyer\/\" target=\"_blank\" rel=\"noopener\">quemaduras<\/a> de tocar piezas calientes del coche o <a href=\"https:\/\/www.steinberglawfirm.com\/workers-compensation\/workers-compensation-for-hand-tool-injuries-in-south-carolina\/\" target=\"_blank\" rel=\"noopener\">herramientas el\u00e9ctricas<\/a>Los accidentes por resbalones y ca\u00eddas cuando el aceite, el gas u otros l\u00edquidos hacen que el suelo est\u00e9 resbaladizo, los accidentes por tropiezos y ca\u00eddas cuando el equipo se queda fuera y las lesiones en manos y dedos por quedar atrapados dentro de un veh\u00edculo o maquinaria.<\/p>\n\n\n\n<p>Estas lesiones pueden ser de leves a graves y, en los casos m\u00e1s tr\u00e1gicos, mortales. Una lesi\u00f3n catastr\u00f3fica puede provocar una desfiguraci\u00f3n y una discapacidad permanentes que cambian la vida.<\/p>\n\n\n\n<p><strong>South Carolina Conceptos b\u00e1sicos de la compensaci\u00f3n de los trabajadores<\/strong><\/p>\n\n\n\n<p>South Carolina exige a los empresarios que contraten un seguro de indemnizaci\u00f3n por accidente laboral para sus empleados en muchas circunstancias. Estas protecciones permiten a los trabajadores que se han lesionado en el trabajo recuperar los costes m\u00e9dicos, los salarios perdidos y otros gastos incurridos como resultado de su accidente.<\/p>\n\n\n\n<p>A cambio, los trabajadores lesionados no pueden demandar a su empleador por su lesi\u00f3n. Las reclamaciones de compensaci\u00f3n de los trabajadores no se basan en la negligencia, lo que significa que el empleador no tiene que ser culpable de la lesi\u00f3n para que usted sea compensado como lo har\u00eda en una demanda por lesiones personales. Si la lesi\u00f3n se produjo mientras trabajaba como mec\u00e1nico o en el \u00e1mbito del empleo, es probable que est\u00e9 cubierta por las leyes de compensaci\u00f3n de los trabajadores de South Carolina.<\/p>\n\n\n\n<p>A pesar de que los beneficios de compensaci\u00f3n de los trabajadores est\u00e1n disponibles para los trabajadores lesionados, independientemente de la culpa, la cantidad concedida al trabajador sigue siendo objeto de un proceso de reclamaciones de la compa\u00f1\u00eda de seguros. Esto puede convertirse en un calvario complicado y frustrante y puede requerir la asistencia de un abogado para asegurarse de que un trabajador lesionado es compensado de manera justa.<\/p>\n\n\n\n<figure class=\"wp-block-embed is-type-video is-provider-youtube wp-block-embed-youtube wp-embed-aspect-16-9 wp-has-aspect-ratio\"><div class=\"wp-block-embed__wrapper\">\n<iframe loading=\"lazy\" title=\"Workers&#039; Comp reclamaciones son complicadas. Consiga la firma detr\u00e1s de usted\" width=\"500\" height=\"281\" src=\"https:\/\/www.youtube.com\/embed\/Y8Gp8slO0oE?feature=oembed\" frameborder=\"0\" allow=\"accelerometer; autoplay; clipboard-write; encrypted-media; gyroscope; picture-in-picture; web-share\" referrerpolicy=\"strict-origin-when-cross-origin\" allowfullscreen><\/iframe>\n<\/div><\/figure>\n\n\n\n<p><strong>\u00bfNecesito un abogado para mi reclamaci\u00f3n de compensaci\u00f3n laboral?<\/strong><\/p>\n\n\n\n<p>La indemnizaci\u00f3n de los trabajadores est\u00e1 dise\u00f1ada para proteger tanto a los empleados como a los empresarios tras una lesi\u00f3n, pero no es sencilla. Las disputas son habituales. Algunos empleadores intentar\u00e1n convencer a un trabajador lesionado de que no presente una reclamaci\u00f3n de compensaci\u00f3n laboral o le har\u00e1n creer que no tiene derecho a este beneficio cuando s\u00ed lo tiene. Un abogado puede reconocer cuando un empleador se est\u00e1 comportando ilegalmente para desalentar una reclamaci\u00f3n de compensaci\u00f3n de los trabajadores.<\/p>\n\n\n\n<p>Luego est\u00e1n las compa\u00f1\u00edas de seguros, que son bien conocidas por ser dif\u00edciles de trabajar por una raz\u00f3n. Los ajustadores est\u00e1n entrenados para aprovechar cualquier oportunidad para reducir un pago y pueden ser bastante agresivos y solapados. Las compa\u00f1\u00edas de seguros hacen que el proceso sea frustrante a prop\u00f3sito, con la esperanza de que los trabajadores lesionados se den por vencidos y acepten un acuerdo menor s\u00f3lo para acabar con \u00e9l.<\/p>\n\n\n\n<p><a href=\"https:\/\/steinberglawfirm.com\/practice-areas\/workers-compensation\/\" target=\"_blank\" rel=\"noopener\">La contrataci\u00f3n de un abogado especializado en indemnizaciones por accidentes de trabajo nivela el terreno de juego<\/a>. Los abogados entienden las t\u00e1cticas utilizadas por las compa\u00f1\u00edas de seguros y los empleadores para evitar pagar y saben c\u00f3mo contrarrestarlas. Su abogado luchar\u00e1 por usted y negociar\u00e1 un acuerdo de compensaci\u00f3n laboral justo.<\/p>\n\n\n\n<p>Dependiendo de los detalles de la lesi\u00f3n, tambi\u00e9n podr\u00eda presentar una reclamaci\u00f3n por da\u00f1os personales adem\u00e1s de la indemnizaci\u00f3n por accidente de trabajo. Si la negligencia de un tercero contribuy\u00f3 a la lesi\u00f3n, por ejemplo, en una situaci\u00f3n de mal funcionamiento del equipo cuando una cabina se cae de un ascensor, tambi\u00e9n podr\u00edan ser considerados responsables. Un abogado podr\u00eda determinar lo que ser\u00eda apropiado en su caso.<\/p>\n\n\n\n<p>Un abogado se encargar\u00e1 de las disputas y seguir\u00e1 exactamente el proceso legal requerido para ayudar a que su reclamaci\u00f3n se desarrolle sin problemas. Saber que los detalles de su caso son manejados por un profesional puede ayudarle a centrar su energ\u00eda en la curaci\u00f3n, no en los estresantes aspectos legales.<\/p>\n\n\n\n<p><strong>Qu\u00e9 hacer si te lesionas en el trabajo<\/strong><\/p>\n\n\n\n<p>Hay pasos que hay que seguir despu\u00e9s de una lesi\u00f3n en el trabajo y es esencial que se sigan exactamente para preservar sus derechos.<\/p>\n\n\n\n<p>- <strong>Notifique inmediatamente su lesi\u00f3n a un supervisor.<\/strong> El incidente debe estar bien documentado. La compa\u00f1\u00eda de seguros se fijar\u00e1 en detalles como \u00e9ste cuando investigue tu reclamaci\u00f3n. Presenta una denuncia lo antes posible para recordar todo lo posible.<br>- <strong>Busca atenci\u00f3n m\u00e9dica.<\/strong> Si la lesi\u00f3n es grave, ser\u00e1 necesaria una atenci\u00f3n inmediata. Sigue siendo fundamental que te vea un m\u00e9dico aunque creas que tu lesi\u00f3n es menor o que puedes superarla. El dolor y los da\u00f1os pueden aparecer horas o incluso d\u00edas despu\u00e9s de producirse el incidente. En ese momento, el da\u00f1o puede ser mayor si no se recibe tratamiento o se aguanta el dolor, y la compa\u00f1\u00eda de seguros puede aprovechar el retraso en la atenci\u00f3n como prueba de que la lesi\u00f3n es menos grave de lo que realmente es.<br>- <strong>Seguir el protocolo y las instrucciones de la empresa en relaci\u00f3n con el proceso de indemnizaci\u00f3n de los trabajadores.<\/strong> Por ejemplo, su empresa tiene derecho a elegir el m\u00e9dico al que debe acudir. Si acude a otro proveedor sin el consentimiento de su empleador, es posible que esos gastos no est\u00e9n cubiertos.<br>- <strong>P\u00f3ngase en contacto con un abogado experto en indemnizaciones laborales.<\/strong> Las leyes de compensaci\u00f3n laboral son complicadas y el proceso de presentaci\u00f3n de una reclamaci\u00f3n puede resultar tedioso. Un abogado se asegurar\u00e1 de que se sigan todos los protocolos y de que se le paguen las prestaciones de compensaci\u00f3n laboral a las que pueda tener derecho.<\/p>\n\n\n\n<h2 class=\"wp-block-heading\">P\u00f3ngase en contacto con un abogado de compensaci\u00f3n de trabajadores North Charleston hoy<\/h2>\n\n\n\n<p>Si se ha lesionado mientras trabajaba como mec\u00e1nico en North Charleston, South Carolina tiene derechos y merece ser compensado de forma justa. No deje que empleadores y compa\u00f1\u00edas de seguros sin escr\u00fapulos jueguen con usted o con su medio de vida.<\/p>\n\n\n\n<p><a href=\"https:\/\/www.steinberglawfirm.com\/\" target=\"_blank\" rel=\"noopener\">Llame a uno de los abogados especializados en indemnizaciones laborales del Steinberg Law Firm<\/a> si usted o un ser querido se lesion\u00f3 o muri\u00f3 en el trabajo. Puede contactar con nuestra oficina Charleston en <a href=\"tel:18437202800\">llamando al (843) 720-2800<\/a>. Como siempre, <a href=\"https:\/\/www.steinberglawfirm.com\/free-consultation\/\" target=\"_blank\" rel=\"noopener\">su consulta inicial es gratuita<\/a>.<\/p>","protected":false},"excerpt":{"rendered":"<p>North Charleston Abogado de compensaci\u00f3n laboral para mec\u00e1nicos lesionados Trabajar como mec\u00e1nico o t\u00e9cnico de autom\u00f3viles es a menudo un sue\u00f1o hecho realidad para los entusiastas del autom\u00f3vil. Sin embargo, el trabajo puede ser peligroso. Los mec\u00e1nicos se enfrentan a un riesgo de lesi\u00f3n, discapacidad o incluso la muerte todos los d\u00edas en el trabajo. Si usted o un ser querido se lesion\u00f3 o muri\u00f3 mientras trabajaba como...<\/p>","protected":false},"author":1,"featured_media":20608,"parent":13463,"menu_order":0,"comment_status":"closed","ping_status":"closed","template":"","meta":{"_acf_changed":false,"footnotes":""},"class_list":["post-15376","page","type-page","status-publish","has-post-thumbnail","hentry"],"acf":[],"_links":{"self":[{"href":"https:\/\/steinberglawfirm-staging.clmcloud.app\/es\/wp-json\/wp\/v2\/pages\/15376"}],"collection":[{"href":"https:\/\/steinberglawfirm-staging.clmcloud.app\/es\/wp-json\/wp\/v2\/pages"}],"about":[{"href":"https:\/\/steinberglawfirm-staging.clmcloud.app\/es\/wp-json\/wp\/v2\/types\/page"}],"author":[{"embeddable":true,"href":"https:\/\/steinberglawfirm-staging.clmcloud.app\/es\/wp-json\/wp\/v2\/users\/1"}],"replies":[{"embeddable":true,"href":"https:\/\/steinberglawfirm-staging.clmcloud.app\/es\/wp-json\/wp\/v2\/comments?post=15376"}],"version-history":[{"count":6,"href":"https:\/\/steinberglawfirm-staging.clmcloud.app\/es\/wp-json\/wp\/v2\/pages\/15376\/revisions"}],"predecessor-version":[{"id":26741,"href":"https:\/\/steinberglawfirm-staging.clmcloud.app\/es\/wp-json\/wp\/v2\/pages\/15376\/revisions\/26741"}],"up":[{"embeddable":true,"href":"https:\/\/steinberglawfirm-staging.clmcloud.app\/es\/wp-json\/wp\/v2\/pages\/13463"}],"wp:featuredmedia":[{"embeddable":true,"href":"https:\/\/steinberglawfirm-staging.clmcloud.app\/es\/wp-json\/wp\/v2\/media\/20608"}],"wp:attachment":[{"href":"https:\/\/steinberglawfirm-staging.clmcloud.app\/es\/wp-json\/wp\/v2\/media?parent=15376"}],"curies":[{"name":"wp","href":"https:\/\/api.w.org\/{rel}","templated":true}]}}