{"id":14768,"date":"2021-01-22T23:48:42","date_gmt":"2021-01-22T23:48:42","guid":{"rendered":"https:\/\/www.steinberglawfirm.com\/?page_id=14768"},"modified":"2024-08-22T19:39:38","modified_gmt":"2024-08-22T19:39:38","slug":"fatal-car-accident-lawyer","status":"publish","type":"page","link":"https:\/\/steinberglawfirm-staging.clmcloud.app\/es\/ubicaciones\/north-charleston\/abogado-accidente-de-coche\/abogado-de-accidentes-mortales\/","title":{"rendered":"North Charleston Abogado de accidentes de tr\u00e1fico mortales"},"content":{"rendered":"<h1 class=\"wp-block-heading\">North Charleston, SC Abogado de Accidente de Coche Fatal<\/h1>\n\n\n\n<p><\/p>\n\n\n\n<h2 class=\"wp-block-heading\">Wrongful Death Attorneys Serving Dorchester, Charleston, and Berkeley Counties<\/h2>\n\n\n\n<p>Over the past decade, North Charleston has seen massive numbers of new residents move into the city. North Charleston is a great place to live, work, and raise a family. For the most part, this growth is welcome, as it brings in more jobs. However, with the increase in population comes a corresponding increase in the number of cars on the road. In part, this is why the number of fatal North Charleston car accidents has been on the rise.<\/p>\n\n\n\n<p>La p\u00e9rdida de un ser querido en un accidente de coche evitable es una tragedia que nadie deber\u00eda experimentar. Cada a\u00f1o, m\u00e1s de 1.000 familias sufren la p\u00e9rdida de un ser querido debido a la imprudencia de otro conductor. La p\u00e1gina web <a href=\"https:\/\/www.steinberglawfirm.com\/locations\/north-charleston\/\" target=\"_blank\" rel=\"noopener\">North Charleston abogados de da\u00f1os personales<\/a> en el Steinberg Law Firm est\u00e1n aqu\u00ed para ayudar. Tenemos m\u00e1s de 95 a\u00f1os de experiencia ayudando a las familias a recuperar la compensaci\u00f3n financiera por sus p\u00e9rdidas al responsabilizar a los conductores negligentes por sus acciones. Entendemos que nada puede traer de vuelta a un ser querido; sin embargo, con nuestra ayuda, es posible que no tenga que lidiar con las cargas financieras de su p\u00e9rdida.<\/p>\n\n\n\n<p><strong>Estad\u00edsticas de accidentes de tr\u00e1fico<\/strong><\/p>\n\n\n\n<p>Seg\u00fan los datos m\u00e1s recientes recopilados por el Departamento de Seguridad P\u00fablica South Carolina, se produce un accidente de tr\u00e1fico cada 3,7 minutos, y alguien pierde la vida cada 8,5 horas.<\/p>\n\n\n\n<p>Solo en el a\u00f1o 2018, hubo 1.036 personas fallecidas en accidentes de tr\u00e1fico South Carolina.<br>- Un motociclista muere cada 3,3 d\u00edas<br>- Un peat\u00f3n muere cada 2,2 d\u00edas<br>- Cada 30 horas muere una persona en un accidente por conducci\u00f3n bajo los efectos del alcohol<\/p>\n\n\n\n<p>El n\u00famero de accidentes de tr\u00e1fico mortales South Carolina parece estar aumentando. Por ejemplo, los datos de 2017 muestran:<\/p>\n\n\n\n<p>- 989 muertes totales relacionadas con el tr\u00e1fico<br>- 158 peatones muertos<br>- 17 muertes de ciclistas<\/p>\n\n\n\n<p>En 2018, el n\u00famero de personas fallecidas en cada tipo de accidente aument\u00f3, de la siguiente manera:<\/p>\n\n\n\n<p>- 1.036 muertes totales relacionadas con el tr\u00e1fico<br>- 168 peatones muertos<br>- 22 muertes de ciclistas<\/p>\n\n\n\n<p>A continuaci\u00f3n se muestran los datos del n\u00famero de accidentes de tr\u00e1fico mortales South Carolina por a\u00f1o.<br>- 2018: 969 colisiones mortales<br>- 2017: 925 colisiones mortales<br>- 2016: 941 colisiones mortales<br>- 2015: 911 colisiones mortales<br>- 2014: 756 colisiones mortales<\/p>\n\n\n\n<p>Entre 2014 y 2018, el n\u00famero total de accidentes de tr\u00e1fico mortales aument\u00f3 en 213, lo que representa m\u00e1s del 28%.<\/p>\n\n\n\n<p>El Departamento de Seguridad P\u00fablica South documenta las causas de todos los accidentes mortales en el estado. Las causas m\u00e1s comunes de los accidentes automovil\u00edsticos mortales de South Carolina en 2018 fueron, de la siguiente manera:<\/p>\n\n\n\n<p>- Conducir a demasiada velocidad para la condici\u00f3n - 218 colisiones mortales<br>- Conducci\u00f3n bajo los efectos de las drogas o el alcohol: 191 colisiones mortales<br>- No ceder el paso - 91 colisiones mortales<br>- Conducir por el lado equivocado de la carretera: 74 colisiones mortales<br>- No respetar las se\u00f1ales de tr\u00e1fico - 35 colisiones mortales<br>- Exceso de velocidad: 32 colisiones mortales<br>- Salirse de la carretera: 32 colisiones mortales<br>- Conducci\u00f3n agresiva: 30 colisiones mortales<\/p>\n\n\n\n<p>La fiesta m\u00e1s peligrosa para la conducci\u00f3n es la de Nochevieja, durante la cual se produjo una v\u00edctima mortal cada 6,4 horas.<\/p>\n\n\n\n<p>Los viernes y los s\u00e1bados son los d\u00edas m\u00e1s peligrosos para conducir, ya que en cada uno de ellos se produce casi el 20% de los accidentes de tr\u00e1fico.<\/p>\n\n\n\n<p>Las horas m\u00e1s peligrosas para conducir son:<\/p>\n\n\n\n<p>- Entre las 6 y las 9 de la ma\u00f1ana.<br>- Entre las 12 y las 15 horas.<br>- Entre las 15 y las 18 horas.<\/p>\n\n\n\n<p>Las siguientes carreteras South Carolina registraron el mayor n\u00famero de accidentes de tr\u00e1fico mortales:<\/p>\n\n\n\n<p>- Interestatal 26 - 37 v\u00edctimas mortales<br>- Interestatal 95 - 28 v\u00edctimas mortales<br>- Interestatal 20 - 19 v\u00edctimas mortales<br>- Interestatal 85 - 17 v\u00edctimas mortales<br>- Interestatal 77 - 12 v\u00edctimas mortales<\/p>\n\n\n\n<p>North Charleston is located primarily in Charleston County but also reaches into Dorchester and Berkeley County. Below is the accident data pertaining to those three counties, and on which roads the accidents occurred:<\/p>\n\n\n\n<p>- Condado de Charleston - 60 colisiones de tr\u00e1fico mortales (4\u00ba en el estado)<br>\u25e6 Ruta 17 de Estados Unidos: 10 v\u00edctimas mortales<br>\u25e6 Ruta 52 de Estados Unidos: 6 v\u00edctimas mortales<br>\u25e6 La Interestatal 26: 4 v\u00edctimas mortales<br>\u25e6 Interestatal 526: 3 v\u00edctimas mortales<br>\u25e6 Carretera estatal S.C. 61: 3 v\u00edctimas mortales<br>- Condado de Dorchester - 24 colisiones de tr\u00e1fico mortales (10\u00ba en el estado)<br>\u25e6 Carretera estatal S.C. 642: 2 v\u00edctimas mortales<br>\u25e6 Ruta 17 de Estados Unidos: 2 v\u00edctimas mortales<br>\u25e6 Ruta 78 de los Estados Unidos: 1 v\u00edctima mortal<br>\u25e6 Carretera estatal S.C. 165: 1 v\u00edctima mortal<br>\u25e6 Carretera estatal S.C. 13: 1 v\u00edctima mortal<br>- Condado de Berkeley - 34 colisiones de tr\u00e1fico mortales (14\u00ba en el estado)<br>\u25e6 Ruta estadounidense 17: 5 v\u00edctimas mortales<br>\u25e6 Ruta 17 de Estados Unidos: 4 v\u00edctimas mortales<br>\u25e6 La Interestatal 26: 4 v\u00edctimas mortales<br>\u25e6 Ruta 52 de Estados Unidos: 3 v\u00edctimas mortales<br>\u25e6 Carretera estatal S.C. 61: 3 v\u00edctimas mortales<\/p>\n\n\n\n<p><strong>Causas de los accidentes de tr\u00e1fico mortales North Charleston<\/strong><\/p>\n\n\n\n<p>Los accidentes de tr\u00e1fico mortales pueden ocurrir en cualquier tipo de carretera; sin embargo, estos accidentes tienden a ocurrir con m\u00e1s frecuencia en grandes autopistas y carreteras estatales. Debido a su ubicaci\u00f3n entre la Charleston y la Summerville, la North Charleston recibe mucho tr\u00e1fico de paso. Dos de las principales autopistas de la zona, <a href=\"https:\/\/www.steinberglawfirm.com\/personal-injury\/auto-accidents\/south-carolinas-most-dangerous-roads-i-526-and-i-26\/\" target=\"_blank\" rel=\"noopener\">Interestatales 26 y 526<\/a>pasan justo por la North Charleston. Las personas que trabajan en Charleston y viven en Summerville, Sangaree, Lincolnville y otras ciudades cercanas, utilizan estas autopistas para desplazarse. Por lo tanto, North Charleston ve m\u00e1s que el tr\u00e1fico t\u00edpico que cualquier otra ciudad experimenta.<\/p>\n\n\n\n<p>La ubicaci\u00f3n de North Charleston impacta fuertemente en las causas m\u00e1s comunes de accidentes en la ciudad. Por ejemplo, seg\u00fan el Departamento de Seguridad P\u00fablica de South Carolina, las principales razones de los accidentes de coche mortales en los condados de Charleston, Berkeley y Dorchester incluyen:<\/p>\n\n\n\n<p>- No ceder el paso<br>- Salirse de la carretera<br>- Cambio de carril inadecuado<br>- Conducir demasiado r\u00e1pido para las condiciones<br>- Conducci\u00f3n distra\u00edda<br>- Seguir demasiado de cerca<\/p>\n\n\n\n<p>Despu\u00e9s de perder a un ser querido en un accidente de tr\u00e1fico mortal North Charleston, es posible que no sea evidente qu\u00e9 caus\u00f3 la colisi\u00f3n. Aunque esto es normal, tambi\u00e9n puede poner un estr\u00e9s adicional en una familia ya afligida. Mientras que una investigaci\u00f3n policial puede arrojar algo de luz sobre lo que contribuy\u00f3 al accidente y puede dar lugar a la presentaci\u00f3n de cargos penales contra el conductor culpable, esto har\u00e1 poco para ayudar a la familia de la v\u00edctima del accidente fallecida. Sin embargo, los seres queridos supervivientes pueden presentar una reclamaci\u00f3n por muerte por negligencia.<\/p>\n\n\n\n<p><strong>\u00bfQu\u00e9 es una reclamaci\u00f3n de muerte por negligencia South Carolina?<\/strong><\/p>\n\n\n\n<p>Cuando la negligencia de un conductor causa la muerte de otro, puede enfrentarse a cargos penales. A menudo, esto implica situaciones en las que el conductor culpable estaba intoxicado o conduc\u00eda agresivamente. Los cargos penales se presentan contra el conductor sobre la base de su supuesta violaci\u00f3n de un estatuto estatal. Si es condenado, el conductor puede enfrentar el encarcelamiento, y puede ser ordenado a pagar los costos de la corte y las multas. Sin embargo, una condena penal en un caso criminal har\u00e1 poco o nada para ayudar a la familia de una v\u00edctima del accidente. En su lugar, pueden presentar su propia demanda de muerte por negligencia North Charleston.<\/p>\n\n\n\n<p><a href=\"https:\/\/www.steinberglawfirm.com\/practice-areas\/wrongful-death\/\" target=\"_blank\" rel=\"noopener\">Una reclamaci\u00f3n por muerte por negligencia es un tipo de demanda por da\u00f1os personales<\/a> presentada por los seres queridos supervivientes de una v\u00edctima de accidente fallecida. El objetivo de una demanda por homicidio culposo es compensar a la v\u00edctima por los da\u00f1os que sufri\u00f3 debido a la negligencia del demandado. En este sentido, estas reclamaciones son similares a las demandas tradicionales por accidente de tr\u00e1fico.<\/p>\n\n\n\n<p>Para presentar con \u00e9xito un caso de muerte por negligencia, un demandante debe demostrar que el otro conductor fue legalmente negligente. Para ello, debe ser capaz de establecer que el \"acto il\u00edcito, negligencia o incumplimiento\" de otra persona caus\u00f3 la muerte de su ser querido.<\/p>\n\n\n\n<p>En el Steinberg Law Firm ayudamos a las familias afectadas por la tragedia de un accidente de tr\u00e1fico mortal. Estamos aqu\u00ed para responder a sus preguntas sobre el proceso y ofrecerle un asesoramiento bien razonado sobre sus opciones. Si decide presentar una demanda por homicidio culposo, le acompa\u00f1aremos en cada paso del proceso. Con nuestra ayuda, usted puede ser capaz de recuperar una compensaci\u00f3n monetaria significativa por la p\u00e9rdida de su ser querido.<\/p>\n\n\n\n<p><strong>Da\u00f1os y perjuicios en un accidente de tr\u00e1fico mortal North Charleston<\/strong><\/p>\n\n\n\n<p>Despu\u00e9s de un accidente de coche mortal, el dolor que experimenta una familia no puede medirse, ciertamente por ninguna cantidad de dinero. De hecho, pocas familias que han perdido a un ser querido en un accidente de coche mortal North Charleston piensan inicialmente en presentar una demanda por homicidio culposo. Sin embargo, una vez que se dan cuenta de su p\u00e9rdida, muchas familias se dan cuenta de que no s\u00f3lo han sufrido una p\u00e9rdida emocional, sino tambi\u00e9n financiera. Una demanda por homicidio culposo puede ayudar a las familias a hacer frente a los numerosos costes asociados a un accidente de tr\u00e1fico mortal, entre ellos:<\/p>\n\n\n\n<p>- Los gastos relacionados con cualquier atenci\u00f3n m\u00e9dica prestada a su ser querido antes de su muerte;<br>- Cualquier gasto de funeral y entierro;<br>- Los salarios perdidos, incluida la p\u00e9rdida de los ingresos futuros que la v\u00edctima del accidente habr\u00eda esperado razonablemente ganar a lo largo de su vida;<\/p>\n\n\n\n<p>Se denominan \"da\u00f1os econ\u00f3micos\", porque se refieren a las p\u00e9rdidas financieras de la familia relacionadas con el accidente. Las familias tambi\u00e9n pueden obtener \"da\u00f1os no econ\u00f3micos\", que proporcionan una compensaci\u00f3n por las p\u00e9rdidas menos tangibles, pero igualmente importantes. Los da\u00f1os no econ\u00f3micos en una demanda por muerte por negligencia pueden incluir:<\/p>\n\n\n\n<p>- Angustia emocional<br>- P\u00e9rdida de consorcio (que implica una relaci\u00f3n conyugal)<br>- P\u00e9rdida de la sociedad y del compa\u00f1erismo (que implica una relaci\u00f3n con los dem\u00e1s)<br>- Angustia mental<br>- Dolor y sufrimiento<\/p>\n\n\n\n<p>En particular, mientras que algunos estados limitan la cuant\u00eda de los da\u00f1os no econ\u00f3micos que una familia puede recibir en una demanda por muerte por negligencia derivada de un accidente de tr\u00e1fico mortal, el South Carolina no impone tales l\u00edmites.&nbsp;<\/p>\n\n\n\n<p>Sin embargo, muchas familias se encuentran con obst\u00e1culos a la hora de traer un <a href=\"https:\/\/www.steinberglawfirm.com\/locations\/north-charleston\/wrongful-death-lawyer\/\" target=\"_blank\" rel=\"noopener\">North Charleston reclamaci\u00f3n de muerte por negligencia<\/a> after a fatal traffic accident. For example, the at-fault driver will often argue that the deceased accident victim was wholly or partially responsible for causing the collision. Under South Carolina&#8217;s modified comparative negligence laws, a family can recover against other parties as long as their loved one&#8217;s negligence does not exceed the total negligence of the other parties combined. Family members can still bring a claim against another party if their loved one was less than 51 percent at fault. However, if a judge or jury determines that an accident victim was partially at fault, the court will reduce that party&#8217;s damages award by their percentage of fault.<\/p>\n\n\n\n<p>For example, assume a driver is struck and killed in a North Charleston car accident. The jury determined that the family&#8217;s damages were $1,000,000, and that their loved one was 15 percent responsible for the accident. In this case, the family&#8217;s total recovery amount would be $850,000 ($1,000,000 less 15 percent). Thus, it is crucial families work with an experienced North Charleston car accident attorney who knows how to refute defendants&#8217; claims that their loved one shared blame for causing the accident.<\/p>\n\n\n\n<h2 class=\"wp-block-heading\">Acuda a un abogado especializado en muerte por negligencia North Charleston para obtener asistencia inmediata<\/h2>\n\n\n\n<p>Si ha perdido recientemente a un ser querido en un accidente de tr\u00e1fico mortal, p\u00f3ngase en contacto con los abogados de <a href=\"https:\/\/www.steinberglawfirm.com\/\" target=\"_blank\" rel=\"noopener\">Steinberg Law Firm<\/a>. Nuestro <a href=\"https:\/\/www.steinberglawfirm.com\/attorney\/\" target=\"_blank\" rel=\"noopener\">equipo compasivo de abogados de lesiones personales<\/a> entiende que este es un momento dif\u00edcil para usted y su familia. Estamos aqu\u00ed para usted. Cuando usted nos llama para discutir su caso, comenzamos por conocerlo a usted y a su familia. A continuaci\u00f3n, describiremos el proceso de lesiones personales, respondiendo a cualquier pregunta que tenga. Nunca le presionaremos para que tome una decisi\u00f3n. Si decide permitirnos presentar una reclamaci\u00f3n en su nombre, buscaremos estrat\u00e9gicamente la m\u00e1xima compensaci\u00f3n por sus p\u00e9rdidas.<\/p>\n\n\n\n<p>Con <a href=\"https:\/\/www.steinberglawfirm.com\/about-us\/\" target=\"_blank\" rel=\"noopener\">m\u00e1s de 95 a\u00f1os de experiencia<\/a> ayudar a las familias a obtener la compensaci\u00f3n que necesitan y merecen despu\u00e9s de perder a un ser querido sin sentido, podemos guiar con confianza a su familia a trav\u00e9s del proceso de recuperaci\u00f3n. Para saber m\u00e1s, y para <a href=\"https:\/\/www.steinberglawfirm.com\/free-consultation\/\" target=\"_blank\" rel=\"noopener\">programar una consulta gratuita<\/a> hoy, <a href=\"tel:18437202800\">ll\u00e1menos al 843-720-2800<\/a> para hablar con uno de nuestros experimentados miembros del equipo. <a href=\"https:\/\/www.steinberglawfirm.com\/contact-us\/\" target=\"_blank\" rel=\"noopener\">Tambi\u00e9n puede ponerse en contacto con nosotros a trav\u00e9s de nuestro formulario en l\u00ednea<\/a>.<\/p>","protected":false},"excerpt":{"rendered":"<p>North Charleston, SC Fatal Car Accident Lawyer Wrongful Death Attorneys Serving Dorchester, Charleston, and Berkeley Counties Over the past decade, North Charleston has seen massive numbers of new residents move into the city. North Charleston is a great place to live, work, and raise a family. For the most part, this growth is welcome, as&hellip;<\/p>","protected":false},"author":1,"featured_media":20608,"parent":13472,"menu_order":0,"comment_status":"closed","ping_status":"closed","template":"","meta":{"_acf_changed":false,"footnotes":""},"class_list":["post-14768","page","type-page","status-publish","has-post-thumbnail","hentry"],"acf":[],"_links":{"self":[{"href":"https:\/\/steinberglawfirm-staging.clmcloud.app\/es\/wp-json\/wp\/v2\/pages\/14768"}],"collection":[{"href":"https:\/\/steinberglawfirm-staging.clmcloud.app\/es\/wp-json\/wp\/v2\/pages"}],"about":[{"href":"https:\/\/steinberglawfirm-staging.clmcloud.app\/es\/wp-json\/wp\/v2\/types\/page"}],"author":[{"embeddable":true,"href":"https:\/\/steinberglawfirm-staging.clmcloud.app\/es\/wp-json\/wp\/v2\/users\/1"}],"replies":[{"embeddable":true,"href":"https:\/\/steinberglawfirm-staging.clmcloud.app\/es\/wp-json\/wp\/v2\/comments?post=14768"}],"version-history":[{"count":10,"href":"https:\/\/steinberglawfirm-staging.clmcloud.app\/es\/wp-json\/wp\/v2\/pages\/14768\/revisions"}],"predecessor-version":[{"id":31728,"href":"https:\/\/steinberglawfirm-staging.clmcloud.app\/es\/wp-json\/wp\/v2\/pages\/14768\/revisions\/31728"}],"up":[{"embeddable":true,"href":"https:\/\/steinberglawfirm-staging.clmcloud.app\/es\/wp-json\/wp\/v2\/pages\/13472"}],"wp:featuredmedia":[{"embeddable":true,"href":"https:\/\/steinberglawfirm-staging.clmcloud.app\/es\/wp-json\/wp\/v2\/media\/20608"}],"wp:attachment":[{"href":"https:\/\/steinberglawfirm-staging.clmcloud.app\/es\/wp-json\/wp\/v2\/media?parent=14768"}],"curies":[{"name":"wp","href":"https:\/\/api.w.org\/{rel}","templated":true}]}}