{"id":14119,"date":"2020-12-14T23:42:08","date_gmt":"2020-12-14T23:42:08","guid":{"rendered":"https:\/\/www.steinberglawfirm.com\/?page_id=14119"},"modified":"2022-04-27T18:14:59","modified_gmt":"2022-04-27T18:14:59","slug":"medical-malpractice-lawyer","status":"publish","type":"page","link":"https:\/\/steinberglawfirm-staging.clmcloud.app\/es\/ubicaciones\/north-charleston\/medico-abogado\/","title":{"rendered":"North Charleston Abogados de Negligencia M\u00e9dica"},"content":{"rendered":"<h1 class=\"wp-block-heading\">North Charleston Abogados de Negligencia M\u00e9dica<\/h1>\n\n\n\n<h2 class=\"wp-block-heading\">Agresivos South Carolina Abogados de lesiones personales ayudan a los pacientes a recuperarse de los proveedores de atenci\u00f3n m\u00e9dica negligente<\/h2>\n\n\n\n<p>Los m\u00e9dicos y otros trabajadores de la salud son profesionales altamente capacitados. Los pacientes conf\u00edan en que, cuando acuden a un profesional sanitario, est\u00e1n en buenas manos. Sin embargo, cada a\u00f1o se producen cientos de miles de incidentes en los que <a href=\"https:\/\/www.steinberglawfirm.com\/practice-areas\/medical-malpractice\/\" target=\"_blank\" rel=\"noopener\">los pacientes sufren una lesi\u00f3n debido a una negligencia m\u00e9dica, o a una mala praxis m\u00e9dica<\/a>. Estas lesiones evitables suelen dar lugar a afecciones irreversibles de por vida y, en algunos casos, incluso a la muerte.<\/p>\n\n\n\n<p>En el <a href=\"https:\/\/www.steinberglawfirm.com\/\" target=\"_blank\" rel=\"noopener\">Steinberg Law Firm<\/a>, nuestro <a href=\"https:\/\/www.steinberglawfirm.com\/attorney\/\" target=\"_blank\" rel=\"noopener\">North Charleston los abogados especializados en negligencias m\u00e9dicas trabajan estrechamente con los pacientes lesionados<\/a> y sus familias para exigir responsabilidades a los proveedores de servicios m\u00e9dicos negligentes. <a href=\"https:\/\/www.steinberglawfirm.com\/about-us\/\" target=\"_blank\" rel=\"noopener\">Desde 1927, el Steinberg Law Firm ofrece una representaci\u00f3n excepcional<\/a> a las v\u00edctimas de accidentes en todo South Carolina. Entendemos que cada cliente, cada familia, y cada caso es \u00fanico, y adaptamos nuestra representaci\u00f3n a las necesidades de nuestros clientes individuales para satisfacer mejor sus necesidades.<\/p>\n\n\n\n<p><strong>\u00bfQu\u00e9 es la negligencia m\u00e9dica?<\/strong><\/p>\n\n\n\n<p>La negligencia m\u00e9dica se produce cuando un paciente sufre una lesi\u00f3n evitable debido a la negligencia de un profesional sanitario. Hay muchos tipos de negligencia m\u00e9dica. Algunos de los tipos m\u00e1s comunes de casos de negligencia m\u00e9dica incluyen:<\/p>\n\n\n\n<p>- Errores quir\u00fargicos<br>- Errores de medicaci\u00f3n<br>- <a href=\"https:\/\/www.steinberglawfirm.com\/practice-areas\/medical-malpractice\/misdiagnosis\/\" target=\"_blank\" rel=\"noopener\">Diagn\u00f3sticos err\u00f3neos<\/a><br>- Diagn\u00f3sticos tard\u00edos<br>- <a href=\"https:\/\/www.steinberglawfirm.com\/practice-areas\/birth-injury-attorneys\/\" target=\"_blank\" rel=\"noopener\">Lesiones de nacimiento<\/a><br>- Errores en la sala de urgencias<\/p>\n\n\n\n<p>Para tener \u00e9xito en una demanda por negligencia m\u00e9dica, el paciente debe demostrar que el proveedor de servicios sanitarios demandado incumpli\u00f3 el deber de atenci\u00f3n que le correspond\u00eda. Sin embargo, debido a la complejidad de las cuestiones cient\u00edficas y m\u00e9dicas implicadas en estos casos, los casos de negligencia m\u00e9dica requieren que el paciente presente el testimonio de un experto m\u00e9dico.<\/p>\n\n\n\n<p><strong>South Carolina Requisitos de la demanda por negligencia m\u00e9dica<\/strong><\/p>\n\n\n\n<p>Aunque las leyes sobre negligencia m\u00e9dica se basan en la teor\u00eda tradicional de la negligencia, los casos de negligencia m\u00e9dica suelen ser mucho m\u00e1s complicados que otros tipos de demandas por da\u00f1os personales. Por ello, los pacientes que se plantean presentar una demanda por negligencia m\u00e9dica deben cumplir con estrictos requisitos procesales. En concreto, la ley estatal exige que todos los posibles demandantes presenten una \"<a href=\"https:\/\/law.justia.com\/codes\/south-carolina\/2013\/title-15\/chapter-79\/section-15-79-125\/\" target=\"_blank\" rel=\"noopener\">Notificaci\u00f3n de la intenci\u00f3n de presentar una demanda<\/a>\" acompa\u00f1ada de una declaraci\u00f3n jurada de un perito. Esta notificaci\u00f3n debe contener:<br>- El nombre de todos los proveedores de atenci\u00f3n m\u00e9dica que podr\u00edan ser nombrados como demandados en la demanda;<br>- Una \"exposici\u00f3n breve y clara de los hechos\" que explique c\u00f3mo y por qu\u00e9 el demandante tiene derecho a la reparaci\u00f3n;<br>- La firma del demandante (o la firma del abogado del demandante); y<br>- Todas las respuestas a los interrogatorios u otras revelaciones requeridas por las Reglas de Procedimiento Civil South Carolina.<\/p>\n\n\n\n<p>Junto con la notificaci\u00f3n de intenci\u00f3n de presentar una demanda, los demandantes deben presentar una declaraci\u00f3n jurada de un experto, identificando al menos un acto u omisi\u00f3n negligente, as\u00ed como la base f\u00e1ctica de su opini\u00f3n. El experto debe citar las pruebas en las que se bas\u00f3 para llegar a su conclusi\u00f3n.<\/p>\n\n\n\n<p>A menudo, los casos de negligencia m\u00e9dica se reducen a una \"batalla de expertos\", en la que cada parte argumenta por qu\u00e9 su experto es m\u00e1s cre\u00edble que el de la otra parte. Por lo tanto, la decisi\u00f3n de qu\u00e9 experto retener, y c\u00f3mo se presenta la opini\u00f3n del experto, es un elemento crucial de cualquier North Charleston demanda por negligencia m\u00e9dica.<\/p>\n\n\n\n<h3 class=\"wp-block-heading\">P\u00f3ngase en contacto con nuestros experimentados abogados de negligencia m\u00e9dica North Charleston hoy mismo<\/h3>\n\n\n\n<p>Si usted o un ser querido ha sufrido recientemente de forma innecesaria a manos de un m\u00e9dico u otro profesional sanitario negligente, la <a href=\"https:\/\/www.steinberglawfirm.com\/practice-areas\/medical-malpractice\/\" target=\"_blank\" rel=\"noopener\">Los abogados especializados en negligencia m\u00e9dica North Charleston est\u00e1n aqu\u00ed para usted<\/a>. Con m\u00e1s de 95 a\u00f1os de experiencia llevando casos con \u00e9xito en nombre de nuestros clientes, sabemos lo que se necesita para tener \u00e9xito en su nombre. Trabajamos con una red de testigos expertos de renombre en todos nuestros casos de negligencia m\u00e9dica para asegurar que su caso cumple con todos los requisitos procesales necesarios y se presenta de una manera directa y convincente. Podemos ayudarle a reclamar una indemnizaci\u00f3n por sus gastos m\u00e9dicos pasados y futuros, por los salarios perdidos, as\u00ed como por el dolor y el sufrimiento que haya padecido como consecuencia de la negligencia del proveedor de servicios sanitarios. <a href=\"tel:843-720-2800\">Ll\u00e1menos hoy al 843-720-2800<\/a> para hablar con uno de nuestros experimentados miembros del equipo. Tambi\u00e9n puede <a href=\"https:\/\/www.steinberglawfirm.com\/contact-us\/\" target=\"_blank\" rel=\"noopener\">contacte con nosotros a trav\u00e9s de nuestro formulario en l\u00ednea<\/a>.<\/p>","protected":false},"excerpt":{"rendered":"<p>North Charleston Abogados de Negligencia M\u00e9dica Agresivos South Carolina Abogados de lesiones personales ayudan a los pacientes a recuperarse de los proveedores de atenci\u00f3n m\u00e9dica negligente Los m\u00e9dicos y otros trabajadores de la salud son profesionales altamente capacitados. Los pacientes conf\u00edan en que cuando visitan a un proveedor de atenci\u00f3n m\u00e9dica, est\u00e1n en buenas manos. Sin embargo, cada a\u00f1o se producen cientos de miles de incidentes en los que los pacientes sufren un...<\/p>","protected":false},"author":1,"featured_media":20608,"parent":13448,"menu_order":0,"comment_status":"closed","ping_status":"closed","template":"","meta":{"_acf_changed":false,"footnotes":""},"class_list":["post-14119","page","type-page","status-publish","has-post-thumbnail","hentry"],"acf":[],"_links":{"self":[{"href":"https:\/\/steinberglawfirm-staging.clmcloud.app\/es\/wp-json\/wp\/v2\/pages\/14119"}],"collection":[{"href":"https:\/\/steinberglawfirm-staging.clmcloud.app\/es\/wp-json\/wp\/v2\/pages"}],"about":[{"href":"https:\/\/steinberglawfirm-staging.clmcloud.app\/es\/wp-json\/wp\/v2\/types\/page"}],"author":[{"embeddable":true,"href":"https:\/\/steinberglawfirm-staging.clmcloud.app\/es\/wp-json\/wp\/v2\/users\/1"}],"replies":[{"embeddable":true,"href":"https:\/\/steinberglawfirm-staging.clmcloud.app\/es\/wp-json\/wp\/v2\/comments?post=14119"}],"version-history":[{"count":7,"href":"https:\/\/steinberglawfirm-staging.clmcloud.app\/es\/wp-json\/wp\/v2\/pages\/14119\/revisions"}],"predecessor-version":[{"id":21296,"href":"https:\/\/steinberglawfirm-staging.clmcloud.app\/es\/wp-json\/wp\/v2\/pages\/14119\/revisions\/21296"}],"up":[{"embeddable":true,"href":"https:\/\/steinberglawfirm-staging.clmcloud.app\/es\/wp-json\/wp\/v2\/pages\/13448"}],"wp:featuredmedia":[{"embeddable":true,"href":"https:\/\/steinberglawfirm-staging.clmcloud.app\/es\/wp-json\/wp\/v2\/media\/20608"}],"wp:attachment":[{"href":"https:\/\/steinberglawfirm-staging.clmcloud.app\/es\/wp-json\/wp\/v2\/media?parent=14119"}],"curies":[{"name":"wp","href":"https:\/\/api.w.org\/{rel}","templated":true}]}}