{"id":14115,"date":"2020-12-14T23:36:15","date_gmt":"2020-12-14T23:36:15","guid":{"rendered":"https:\/\/www.steinberglawfirm.com\/?page_id=14115"},"modified":"2022-04-27T18:15:12","modified_gmt":"2022-04-27T18:15:12","slug":"motorcycle-accident-lawyer","status":"publish","type":"page","link":"https:\/\/steinberglawfirm-staging.clmcloud.app\/es\/ubicaciones\/north-charleston\/abogado-de-accidentes-de-moto-2\/","title":{"rendered":"North Charleston Abogado de accidentes de moto"},"content":{"rendered":"<h1 class=\"wp-block-heading\">North Charleston Abogado de accidentes de moto<\/h1>\n\n\n\n<h2 class=\"wp-block-heading\">South Carolina bufete de abogados de lesiones personales ayuda a las v\u00edctimas de accidentes de motocicleta a recuperar la compensaci\u00f3n total por sus lesiones<\/h2>\n\n\n\n<p>Aunque cualquier accidente de tr\u00e1fico puede provocar lesiones que cambien la vida, <a href=\"https:\/\/www.steinberglawfirm.com\/practice-areas\/motorcycle-accidents\/\" target=\"_blank\" rel=\"noopener\">North Charleston accidentes de moto<\/a> est\u00e1n entre los m\u00e1s mortales. Cada a\u00f1o, <a href=\"https:\/\/www.steinberglawfirm.com\/practice-areas\/wrongful-death\/fatal-motorcycle-accident\/\" target=\"_blank\" rel=\"noopener\">m\u00e1s de 100 personas mueren por accidentes de moto South Carolina<\/a>. Adem\u00e1s, otros miles resultan gravemente heridos. La inmensa mayor\u00eda de estos accidentes podr\u00edan haberse evitado si el otro conductor hubiera tenido el cuidado y la precauci\u00f3n necesarios.<\/p>\n\n\n\n<p>En el <a href=\"https:\/\/www.steinberglawfirm.com\/\" target=\"_blank\" rel=\"noopener\">Steinberg Law Firm<\/a>Estamos orgullosos de representar a North Charleston v\u00edctima de un accidente de moto. Nuestro <a href=\"https:\/\/www.steinberglawfirm.com\/practice-areas\/personal-injury\/\" target=\"_blank\" rel=\"noopener\">equipo de abogados especializados en lesiones personales<\/a> tiene m\u00e1s de 95 a\u00f1os de experiencia colectiva ayudando a los clientes a recuperar sus vidas despu\u00e9s de sufrir una lesi\u00f3n grave. En el Steinberg Law Firm, medimos nuestro \u00e9xito por el n\u00famero de vidas que podemos impactar positivamente. Estamos aqu\u00ed para escuchar su historia y ayudarle a obtener una compensaci\u00f3n justa y equitativa por sus lesiones.<\/p>\n\n\n\n<p><strong>Da\u00f1os y perjuicios en casos de accidentes de moto North Charleston<\/strong><\/p>\n\n\n\n<p>Aunque las motocicletas representan s\u00f3lo una peque\u00f1a parte del n\u00famero de veh\u00edculos registrados en South Carolina, est\u00e1n involucradas en un n\u00famero desproporcionado de accidentes graves y mortales. La raz\u00f3n principal por la que los accidentes de motocicleta North Charleston son tan mortales es que las motocicletas, a diferencia de los coches y los todoterrenos, no ofrecen ninguna protecci\u00f3n a los conductores. Sin embargo, cuando se trata de recuperarse despu\u00e9s de un accidente, la elecci\u00f3n del veh\u00edculo de la v\u00edctima es irrelevante y un automovilista negligente no puede evitar o reducir su responsabilidad porque un motociclista asumi\u00f3 los riesgos que implica conducir una motocicleta.<\/p>\n\n\n\n<p>Algunas de las lesiones m\u00e1s comunes en los accidentes de moto son:<\/p>\n\n\n\n<p>- Traumatismos craneoencef\u00e1licos, incluyendo <a href=\"https:\/\/www.steinberglawfirm.com\/practice-areas\/serious-injury-cases\/traumatic-brain-injury\/\" target=\"_blank\" rel=\"noopener\">lesiones cerebrales traum\u00e1ticas (TBI)<\/a><br>- Erupci\u00f3n en la carretera<br>- Lesiones de la espalda y la columna vertebral<br>- Huesos rotos<br>- Lesiones tor\u00e1cicas y costales<\/p>\n\n\n\n<p>Independientemente del tipo de lesi\u00f3n que haya sufrido en un accidente de moto North Charleston, <a href=\"https:\/\/www.steinberglawfirm.com\/attorney\/\" target=\"_blank\" rel=\"noopener\">nuestros experimentados abogados pueden ayudarle<\/a> responsabilizar a la parte culpable.<\/p>\n\n\n\n<p><strong>Uso del casco North Charleston Accidentes de moto<\/strong><\/p>\n\n\n\n<p>No hay duda de que el casco puede ayudar a prevenir lesiones graves o la muerte en algunos accidentes de motocicleta. Sin embargo, seg\u00fan la ley estatal, s\u00f3lo los motociclistas menores de 21 a\u00f1os est\u00e1n <a href=\"https:\/\/www.steinberglawfirm.com\/practice-areas\/motorcycle-accidents\/helmet-laws-motorcycle-accidents\/\" target=\"_blank\" rel=\"noopener\">la ley exige el uso del casco<\/a>.<\/p>\n\n\n\n<p>South Carolina La ley de lesiones personales impide que los demandados en casos de accidentes de motocicleta planteen la cuesti\u00f3n del uso del casco para los conductores mayores de 21 a\u00f1os. Esto significa que una v\u00edctima de accidente que no llevaba un casco en el momento del accidente todav\u00eda puede recuperar por sus lesiones. Y a diferencia de muchos otros estados, los demandados no pueden reducir el importe de los da\u00f1os debidos a una v\u00edctima del accidente sobre la base de la falta de uso del casco de la v\u00edctima del accidente. Si alguien causa un accidente de motocicleta North Charleston, es responsable de los da\u00f1os causados, independientemente de si el motociclista llevaba un casco.<\/p>\n\n\n\n<p>Por supuesto, los accidentes de motocicleta North Charleston tambi\u00e9n presentan su cuota de obst\u00e1culos que las v\u00edctimas de accidentes deben superar. A lo largo de las d\u00e9cadas que llevamos llevando casos de accidentes de motocicleta, nos hemos dado cuenta de que existe un estigma social infundado contra los motociclistas. Cuando muchas personas oyen hablar de un accidente de motocicleta, asumen que fue causado por la negligencia del motociclista, la inexperiencia o la conducci\u00f3n agresiva. En Steinberg Law Firm, hemos desarrollado una forma probada de disolver este estigma y arrojar luz sobre las verdaderas causas del accidente.<\/p>\n\n\n\n<h3 class=\"wp-block-heading\">P\u00f3ngase en contacto con los experimentados abogados de accidentes de moto North Charleston<\/h3>\n\n\n\n<p>Si usted o un ser querido ha sufrido recientemente lesiones graves en un accidente de moto North Charleston, <a href=\"https:\/\/www.steinberglawfirm.com\/contact-us\/\" target=\"_blank\" rel=\"noopener\">contactar con el Steinberg Law Firm<\/a> para obtener asistencia inmediata. <a href=\"https:\/\/www.steinberglawfirm.com\/attorney\/\" target=\"_blank\" rel=\"noopener\">Nuestros abogados est\u00e1n dispuestos a escucharle<\/a> y explicar c\u00f3mo podemos ayudar. Con m\u00e1s de 95 a\u00f1os de experiencia colectiva ayudando a las v\u00edctimas de accidentes <a href=\"https:\/\/www.steinberglawfirm.com\/results\/\" target=\"_blank\" rel=\"noopener\">obtener una indemnizaci\u00f3n justa por sus lesiones<\/a>somos un recurso inestimable para las v\u00edctimas de accidentes. Desde el momento en que nos permita trabajar con usted en su caso, haremos todo lo posible para ayudarle a recuperar su vida. Para saber m\u00e1s, y para <a href=\"https:\/\/www.steinberglawfirm.com\/free-consultation\/\" target=\"_blank\" rel=\"noopener\">programar una consulta gratuita<\/a> con uno de nuestros <a href=\"https:\/\/www.steinberglawfirm.com\/locations\/north-charleston\/\" target=\"_blank\" rel=\"noopener\">abogados expertos en lesiones personales North Charleston<\/a>, <a href=\"tel:843-720-2800\">llame al 843-720-2800<\/a>. Tambi\u00e9n puede <a href=\"https:\/\/www.steinberglawfirm.com\/contact-us\/\" target=\"_blank\" rel=\"noopener\">contacte con nosotros a trav\u00e9s de nuestro formulario en l\u00ednea<\/a>.<\/p>","protected":false},"excerpt":{"rendered":"<p>North Charleston Abogado de Accidentes de Motocicleta South Carolina bufete de abogados de lesiones personales ayuda a las v\u00edctimas de accidentes de motocicleta a recuperar la compensaci\u00f3n total por sus lesiones Mientras que cualquier accidente de veh\u00edculo de motor puede resultar en lesiones que cambian la vida, North Charleston accidentes de motocicleta se encuentran entre los m\u00e1s mortales. Cada a\u00f1o, m\u00e1s de 100 personas mueren como resultado de accidentes de motocicleta South Carolina....<\/p>","protected":false},"author":1,"featured_media":20608,"parent":13448,"menu_order":0,"comment_status":"closed","ping_status":"closed","template":"","meta":{"_acf_changed":false,"footnotes":""},"class_list":["post-14115","page","type-page","status-publish","has-post-thumbnail","hentry"],"acf":[],"_links":{"self":[{"href":"https:\/\/steinberglawfirm-staging.clmcloud.app\/es\/wp-json\/wp\/v2\/pages\/14115"}],"collection":[{"href":"https:\/\/steinberglawfirm-staging.clmcloud.app\/es\/wp-json\/wp\/v2\/pages"}],"about":[{"href":"https:\/\/steinberglawfirm-staging.clmcloud.app\/es\/wp-json\/wp\/v2\/types\/page"}],"author":[{"embeddable":true,"href":"https:\/\/steinberglawfirm-staging.clmcloud.app\/es\/wp-json\/wp\/v2\/users\/1"}],"replies":[{"embeddable":true,"href":"https:\/\/steinberglawfirm-staging.clmcloud.app\/es\/wp-json\/wp\/v2\/comments?post=14115"}],"version-history":[{"count":7,"href":"https:\/\/steinberglawfirm-staging.clmcloud.app\/es\/wp-json\/wp\/v2\/pages\/14115\/revisions"}],"predecessor-version":[{"id":21297,"href":"https:\/\/steinberglawfirm-staging.clmcloud.app\/es\/wp-json\/wp\/v2\/pages\/14115\/revisions\/21297"}],"up":[{"embeddable":true,"href":"https:\/\/steinberglawfirm-staging.clmcloud.app\/es\/wp-json\/wp\/v2\/pages\/13448"}],"wp:featuredmedia":[{"embeddable":true,"href":"https:\/\/steinberglawfirm-staging.clmcloud.app\/es\/wp-json\/wp\/v2\/media\/20608"}],"wp:attachment":[{"href":"https:\/\/steinberglawfirm-staging.clmcloud.app\/es\/wp-json\/wp\/v2\/media?parent=14115"}],"curies":[{"name":"wp","href":"https:\/\/api.w.org\/{rel}","templated":true}]}}