{"id":14061,"date":"2020-12-08T23:42:41","date_gmt":"2020-12-08T23:42:41","guid":{"rendered":"https:\/\/www.steinberglawfirm.com\/?page_id=14061"},"modified":"2023-04-04T17:27:40","modified_gmt":"2023-04-04T17:27:40","slug":"construction-injury","status":"publish","type":"page","link":"https:\/\/steinberglawfirm-staging.clmcloud.app\/es\/ubicaciones\/summerville\/abogado-especialista-en-indemnizaciones-laborales-2\/lesiones-en-la-construccion\/","title":{"rendered":"Summerville Abogado de lesiones en la construcci\u00f3n"},"content":{"rendered":"<h1 class=\"wp-block-heading\">Summerville Abogado de lesiones en la construcci\u00f3n<\/h1>\n\n\n\n<h2 class=\"wp-block-heading\">En <a href=\"https:\/\/www.steinberglawfirm.com\/workers-compensation-report\/\" target=\"_blank\" rel=\"noopener\">indemnizaci\u00f3n de los trabajadores de la construcci\u00f3n lesionados en Summerville, South Carolina<\/a><\/h2>\n\n\n\n<p>El <a href=\"https:\/\/www.steinberglawfirm.com\/workers-compensation\/construction-accidents\/\" target=\"_blank\" rel=\"noopener\">industria de la construcci\u00f3n<\/a> tiene fama de ser uno de los m\u00e1s peligrosos en cuanto a lesiones graves y muertes. Los trabajadores de la construcci\u00f3n se enfrentan regularmente a situaciones peligrosas, ya sea subiendo a andamios altos o utilizando maquinaria pesada. Cuando se producen accidentes en las obras, <a href=\"https:\/\/www.steinberglawfirm.com\/practice-areas\/workers-compensation\/\" target=\"_blank\" rel=\"noopener\">los trabajadores de la construcci\u00f3n tienen acceso a la compensaci\u00f3n laboral<\/a>. El empresario tiene la obligaci\u00f3n de proporcionar a los trabajadores prestaciones que paguen las facturas m\u00e9dicas, la p\u00e9rdida de ingresos y otros gastos derivados de una lesi\u00f3n en la construcci\u00f3n.<\/p>\n\n\n\n<p><em>Steinberg Law Firm consigue resultados para los trabajadores de la construcci\u00f3n en Summerville<\/em><\/p>\n\n\n\n<p><strong>Una de cada cinco muertes de trabajadores al a\u00f1o se produce en las obras de construcci\u00f3n<\/strong><\/p>\n\n\n\n<p>Los datos de seguridad a lo largo de los a\u00f1os han demostrado sistem\u00e1ticamente que la construcci\u00f3n es uno de los trabajos m\u00e1s mortales del pa\u00eds. En 2018, los trabajadores de la construcci\u00f3n representaron el 47% de todas las lesiones laborales mortales, siendo las ca\u00eddas la principal causa de muerte. La industria de la construcci\u00f3n tiene el mayor n\u00famero de ca\u00eddas mortales de todas las ocupaciones, con un 51%.<\/p>\n\n\n\n<p>La Administraci\u00f3n de Seguridad y Salud en el Trabajo (OSHA) ha identificado cuatro causas principales que representan el 58,6% de las muertes de los trabajadores de la construcci\u00f3n. Conocidas como las \"cuatro fatales\", son las ca\u00eddas, los golpes con objetos, la electrocuci\u00f3n y los atrapamientos. Las ca\u00eddas son responsables de m\u00e1s de un tercio de las muertes en el lugar de trabajo en el sector de la construcci\u00f3n, mientras que el 11% de las muertes se producen por el impacto de alg\u00fan objeto.<\/p>\n\n\n\n<p>Uno de cada 10 trabajadores de la construcci\u00f3n sufre una lesi\u00f3n al a\u00f1o, seg\u00fan la OSHA. La tasa de lesiones no mortales de la industria de la construcci\u00f3n es un 71% m\u00e1s alta que la de otros sectores. En 2018, hubo 77.490 lesiones no mortales en la industria de la construcci\u00f3n en todo el pa\u00eds. Las tres causas principales fueron el contacto con un objeto o equipo, los accidentes por resbalones y ca\u00eddas, y el sobreesfuerzo.<\/p>\n\n\n\n<p><strong>Obtenci\u00f3n de la indemnizaci\u00f3n por accidentes de trabajo en la construcci\u00f3n<\/strong><\/p>\n\n\n\n<p>Si es usted un trabajador de la construcci\u00f3n que se ha lesionado en una obra en Summerville, es probable que tenga derecho a una indemnizaci\u00f3n por accidente de trabajo. La culpa no influye en el derecho a las prestaciones. Seg\u00fan las leyes de South Carolina, los trabajadores lesionados no tienen que demostrar que un empresario o un tercero fue el responsable de causar su accidente para obtener la indemnizaci\u00f3n por accidente de trabajo.<\/p>\n\n\n\n<p>Los trabajadores de la construcci\u00f3n lesionados pueden necesitar atenci\u00f3n m\u00e9dica continua, cirug\u00eda y meses de rehabilitaci\u00f3n, entre otros tratamientos. La indemnizaci\u00f3n por accidente de trabajo debe cubrir todos los gastos en los que hayas incurrido a causa de tu lesi\u00f3n en la construcci\u00f3n, incluidos los salarios que hayas perdido al no poder trabajar.<\/p>\n\n\n\n<p>La cuant\u00eda de las prestaciones que reciba depende de factores como el tipo de lesi\u00f3n y el tiempo de baja laboral. Estas son algunas de las prestaciones de compensaci\u00f3n laboral a las que puedes tener derecho tras una lesi\u00f3n en la construcci\u00f3n:<\/p>\n\n\n\n<p>- Gastos m\u00e9dicos<br>- Reembolso de los salarios perdidos<br>- Invalidez parcial permanente<br>- Invalidez permanente total<\/p>\n\n\n\n<p>El <a href=\"https:\/\/www.steinberglawfirm.com\/locations\/summerville\/workers-compensation-lawyer\/\" target=\"_blank\" rel=\"noopener\">abogados expertos en indemnizaciones laborales en Steinberg Law Firm<\/a> le ayudar\u00e1 a obtener los beneficios que necesita, incluso si su empleador y su compa\u00f1\u00eda de seguros no est\u00e1n jugando limpio. Entendemos las dificultades que vienen con el tratamiento de una lesi\u00f3n dolorosa. Nuestros abogados est\u00e1n de su lado y se comprometen a obtener la compensaci\u00f3n que necesita para recuperarse despu\u00e9s de un accidente de construcci\u00f3n.<\/p>\n\n\n\n<p><strong>Reclamaciones por da\u00f1os personales contra terceros<\/strong><\/p>\n\n\n\n<p>Aunque la mayor\u00eda de las lesiones en la construcci\u00f3n est\u00e1n cubiertas por la indemnizaci\u00f3n de los trabajadores, algunos casos pueden justificar una acci\u00f3n legal independiente. Dependiendo de las circunstancias de su accidente, puede tener <a href=\"https:\/\/www.steinberglawfirm.com\/practice-areas\/personal-injury\/\" target=\"_blank\" rel=\"noopener\">motivos para presentar una demanda por da\u00f1os personales<\/a> para obtener la totalidad de la indemnizaci\u00f3n que le corresponde.<\/p>\n\n\n\n<p>Por ejemplo, es posible que su empleador le haya perjudicado intencionadamente o que un tercero haya sido responsable de su accidente en la construcci\u00f3n. En los proyectos de construcci\u00f3n suelen intervenir varias empresas, como arquitectos, fabricantes de equipos y subcontratistas. Una demanda por lesiones personales le permite responsabilizar a estas partes negligentes de sus lesiones.<\/p>\n\n\n\n<p>En estos casos, usted puede obtener beneficios de compensaci\u00f3n laboral mientras presenta una demanda por lesiones personales para reclamar da\u00f1os y perjuicios por ganancias futuras, dolor y sufrimiento, y otras p\u00e9rdidas. <a href=\"https:\/\/www.steinberglawfirm.com\/\" target=\"_blank\" rel=\"noopener\">Discuta su situaci\u00f3n con los abogados de lesiones en la construcci\u00f3n Summerville<\/a> para determinar la mejor opci\u00f3n legal para usted.<\/p>\n\n\n\n<p><strong>Tipos comunes de accidentes en la construcci\u00f3n<\/strong><\/p>\n\n\n\n<p>Los trabajadores de la construcci\u00f3n est\u00e1n expuestos a grandes alturas, productos qu\u00edmicos t\u00f3xicos, herramientas pesadas y otras condiciones de trabajo peligrosas que les hacen correr el riesgo de sufrir lesiones. Las causas de los accidentes en la construcci\u00f3n son muy variadas, desde violaciones de la seguridad por parte del empleador hasta el derrumbe de estructuras. A continuaci\u00f3n se indican algunas de las m\u00e1s frecuentes:<\/p>\n\n\n\n<p><a href=\"https:\/\/www.steinberglawfirm.com\/workers-compensation\/construction-accidents\/fall-from-roof-injury\/\" target=\"_blank\" rel=\"noopener\">- Ca\u00eddas de altura, incluyendo tejados, escaleras y andamios<br><\/a>- Colapsos y derrumbes de zanjas<br>- Mal funcionamiento de equipos como gr\u00faas o carretillas elevadoras<br>- Electrocuciones o quemaduras<br>- Incendios o explosiones<br>- Exposici\u00f3n a sustancias qu\u00edmicas t\u00f3xicas<br>- Zonas de trabajo desordenadas y con escombros<br>- Ca\u00edda de objetos<br>- Sobreesfuerzo<br>- Quedar atrapado entre los objetos<br>- Falta de equipo de protecci\u00f3n<br>- Advertencias inadecuadas de condiciones peligrosas<\/p>\n\n\n\n<p>Los accidentes en la construcci\u00f3n pueden provocar muchos tipos diferentes de lesiones, algunas de las cuales pueden causar da\u00f1os a largo plazo o permanentes. Ejemplos de lesiones en la construcci\u00f3n incluyen lesiones cerebrales, p\u00e9rdida de extremidades, lesiones oculares, lesiones por aplastamiento, <a href=\"https:\/\/www.steinberglawfirm.com\/workers-compensation\/workers-compensation-for-an-employee-who-suffers-a-burn-injury\/\" target=\"_blank\" rel=\"noopener\">lesiones por quemaduras<\/a>fracturas \u00f3seas y lesiones medulares.<\/p>\n\n\n\n<h3 class=\"wp-block-heading\">C\u00f3mo puede ayudarle el Steinberg Law Firm en su reclamaci\u00f3n por da\u00f1os en la construcci\u00f3n<\/h3>\n\n\n\n<p>Saber qu\u00e9 hacer despu\u00e9s de sufrir una lesi\u00f3n en la construcci\u00f3n en Summerville puede ser confuso. Por desgracia, presentar una reclamaci\u00f3n de indemnizaci\u00f3n por accidente laboral no siempre es sencillo. Cuando hay resistencia por parte de los empleadores y sus compa\u00f1\u00edas de seguros, los trabajadores lesionados pueden enfrentarse a una ardua batalla para obtener los beneficios que merecen.<\/p>\n\n\n\n<p>En <a href=\"https:\/\/www.steinberglawfirm.com\/\" target=\"_blank\" rel=\"noopener\">Steinberg Law Firm<\/a>Entendemos que la recuperaci\u00f3n despu\u00e9s de un accidente de construcci\u00f3n puede ser estresante, por lo que queremos hacer el proceso de obtener una compensaci\u00f3n lo m\u00e1s r\u00e1pido y f\u00e1cil posible. <a href=\"https:\/\/www.steinberglawfirm.com\/attorney\/\" target=\"_blank\" rel=\"noopener\">Nuestros abogados especializados en indemnizaciones laborales luchar\u00e1n por sus derechos<\/a> y buscar todas las v\u00edas de recuperaci\u00f3n para su lesi\u00f3n en la construcci\u00f3n. Con nuestra ayuda, <a href=\"https:\/\/www.steinberglawfirm.com\/results\/\" target=\"_blank\" rel=\"noopener\">usted y su familia pueden recuperar la estabilidad financiera<\/a> tras un accidente laboral.<\/p>\n\n\n\n<p><strong>Consultas gratuitas<\/strong><\/p>\n\n\n\n<p>Si usted es un trabajador de la construcci\u00f3n al que se le niega la compensaci\u00f3n laboral o recibe beneficios inadecuados, <a href=\"https:\/\/www.steinberglawfirm.com\/contact-us\/\" target=\"_blank\" rel=\"noopener\">contactar con Steinberg Law Firm de inmediato<\/a>. <a href=\"https:\/\/www.steinberglawfirm.com\/free-consultation\/\" target=\"_blank\" rel=\"noopener\">Programe una consulta gratuita<\/a> para hablar con un abogado experto en lesiones de la construcci\u00f3n Summerville sobre su situaci\u00f3n.<\/p>","protected":false},"excerpt":{"rendered":"<p>Summerville Abogado de lesiones en la construcci\u00f3n Obtenci\u00f3n de compensaci\u00f3n laboral para trabajadores de la construcci\u00f3n lesionados en Summerville, South Carolina La industria de la construcci\u00f3n tiene la reputaci\u00f3n de ser una de las m\u00e1s peligrosas en t\u00e9rminos de lesiones graves y muertes. Los trabajadores de la construcci\u00f3n se enfrentan a situaciones peligrosas con regularidad, ya sea subiendo a andamios altos o utilizando...<\/p>","protected":false},"author":1,"featured_media":20655,"parent":6249,"menu_order":0,"comment_status":"closed","ping_status":"closed","template":"","meta":{"_acf_changed":false,"footnotes":""},"class_list":["post-14061","page","type-page","status-publish","has-post-thumbnail","hentry"],"acf":[],"_links":{"self":[{"href":"https:\/\/steinberglawfirm-staging.clmcloud.app\/es\/wp-json\/wp\/v2\/pages\/14061"}],"collection":[{"href":"https:\/\/steinberglawfirm-staging.clmcloud.app\/es\/wp-json\/wp\/v2\/pages"}],"about":[{"href":"https:\/\/steinberglawfirm-staging.clmcloud.app\/es\/wp-json\/wp\/v2\/types\/page"}],"author":[{"embeddable":true,"href":"https:\/\/steinberglawfirm-staging.clmcloud.app\/es\/wp-json\/wp\/v2\/users\/1"}],"replies":[{"embeddable":true,"href":"https:\/\/steinberglawfirm-staging.clmcloud.app\/es\/wp-json\/wp\/v2\/comments?post=14061"}],"version-history":[{"count":10,"href":"https:\/\/steinberglawfirm-staging.clmcloud.app\/es\/wp-json\/wp\/v2\/pages\/14061\/revisions"}],"predecessor-version":[{"id":24495,"href":"https:\/\/steinberglawfirm-staging.clmcloud.app\/es\/wp-json\/wp\/v2\/pages\/14061\/revisions\/24495"}],"up":[{"embeddable":true,"href":"https:\/\/steinberglawfirm-staging.clmcloud.app\/es\/wp-json\/wp\/v2\/pages\/6249"}],"wp:featuredmedia":[{"embeddable":true,"href":"https:\/\/steinberglawfirm-staging.clmcloud.app\/es\/wp-json\/wp\/v2\/media\/20655"}],"wp:attachment":[{"href":"https:\/\/steinberglawfirm-staging.clmcloud.app\/es\/wp-json\/wp\/v2\/media?parent=14061"}],"curies":[{"name":"wp","href":"https:\/\/api.w.org\/{rel}","templated":true}]}}