{"id":14057,"date":"2020-12-08T23:08:14","date_gmt":"2020-12-08T23:08:14","guid":{"rendered":"https:\/\/www.steinberglawfirm.com\/?page_id=14057"},"modified":"2022-04-27T18:13:16","modified_gmt":"2022-04-27T18:13:16","slug":"brain-injury-attorney","status":"publish","type":"page","link":"https:\/\/steinberglawfirm-staging.clmcloud.app\/es\/ubicaciones\/north-charleston\/abogado-de-lesiones-cerebrales\/","title":{"rendered":"North Charleston Abogado de lesiones cerebrales"},"content":{"rendered":"<h1 class=\"wp-block-heading\">North Charleston Abogado de lesiones cerebrales<\/h1>\n\n\n\n<h2 class=\"wp-block-heading\">Los abogados expertos en lesiones personales South Carolina ayudan a las v\u00edctimas de accidentes a obtener una indemnizaci\u00f3n completa por sus lesiones en la cabeza<\/h2>\n\n\n\n<p>Los traumatismos craneoencef\u00e1licos, incluidas las conmociones cerebrales, los traumatismos craneoencef\u00e1licos y los da\u00f1os cerebrales, suelen provocar lesiones irreversibles que cambian la vida. Aunque algunas lesiones cerebrales mejoran con el tiempo, muchas v\u00edctimas de accidentes deben vivir con efectos persistentes durante el resto de sus vidas. Estas lesiones no s\u00f3lo afectan a la persona que sufre el traumatismo craneal, sino tambi\u00e9n a su familia. Tras una lesi\u00f3n cerebral, las familias deben hacer frente a las consecuencias econ\u00f3micas, emocionales y psicol\u00f3gicas de la lesi\u00f3n.<\/p>\n\n\n\n<p>En el Steinberg Law Firm, nuestro <a href=\"https:\/\/www.steinberglawfirm.com\/practice-areas\/serious-injury-cases\/traumatic-brain-injury\/\" target=\"_blank\" rel=\"noopener\">respetado North Charleston abogados de lesiones cerebrales<\/a> han defendido a las v\u00edctimas de lesiones durante m\u00e1s de 95 a\u00f1os. Desde 1927, hemos manejado <a href=\"https:\/\/www.steinberglawfirm.com\/practice-areas\/personal-injury\/\" target=\"_blank\" rel=\"noopener\">todo tipo de da\u00f1os personales<\/a> y <a href=\"https:\/\/www.steinberglawfirm.com\/practice-areas\/medical-malpractice\/\" target=\"_blank\" rel=\"noopener\">reclamaciones por negligencia m\u00e9dica<\/a>incluyendo aquellos casos que implican un traumatismo craneal grave. Dada nuestra amplia experiencia pr\u00e1ctica, tenemos un firme conocimiento de esta \u00e1rea matizada de la ley y poseemos las habilidades de litigaci\u00f3n y negociaci\u00f3n para llevar con \u00e9xito su reclamaci\u00f3n.<\/p>\n\n\n\n<p><strong>\u00bfQu\u00e9 es una lesi\u00f3n cerebral?<\/strong><\/p>\n\n\n\n<p>El cerebro es una de las estructuras m\u00e1s importantes del cuerpo humano, responsable de la cognici\u00f3n, el movimiento y el habla, entre otras cosas. Una lesi\u00f3n cerebral se produce cuando el cerebro sufre un traumatismo que afecta a su funcionamiento. Los traumatismos craneoencef\u00e1licos se presentan de muchas formas y var\u00edan en cuanto a su gravedad. Algunos de los tipos m\u00e1s comunes de lesiones en la cabeza son:<\/p>\n\n\n\n<p>- <strong>Lesiones cerebrales traum\u00e1ticas<\/strong> - El t\u00e9rmino traumatismo craneoencef\u00e1lico, o TBI, se refiere a todas las lesiones en la cabeza que alteran el funcionamiento normal del cerebro. Cada a\u00f1o, casi 300.000 personas son hospitalizadas debido a TBI, y casi 13,5 millones de personas viven con una discapacidad relacionada con TBI. Una LCT puede ser causada por un golpe contundente en la cabeza o por una lesi\u00f3n penetrante.<br>- <strong>Conmociones cerebrales<\/strong> - Una conmoci\u00f3n cerebral se caracteriza por un movimiento r\u00e1pido y repentino de la cabeza en el que el cerebro choca con el interior del cr\u00e1neo. Algunas conmociones cerebrales son leves y pueden no causar da\u00f1os a largo plazo. Sin embargo, un estudio reciente indica que m\u00e1s de la mitad de las personas que sufren una conmoci\u00f3n cerebral experimentan el s\u00edndrome post-conmoci\u00f3n, que puede provocar somnolencia, mareos, p\u00e9rdida de memoria, dificultad de concentraci\u00f3n y ansiedad.<br>- <strong>Contusiones<\/strong> - Cuando la cabeza sufre un impacto repentino y directo, puede causar una contusi\u00f3n, que es un hematoma en la superficie del cerebro. Por definici\u00f3n, una contusi\u00f3n provoca una p\u00e9rdida de conciencia durante al menos 15 minutos, acompa\u00f1ada de da\u00f1os en el cerebro.<br>- <strong>Lesiones penetrantes<\/strong> - Tambi\u00e9n conocida como lesi\u00f3n craneal abierta, una lesi\u00f3n penetrante se produce cuando un objeto perfora la capa externa de las meninges. Los traumatismos craneoencef\u00e1licos abiertos suelen producirse cuando un objeto a gran velocidad entra en contacto con la cabeza, por ejemplo en un accidente de tr\u00e1fico o en un resbal\u00f3n.<\/p>\n\n\n\n<p>Todas las lesiones cerebrales pueden causar da\u00f1os irreversibles. Sin embargo, el alcance del da\u00f1o no suele ser evidente de inmediato. Por ello, es fundamental que cualquier persona que haya sufrido un traumatismo craneal busque atenci\u00f3n m\u00e9dica inmediata.<\/p>\n\n\n\n<p><strong>Causas comunes de las lesiones cerebrales<\/strong><\/p>\n\n\n\n<p>Las lesiones cerebrales pueden producirse en casi cualquier aspecto de la vida cotidiana. A continuaci\u00f3n se enumeran algunas de las causas m\u00e1s comunes de las lesiones en la cabeza:<\/p>\n\n\n\n<p>- <a href=\"https:\/\/www.steinberglawfirm.com\/practice-areas\/premises-liability\/slip-and-fall\/\" target=\"_blank\" rel=\"noopener\">Resbalones y ca\u00eddas<\/a><br>- <a href=\"https:\/\/www.steinberglawfirm.com\/practice-areas\/workers-compensation\/\" target=\"_blank\" rel=\"noopener\">Accidentes laborales<\/a><br>- <a href=\"https:\/\/www.steinberglawfirm.com\/practice-areas\/auto-accidents\/\" target=\"_blank\" rel=\"noopener\">Accidentes de tr\u00e1fico<\/a><br>- <a href=\"https:\/\/www.steinberglawfirm.com\/practice-areas\/motorcycle-accidents\/\" target=\"_blank\" rel=\"noopener\">Accidentes de moto<\/a><br>- <a href=\"https:\/\/www.steinberglawfirm.com\/practice-areas\/truck-accidents\/\" target=\"_blank\" rel=\"noopener\">Accidentes de camiones<\/a><br>- Lesiones deportivas<\/p>\n\n\n\n<p>Las personas que sufren una lesi\u00f3n cerebral pueden tener derecho a una compensaci\u00f3n monetaria por sus lesiones a trav\u00e9s de un <a href=\"https:\/\/www.steinberglawfirm.com\/practice-areas\/personal-injury\/\" target=\"_blank\" rel=\"noopener\">South Carolina demanda por da\u00f1os personales<\/a>.<\/p>\n\n\n\n<h3 class=\"wp-block-heading\">P\u00f3ngase en contacto con un abogado especializado en lesiones cerebrales North Charleston para obtener asistencia inmediata<\/h3>\n\n\n\n<p>Si usted o alguien de su familia ha sufrido recientemente un grave traumatismo craneal, <a href=\"https:\/\/www.steinberglawfirm.com\/\" target=\"_blank\" rel=\"noopener\">p\u00f3ngase en contacto con los abogados especializados en lesiones cerebrales North Charleston del<\/a>. Durante m\u00e1s de 95 a\u00f1os, hemos estado persiguiendo agresivamente la compensaci\u00f3n en nombre de las v\u00edctimas de lesiones. Como resultado de esta amplia experiencia, <a href=\"https:\/\/www.steinberglawfirm.com\/attorney\/\" target=\"_blank\" rel=\"noopener\">nuestro equipo de abogados de lesiones personales est\u00e1 bien capacitado<\/a> para ayudarle a pedir cuentas a los responsables de sus lesiones. <a href=\"tel:843-720-2800\">Llame hoy a nuestras oficinas legales al 843-720-2800<\/a> para hablar con uno de los miembros de nuestro experimentado equipo sobre lo que nuestros abogados especializados en lesiones cerebrales Charleston pueden hacer por usted.<\/p>","protected":false},"excerpt":{"rendered":"<p>North Charleston Abogado de lesiones cerebrales Los abogados expertos en lesiones personales South Carolina ayudan a las v\u00edctimas de accidentes a obtener una compensaci\u00f3n completa por sus lesiones en la cabeza Los traumas en la cabeza, incluyendo las conmociones cerebrales, las lesiones cerebrales traum\u00e1ticas y el da\u00f1o cerebral, a menudo resultan en lesiones irreversibles y que cambian la vida. Aunque algunas lesiones cerebrales mejoran con el tiempo, muchas v\u00edctimas de accidentes deben vivir con efectos persistentes durante...<\/p>","protected":false},"author":1,"featured_media":19966,"parent":13448,"menu_order":0,"comment_status":"closed","ping_status":"closed","template":"","meta":{"_acf_changed":false,"footnotes":""},"class_list":["post-14057","page","type-page","status-publish","has-post-thumbnail","hentry"],"acf":[],"_links":{"self":[{"href":"https:\/\/steinberglawfirm-staging.clmcloud.app\/es\/wp-json\/wp\/v2\/pages\/14057"}],"collection":[{"href":"https:\/\/steinberglawfirm-staging.clmcloud.app\/es\/wp-json\/wp\/v2\/pages"}],"about":[{"href":"https:\/\/steinberglawfirm-staging.clmcloud.app\/es\/wp-json\/wp\/v2\/types\/page"}],"author":[{"embeddable":true,"href":"https:\/\/steinberglawfirm-staging.clmcloud.app\/es\/wp-json\/wp\/v2\/users\/1"}],"replies":[{"embeddable":true,"href":"https:\/\/steinberglawfirm-staging.clmcloud.app\/es\/wp-json\/wp\/v2\/comments?post=14057"}],"version-history":[{"count":7,"href":"https:\/\/steinberglawfirm-staging.clmcloud.app\/es\/wp-json\/wp\/v2\/pages\/14057\/revisions"}],"predecessor-version":[{"id":21289,"href":"https:\/\/steinberglawfirm-staging.clmcloud.app\/es\/wp-json\/wp\/v2\/pages\/14057\/revisions\/21289"}],"up":[{"embeddable":true,"href":"https:\/\/steinberglawfirm-staging.clmcloud.app\/es\/wp-json\/wp\/v2\/pages\/13448"}],"wp:featuredmedia":[{"embeddable":true,"href":"https:\/\/steinberglawfirm-staging.clmcloud.app\/es\/wp-json\/wp\/v2\/media\/19966"}],"wp:attachment":[{"href":"https:\/\/steinberglawfirm-staging.clmcloud.app\/es\/wp-json\/wp\/v2\/media?parent=14057"}],"curies":[{"name":"wp","href":"https:\/\/api.w.org\/{rel}","templated":true}]}}