{"id":14028,"date":"2020-12-08T01:19:35","date_gmt":"2020-12-08T01:19:35","guid":{"rendered":"https:\/\/www.steinberglawfirm.com\/?page_id=14028"},"modified":"2024-08-22T15:25:28","modified_gmt":"2024-08-22T15:25:28","slug":"birth-injury-lawyer","status":"publish","type":"page","link":"https:\/\/steinberglawfirm-staging.clmcloud.app\/es\/ubicaciones\/north-charleston\/abogado-especialista-en-lesiones-de-nacimiento\/","title":{"rendered":"North Charleston Abogado de lesiones de nacimiento"},"content":{"rendered":"<h1 class=\"wp-block-heading\">Birth Injury Lawyer Serving North Charleston, SC<\/h1>\n\n\n\n<h2 class=\"wp-block-heading\">South Carolina Medical Malpractice Attorneys Assist Moms and Babies Injured During Birth<\/h2>\n\n\n\n<p>You put a lot of thought into where you choose to deliver your baby. You spoke to friends, read reviews, asked your primary care provider, and visited the hospital. Ultimately, you chose a hospital that you trust. However, hospitals do not always live up to their reputations \u2013 or our expectations. In fact, for every 1,000 babies born in the United States, between six and eight of them will suffer some type of preventable birth injury. Depending on the severity of the injury, your child\u2019s life may never be how you envisioned it.<\/p>\n\n\n\n<p>El <a href=\"https:\/\/www.steinberglawfirm.com\/\" target=\"_blank\" rel=\"noopener\">Steinberg Law Firm es un respetado bufete de abogados de lesiones por nacimiento North Charleston<\/a> defendiendo a las v\u00edctimas de lesiones durante m\u00e1s de 95 a\u00f1os. Desde 1927, hemos manejado <a href=\"https:\/\/www.steinberglawfirm.com\/practice-areas\/personal-injury\/\" target=\"_blank\" rel=\"noopener\">todo tipo de da\u00f1os personales<\/a> y <a href=\"https:\/\/www.steinberglawfirm.com\/practice-areas\/medical-malpractice\/\" target=\"_blank\" rel=\"noopener\">reclamaciones por negligencia m\u00e9dica<\/a>, incluyendo <a href=\"https:\/\/www.steinberglawfirm.com\/practice-areas\/birth-injury-attorneys\/\" target=\"_blank\" rel=\"noopener\">demandas por lesiones de nacimiento<\/a>. No s\u00f3lo tenemos un firme conocimiento de esta compleja \u00e1rea del derecho, sino que tambi\u00e9n poseemos las habilidades de litigaci\u00f3n y la dedicaci\u00f3n para llevar su reclamaci\u00f3n con \u00e9xito.<\/p>\n\n\n\n<p><strong>\u00bfQu\u00e9 es una lesi\u00f3n de nacimiento?<\/strong><\/p>\n\n\n\n<p>A birth injury occurs when a doctor or other medical professional fails to provide the proper level of care to a mother or her baby during the labor and delivery process, ultimately causing injury to the baby. There are many potential causes of birth injuries, including a lack of oxygen to the brain, physical trauma during the delivery, and infection. Depending on the extent of the damage caused to the baby, these injuries can range from minor bumps and bruises to major life-changing injuries.<\/p>\n\n\n\n<p>Aunque hay muchos tipos de lesiones en el parto, las siguientes son algunas de las m\u00e1s comunes:<\/p>\n\n\n\n<p>- Infecciones evitables<br>- Par\u00e1lisis cerebral<br>- Par\u00e1lisis de Erb<br>- Da\u00f1o cerebral<br>- Fracturas<br>- Hemorragia subconjuntival<br>- Lesi\u00f3n del plexo braquial<br>- Par\u00e1lisis facial<\/p>\n\n\n\n<p>Si su hijo sufre alguna de estas afecciones, o usted perdi\u00f3 tr\u00e1gicamente a su hijo durante el proceso de parto, puede tener derecho a una compensaci\u00f3n monetaria a trav\u00e9s de una demanda por negligencia m\u00e9dica North Charleston.<\/p>\n\n\n\n<p><strong>Da\u00f1os y perjuicios en un caso de lesi\u00f3n de nacimiento South Carolina<\/strong><\/p>\n\n\n\n<p>Aunque la tragedia de una lesi\u00f3n en el parto es insondable para muchas familias, dependiendo de la gravedad de la lesi\u00f3n, existe una posibilidad muy real de que un beb\u00e9 nunca se recupere del todo. Los padres pueden recuperar una indemnizaci\u00f3n por las lesiones que sufri\u00f3 su hijo, incluyendo cantidades por lo siguiente:<\/p>\n\n\n\n<p>- Facturas m\u00e9dicas y hospitalarias<br>- Futuros gastos m\u00e9dicos<br>- Coste de la asistencia a domicilio<br>- Dolor y sufrimiento<br>- Tecnolog\u00eda adaptativa necesaria<br>- Gastos de educaci\u00f3n especial<br>- P\u00e9rdida de las prestaciones del seguro<br>- Salarios perdidos<\/p>\n\n\n\n<p>No hay dos beb\u00e9s iguales, y no hay dos casos de lesiones de nacimiento id\u00e9nticos. <a href=\"https:\/\/www.steinberglawfirm.com\/\" target=\"_blank\" rel=\"noopener\">En el Steinberg Law Firm<\/a>En el caso de los abogados de la empresa, adoptamos un enfoque individual para cada caso, tom\u00e1ndonos el tiempo necesario para conocerle a usted y sus prioridades antes de recomendar cualquier curso de acci\u00f3n.<\/p>\n\n\n\n<h3 class=\"wp-block-heading\">P\u00f3ngase en contacto con nuestros abogados de lesiones de nacimiento North Charleston hoy mismo<\/h3>\n\n\n\n<p>Si la esperada alegr\u00eda de traer un hijo al mundo se viera empa\u00f1ada por una tr\u00e1gica lesi\u00f3n en el parto, <a href=\"https:\/\/www.steinberglawfirm.com\/contact-us\/\" target=\"_blank\" rel=\"noopener\">contacte con el Steinberg Law Firm para obtener asistencia inmediata<\/a>. Nuestro <a href=\"https:\/\/www.steinberglawfirm.com\/attorney\/\" target=\"_blank\" rel=\"noopener\">equipo de abogados especializados en lesiones por nacimiento North Charleston<\/a> trabajar\u00e1 estrechamente con usted y su familia para ayudarle a conseguir la compensaci\u00f3n que merece. Con <a href=\"https:\/\/www.steinberglawfirm.com\/about-us\/\" target=\"_blank\" rel=\"noopener\">m\u00e1s de 95 a\u00f1os de experiencia llevando casos con \u00e9xito<\/a> en nombre de nuestros clientes, sabemos lo que se necesita para tener \u00e9xito en su nombre. <a href=\"tel:843-720-2800\">Llame hoy a nuestras oficinas legales al 843-720-2800<\/a> para hablar con uno de nuestros experimentados miembros del equipo sobre <a href=\"https:\/\/www.steinberglawfirm.com\/practice-areas\/birth-injury-attorneys\/\" target=\"_blank\" rel=\"noopener\">lo que pueden hacer nuestros abogados especializados en lesiones de nacimiento Charleston<\/a> para ti.<\/p>","protected":false},"excerpt":{"rendered":"<p>Birth Injury Lawyer Serving North Charleston, SC South Carolina Medical Malpractice Attorneys Assist Moms and Babies Injured During Birth You put a lot of thought into where you choose to deliver your baby. You spoke to friends, read reviews, asked your primary care provider, and visited the hospital. Ultimately, you chose a hospital that you&hellip;<\/p>","protected":false},"author":1,"featured_media":20610,"parent":13448,"menu_order":0,"comment_status":"closed","ping_status":"closed","template":"","meta":{"_acf_changed":false,"footnotes":""},"class_list":["post-14028","page","type-page","status-publish","has-post-thumbnail","hentry"],"acf":[],"_links":{"self":[{"href":"https:\/\/steinberglawfirm-staging.clmcloud.app\/es\/wp-json\/wp\/v2\/pages\/14028"}],"collection":[{"href":"https:\/\/steinberglawfirm-staging.clmcloud.app\/es\/wp-json\/wp\/v2\/pages"}],"about":[{"href":"https:\/\/steinberglawfirm-staging.clmcloud.app\/es\/wp-json\/wp\/v2\/types\/page"}],"author":[{"embeddable":true,"href":"https:\/\/steinberglawfirm-staging.clmcloud.app\/es\/wp-json\/wp\/v2\/users\/1"}],"replies":[{"embeddable":true,"href":"https:\/\/steinberglawfirm-staging.clmcloud.app\/es\/wp-json\/wp\/v2\/comments?post=14028"}],"version-history":[{"count":9,"href":"https:\/\/steinberglawfirm-staging.clmcloud.app\/es\/wp-json\/wp\/v2\/pages\/14028\/revisions"}],"predecessor-version":[{"id":31713,"href":"https:\/\/steinberglawfirm-staging.clmcloud.app\/es\/wp-json\/wp\/v2\/pages\/14028\/revisions\/31713"}],"up":[{"embeddable":true,"href":"https:\/\/steinberglawfirm-staging.clmcloud.app\/es\/wp-json\/wp\/v2\/pages\/13448"}],"wp:featuredmedia":[{"embeddable":true,"href":"https:\/\/steinberglawfirm-staging.clmcloud.app\/es\/wp-json\/wp\/v2\/media\/20610"}],"wp:attachment":[{"href":"https:\/\/steinberglawfirm-staging.clmcloud.app\/es\/wp-json\/wp\/v2\/media?parent=14028"}],"curies":[{"name":"wp","href":"https:\/\/api.w.org\/{rel}","templated":true}]}}