{"id":14023,"date":"2020-12-08T00:44:05","date_gmt":"2020-12-08T00:44:05","guid":{"rendered":"https:\/\/www.steinberglawfirm.com\/?page_id=14023"},"modified":"2024-08-21T21:11:01","modified_gmt":"2024-08-21T21:11:01","slug":"wrongful-death-lawyer","status":"publish","type":"page","link":"https:\/\/steinberglawfirm-staging.clmcloud.app\/es\/ubicaciones\/north-charleston\/abogado-de-muerte-por-negligencia\/","title":{"rendered":"North Charleston Abogado de muerte por negligencia"},"content":{"rendered":"<h1 class=\"wp-block-heading\">North Charleston Abogado de muerte por negligencia<\/h1>\n\n\n\n<h2 class=\"wp-block-heading\">South Carolina Personal Injury Attorneys Pursue Justice in Fatal Accident Cases<\/h2>\n\n\n\n<p>La p\u00e9rdida de un ser querido es siempre un momento muy dif\u00edcil para las familias. Sin embargo, el dolor asociado a esta p\u00e9rdida se magnifica cuando la muerte de un miembro de la familia se debe a un accidente evitable. Seg\u00fan los Centros de Control de Enfermedades, los accidentes son responsables de aproximadamente 170.000 muertes en todo el pa\u00eds, lo que hace que las muertes accidentales sean la tercera causa de muerte en los Estados Unidos.<\/p>\n\n\n\n<p>En el <a href=\"https:\/\/www.steinberglawfirm.com\/\" target=\"_blank\" rel=\"noopener\">Steinberg Law Firm<\/a>, nuestro <a href=\"https:\/\/www.steinberglawfirm.com\/practice-areas\/wrongful-death\/\" target=\"_blank\" rel=\"noopener\">North Charleston abogados de muerte por negligencia<\/a> trabajan con diligencia para ayudar a las familias a obtener una compensaci\u00f3n despu\u00e9s de una p\u00e9rdida tr\u00e1gica. Reconocemos que la p\u00e9rdida de un ser querido puede afectar para siempre a su familia de varias maneras, desde la p\u00e9rdida de compa\u00f1\u00eda hasta la p\u00e9rdida de apoyo financiero. Nuestro objetivo es ayudar a las familias a superar la tragedia de todas las maneras posibles. El Steinberg Law Firm est\u00e1 aqu\u00ed para usted.<\/p>\n\n\n\n<p><strong>\u00bfQu\u00e9 es un caso de muerte por negligencia South Carolina?<\/strong><\/p>\n\n\n\n<p>El t\u00e9rmino muerte por negligencia se refiere a un tipo de <a href=\"https:\/\/www.steinberglawfirm.com\/practice-areas\/personal-injury\/\" target=\"_blank\" rel=\"noopener\">reclamaci\u00f3n por da\u00f1os personales<\/a> presentada por los seres queridos supervivientes de una v\u00edctima de accidente fallecida. Para probar una demanda por homicidio culposo, un familiar debe ser capaz de establecer que el \"acto il\u00edcito, la negligencia o el incumplimiento\" de otra persona caus\u00f3 la muerte de su ser querido. Por lo tanto, una familia puede presentar una demanda de muerte por negligencia basada en cualquier tipo de accidente, incluyendo:<\/p>\n\n\n\n<p>- <a href=\"https:\/\/www.steinberglawfirm.com\/practice-areas\/auto-accidents\/\" target=\"_blank\" rel=\"noopener\">Accidentes de tr\u00e1fico<\/a><br>- <a href=\"https:\/\/www.steinberglawfirm.com\/practice-areas\/truck-accidents\/\" target=\"_blank\" rel=\"noopener\">Accidentes de camiones<\/a><br>- <a href=\"https:\/\/www.steinberglawfirm.com\/practice-areas\/motorcycle-accidents\/\" target=\"_blank\" rel=\"noopener\">Accidentes de moto<\/a><br>- <a href=\"https:\/\/www.steinberglawfirm.com\/practice-areas\/premises-liability\/slip-and-fall\/\" target=\"_blank\" rel=\"noopener\">Resbalones y ca\u00eddas<\/a><br>- <a href=\"https:\/\/www.steinberglawfirm.com\/practice-areas\/workers-compensation\/\" target=\"_blank\" rel=\"noopener\">Accidentes laborales<\/a><br>- <a href=\"https:\/\/www.steinberglawfirm.com\/practice-areas\/nursing-home-abuse\/\" target=\"_blank\" rel=\"noopener\">Abuso y negligencia en residencias de ancianos<\/a><br>- <a href=\"https:\/\/www.steinberglawfirm.com\/practice-areas\/medical-malpractice\/\" target=\"_blank\" rel=\"noopener\">Incidentes de negligencia m\u00e9dica<\/a><\/p>\n\n\n\n<p>North Charleston Las reclamaciones por muerte por negligencia deben ser presentadas por el albacea o el administrador de la herencia de la v\u00edctima del accidente fallecida, dentro de los tres a\u00f1os siguientes a su muerte. Los ingresos de una reclamaci\u00f3n por muerte por negligencia se pagar\u00e1n al c\u00f3nyuge y a los hijos supervivientes del fallecido. Si el fallecido no ha dejado c\u00f3nyuge ni hijos, los padres u otros herederos de la v\u00edctima ser\u00e1n los beneficiarios de la reclamaci\u00f3n.<\/p>\n\n\n\n<p><strong>Indemnizaci\u00f3n por da\u00f1os y perjuicios en una demanda por homicidio culposo North Charleston<\/strong><\/p>\n\n\n\n<p>Nada puede devolver a un ser querido que se perdi\u00f3 en un accidente evitable, y ninguna cantidad de dinero disminuir\u00e1 el dolor que experimentan los miembros de la familia tras una tragedia de este tipo. Sin embargo, la compensaci\u00f3n que puede estar disponible a trav\u00e9s de una demanda por muerte injusta puede al menos proporcionar alg\u00fan apoyo financiero a las familias en duelo.<\/p>\n\n\n\n<p>Aunque cada caso es \u00fanico, los siguientes son los tipos de da\u00f1os y perjuicios que se recuperan com\u00fanmente a trav\u00e9s de una demanda de muerte por negligencia:<\/p>\n\n\n\n<p>- Gastos m\u00e9dicos;<br>- Gastos de funeral y entierro;<br>- P\u00e9rdida de salarios y beneficios, incluidos los ingresos futuros;<br>- P\u00e9rdida de apoyo o compa\u00f1\u00eda;<br>- Angustia mental<\/p>\n\n\n\n<p>En los casos en los que el demandado haya actuado de forma imprudente, intencionada o maliciosa, la familia tambi\u00e9n puede solicitar una indemnizaci\u00f3n ejemplar o punitiva. A diferencia de los da\u00f1os enumerados anteriormente, los da\u00f1os punitivos est\u00e1n destinados espec\u00edficamente a castigar al acusado, en lugar de compensar a una familia en duelo. Como resultado, cuando es apropiado, los da\u00f1os ejemplares pueden ser significativos.<\/p>\n\n\n\n<h3 class=\"wp-block-heading\">Hable de su reclamaci\u00f3n con un abogado de muerte por negligencia North Charleston<\/h3>\n\n\n\n<p>Si ha perdido recientemente a un ser querido en un accidente evitable, p\u00f3ngase en contacto con los abogados de muerte por negligencia North Charleston. Nuestro <a href=\"https:\/\/www.steinberglawfirm.com\/attorney\/\" target=\"_blank\" rel=\"noopener\">equipo compasivo de abogados de lesiones personales<\/a> entiende que este es un momento muy dif\u00edcil para usted y su familia, y estamos aqu\u00ed para ayudar. Nunca le presionaremos para que se decida. Si decide permitirnos presentar una reclamaci\u00f3n en su nombre, buscaremos diligentemente la m\u00e1xima compensaci\u00f3n por sus p\u00e9rdidas. Con <a href=\"https:\/\/www.steinberglawfirm.com\/about-us\/\" target=\"_blank\" rel=\"noopener\">m\u00e1s de 95 a\u00f1os de experiencia ayudando a las familias a obtener la compensaci\u00f3n que necesitan<\/a> y merecen despu\u00e9s de perder a un ser querido sin sentido, podemos guiar a su familia con confianza a trav\u00e9s del proceso de recuperaci\u00f3n. Para saber m\u00e1s, y para <a href=\"https:\/\/www.steinberglawfirm.com\/free-consultation\/\" target=\"_blank\" rel=\"noopener\">programar una consulta gratuita<\/a> hoy, <a href=\"tel:843-720-2800\">ll\u00e1menos al 843-720-2800<\/a> para hablar con uno de nuestros experimentados miembros del equipo. Tambi\u00e9n puede <a href=\"https:\/\/www.steinberglawfirm.com\/contact-us\/\" target=\"_blank\" rel=\"noopener\">contacte con nosotros a trav\u00e9s de nuestro formulario en l\u00ednea<\/a>.<\/p>\n\n\n\n<p><\/p>","protected":false},"excerpt":{"rendered":"<p>North Charleston Wrongful Death Lawyer South Carolina Personal Injury Attorneys Pursue Justice in Fatal Accident Cases Losing a loved one is always a very difficult time for families. However, the pain associated with this loss is magnified when a family member&#8217;s death was due to a preventable accident. According to the Centers for Disease Control,&hellip;<\/p>","protected":false},"author":1,"featured_media":20608,"parent":13448,"menu_order":0,"comment_status":"closed","ping_status":"closed","template":"","meta":{"_acf_changed":false,"footnotes":""},"class_list":["post-14023","page","type-page","status-publish","has-post-thumbnail","hentry"],"acf":[],"_links":{"self":[{"href":"https:\/\/steinberglawfirm-staging.clmcloud.app\/es\/wp-json\/wp\/v2\/pages\/14023"}],"collection":[{"href":"https:\/\/steinberglawfirm-staging.clmcloud.app\/es\/wp-json\/wp\/v2\/pages"}],"about":[{"href":"https:\/\/steinberglawfirm-staging.clmcloud.app\/es\/wp-json\/wp\/v2\/types\/page"}],"author":[{"embeddable":true,"href":"https:\/\/steinberglawfirm-staging.clmcloud.app\/es\/wp-json\/wp\/v2\/users\/1"}],"replies":[{"embeddable":true,"href":"https:\/\/steinberglawfirm-staging.clmcloud.app\/es\/wp-json\/wp\/v2\/comments?post=14023"}],"version-history":[{"count":7,"href":"https:\/\/steinberglawfirm-staging.clmcloud.app\/es\/wp-json\/wp\/v2\/pages\/14023\/revisions"}],"predecessor-version":[{"id":31699,"href":"https:\/\/steinberglawfirm-staging.clmcloud.app\/es\/wp-json\/wp\/v2\/pages\/14023\/revisions\/31699"}],"up":[{"embeddable":true,"href":"https:\/\/steinberglawfirm-staging.clmcloud.app\/es\/wp-json\/wp\/v2\/pages\/13448"}],"wp:featuredmedia":[{"embeddable":true,"href":"https:\/\/steinberglawfirm-staging.clmcloud.app\/es\/wp-json\/wp\/v2\/media\/20608"}],"wp:attachment":[{"href":"https:\/\/steinberglawfirm-staging.clmcloud.app\/es\/wp-json\/wp\/v2\/media?parent=14023"}],"curies":[{"name":"wp","href":"https:\/\/api.w.org\/{rel}","templated":true}]}}