{"id":14015,"date":"2020-12-07T23:56:23","date_gmt":"2020-12-07T23:56:23","guid":{"rendered":"https:\/\/www.steinberglawfirm.com\/?page_id=14015"},"modified":"2024-04-12T21:35:57","modified_gmt":"2024-04-12T21:35:57","slug":"nursing-home-abuse-lawyer","status":"publish","type":"page","link":"https:\/\/steinberglawfirm-staging.clmcloud.app\/es\/ubicaciones\/north-charleston\/hogar-de-ancianos-abuso-abogado\/","title":{"rendered":"North Charleston Abogado de abusos en residencias de ancianos"},"content":{"rendered":"<h1 class=\"wp-block-heading\">North Charleston Abogado de abusos en residencias de ancianos<\/h1>\n\n\n\n<h2 class=\"wp-block-heading\">South Carolina Los abogados de lesiones personales ayudan a responsabilizar a los hogares de ancianos negligentes y abusivos por sus acciones<\/h2>\n\n\n\n<p>Ingresar a un ser querido en una residencia de ancianos North Charleston nunca es una decisi\u00f3n f\u00e1cil. Sin embargo, a medida que aumenta el n\u00famero de hogares con dos ingresos, m\u00e1s familias se dan cuenta de que no tienen el tiempo, el espacio o las habilidades para cuidar adecuadamente a los miembros de la familia que necesitan cuidados de larga duraci\u00f3n. Por ello, los centros de cuidados de larga duraci\u00f3n son la \u00fanica opci\u00f3n para muchas familias una vez que un ser querido que envejece ya no puede vivir por s\u00ed mismo. De hecho, se calcula que actualmente hay 1,4 millones de residentes en residencias de ancianos en Estados Unidos. Y se espera que esta cifra aumente a m\u00e1s de 3 millones en 2030.<\/p>\n\n\n\n<p>Las residencias de ancianos var\u00edan enormemente en cuanto a la calidad de los servicios y el nivel de atenci\u00f3n que prestan a los residentes. Y aunque muchas residencias de ancianos se enorgullecen de la atenci\u00f3n que prestan a los pacientes, no siempre es as\u00ed. Lamentablemente, cada a\u00f1o, decenas de miles de residentes de hogares de ancianos sufren lesiones graves debido al abuso y negligencia en hogares de ancianos. Debido a que muchos residentes de hogares de ancianos tienen otros problemas de salud, estos <a href=\"https:\/\/www.steinberglawfirm.com\/personal-injury\/nursing-home-neglect\/nursing-home-fatality-lawyers\/\" target=\"_blank\" rel=\"noopener\">las lesiones suelen ser mortales<\/a>. En el Steinberg Law Firm, nuestro <a href=\"https:\/\/www.steinberglawfirm.com\/practice-areas\/nursing-home-abuse\/\" target=\"_blank\" rel=\"noopener\">North Charleston los abogados especializados en abusos en residencias de ancianos trabajan estrechamente con las familias de los residentes de las mismas<\/a> para responsabilizar a las residencias de ancianos abusivas y negligentes de sus actos.<\/p>\n\n\n\n<p><strong>\u00bfQu\u00e9 es la negligencia o el maltrato en una residencia de ancianos?<\/strong><\/p>\n\n\n\n<p>Todas las residencias de ancianos tienen el deber de proporcionar un nivel aceptable de atenci\u00f3n a todos los residentes. La negligencia en los hogares de ancianos ocurre cuando un hogar de ancianos proporciona una calidad de atenci\u00f3n inferior, lo que resulta en lesiones a un residente. Si bien los miembros del personal son responsables de proporcionar la atenci\u00f3n diaria, a menudo, la negligencia en los hogares de ancianos es el resultado del fracaso institucional de una instalaci\u00f3n para implementar un protocolo de cuidado seguro y eficaz.<\/p>\n\n\n\n<p>El maltrato en residencias de ancianos se define como cualquier da\u00f1o intencionado cometido contra los residentes de un centro de cuidados de larga duraci\u00f3n, incluyendo la agresi\u00f3n f\u00edsica y sexual, las lesiones emocionales y la explotaci\u00f3n financiera. Aunque los empleados de la residencia de ancianos son los que cometen los abusos, la administraci\u00f3n de la residencia es responsable de contratar, formar y supervisar a los empleados para garantizar que los residentes est\u00e9n libres de todo tipo de abusos.<\/p>\n\n\n\n<p><strong>Se\u00f1ales de maltrato a las personas mayores<\/strong><\/p>\n\n\n\n<p>Aunque los abusos a personas mayores en residencias de ancianos se denuncian en un porcentaje alarmantemente alto, los expertos creen que el verdadero n\u00famero de incidentes de abuso y negligencia es significativamente mayor de lo que se denuncia. En parte, esto se debe a la falta de comunicaci\u00f3n de los residentes con el mundo exterior.<\/p>\n\n\n\n<p>Es fundamental que los familiares con seres queridos en residencias de ancianos North Charleston vigilen de cerca a sus seres queridos. El maltrato o la negligencia de los ancianos puede ser dif\u00edcil de detectar, sobre todo si un residente se siente avergonzado o es incapaz de comunicarse eficazmente. Sin embargo, los signos de advertencia del maltrato a los ancianos incluyen:<\/p>\n\n\n\n<p>- Moretones inexplicables, huesos rotos u otras lesiones;<br>- Se\u00f1ales de que el residente estaba sujeto, como marcas de ligaduras en las mu\u00f1ecas de un residente;<br>- Vasos rotos;<br>- Cambios repentinos en el comportamiento de un residente;<br>- Los miembros del personal de la residencia se niegan a dejar a la familia a solas con el residente; y<br>- No tomar la medicaci\u00f3n con regularidad.<\/p>\n\n\n\n<p>Por supuesto, si un ser querido revela que ha sido v\u00edctima de negligencia o abuso en un hogar de ancianos, sus reclamaciones deben ser tomadas en serio. Con demasiada frecuencia, los familiares descartan la reclamaci\u00f3n de abuso o negligencia de un residente como un signo de enfermedad mental.<\/p>\n\n\n\n<h3 class=\"wp-block-heading\">P\u00f3ngase en contacto con un bufete de abogados de abuso de hogar de ancianos North Charleston hoy<\/h3>\n\n\n\n<p>Si usted tiene un ser querido en un hogar de ancianos, y cree que puede haber sido objeto de abuso o negligencia, p\u00f3ngase en contacto con los abogados de abuso de hogar de ancianos North Charleston. Para <a href=\"https:\/\/www.steinberglawfirm.com\/about-us\/\" target=\"_blank\" rel=\"noopener\">m\u00e1s de 95 a\u00f1os<\/a>, nuestro <a href=\"https:\/\/www.steinberglawfirm.com\/attorney\/\" target=\"_blank\" rel=\"noopener\">equipo de abogados especializados en lesiones personales<\/a> ha representado con orgullo a v\u00edctimas de lesiones y a sus familias, ayud\u00e1ndoles a obtener la compensaci\u00f3n que merecen. Con nuestra ayuda, usted puede presentar una demanda de indemnizaci\u00f3n contra los responsables de las lesiones de su ser querido. Para saber m\u00e1s, y para <a href=\"https:\/\/www.steinberglawfirm.com\/free-consultation\/\" target=\"_blank\" rel=\"noopener\">programar una consulta gratuita<\/a> hoy, <a href=\"tel:843-720-2800\">ll\u00e1menos al 843-720-2800<\/a> para hablar con uno de nuestros experimentados miembros del equipo. Tambi\u00e9n puede <a href=\"https:\/\/www.steinberglawfirm.com\/contact-us\/\" target=\"_blank\" rel=\"noopener\">contacte con nosotros a trav\u00e9s de nuestro formulario en l\u00ednea<\/a>.<\/p>","protected":false},"excerpt":{"rendered":"<p>North Charleston Abogado de abuso en hogares de ancianos South Carolina Los abogados de lesiones personales ayudan a responsabilizar a los hogares de ancianos negligentes y abusivos por sus acciones Colocar a un ser querido en un hogar de ancianos North Charleston nunca es una decisi\u00f3n f\u00e1cil. Sin embargo, a medida que el n\u00famero de hogares con dos ingresos sigue aumentando, m\u00e1s familias se encuentran...<\/p>","protected":false},"author":1,"featured_media":20608,"parent":13448,"menu_order":0,"comment_status":"closed","ping_status":"closed","template":"","meta":{"_acf_changed":false,"footnotes":""},"class_list":["post-14015","page","type-page","status-publish","has-post-thumbnail","hentry"],"acf":[],"_links":{"self":[{"href":"https:\/\/steinberglawfirm-staging.clmcloud.app\/es\/wp-json\/wp\/v2\/pages\/14015"}],"collection":[{"href":"https:\/\/steinberglawfirm-staging.clmcloud.app\/es\/wp-json\/wp\/v2\/pages"}],"about":[{"href":"https:\/\/steinberglawfirm-staging.clmcloud.app\/es\/wp-json\/wp\/v2\/types\/page"}],"author":[{"embeddable":true,"href":"https:\/\/steinberglawfirm-staging.clmcloud.app\/es\/wp-json\/wp\/v2\/users\/1"}],"replies":[{"embeddable":true,"href":"https:\/\/steinberglawfirm-staging.clmcloud.app\/es\/wp-json\/wp\/v2\/comments?post=14015"}],"version-history":[{"count":11,"href":"https:\/\/steinberglawfirm-staging.clmcloud.app\/es\/wp-json\/wp\/v2\/pages\/14015\/revisions"}],"predecessor-version":[{"id":30807,"href":"https:\/\/steinberglawfirm-staging.clmcloud.app\/es\/wp-json\/wp\/v2\/pages\/14015\/revisions\/30807"}],"up":[{"embeddable":true,"href":"https:\/\/steinberglawfirm-staging.clmcloud.app\/es\/wp-json\/wp\/v2\/pages\/13448"}],"wp:featuredmedia":[{"embeddable":true,"href":"https:\/\/steinberglawfirm-staging.clmcloud.app\/es\/wp-json\/wp\/v2\/media\/20608"}],"wp:attachment":[{"href":"https:\/\/steinberglawfirm-staging.clmcloud.app\/es\/wp-json\/wp\/v2\/media?parent=14015"}],"curies":[{"name":"wp","href":"https:\/\/api.w.org\/{rel}","templated":true}]}}