{"id":13678,"date":"2020-11-09T19:10:03","date_gmt":"2020-11-09T19:10:03","guid":{"rendered":"https:\/\/www.steinberglawfirm.com\/?page_id=13678"},"modified":"2022-04-21T22:29:21","modified_gmt":"2022-04-21T22:29:21","slug":"hospitals","status":"publish","type":"page","link":"https:\/\/steinberglawfirm-staging.clmcloud.app\/es\/ubicaciones\/monte-agradable\/hospitales-2\/","title":{"rendered":"Abogados de lesiones personales al servicio de los hospitales del \u00e1rea de Mt. Pleasant"},"content":{"rendered":"<h1 class=\"wp-block-heading\">Abogados de lesiones personales al servicio de los hospitales del \u00e1rea de Mt. Pleasant<\/h1>\n\n\n\n<p>Si usted o un ser querido fue tratado en cualquiera de los hospitales de Mt. Pleasant despu\u00e9s de una lesi\u00f3n, podr\u00eda beneficiarse de la <a href=\"https:\/\/www.steinberglawfirm.com\/\" target=\"_blank\" rel=\"noopener\">ayuda de un abogado de lesiones personales<\/a>. Las personas que han sido <a href=\"https:\/\/www.steinberglawfirm.com\/practice-areas\/auto-accidents\/\" target=\"_blank\" rel=\"noopener\">implicado en un accidente de tr\u00e1fico<\/a>, <a href=\"https:\/\/www.steinberglawfirm.com\/practice-areas\/medical-malpractice\/\" target=\"_blank\" rel=\"noopener\">negligencia m\u00e9dica experimentada<\/a> o <a href=\"https:\/\/www.steinberglawfirm.com\/practice-areas\/head-brain-and-spine-injuries\/\" target=\"_blank\" rel=\"noopener\">ha sufrido una lesi\u00f3n en la cabeza, el cerebro o la columna vertebral<\/a>, <a href=\"https:\/\/www.steinberglawfirm.com\/practice-areas\/premises-liability\/slip-and-fall\/\" target=\"_blank\" rel=\"noopener\">resbal\u00f3n y ca\u00edda<\/a>, <a href=\"https:\/\/www.steinberglawfirm.com\/practice-areas\/dog-bites\/\" target=\"_blank\" rel=\"noopener\">mordedura de perro<\/a> o <a href=\"https:\/\/www.steinberglawfirm.com\/practice-areas\/workers-compensation\/\" target=\"_blank\" rel=\"noopener\">lesi\u00f3n en el lugar de trabajo<\/a> en particular, podr\u00eda tener derecho a una indemnizaci\u00f3n de la parte o partes responsables. <a href=\"https:\/\/www.steinberglawfirm.com\/attorney\/\" target=\"_blank\" rel=\"noopener\">Los abogados de lesiones personales como los de Steinberg Law Firm<\/a> puede determinar cu\u00e1les son los da\u00f1os indemnizables y qui\u00e9n puede ser responsable de ellos.<\/p>\n\n\n\n<p><a href=\"https:\/\/www.steinberglawfirm.com\/locations\/mount-pleasant\/\" target=\"_blank\" rel=\"noopener\">El Steinberg Law Firm ha trabajado en la zona de Mt. Pleasant durante d\u00e9cadas<\/a> y est\u00e1 familiarizado con los hospitales y centros m\u00e9dicos locales. Si se encuentra en uno recuper\u00e1ndose de una lesi\u00f3n que puede haber sido causada por la negligencia de otra persona, <a href=\"tel:843-720-2800\">llame al Steinberg Law Firm para una consulta gratuita<\/a>.<\/p>\n\n\n\n<p><strong>Mt. Pleasant, South Carolina Hospitales<\/strong><\/p>\n\n\n\n<p>Mt. Pleasant es la ciudad m\u00e1s grande de South Carolina, con m\u00e1s de 91.000 residentes en 2019. Situada a las afueras de Charleston, la poblaci\u00f3n de Mt. Pleasant ha crecido r\u00e1pidamente desde 1990. Hay tres hospitales principales en Mt. Pleasant para apoyar las necesidades de atenci\u00f3n m\u00e9dica de esta gran cantidad de personas. Incluyen:<\/p>\n\n\n\n<p><strong>Centro M\u00e9dico East Cooper<\/strong><\/p>\n\n\n\n<p>El Centro M\u00e9dico East Cooper est\u00e1 situado en 2000 Hospital Drive en Mt. Pleasant. Cuenta con 140 camas y ofrece una amplia gama de servicios. Est\u00e1 reconocido a nivel nacional, siendo nombrado uno de los 100 mejores hospitales de IBM Watson.<\/p>\n\n\n\n<p><strong>Vibra Hospital de Charleston<\/strong><\/p>\n\n\n\n<p>Tambi\u00e9n, en Hospital Drive en Mt. Pleasant (1200 Hospital Drive) est\u00e1 el Hospital Vibra de Charleston. Se trata de un centro m\u00e1s peque\u00f1o de atenci\u00f3n a largo plazo con 35 camas. La estancia media de un paciente aqu\u00ed es de unos 25 a 30 d\u00edas. Algunos pacientes necesitan cuidados de larga duraci\u00f3n despu\u00e9s de un accidente u otra lesi\u00f3n grave.<\/p>\n\n\n\n<h2 class=\"wp-block-heading\">Abogado de lesiones personales de Mt. Pleasant<\/h2>\n\n\n\n<p>No importa lo que haya provocado exactamente su estancia en el hospital, si la negligencia de otra persona ha contribuido a sus lesiones o enfermedad, el Steinberg Law Firm puede ayudarle.<br>Algunas de las indemnizaciones a las que suelen acceder las v\u00edctimas en los casos de lesiones personales son:<\/p>\n\n\n\n<p>- Facturas m\u00e9dicas<br>- Salarios perdidos<br>- P\u00e9rdida de beneficios<br>- P\u00e9rdida de potencial de ingresos<br>- Dolor y sufrimiento<br>- Angustia emocional<br>- Invalidez permanente<br>- P\u00e9rdida de consorcio<\/p>\n\n\n\n<p>En la mayor\u00eda de los casos, una compa\u00f1\u00eda de seguros se involucrar\u00e1 en una reclamaci\u00f3n por da\u00f1os personales de inmediato. Tenga en cuenta que el principal objetivo de una compa\u00f1\u00eda de seguros es aumentar sus propios beneficios. Lo consigue pagando lo menos posible a las personas lesionadas como usted.<\/p>\n\n\n\n<p>Los ajustadores de seguros utilizar\u00e1n t\u00e1cticas agresivas y a veces solapadas para reducir el valor de su reclamaci\u00f3n. <a href=\"https:\/\/www.steinberglawfirm.com\/contact-us\/\" target=\"_blank\" rel=\"noopener\">Consulte a un abogado lo antes posible<\/a> cuando un <a href=\"https:\/\/www.steinberglawfirm.com\/faq\/faq-personal-injury\/what-if-i-am-contacted-by-the-other-insurance-company\/\" target=\"_blank\" rel=\"noopener\">la compa\u00f1\u00eda de seguros se ha puesto en contacto con usted<\/a> y protegerte a ti y a tu caso.<\/p>\n\n\n\n<h3 class=\"wp-block-heading\">Steinberg Law Firm trabaja para usted<\/h3>\n\n\n\n<p>P\u00f3ngase en contacto con un abogado de lesiones personales de Mt. Pleasant en Steinberg Law Firm para <a href=\"https:\/\/www.steinberglawfirm.com\/free-consultation\/\" target=\"_blank\" rel=\"noopener\">su consulta gratuita<\/a>. <a href=\"tel:843-720-2800\">Llame al 843-720-2800 para m\u00e1s informaci\u00f3n<\/a>. Hay <a href=\"https:\/\/www.steinberglawfirm.com\/no-fee-unless-you-win\/\" target=\"_blank\" rel=\"noopener\">sin honorarios hasta que se resuelva su caso<\/a> favorablemente.<\/p>","protected":false},"excerpt":{"rendered":"<p>Abogados de lesiones personales al servicio de los hospitales del \u00e1rea de Mt. Pleasant Si usted o un ser querido fue tratado en cualquiera de los hospitales de Mt. Pleasant despu\u00e9s de una lesi\u00f3n, podr\u00eda beneficiarse potencialmente de la ayuda de un abogado de lesiones personales. Las personas que se han visto involucradas en un accidente automovil\u00edstico, han experimentado una negligencia m\u00e9dica o han sufrido una lesi\u00f3n en la cabeza, el cerebro o...<\/p>","protected":false},"author":1,"featured_media":18839,"parent":13451,"menu_order":0,"comment_status":"closed","ping_status":"closed","template":"","meta":{"_acf_changed":false,"footnotes":""},"class_list":["post-13678","page","type-page","status-publish","has-post-thumbnail","hentry"],"acf":[],"_links":{"self":[{"href":"https:\/\/steinberglawfirm-staging.clmcloud.app\/es\/wp-json\/wp\/v2\/pages\/13678"}],"collection":[{"href":"https:\/\/steinberglawfirm-staging.clmcloud.app\/es\/wp-json\/wp\/v2\/pages"}],"about":[{"href":"https:\/\/steinberglawfirm-staging.clmcloud.app\/es\/wp-json\/wp\/v2\/types\/page"}],"author":[{"embeddable":true,"href":"https:\/\/steinberglawfirm-staging.clmcloud.app\/es\/wp-json\/wp\/v2\/users\/1"}],"replies":[{"embeddable":true,"href":"https:\/\/steinberglawfirm-staging.clmcloud.app\/es\/wp-json\/wp\/v2\/comments?post=13678"}],"version-history":[{"count":8,"href":"https:\/\/steinberglawfirm-staging.clmcloud.app\/es\/wp-json\/wp\/v2\/pages\/13678\/revisions"}],"predecessor-version":[{"id":20603,"href":"https:\/\/steinberglawfirm-staging.clmcloud.app\/es\/wp-json\/wp\/v2\/pages\/13678\/revisions\/20603"}],"up":[{"embeddable":true,"href":"https:\/\/steinberglawfirm-staging.clmcloud.app\/es\/wp-json\/wp\/v2\/pages\/13451"}],"wp:featuredmedia":[{"embeddable":true,"href":"https:\/\/steinberglawfirm-staging.clmcloud.app\/es\/wp-json\/wp\/v2\/media\/18839"}],"wp:attachment":[{"href":"https:\/\/steinberglawfirm-staging.clmcloud.app\/es\/wp-json\/wp\/v2\/media?parent=13678"}],"curies":[{"name":"wp","href":"https:\/\/api.w.org\/{rel}","templated":true}]}}