{"id":13670,"date":"2020-11-08T23:51:47","date_gmt":"2020-11-08T23:51:47","guid":{"rendered":"https:\/\/www.steinberglawfirm.com\/?page_id=13670"},"modified":"2022-04-21T22:24:32","modified_gmt":"2022-04-21T22:24:32","slug":"nursing-home-abuse-attorneys","status":"publish","type":"page","link":"https:\/\/steinberglawfirm-staging.clmcloud.app\/es\/ubicaciones\/monte-agradable\/abogados-de-residencias-de-ancianos\/","title":{"rendered":"Abogados de abuso en hogares de ancianos de Mt. Pleasant"},"content":{"rendered":"<h1 class=\"wp-block-heading\">Abogados de abuso en hogares de ancianos de Mt. Pleasant<\/h1>\n\n\n\n<p>Cuando un ser querido empieza a necesitar cuidados adicionales, puede considerar la posibilidad de trasladarlo a una residencia de ancianos. Muchas residencias de ancianos son lugares donde los residentes pueden mantenerse sanos, felices y seguros.<br>Sin embargo, a veces hay abusos contra los residentes cometidos por quienes deber\u00edan cuidarlos.<\/p>\n\n\n\n<p><a href=\"https:\/\/www.steinberglawfirm.com\/practice-areas\/nursing-home-abuse\/\" target=\"_blank\" rel=\"noopener\">Si su ser querido ha sido v\u00edctima de abusos, negligencia o malos tratos en un centro de atenci\u00f3n a personas mayores<\/a> en Mt. Pleasant o sus alrededores, South Carolina, p\u00f3ngase en contacto con el Steinberg Law Firm. Su ser querido podr\u00eda tener derecho a una indemnizaci\u00f3n relacionada con los da\u00f1os sufridos como consecuencia del maltrato. <a href=\"https:\/\/www.steinberglawfirm.com\/attorney\/\" target=\"_blank\" rel=\"noopener\">Usted necesita un abogado que est\u00e9 familiarizado con las complejidades de los casos de abuso en residencias de ancianos<\/a> y que proteger\u00e1 agresivamente los derechos de su ser querido.<\/p>\n\n\n\n<p>El abuso en hogares de ancianos es inexcusable. Para una consulta con un abogado experto en abuso en hogares de ancianos de Mt. Pleasant, <a href=\"https:\/\/www.steinberglawfirm.com\/contact-us\/\" target=\"_blank\" rel=\"noopener\">contactar con Steinberg Law Firm de inmediato<\/a>.<\/p>\n\n\n\n<h3 class=\"wp-block-heading\">Tipos de abusos en residencias de ancianos<\/h3>\n\n\n\n<p>El maltrato en las residencias de ancianos puede ser un acto deliberado o el resultado de una negligencia. Incluye:<br>- Abuso f\u00edsico<br>- Abuso financiero<br>- Abuso sexual<br>- Abuso emocional<br>- Descuido<\/p>\n\n\n\n<p><strong>Abuso f\u00edsico<\/strong><\/p>\n\n\n\n<p>El maltrato f\u00edsico adopta muchas formas. El signo n\u00famero uno de <a href=\"https:\/\/www.steinberglawfirm.com\/practice-areas\/nursing-home-abuse\/physical-abuse\/\" target=\"_blank\" rel=\"noopener\">maltrato f\u00edsico en las residencias de ancianos<\/a> es la aparici\u00f3n de lesiones para las que no hay explicaci\u00f3n. Algunos ejemplos de maltrato f\u00edsico en una residencia de ancianos son:<br>- Golpear<br>- Patadas<br>- Abofetadas<br>- Desnutrici\u00f3n y deshidrataci\u00f3n<br>- Retenci\u00f3n de medicamentos<br>- Dejar al paciente en una posici\u00f3n durante demasiado tiempo<br>- Uso de restricciones f\u00edsicas o qu\u00edmicas indebidas<br>- Administraci\u00f3n excesiva de sedantes<\/p>\n\n\n\n<p><strong>Abuso emocional<\/strong><\/p>\n\n\n\n<p><a href=\"https:\/\/www.steinberglawfirm.com\/practice-areas\/nursing-home-abuse\/emotional-abuse\/\" target=\"_blank\" rel=\"noopener\">El maltrato emocional es extremadamente com\u00fan y la forma de maltrato m\u00e1s denunciada<\/a>. Aunque no produzca da\u00f1os f\u00edsicos, sigue siendo muy perjudicial para los residentes de las residencias. Los signos de maltrato emocional pueden ser sutiles, pero los cambios repentinos de humor, h\u00e1bitos y comportamiento pueden indicar que algo va mal.<\/p>\n\n\n\n<p>El abuso emocional incluye:<br>- Amenazas<br>- Intimidaci\u00f3n<br>- Abandono<br>- Aislamiento social<br>- Llamada de atenci\u00f3n<br>- Ignorar las necesidades de los pacientes<\/p>\n\n\n\n<p><strong>Negligencia en residencias de ancianos<\/strong><\/p>\n\n\n\n<p>La negligencia suele ser el resultado de una falta de acci\u00f3n o atenci\u00f3n en las actividades. Aunque la negligencia puede no ser deliberada, los resultados pueden ser graves e incluso mortales. Los signos de negligencia pueden incluir la p\u00e9rdida de peso, las \u00falceras por presi\u00f3n, las erupciones de la ropa mojada, el olor corporal y mucho m\u00e1s. La negligencia puede parecer:<br>- Supervisi\u00f3n y control inadecuados<br>- Negaci\u00f3n de comida y\/o bebida<br>- No proporcionar la ropa necesaria, los art\u00edculos de aseo, etc.<br>- Condiciones insalubres<br>- Medicamentos omitidos o retrasados<br>- Atenci\u00f3n m\u00e9dica insuficiente (por ejemplo, no cambiar los ap\u00f3sitos de las heridas)<br>- Falta de higiene personal<\/p>\n\n\n\n<p><strong>Abuso financiero<\/strong><\/p>\n\n\n\n<p>En una residencia de ancianos, <a href=\"https:\/\/www.steinberglawfirm.com\/practice-areas\/nursing-home-abuse\/theft-or-fraud\/\" target=\"_blank\" rel=\"noopener\">el abuso financiero puede adoptar la forma de robo o fraude<\/a>. Hay pocos signos evidentes de abuso financiero, pero es una forma com\u00fan de abuso de ancianos en general. A menudo, debido a que los residentes de las residencias de ancianos tienen poco control sobre sus finanzas, nunca se dan cuenta de que han sido v\u00edctimas de un delito. Algunos ejemplos comunes de abuso financiero en un hogar de ancianos incluyen:<br>- Bienes robados<br>- Robo de identidad<br>- Explotaci\u00f3n<br>- Extorsi\u00f3n<br>- Retenci\u00f3n de dinero del residente<\/p>\n\n\n\n<p><strong>Causas de los abusos en residencias de ancianos<\/strong><\/p>\n\n\n\n<p>El maltrato a las personas mayores es habitual y, a menudo, los residentes en residencias de ancianos son un blanco f\u00e1cil para los maltratadores. Una de cada diez personas de 60 a\u00f1os o m\u00e1s declara haber sufrido abusos, pero es probable que esta cifra sea mucho menor que la real. Muchas v\u00edctimas son incapaces de reconocer o denunciar sus abusos y no pueden obtener ayuda. Se cree que s\u00f3lo se denuncian uno de cada 14 casos de maltrato a personas mayores.<\/p>\n\n\n\n<p>Las residencias de ancianos suelen carecer de personal, y se espera que los trabajadores hagan demasiado o no tienen la formaci\u00f3n y experiencia adecuadas. Esto puede crear un entorno peligroso para los residentes, algunos de los cuales ya son vulnerables a los malos tratos por estar aislados, alejados de sus familiares o sufrir un deterioro cognitivo que les dificulta entender qu\u00e9 es el maltrato o c\u00f3mo obtener ayuda.<\/p>\n\n\n\n<h2 class=\"wp-block-heading\">P\u00f3ngase en contacto con un abogado de abuso de hogar de ancianos de Mt. Pleasant<\/h2>\n\n\n\n<p>El <a href=\"https:\/\/www.steinberglawfirm.com\/\" target=\"_blank\" rel=\"noopener\">Steinberg Law Firm<\/a> entiende lo perturbador que puede ser descubrir que un ser querido est\u00e1 siendo abusado por las personas en las que su familia confi\u00f3 para cuidarlo. Los abusadores y las instalaciones que les permiten operar deben rendir cuentas y su familia merece ser compensada por los da\u00f1os causados a su ser querido.<\/p>\n\n\n\n<p>Si su ser querido fue v\u00edctima de abuso o negligencia en un centro de enfermer\u00eda de Mt. Pleasant, la <a href=\"https:\/\/www.steinberglawfirm.com\/attorney\/\" target=\"_blank\" rel=\"noopener\">los abogados de Steinberg Law Firm est\u00e1n listos para ayudar a su familia a sanar<\/a>. <a href=\"tel:843-720-2800\">Llame al 843-720-2800 para hablar con un abogado experto en abusos en residencias de ancianos<\/a> y <a href=\"https:\/\/www.steinberglawfirm.com\/free-consultation\/\" target=\"_blank\" rel=\"noopener\">programar una consulta gratuita<\/a>.<\/p>","protected":false},"excerpt":{"rendered":"<p>Abogados de Abuso en Asilos de Ancianos de Mt. Pleasant Cuando un ser querido comienza a necesitar cuidados adicionales, usted podr\u00eda considerar la posibilidad de trasladarlo a un asilo de ancianos. Muchos hogares de ancianos son lugares donde los residentes pueden permanecer sanos, felices y seguros.A veces, sin embargo, hay abuso contra los residentes cometidos por aquellos que deber\u00edan estar cuidando de ellos. Si su ser querido...<\/p>","protected":false},"author":1,"featured_media":20571,"parent":13451,"menu_order":0,"comment_status":"closed","ping_status":"closed","template":"","meta":{"_acf_changed":false,"footnotes":""},"class_list":["post-13670","page","type-page","status-publish","has-post-thumbnail","hentry"],"acf":[],"_links":{"self":[{"href":"https:\/\/steinberglawfirm-staging.clmcloud.app\/es\/wp-json\/wp\/v2\/pages\/13670"}],"collection":[{"href":"https:\/\/steinberglawfirm-staging.clmcloud.app\/es\/wp-json\/wp\/v2\/pages"}],"about":[{"href":"https:\/\/steinberglawfirm-staging.clmcloud.app\/es\/wp-json\/wp\/v2\/types\/page"}],"author":[{"embeddable":true,"href":"https:\/\/steinberglawfirm-staging.clmcloud.app\/es\/wp-json\/wp\/v2\/users\/1"}],"replies":[{"embeddable":true,"href":"https:\/\/steinberglawfirm-staging.clmcloud.app\/es\/wp-json\/wp\/v2\/comments?post=13670"}],"version-history":[{"count":5,"href":"https:\/\/steinberglawfirm-staging.clmcloud.app\/es\/wp-json\/wp\/v2\/pages\/13670\/revisions"}],"predecessor-version":[{"id":20591,"href":"https:\/\/steinberglawfirm-staging.clmcloud.app\/es\/wp-json\/wp\/v2\/pages\/13670\/revisions\/20591"}],"up":[{"embeddable":true,"href":"https:\/\/steinberglawfirm-staging.clmcloud.app\/es\/wp-json\/wp\/v2\/pages\/13451"}],"wp:featuredmedia":[{"embeddable":true,"href":"https:\/\/steinberglawfirm-staging.clmcloud.app\/es\/wp-json\/wp\/v2\/media\/20571"}],"wp:attachment":[{"href":"https:\/\/steinberglawfirm-staging.clmcloud.app\/es\/wp-json\/wp\/v2\/media?parent=13670"}],"curies":[{"name":"wp","href":"https:\/\/api.w.org\/{rel}","templated":true}]}}